{"id":2235,"date":"2025-03-19T22:41:33","date_gmt":"2025-03-19T22:41:33","guid":{"rendered":"https:\/\/permessodiguida.com\/?post_type=product&#038;p=2235"},"modified":"2026-02-18T07:39:15","modified_gmt":"2026-02-18T07:39:15","slug":"buy-fake-bahamas-passport-online","status":"publish","type":"product","link":"https:\/\/permessodiguida.com\/fr\/prodotto\/buy-fake-bahamas-passport-online\/","title":{"rendered":"Acheter un faux passeport des Bahamas en ligne"},"content":{"rendered":"<h1>Acheter un faux passeport des Bahamas en ligne<\/h1>\n<p><a href=\"https:\/\/permessodiguida.com\/fr\/prodotto\/buy-fake-bahamas-passport-online\/\">Acheter un faux passeport des Bahamas en ligne.<\/a>\u00a0Contactez-nous d\u00e8s maintenant si vous avez besoin d'une source fiable pour obtenir un passeport baham\u00e9en de la meilleure qualit\u00e9 avec une garantie totale. Il va sans dire que les Bahamas sont un paradis tropical. Elles sont proches des \u00c9tats-Unis, b\u00e9n\u00e9ficient d'une fiscalit\u00e9 plus avantageuse et sont l'un des pays les plus s\u00fbrs des Cara\u00efbes.<\/p>\n<p>Avec un grand nombre de longues journ\u00e9es ensoleill\u00e9es et des temp\u00e9ratures allant de douces \u00e0 chaudes, il est difficile d'imaginer un coin d\u00e9plaisant dans cette nation insulaire. De plus, avec plus de 700 \u00eeles \u00e0 explorer, il est facile de penser que les choix sont illimit\u00e9s.<\/p>\n<h2>Le meilleur fabricant de passeports des Bahamas<\/h2>\n<p>Rapide et fiable Bahamas\u00a0<a href=\"https:\/\/permessodiguida.com\/fr\">producteur<\/a>\u00a0avec une garantie totale. Le meilleur endroit o\u00f9 s\u00e9journer (ou vivre) aux Bahamas d\u00e9pendra, dans tous les cas, de vos objectifs et de votre situation personnelle. Obtenir un passeport baham\u00e9en peut prendre beaucoup de temps et n\u00e9cessiter de nombreuses d\u00e9marches, mais pourquoi attendre ou vous compliquer la vie alors que vous pouvez facilement vous procurer votre propre faux passeport baham\u00e9en, l'utiliser dans le m\u00eame but et vous simplifier la vie ? Vous pouvez d\u00e9sormais commander votre propre faux passeport chez nous en un rien de temps.<\/p>","protected":false},"excerpt":{"rendered":"<p>Buy Fake Bahamas Passport Online Buy Fake Bahamas Passport Online.\u00a0Contact us now if you\u2019re in need of a reliable source to get the best quality Bahamas passport with full guarantee. It nearly abandons saying that The Bahamas is a tropical heaven. It\u2019s near the US, has more positive tax collection, and is one of the [&hellip;]<\/p>\n","protected":false},"featured_media":2236,"comment_status":"open","ping_status":"closed","template":"","meta":{"site-sidebar-layout":"default","site-content-layout":"","ast-site-content-layout":"default","site-content-style":"default","site-sidebar-style":"default","ast-global-header-display":"","ast-banner-title-visibility":"","ast-main-header-display":"","ast-hfb-above-header-display":"","ast-hfb-below-header-display":"","ast-hfb-mobile-header-display":"","site-post-title":"","ast-breadcrumbs-content":"","ast-featured-img":"","footer-sml-layout":"","ast-disable-related-posts":"","theme-transparent-header-meta":"default","adv-header-id-meta":"","stick-header-meta":"","header-above-stick-meta":"","header-main-stick-meta":"","header-below-stick-meta":"","astra-migrate-meta-layouts":"set","ast-page-background-enabled":"default","ast-page-background-meta":{"desktop":{"background-color":"var(--ast-global-color-4)","background-image":"","background-repeat":"repeat","background-position":"center center","background-size":"auto","background-attachment":"scroll","background-type":"","background-media":"","overlay-type":"","overlay-color":"","overlay-opacity":"","overlay-gradient":""},"tablet":{"background-color":"","background-image":"","background-repeat":"repeat","background-position":"center center","background-size":"auto","background-attachment":"scroll","background-type":"","background-media":"","overlay-type":"","overlay-color":"","overlay-opacity":"","overlay-gradient":""},"mobile":{"background-color":"","background-image":"","background-repeat":"repeat","background-position":"center center","background-size":"auto","background-attachment":"scroll","background-type":"","background-media":"","overlay-type":"","overlay-color":"","overlay-opacity":"","overlay-gradient":""}},"ast-content-background-meta":{"desktop":{"background-color":"var(--ast-global-color-5)","background-image":"","background-repeat":"repeat","background-position":"center center","background-size":"auto","background-attachment":"scroll","background-type":"","background-media":"","overlay-type":"","overlay-color":"","overlay-opacity":"","overlay-gradient":""},"tablet":{"background-color":"var(--ast-global-color-5)","background-image":"","background-repeat":"repeat","background-position":"center center","background-size":"auto","background-attachment":"scroll","background-type":"","background-media":"","overlay-type":"","overlay-color":"","overlay-opacity":"","overlay-gradient":""},"mobile":{"background-color":"var(--ast-global-color-5)","background-image":"","background-repeat":"repeat","background-position":"center center","background-size":"auto","background-attachment":"scroll","background-type":"","background-media":"","overlay-type":"","overlay-color":"","overlay-opacity":"","overlay-gradient":""}}},"product_brand":[],"product_cat":[28],"product_tag":[],"class_list":{"0":"post-2235","1":"product","2":"type-product","3":"status-publish","4":"has-post-thumbnail","6":"product_cat-passport","7":"desktop-align-left","8":"tablet-align-left","9":"mobile-align-left","11":"first","12":"instock","13":"shipping-taxable","14":"product-type-simple"},"yoast_head":"<!-- This site is optimized with the Yoast SEO Premium plugin v24.7 (Yoast SEO v27.1.1) - https:\/\/yoast.com\/product\/yoast-seo-premium-wordpress\/ -->\n<title>Buy Fake Bahamas Passport Online<\/title>\n<meta name=\"description\" content=\"Buy Fake Bahamas Passport Online Buy Fake Bahamas Passport Online.\u00a0Contact us now if you\u2019re in need of a reliable source to get the best quality Bahamas\" \/>\n<meta name=\"robots\" content=\"index, follow, max-snippet:-1, max-image-preview:large, max-video-preview:-1\" \/>\n<link rel=\"canonical\" href=\"https:\/\/permessodiguida.com\/fr\/prodotto\/buy-fake-bahamas-passport-online\/\" \/>\n<meta property=\"og:locale\" content=\"fr_FR\" \/>\n<meta property=\"og:type\" content=\"article\" \/>\n<meta property=\"og:title\" content=\"Buy Fake Bahamas Passport Online\" \/>\n<meta property=\"og:description\" content=\"Buy Fake Bahamas Passport Online Buy Fake Bahamas Passport Online.\u00a0Contact us now if you\u2019re in need of a reliable source to get the best quality Bahamas\" \/>\n<meta property=\"og:url\" content=\"https:\/\/permessodiguida.com\/fr\/prodotto\/buy-fake-bahamas-passport-online\/\" \/>\n<meta property=\"og:site_name\" content=\"Original Documents Provider\" \/>\n<meta property=\"article:modified_time\" content=\"2026-02-18T07:39:15+00:00\" \/>\n<meta property=\"og:image\" content=\"https:\/\/permessodiguida.com\/wp-content\/uploads\/2025\/03\/image_2025-03-19_234035481.png\" \/>\n\t<meta property=\"og:image:width\" content=\"280\" \/>\n\t<meta property=\"og:image:height\" content=\"420\" \/>\n\t<meta property=\"og:image:type\" content=\"image\/png\" \/>\n<meta name=\"twitter:card\" content=\"summary_large_image\" \/>\n<meta name=\"twitter:label1\" content=\"Dur\u00e9e de lecture estim\u00e9e\" \/>\n\t<meta name=\"twitter:data1\" content=\"2 minutes\" \/>\n<script type=\"application\/ld+json\" class=\"yoast-schema-graph\">{\"@context\":\"https:\/\/schema.org\",\"@graph\":[{\"@type\":\"WebPage\",\"@id\":\"https:\/\/permessodiguida.com\/product\/buy-fake-bahamas-passport-online\/\",\"url\":\"https:\/\/permessodiguida.com\/product\/buy-fake-bahamas-passport-online\/\",\"name\":\"Buy Fake Bahamas Passport Online\",\"isPartOf\":{\"@id\":\"https:\/\/permessodiguida.com\/#website\"},\"primaryImageOfPage\":{\"@id\":\"https:\/\/permessodiguida.com\/product\/buy-fake-bahamas-passport-online\/#primaryimage\"},\"image\":{\"@id\":\"https:\/\/permessodiguida.com\/product\/buy-fake-bahamas-passport-online\/#primaryimage\"},\"thumbnailUrl\":\"https:\/\/permessodiguida.com\/wp-content\/uploads\/2025\/03\/image_2025-03-19_234035481.png\",\"datePublished\":\"2025-03-19T22:41:33+00:00\",\"dateModified\":\"2026-02-18T07:39:15+00:00\",\"description\":\"Buy Fake Bahamas Passport Online Buy Fake Bahamas Passport Online.\u00a0Contact us now if you\u2019re in need of a reliable source to get the best quality Bahamas\",\"breadcrumb\":{\"@id\":\"https:\/\/permessodiguida.com\/product\/buy-fake-bahamas-passport-online\/#breadcrumb\"},\"inLanguage\":\"fr-FR\",\"potentialAction\":[{\"@type\":\"ReadAction\",\"target\":[\"https:\/\/permessodiguida.com\/product\/buy-fake-bahamas-passport-online\/\"]}]},{\"@type\":\"ImageObject\",\"inLanguage\":\"fr-FR\",\"@id\":\"https:\/\/permessodiguida.com\/product\/buy-fake-bahamas-passport-online\/#primaryimage\",\"url\":\"https:\/\/permessodiguida.com\/wp-content\/uploads\/2025\/03\/image_2025-03-19_234035481.png\",\"contentUrl\":\"https:\/\/permessodiguida.com\/wp-content\/uploads\/2025\/03\/image_2025-03-19_234035481.png\",\"width\":280,\"height\":420,\"caption\":\"Fake Passports , North America Passports , Passports\"},{\"@type\":\"BreadcrumbList\",\"@id\":\"https:\/\/permessodiguida.com\/product\/buy-fake-bahamas-passport-online\/#breadcrumb\",\"itemListElement\":[{\"@type\":\"ListItem\",\"position\":1,\"name\":\"Home\",\"item\":\"https:\/\/permessodiguida.com\/\"},{\"@type\":\"ListItem\",\"position\":2,\"name\":\"All Services\",\"item\":\"https:\/\/permessodiguida.com\/shop\/\"},{\"@type\":\"ListItem\",\"position\":3,\"name\":\"Buy Fake Bahamas Passport Online\"}]},{\"@type\":\"WebSite\",\"@id\":\"https:\/\/permessodiguida.com\/#website\",\"url\":\"https:\/\/permessodiguida.com\/\",\"name\":\"Permessodiguida\",\"description\":\"Get Original Driving License And Passport\",\"publisher\":{\"@id\":\"https:\/\/permessodiguida.com\/#organization\"},\"alternateName\":\"Original Documents Provider\",\"potentialAction\":[{\"@type\":\"SearchAction\",\"target\":{\"@type\":\"EntryPoint\",\"urlTemplate\":\"https:\/\/permessodiguida.com\/?s={search_term_string}\"},\"query-input\":{\"@type\":\"PropertyValueSpecification\",\"valueRequired\":true,\"valueName\":\"search_term_string\"}}],\"inLanguage\":\"fr-FR\"},{\"@type\":\"Organization\",\"@id\":\"https:\/\/permessodiguida.com\/#organization\",\"name\":\"Permesso Di Guida\",\"alternateName\":\"Original Driving License And Passport\",\"url\":\"https:\/\/permessodiguida.com\/\",\"logo\":{\"@type\":\"ImageObject\",\"inLanguage\":\"fr-FR\",\"@id\":\"https:\/\/permessodiguida.com\/#\/schema\/logo\/image\/\",\"url\":\"https:\/\/permessodiguida.com\/wp-content\/uploads\/2024\/08\/image_2024-08-09_144906822.png\",\"contentUrl\":\"https:\/\/permessodiguida.com\/wp-content\/uploads\/2024\/08\/image_2024-08-09_144906822.png\",\"width\":687,\"height\":549,\"caption\":\"Permesso Di Guida\"},\"image\":{\"@id\":\"https:\/\/permessodiguida.com\/#\/schema\/logo\/image\/\"}}]}<\/script>\n<!-- \/ Yoast SEO Premium plugin. -->","yoast_head_json":{"title":"Acheter un faux passeport des Bahamas en ligne","description":"Achetez un faux passeport des Bahamas en ligne Achetez un faux passeport des Bahamas en ligne. Contactez-nous d\u00e8s maintenant si vous avez besoin d'une source fiable pour obtenir un passeport des Bahamas de la meilleure qualit\u00e9.","robots":{"index":"index","follow":"follow","max-snippet":"max-snippet:-1","max-image-preview":"max-image-preview:large","max-video-preview":"max-video-preview:-1"},"canonical":"https:\/\/permessodiguida.com\/fr\/prodotto\/buy-fake-bahamas-passport-online\/","og_locale":"fr_FR","og_type":"article","og_title":"Buy Fake Bahamas Passport Online","og_description":"Buy Fake Bahamas Passport Online Buy Fake Bahamas Passport Online.\u00a0Contact us now if you\u2019re in need of a reliable source to get the best quality Bahamas","og_url":"https:\/\/permessodiguida.com\/fr\/prodotto\/buy-fake-bahamas-passport-online\/","og_site_name":"Original Documents Provider","article_modified_time":"2026-02-18T07:39:15+00:00","og_image":[{"width":280,"height":420,"url":"https:\/\/permessodiguida.com\/wp-content\/uploads\/2025\/03\/image_2025-03-19_234035481.png","type":"image\/png"}],"twitter_card":"summary_large_image","twitter_misc":{"Dur\u00e9e de lecture estim\u00e9e":"2 minutes"},"schema":{"@context":"https:\/\/schema.org","@graph":[{"@type":"WebPage","@id":"https:\/\/permessodiguida.com\/product\/buy-fake-bahamas-passport-online\/","url":"https:\/\/permessodiguida.com\/product\/buy-fake-bahamas-passport-online\/","name":"Acheter un faux passeport des Bahamas en ligne","isPartOf":{"@id":"https:\/\/permessodiguida.com\/#website"},"primaryImageOfPage":{"@id":"https:\/\/permessodiguida.com\/product\/buy-fake-bahamas-passport-online\/#primaryimage"},"image":{"@id":"https:\/\/permessodiguida.com\/product\/buy-fake-bahamas-passport-online\/#primaryimage"},"thumbnailUrl":"https:\/\/permessodiguida.com\/wp-content\/uploads\/2025\/03\/image_2025-03-19_234035481.png","datePublished":"2025-03-19T22:41:33+00:00","dateModified":"2026-02-18T07:39:15+00:00","description":"Achetez un faux passeport des Bahamas en ligne Achetez un faux passeport des Bahamas en ligne. Contactez-nous d\u00e8s maintenant si vous avez besoin d'une source fiable pour obtenir un passeport des Bahamas de la meilleure qualit\u00e9.","breadcrumb":{"@id":"https:\/\/permessodiguida.com\/product\/buy-fake-bahamas-passport-online\/#breadcrumb"},"inLanguage":"fr-FR","potentialAction":[{"@type":"ReadAction","target":["https:\/\/permessodiguida.com\/product\/buy-fake-bahamas-passport-online\/"]}]},{"@type":"ImageObject","inLanguage":"fr-FR","@id":"https:\/\/permessodiguida.com\/product\/buy-fake-bahamas-passport-online\/#primaryimage","url":"https:\/\/permessodiguida.com\/wp-content\/uploads\/2025\/03\/image_2025-03-19_234035481.png","contentUrl":"https:\/\/permessodiguida.com\/wp-content\/uploads\/2025\/03\/image_2025-03-19_234035481.png","width":280,"height":420,"caption":"Fake Passports , North America Passports , Passports"},{"@type":"BreadcrumbList","@id":"https:\/\/permessodiguida.com\/product\/buy-fake-bahamas-passport-online\/#breadcrumb","itemListElement":[{"@type":"ListItem","position":1,"name":"Home","item":"https:\/\/permessodiguida.com\/"},{"@type":"ListItem","position":2,"name":"All Services","item":"https:\/\/permessodiguida.com\/shop\/"},{"@type":"ListItem","position":3,"name":"Buy Fake Bahamas Passport Online"}]},{"@type":"WebSite","@id":"https:\/\/permessodiguida.com\/#website","url":"https:\/\/permessodiguida.com\/","name":"Permessodiguida","description":"Obtenir l'original du permis de conduire et du passeport","publisher":{"@id":"https:\/\/permessodiguida.com\/#organization"},"alternateName":"Original Documents Provider","potentialAction":[{"@type":"SearchAction","target":{"@type":"EntryPoint","urlTemplate":"https:\/\/permessodiguida.com\/?s={search_term_string}"},"query-input":{"@type":"PropertyValueSpecification","valueRequired":true,"valueName":"search_term_string"}}],"inLanguage":"fr-FR"},{"@type":"Organization","@id":"https:\/\/permessodiguida.com\/#organization","name":"Permis de conduire","alternateName":"Original Driving License And Passport","url":"https:\/\/permessodiguida.com\/","logo":{"@type":"ImageObject","inLanguage":"fr-FR","@id":"https:\/\/permessodiguida.com\/#\/schema\/logo\/image\/","url":"https:\/\/permessodiguida.com\/wp-content\/uploads\/2024\/08\/image_2024-08-09_144906822.png","contentUrl":"https:\/\/permessodiguida.com\/wp-content\/uploads\/2024\/08\/image_2024-08-09_144906822.png","width":687,"height":549,"caption":"Permesso Di Guida"},"image":{"@id":"https:\/\/permessodiguida.com\/#\/schema\/logo\/image\/"}}]}},"_links":{"self":[{"href":"https:\/\/permessodiguida.com\/fr\/wp-json\/wp\/v2\/product\/2235","targetHints":{"allow":["GET"]}}],"collection":[{"href":"https:\/\/permessodiguida.com\/fr\/wp-json\/wp\/v2\/product"}],"about":[{"href":"https:\/\/permessodiguida.com\/fr\/wp-json\/wp\/v2\/types\/product"}],"replies":[{"embeddable":true,"href":"https:\/\/permessodiguida.com\/fr\/wp-json\/wp\/v2\/comments?post=2235"}],"wp:featuredmedia":[{"embeddable":true,"href":"https:\/\/permessodiguida.com\/fr\/wp-json\/wp\/v2\/media\/2236"}],"wp:attachment":[{"href":"https:\/\/permessodiguida.com\/fr\/wp-json\/wp\/v2\/media?parent=2235"}],"wp:term":[{"taxonomy":"product_brand","embeddable":true,"href":"https:\/\/permessodiguida.com\/fr\/wp-json\/wp\/v2\/product_brand?post=2235"},{"taxonomy":"product_cat","embeddable":true,"href":"https:\/\/permessodiguida.com\/fr\/wp-json\/wp\/v2\/product_cat?post=2235"},{"taxonomy":"product_tag","embeddable":true,"href":"https:\/\/permessodiguida.com\/fr\/wp-json\/wp\/v2\/product_tag?post=2235"}],"curies":[{"name":"wp","href":"https:\/\/api.w.org\/{rel}","templated":true}]}}