{"id":369,"date":"2024-12-26T07:58:20","date_gmt":"2024-12-26T07:58:20","guid":{"rendered":"https:\/\/permessodiguida.com\/product\/soothing-sunscreen-gel\/"},"modified":"2025-03-19T21:01:03","modified_gmt":"2025-03-19T21:01:03","slug":"osta-oikea-sveitsi-ajokortti","status":"publish","type":"product","link":"https:\/\/permessodiguida.com\/fi\/tuote\/osta-oikea-sveitsi-ajokortti\/","title":{"rendered":"Osta todellinen Sveitsi ajokortti"},"content":{"rendered":"<h2>Miten ostaa v\u00e4\u00e4rennetty sveitsil\u00e4inen ajokortti - rekister\u00f6ity sveitsil\u00e4inen ajokortti<\/h2>\n<p>Oletko ep\u00e4onnistunut ajokorttikokeessa Sveitsiss\u00e4 useaan otteeseen stressin, keskittymisen puutteen tai yksinkertaisesti siksi, ett\u00e4 j\u00e4rjestelm\u00e4 on liian vaativa?<br \/>\nOlemme palveluksessanne. Sinun tarvitsee vain ottaa meihin yhteytt\u00e4 t\u00e4m\u00e4n verkkosivuston kautta. Voimme antaa sinulle voimassa olevan B-luokan ajokortin tai mink\u00e4 tahansa muun luokan, jota tarvitset ty\u00f6t\u00e4si varten. Sveitsin ajokortin teoriakoe ei saisi olla sinun ja ty\u00f6si tai p\u00e4ivitt\u00e4isten liiketoimien v\u00e4liss\u00e4. Olemme etuk\u00e4teen yhteyksiss\u00e4 Sveitsin liikenneviraston sis\u00e4piiril\u00e4isten kanssa. Voit my\u00f6s ottaa meihin yhteytt\u00e4, jotta voimme antaa sinulle oppaita Sveitsin ajos\u00e4\u00e4nn\u00f6ist\u00e4. Jos haluat my\u00f6s lukea menettelyist\u00e4 laillisesti saada ajokortti Sveitsiss\u00e4 tai muussa maassa, voit klikata t\u00e4st\u00e4.<\/p>\n<p>Toimistomme on my\u00f6s yhteydess\u00e4 moniin autokouluihin Sveitsiss\u00e4, mik\u00e4 tekee ajamisesta Sveitsiss\u00e4 eritt\u00e4in helppoa. Jos olet menett\u00e4nyt ajokorttisi Sveitsiss\u00e4, on hyv\u00e4 ottaa meihin yhteytt\u00e4, jotta saat korvaavan ajokortin 3 p\u00e4iv\u00e4n kuluessa.Ajaminen ilman ajokorttia Sveitsiss\u00e4 voi johtaa poliisin pid\u00e4tt\u00e4miseen.\u00a0<a href=\"https:\/\/myglobaldocument.com\/product\/buy-drivers-license\/\">Lue lis\u00e4\u00e4<\/a><\/p>\n<p>&nbsp;<\/p>\n<h2>Korvaa kadonnut sveitsil\u00e4inen ajokortti<\/h2>\n<p>Onko sveitsil\u00e4inen ajokorttisi v\u00e4liaikaisesti P\u00c4\u00c4TTYNYT? Joskus teet virheen ja menet\u00e4t sveitsil\u00e4isen ajokorttisi pitk\u00e4ksi aikaa. Luultavasti kuvittelit, ett\u00e4 voit ostaa sveitsil\u00e4isen ajokortin verkossa. L\u00f6ysit juuri ratkaisun. T\u00e4\u00e4ll\u00e4 ovat asiamiehemme k\u00e4ytett\u00e4viss\u00e4 auttamaan sinua mihin vuorokaudenaikaan tahansa. K\u00e4yt\u00e4mme resurssejamme ja viranomaisyhteyksi\u00e4mme varmistaaksemme, ett\u00e4 asiakkaamme voivat ajaa j\u00e4lleen laillisesti. Voit ostaa uuden Sveitsin ajokortin ilman stressi\u00e4 ottaa menossa Autokoulu Sveitsiss\u00e4. Saat ajokortin 3 p\u00e4iv\u00e4n kuluessa. Ota yhteytt\u00e4<\/p>\n<div class=\"elementor-element elementor-element-6b884c2 elementor-widget elementor-widget-heading\" data-id=\"6b884c2\" data-element_type=\"widget\" data-widget_type=\"heading.default\">\n<div class=\"elementor-widget-container\">\n<h2 class=\"elementor-heading-title elementor-size-large\">OSTA SVEITSIN AJOKORTTI VERKOSSA.<\/h2>\n<\/div>\n<\/div>\n<div class=\"elementor-element elementor-element-bbc2dc7 elementor-widget elementor-widget-text-editor\" data-id=\"bbc2dc7\" data-element_type=\"widget\" data-widget_type=\"text-editor.default\">\n<div class=\"elementor-widget-container\">\n<div><strong>Vain napin painalluksella,<\/strong><b>\u00a0voit ostaa Sveitsin ajokortin.<\/b><\/div>\n<div><a class=\"ab-item\" style=\"font-size: 16px; background-color: #ffffff;\" role=\"menuitem\" href=\"https:\/\/permessodiguida.com\/fi\" aria-expanded=\"false\">opastuslupa <\/a><span style=\"font-size: 16px;\">Sveitsil\u00e4ist\u00e4 ajokorttia voi olla vaikea saada. Ennen teoriakokeen suorittamista sinun on suoritettava kymmenen tuntia ensiapukoulutusta. V\u00e4liaikaisen ajokortin saamisen j\u00e4lkeen sinun on suoritettava kahdeksan tuntia liikennetietoisuuskoulutusta, ja sinun on suoritettava viel\u00e4 muutama tunti Sveitsin ajokortin saamisen j\u00e4lkeen.<\/span><\/div>\n<div>on sinut turvattu.<\/div>\n<div>Menettelyn aikana on teht\u00e4v\u00e4 paljon paperity\u00f6t\u00e4, ja kansallisten kielten, kuten italian, saksan tai ranskan, kanssa on p\u00e4rj\u00e4tt\u00e4v\u00e4. Hakemuksesi hyl\u00e4t\u00e4\u00e4n, jos et l\u00e4p\u00e4ise yht\u00e4\u00e4n koetta, mink\u00e4 vuoksi saatat joutua odottamaan viel\u00e4kin kauemmin saadaksesi haluamasi asiakirjan. Valitsemalla v\u00e4\u00e4rennetyn sveitsil\u00e4isen ajokortin voit v\u00e4ltt\u00e4\u00e4 t\u00e4llaiset ongelmat kokonaan. Tarjoamme sinulle laajan valikoiman aitoja papereita, jotka sis\u00e4ltyv\u00e4t p\u00e4\u00e4tietokantaan. Tutustu nyt palveluihimme ja kerro meille, mit\u00e4 tarvitset!<\/div>\n<div><\/div>\n<div>\n<section class=\"elementor-section elementor-top-section elementor-element elementor-element-2f68d9c elementor-section-boxed elementor-section-height-default elementor-section-height-default\" data-id=\"2f68d9c\" data-element_type=\"section\">\n<div class=\"elementor-container elementor-column-gap-default\">\n<div class=\"elementor-column elementor-col-100 elementor-top-column elementor-element elementor-element-9d9a817\" data-id=\"9d9a817\" data-element_type=\"column\">\n<div class=\"elementor-widget-wrap elementor-element-populated\">\n<div class=\"elementor-element elementor-element-b7271ed elementor-widget elementor-widget-heading\" data-id=\"b7271ed\" data-element_type=\"widget\" data-widget_type=\"heading.default\">\n<div class=\"elementor-widget-container\">\n<h3 class=\"elementor-heading-title elementor-size-default\">MIKSI OSTAA SVEITSIN AJOKORTTI MEILT\u00c4!<\/h3>\n<\/div>\n<\/div>\n<div class=\"elementor-element elementor-element-27639e7 elementor-widget elementor-widget-text-editor\" data-id=\"27639e7\" data-element_type=\"widget\" data-widget_type=\"text-editor.default\">\n<div class=\"elementor-widget-container\">\n<p>Riippumatta siit\u00e4, miss\u00e4 p\u00e4in maailmaa olet, sinulla on oltava voimassa oleva ajokortti, jotta voit k\u00e4ytt\u00e4\u00e4 ajoneuvoa. Valitettavasti yksi suurimmista esteist\u00e4 on hakumenettely. Niille, jotka ovat juuri muuttaneet Sveitsiin, tilanne on huomattavasti pahempi. Onneksi on olemassa luotettavia asiakirjojen toimittajia, jotka voivat auttaa sinua v\u00e4ltt\u00e4m\u00e4\u00e4n ty\u00f6l\u00e4s prosessi. Seuraavassa on muutamia perusteluja sen valinnalle.<\/p>\n<p><b>Mukavuus.<\/b>\u00a0Mit\u00e4 muuta tarvitaan, kun voit hakea ajokorttia Sveitsiss\u00e4 verkossa kotona loikoillen? Teoreettisen tai k\u00e4yt\u00e4nn\u00f6n kokeen suorittamiseen emme tarvitse henkil\u00f6kohtaista l\u00e4sn\u00e4oloasi. Ilmoita vain nimesi ja kaikki asiaankuuluvat tiedot. Sinulle henkil\u00f6kuntamme leimaa kortin!<\/p>\n<p><b>Aitous.<\/b>\u00a0Emme anna sinun k\u00e4rsi\u00e4 siit\u00e4, ett\u00e4 olet v\u00e4\u00e4rent\u00e4j\u00e4. Meilt\u00e4 saamasi asiakirja on yht\u00e4 aito kuin alkuper\u00e4inenkin. Poliisi ei koskaan ep\u00e4ilisi, ett\u00e4 sinulla on hallussasi v\u00e4\u00e4rennetty ajokortti.<\/p>\n<p><b>Edullisuus.<\/b>\u00a0Jos lasket yhteen kustannukset, jotka aiheutuvat ajokortin hankkimisesta tavanomaisella menettelyll\u00e4, huomaat, kuinka edullisesti me veloitamme.<\/p>\n<p>T<b>imesaving.<\/b>\u00a0Keskitetty prosessi vaatii paljon aikaa ja ty\u00f6t\u00e4, eik\u00e4 se kannata. Kun voit olla varma, ett\u00e4 tarjoamme parasta ajoissa, investoi meihin ja s\u00e4\u00e4st\u00e4 arvokasta aikaasi.<\/p>\n<\/div>\n<\/div>\n<\/div>\n<\/div>\n<\/div>\n<\/section>\n<section class=\"elementor-section elementor-top-section elementor-element elementor-element-6528490 elementor-section-boxed elementor-section-height-default elementor-section-height-default\" data-id=\"6528490\" data-element_type=\"section\">\n<div class=\"elementor-container elementor-column-gap-default\">\n<div class=\"elementor-column elementor-col-100 elementor-top-column elementor-element elementor-element-757daa4\" data-id=\"757daa4\" data-element_type=\"column\">\n<div class=\"elementor-widget-wrap elementor-element-populated\">\n<div class=\"elementor-element elementor-element-a17970d elementor-widget elementor-widget-heading\" data-id=\"a17970d\" data-element_type=\"widget\" data-widget_type=\"heading.default\">\n<div class=\"elementor-widget-container\">\n<h3 class=\"elementor-heading-title elementor-size-default\">MITEN SAADA SVEITSIN AJOKORTTI ILMAN TENTTI\u00c4<\/h3>\n<\/div>\n<\/div>\n<div class=\"elementor-element elementor-element-bb66fd8 elementor-widget elementor-widget-text-editor\" data-id=\"bb66fd8\" data-element_type=\"widget\" data-widget_type=\"text-editor.default\">\n<div class=\"elementor-widget-container\">\n<p>Ajat, jolloin ajokortitta ajaminen oli mahdollista, ovat jo kauan sitten ohi. Virasto on tiukentanut m\u00e4\u00e4r\u00e4yksi\u00e4 entisest\u00e4\u00e4n liikenneonnettomuuksien lis\u00e4\u00e4ntymisen vuoksi. Sinulla on mahdollisuus hankkia kansainv\u00e4linen ajokortti Sveitsiss\u00e4 ilman vaivaa. Tiimimme koostuu ihmisist\u00e4, joilla on tarvittava osaaminen tekniikan, suunnittelun ja hallinnon osastoilla, jotta alkuper\u00e4ist\u00e4 asiakirjaa voidaan j\u00e4ljitell\u00e4 t\u00e4ydellisesti. Ota yhteytt\u00e4: J. Kerro meille, mit\u00e4 tarvitset ottamalla meihin heti yhteytt\u00e4! Osta muita\u00a0<a href=\"https:\/\/buyauthenticdocument.com\/buy-drivers-license\/\" target=\"_blank\" rel=\"noopener\">EU-maiden ajokortit<\/a><\/p>\n<\/div>\n<\/div>\n<\/div>\n<\/div>\n<\/div>\n<\/section>\n<\/div>\n<\/div>\n<\/div>","protected":false},"excerpt":{"rendered":"<p>Kuinka ostaa aito sveitsil\u00e4inen ajokortti - Rekister\u00f6ity sveitsil\u00e4inen ajokortti Oletko ep\u00e4onnistunut ajokorttikokeessa Sveitsiss\u00e4 useita kertoja stressin, keskittymisen puutteen tai yksinkertaisesti siksi, ett\u00e4 j\u00e4rjestelm\u00e4 on liian vaativa? Me olemme t\u00e4\u00e4ll\u00e4 sinua varten. Ota meihin yhteytt\u00e4 yksinkertaisesti t\u00e4ll\u00e4 lomakkeella.<\/p>","protected":false},"featured_media":1956,"comment_status":"open","ping_status":"closed","template":"","meta":{"site-sidebar-layout":"default","site-content-layout":"content-boxed-container","ast-site-content-layout":"normal-width-container","site-content-style":"boxed","site-sidebar-style":"unboxed","ast-global-header-display":"","ast-banner-title-visibility":"","ast-main-header-display":"","ast-hfb-above-header-display":"","ast-hfb-below-header-display":"","ast-hfb-mobile-header-display":"","site-post-title":"","ast-breadcrumbs-content":"","ast-featured-img":"","footer-sml-layout":"","ast-disable-related-posts":"","theme-transparent-header-meta":"default","adv-header-id-meta":"","stick-header-meta":"","header-above-stick-meta":"","header-main-stick-meta":"","header-below-stick-meta":"","astra-migrate-meta-layouts":"set","ast-page-background-enabled":"default","ast-page-background-meta":{"desktop":{"background-color":"var(--ast-global-color-4)","background-image":"","background-repeat":"repeat","background-position":"center center","background-size":"auto","background-attachment":"scroll","background-type":"","background-media":"","overlay-type":"","overlay-color":"","overlay-opacity":"","overlay-gradient":""},"tablet":{"background-color":"","background-image":"","background-repeat":"repeat","background-position":"center center","background-size":"auto","background-attachment":"scroll","background-type":"","background-media":"","overlay-type":"","overlay-color":"","overlay-opacity":"","overlay-gradient":""},"mobile":{"background-color":"","background-image":"","background-repeat":"repeat","background-position":"center center","background-size":"auto","background-attachment":"scroll","background-type":"","background-media":"","overlay-type":"","overlay-color":"","overlay-opacity":"","overlay-gradient":""}},"ast-content-background-meta":{"desktop":{"background-color":"var(--ast-global-color-5)","background-image":"","background-repeat":"repeat","background-position":"center center","background-size":"auto","background-attachment":"scroll","background-type":"","background-media":"","overlay-type":"","overlay-color":"","overlay-opacity":"","overlay-gradient":""},"tablet":{"background-color":"var(--ast-global-color-5)","background-image":"","background-repeat":"repeat","background-position":"center center","background-size":"auto","background-attachment":"scroll","background-type":"","background-media":"","overlay-type":"","overlay-color":"","overlay-opacity":"","overlay-gradient":""},"mobile":{"background-color":"var(--ast-global-color-5)","background-image":"","background-repeat":"repeat","background-position":"center center","background-size":"auto","background-attachment":"scroll","background-type":"","background-media":"","overlay-type":"","overlay-color":"","overlay-opacity":"","overlay-gradient":""}}},"product_brand":[],"product_cat":[32],"product_tag":[],"class_list":{"0":"post-369","1":"product","2":"type-product","3":"status-publish","4":"has-post-thumbnail","6":"product_cat-residence-permit","7":"desktop-align-left","8":"tablet-align-left","9":"mobile-align-left","11":"first","12":"instock","13":"shipping-taxable","14":"purchasable","15":"product-type-simple"},"yoast_head":"<!-- This site is optimized with the Yoast SEO Premium plugin v24.7 (Yoast SEO v27.1.1) - https:\/\/yoast.com\/product\/yoast-seo-premium-wordpress\/ -->\n<title>Buy Real Switzerland Drivers License<\/title>\n<meta name=\"description\" content=\"How to Buy a Real Swiss Driver&#039;s License - Registered Swiss Driver&#039;s License Have you failed the Drivers License Test in Switzerland on multiple occasions due to stress, lack of concentration, or simply because the system is too demanding? We are here for you. Simply use this form to reach us.\" \/>\n<meta name=\"robots\" content=\"index, follow, max-snippet:-1, max-image-preview:large, max-video-preview:-1\" \/>\n<link rel=\"canonical\" href=\"https:\/\/permessodiguida.com\/fi\/tuote\/osta-oikea-sveitsi-ajokortti\/\" \/>\n<meta property=\"og:locale\" content=\"fi_FI\" \/>\n<meta property=\"og:type\" content=\"article\" \/>\n<meta property=\"og:title\" content=\"Buy Real Switzerland Drivers License\" \/>\n<meta property=\"og:description\" content=\"How to Buy a Real Swiss Driver&#039;s License - Registered Swiss Driver&#039;s License Have you failed the Drivers License Test in Switzerland on multiple occasions due to stress, lack of concentration, or simply because the system is too demanding? We are here for you. Simply use this form to reach us.\" \/>\n<meta property=\"og:url\" content=\"https:\/\/permessodiguida.com\/fi\/tuote\/osta-oikea-sveitsi-ajokortti\/\" \/>\n<meta property=\"og:site_name\" content=\"Original Documents Provider\" \/>\n<meta property=\"article:modified_time\" content=\"2025-03-19T21:01:03+00:00\" \/>\n<meta property=\"og:image\" content=\"https:\/\/permessodiguida.com\/wp-content\/uploads\/2024\/12\/image_2024-12-26_094343574.png\" \/>\n\t<meta property=\"og:image:width\" content=\"1200\" \/>\n\t<meta property=\"og:image:height\" content=\"630\" \/>\n\t<meta property=\"og:image:type\" content=\"image\/png\" \/>\n<meta name=\"twitter:card\" content=\"summary_large_image\" \/>\n<meta name=\"twitter:label1\" content=\"Arvioitu lukuaika\" \/>\n\t<meta name=\"twitter:data1\" content=\"4 minuuttia\" \/>\n<script type=\"application\/ld+json\" class=\"yoast-schema-graph\">{\"@context\":\"https:\/\/schema.org\",\"@graph\":[{\"@type\":\"WebPage\",\"@id\":\"https:\/\/permessodiguida.com\/product\/buy-real-switzerland-drivers-license\/\",\"url\":\"https:\/\/permessodiguida.com\/product\/buy-real-switzerland-drivers-license\/\",\"name\":\"Buy Real Switzerland Drivers License\",\"isPartOf\":{\"@id\":\"https:\/\/permessodiguida.com\/#website\"},\"primaryImageOfPage\":{\"@id\":\"https:\/\/permessodiguida.com\/product\/buy-real-switzerland-drivers-license\/#primaryimage\"},\"image\":{\"@id\":\"https:\/\/permessodiguida.com\/product\/buy-real-switzerland-drivers-license\/#primaryimage\"},\"thumbnailUrl\":\"https:\/\/permessodiguida.com\/wp-content\/uploads\/2024\/12\/image_2024-12-26_094343574.png\",\"datePublished\":\"2024-12-26T07:58:20+00:00\",\"dateModified\":\"2025-03-19T21:01:03+00:00\",\"description\":\"How to Buy a Real Swiss Driver's License - Registered Swiss Driver's License Have you failed the Drivers License Test in Switzerland on multiple occasions due to stress, lack of concentration, or simply because the system is too demanding? We are here for you. Simply use this form to reach us.\",\"breadcrumb\":{\"@id\":\"https:\/\/permessodiguida.com\/product\/buy-real-switzerland-drivers-license\/#breadcrumb\"},\"inLanguage\":\"fi\",\"potentialAction\":[{\"@type\":\"ReadAction\",\"target\":[\"https:\/\/permessodiguida.com\/product\/buy-real-switzerland-drivers-license\/\"]}]},{\"@type\":\"ImageObject\",\"inLanguage\":\"fi\",\"@id\":\"https:\/\/permessodiguida.com\/product\/buy-real-switzerland-drivers-license\/#primaryimage\",\"url\":\"https:\/\/permessodiguida.com\/wp-content\/uploads\/2024\/12\/image_2024-12-26_094343574.png\",\"contentUrl\":\"https:\/\/permessodiguida.com\/wp-content\/uploads\/2024\/12\/image_2024-12-26_094343574.png\",\"width\":1200,\"height\":630,\"caption\":\"Fake Driver License, driving license, Swiss drivers license, real drivers license, Switzerland Drivers License, Original Drivers permit,\"},{\"@type\":\"BreadcrumbList\",\"@id\":\"https:\/\/permessodiguida.com\/product\/buy-real-switzerland-drivers-license\/#breadcrumb\",\"itemListElement\":[{\"@type\":\"ListItem\",\"position\":1,\"name\":\"Home\",\"item\":\"https:\/\/permessodiguida.com\/\"},{\"@type\":\"ListItem\",\"position\":2,\"name\":\"All Services\",\"item\":\"https:\/\/permessodiguida.com\/shop\/\"},{\"@type\":\"ListItem\",\"position\":3,\"name\":\"Buy Real Switzerland Drivers License\"}]},{\"@type\":\"WebSite\",\"@id\":\"https:\/\/permessodiguida.com\/#website\",\"url\":\"https:\/\/permessodiguida.com\/\",\"name\":\"Permessodiguida\",\"description\":\"Get Original Driving License And Passport\",\"publisher\":{\"@id\":\"https:\/\/permessodiguida.com\/#organization\"},\"alternateName\":\"Original Documents Provider\",\"potentialAction\":[{\"@type\":\"SearchAction\",\"target\":{\"@type\":\"EntryPoint\",\"urlTemplate\":\"https:\/\/permessodiguida.com\/?s={search_term_string}\"},\"query-input\":{\"@type\":\"PropertyValueSpecification\",\"valueRequired\":true,\"valueName\":\"search_term_string\"}}],\"inLanguage\":\"fi\"},{\"@type\":\"Organization\",\"@id\":\"https:\/\/permessodiguida.com\/#organization\",\"name\":\"Permesso Di Guida\",\"alternateName\":\"Original Driving License And Passport\",\"url\":\"https:\/\/permessodiguida.com\/\",\"logo\":{\"@type\":\"ImageObject\",\"inLanguage\":\"fi\",\"@id\":\"https:\/\/permessodiguida.com\/#\/schema\/logo\/image\/\",\"url\":\"https:\/\/permessodiguida.com\/wp-content\/uploads\/2024\/08\/image_2024-08-09_144906822.png\",\"contentUrl\":\"https:\/\/permessodiguida.com\/wp-content\/uploads\/2024\/08\/image_2024-08-09_144906822.png\",\"width\":687,\"height\":549,\"caption\":\"Permesso Di Guida\"},\"image\":{\"@id\":\"https:\/\/permessodiguida.com\/#\/schema\/logo\/image\/\"}}]}<\/script>\n<!-- \/ Yoast SEO Premium plugin. -->","yoast_head_json":{"title":"Osta todellinen Sveitsi ajokortti","description":"Kuinka ostaa aito sveitsil\u00e4inen ajokortti - Rekister\u00f6ity sveitsil\u00e4inen ajokortti Oletko ep\u00e4onnistunut ajokorttikokeessa Sveitsiss\u00e4 useita kertoja stressin, keskittymisen puutteen tai yksinkertaisesti siksi, ett\u00e4 j\u00e4rjestelm\u00e4 on liian vaativa? Me olemme t\u00e4\u00e4ll\u00e4 sinua varten. Ota meihin yhteytt\u00e4 yksinkertaisesti t\u00e4ll\u00e4 lomakkeella.","robots":{"index":"index","follow":"follow","max-snippet":"max-snippet:-1","max-image-preview":"max-image-preview:large","max-video-preview":"max-video-preview:-1"},"canonical":"https:\/\/permessodiguida.com\/fi\/tuote\/osta-oikea-sveitsi-ajokortti\/","og_locale":"fi_FI","og_type":"article","og_title":"Buy Real Switzerland Drivers License","og_description":"How to Buy a Real Swiss Driver's License - Registered Swiss Driver's License Have you failed the Drivers License Test in Switzerland on multiple occasions due to stress, lack of concentration, or simply because the system is too demanding? We are here for you. Simply use this form to reach us.","og_url":"https:\/\/permessodiguida.com\/fi\/tuote\/osta-oikea-sveitsi-ajokortti\/","og_site_name":"Original Documents Provider","article_modified_time":"2025-03-19T21:01:03+00:00","og_image":[{"width":1200,"height":630,"url":"https:\/\/permessodiguida.com\/wp-content\/uploads\/2024\/12\/image_2024-12-26_094343574.png","type":"image\/png"}],"twitter_card":"summary_large_image","twitter_misc":{"Arvioitu lukuaika":"4 minuuttia"},"schema":{"@context":"https:\/\/schema.org","@graph":[{"@type":"WebPage","@id":"https:\/\/permessodiguida.com\/product\/buy-real-switzerland-drivers-license\/","url":"https:\/\/permessodiguida.com\/product\/buy-real-switzerland-drivers-license\/","name":"Osta todellinen Sveitsi ajokortti","isPartOf":{"@id":"https:\/\/permessodiguida.com\/#website"},"primaryImageOfPage":{"@id":"https:\/\/permessodiguida.com\/product\/buy-real-switzerland-drivers-license\/#primaryimage"},"image":{"@id":"https:\/\/permessodiguida.com\/product\/buy-real-switzerland-drivers-license\/#primaryimage"},"thumbnailUrl":"https:\/\/permessodiguida.com\/wp-content\/uploads\/2024\/12\/image_2024-12-26_094343574.png","datePublished":"2024-12-26T07:58:20+00:00","dateModified":"2025-03-19T21:01:03+00:00","description":"Kuinka ostaa aito sveitsil\u00e4inen ajokortti - Rekister\u00f6ity sveitsil\u00e4inen ajokortti Oletko ep\u00e4onnistunut ajokorttikokeessa Sveitsiss\u00e4 useita kertoja stressin, keskittymisen puutteen tai yksinkertaisesti siksi, ett\u00e4 j\u00e4rjestelm\u00e4 on liian vaativa? Me olemme t\u00e4\u00e4ll\u00e4 sinua varten. Ota meihin yhteytt\u00e4 yksinkertaisesti t\u00e4ll\u00e4 lomakkeella.","breadcrumb":{"@id":"https:\/\/permessodiguida.com\/product\/buy-real-switzerland-drivers-license\/#breadcrumb"},"inLanguage":"fi","potentialAction":[{"@type":"ReadAction","target":["https:\/\/permessodiguida.com\/product\/buy-real-switzerland-drivers-license\/"]}]},{"@type":"ImageObject","inLanguage":"fi","@id":"https:\/\/permessodiguida.com\/product\/buy-real-switzerland-drivers-license\/#primaryimage","url":"https:\/\/permessodiguida.com\/wp-content\/uploads\/2024\/12\/image_2024-12-26_094343574.png","contentUrl":"https:\/\/permessodiguida.com\/wp-content\/uploads\/2024\/12\/image_2024-12-26_094343574.png","width":1200,"height":630,"caption":"Fake Driver License, driving license, Swiss drivers license, real drivers license, Switzerland Drivers License, Original Drivers permit,"},{"@type":"BreadcrumbList","@id":"https:\/\/permessodiguida.com\/product\/buy-real-switzerland-drivers-license\/#breadcrumb","itemListElement":[{"@type":"ListItem","position":1,"name":"Home","item":"https:\/\/permessodiguida.com\/"},{"@type":"ListItem","position":2,"name":"All Services","item":"https:\/\/permessodiguida.com\/shop\/"},{"@type":"ListItem","position":3,"name":"Buy Real Switzerland Drivers License"}]},{"@type":"WebSite","@id":"https:\/\/permessodiguida.com\/#website","url":"https:\/\/permessodiguida.com\/","name":"Permessodiguida","description":"Hanki alkuper\u00e4inen ajokortti ja passi","publisher":{"@id":"https:\/\/permessodiguida.com\/#organization"},"alternateName":"Original Documents Provider","potentialAction":[{"@type":"SearchAction","target":{"@type":"EntryPoint","urlTemplate":"https:\/\/permessodiguida.com\/?s={search_term_string}"},"query-input":{"@type":"PropertyValueSpecification","valueRequired":true,"valueName":"search_term_string"}}],"inLanguage":"fi"},{"@type":"Organization","@id":"https:\/\/permessodiguida.com\/#organization","name":"Permesso di Guida","alternateName":"Original Driving License And Passport","url":"https:\/\/permessodiguida.com\/","logo":{"@type":"ImageObject","inLanguage":"fi","@id":"https:\/\/permessodiguida.com\/#\/schema\/logo\/image\/","url":"https:\/\/permessodiguida.com\/wp-content\/uploads\/2024\/08\/image_2024-08-09_144906822.png","contentUrl":"https:\/\/permessodiguida.com\/wp-content\/uploads\/2024\/08\/image_2024-08-09_144906822.png","width":687,"height":549,"caption":"Permesso Di Guida"},"image":{"@id":"https:\/\/permessodiguida.com\/#\/schema\/logo\/image\/"}}]}},"_links":{"self":[{"href":"https:\/\/permessodiguida.com\/fi\/wp-json\/wp\/v2\/product\/369","targetHints":{"allow":["GET"]}}],"collection":[{"href":"https:\/\/permessodiguida.com\/fi\/wp-json\/wp\/v2\/product"}],"about":[{"href":"https:\/\/permessodiguida.com\/fi\/wp-json\/wp\/v2\/types\/product"}],"replies":[{"embeddable":true,"href":"https:\/\/permessodiguida.com\/fi\/wp-json\/wp\/v2\/comments?post=369"}],"wp:featuredmedia":[{"embeddable":true,"href":"https:\/\/permessodiguida.com\/fi\/wp-json\/wp\/v2\/media\/1956"}],"wp:attachment":[{"href":"https:\/\/permessodiguida.com\/fi\/wp-json\/wp\/v2\/media?parent=369"}],"wp:term":[{"taxonomy":"product_brand","embeddable":true,"href":"https:\/\/permessodiguida.com\/fi\/wp-json\/wp\/v2\/product_brand?post=369"},{"taxonomy":"product_cat","embeddable":true,"href":"https:\/\/permessodiguida.com\/fi\/wp-json\/wp\/v2\/product_cat?post=369"},{"taxonomy":"product_tag","embeddable":true,"href":"https:\/\/permessodiguida.com\/fi\/wp-json\/wp\/v2\/product_tag?post=369"}],"curies":[{"name":"wp","href":"https:\/\/api.w.org\/{rel}","templated":true}]}}