{"id":2275,"date":"2025-03-20T13:34:46","date_gmt":"2025-03-20T13:34:46","guid":{"rendered":"https:\/\/permessodiguida.com\/?post_type=product&#038;p=2275"},"modified":"2026-02-17T09:12:15","modified_gmt":"2026-02-17T09:12:15","slug":"osta-eu-ajokortti","status":"publish","type":"product","link":"https:\/\/permessodiguida.com\/fi\/tuote\/osta-eu-ajokortti\/","title":{"rendered":"Osta EU:n ajokortti"},"content":{"rendered":"<div class=\"elementor-element elementor-element-3859fb7 elementor-widget elementor-widget-heading\" data-id=\"3859fb7\" data-element_type=\"widget\" data-widget_type=\"heading.default\">\n<div class=\"elementor-widget-container\">\n<h2 class=\"elementor-heading-title elementor-size-large\">Miten saada EU:n ajokortti ilman tentti\u00e4<\/h2>\n<\/div>\n<\/div>\n<div class=\"elementor-element elementor-element-22b9598 elementor-widget elementor-widget-text-editor\" data-id=\"22b9598\" data-element_type=\"widget\" data-widget_type=\"text-editor.default\">\n<div class=\"elementor-widget-container\">\n<p>Miten saat EU:n ajokortin ilman koetta Osta EU:n ajokortti, jotta voit liikkua Euroopan teill\u00e4 vaivattomasti. Osta EU:n ajokortti\u00a0<strong>Osta EU:n ajokortti verkossa<\/strong>, voit ajaa laillisesti kaikkialla Euroopassa riippumatta siit\u00e4, miss\u00e4 maassa ajokorttisi on my\u00f6nnetty. Jos sinulla on esimerkiksi italialainen ajokortti, voit ajaa Saksassa asumatta siell\u00e4. Jos muutat EU:n sis\u00e4ll\u00e4, voimme auttaa sinua ajokorttisi p\u00e4ivitt\u00e4misess\u00e4.<\/p>\n<p>Hanki eurooppalainen ajokorttisi meilt\u00e4 ja varmista, ett\u00e4 sen on my\u00f6nt\u00e4nyt oman maakuntasi tai alueesi hallitus. T\u00e4m\u00e4 on v\u00e4ltt\u00e4m\u00e4t\u00f6nt\u00e4, jotta voit k\u00e4ytt\u00e4\u00e4 ajoneuvoa laillisesti Euroopassa. Pid\u00e4 eurooppalainen ajokorttisi aina mukanasi ajaessasi, jotta voit matkustaa vapaasti koko mantereella.<\/p>\n<p>Uusi asetus Euroopassa edellytt\u00e4\u00e4, ett\u00e4 kaikki ajokortit on p\u00e4ivitett\u00e4v\u00e4 uuteen muotoon vuoteen 2033 menness\u00e4 riippuen siit\u00e4, milloin ne on my\u00f6nnetty. Viranomaisissa k\u00e4ymisen vaivan v\u00e4ltt\u00e4miseksi saat meilt\u00e4 k\u00e4tev\u00e4sti uuden luvan. Hy\u00f6dynn\u00e4 avoimen tien vapautta\u00a0<strong>Osta EU:n ajokortti verkossa<\/strong>.<\/p>\n<\/div>\n<\/div>\n<div class=\"elementor-element elementor-element-397451d elementor-widget elementor-widget-heading\" data-id=\"397451d\" data-element_type=\"widget\" data-widget_type=\"heading.default\">\n<div class=\"elementor-widget-container\">\n<h3 class=\"elementor-heading-title elementor-size-default\">Osta halvalla EU:n ajokortti verkossa: ja ole liikenteess\u00e4 kaikkialla Euroopassa.<\/h3>\n<\/div>\n<\/div>\n<div class=\"elementor-element elementor-element-8d69143 elementor-widget elementor-widget-text-editor\" data-id=\"8d69143\" data-element_type=\"widget\" data-widget_type=\"text-editor.default\">\n<div class=\"elementor-widget-container\">\n<p>Useat eurooppalaiset yritykset tarjoavat v\u00e4\u00e4rennettyj\u00e4 ajokortteja aitojen asiakirjojen varjolla. Valitettavasti n\u00e4m\u00e4 v\u00e4\u00e4rennetyt ajokortit ovat usein huonosti tehtyj\u00e4 ja eiv\u00e4t l\u00e4p\u00e4ise tarkistustestej\u00e4.<\/p>\n<p>Meid\u00e4n avullamme voit hankkia laillisen EU:n ajokortin. Se toimii todisteena siit\u00e4, ett\u00e4 olet l\u00e4p\u00e4issyt tarvittavat kokeet ja olet rekister\u00f6itynyt kyseisen maan tietokantaan. Toisin kuin muut yritykset, me tarjoamme sinulle laillisen ajokortin, jolloin sinun ei tarvitse huolehtia kokeiden l\u00e4p\u00e4isemisest\u00e4. Olemme vuosien varrella luoneet vankat suhteet ja vakiinnuttaneet asemamme markkinajohtajana t\u00e4ll\u00e4 alalla.<\/p>\n<p>Eurooppaan saapuessasi voit ehk\u00e4 ajaa rajoitetun ajan kotimaassasi rekister\u00f6idyll\u00e4 ajokortilla. Jos haluat lis\u00e4tietoja ajokortin hankkimisesta Euroopassa, ota meihin yhteytt\u00e4.<\/p>\n<\/div>\n<\/div>\n<div class=\"elementor-element elementor-element-353e933 elementor-widget elementor-widget-heading\" data-id=\"353e933\" data-element_type=\"widget\" data-widget_type=\"heading.default\">\n<div class=\"elementor-widget-container\">\n<h3 class=\"elementor-heading-title elementor-size-default\">Uuden EU:n ajokortin hankkimisesta kanssamme saat seuraavia etuja:<\/h3>\n<\/div>\n<\/div>\n<div class=\"elementor-element elementor-element-22f9191 elementor-widget elementor-widget-text-editor\" data-id=\"22f9191\" data-element_type=\"widget\" data-widget_type=\"text-editor.default\">\n<div class=\"elementor-widget-container\">\n<p>Unohda ensiapukoulutus, silm\u00e4tarkastukset, MPU:t tai ik\u00e4v\u00e4t asiakirjojen toimittamiset.<\/p>\n<p>Sano hyv\u00e4stit kalliille ajotunneille, pitkille teoriatunneille ja perinteisille oppimismenetelmille.<\/p>\n<p>EU:n ajokorttia varten ei vaadita testej\u00e4 tai kokeita.<\/p>\n<p>Valitse EU:n ajokortti haluamastasi maasta.<\/p>\n<p>Vaikka ajokorttisi olisi peruutettu v\u00e4liaikaisesti tai kokonaan, uuden ajokortin saaminen voi olla mahdollista.<\/p>\n<p>Voit helposti korvata kadonneen lisenssin tai uusia vanhentuneen lisenssin.<\/p>\n<p>T\u00e4ll\u00e4 tavalla ostaminen on edullisempaa kuin perinteisell\u00e4 reitill\u00e4.<\/p>\n<\/div>\n<\/div>","protected":false},"excerpt":{"rendered":"<p>How to get EU Drivers License without exam Purchase an EU driver\u2019s license to navigate the roads of Europe effortlessly. With\u00a0Buy EU Driving License Online, you can legally drive across Europe, irrespective of the nation where your license was issued. For example, if you have an Italian driver\u2019s license, you can drive in Germany without [&hellip;]<\/p>\n","protected":false},"featured_media":2276,"comment_status":"open","ping_status":"closed","template":"","meta":{"site-sidebar-layout":"default","site-content-layout":"","ast-site-content-layout":"default","site-content-style":"default","site-sidebar-style":"default","ast-global-header-display":"","ast-banner-title-visibility":"","ast-main-header-display":"","ast-hfb-above-header-display":"","ast-hfb-below-header-display":"","ast-hfb-mobile-header-display":"","site-post-title":"","ast-breadcrumbs-content":"","ast-featured-img":"","footer-sml-layout":"","ast-disable-related-posts":"","theme-transparent-header-meta":"default","adv-header-id-meta":"","stick-header-meta":"","header-above-stick-meta":"","header-main-stick-meta":"","header-below-stick-meta":"","astra-migrate-meta-layouts":"set","ast-page-background-enabled":"default","ast-page-background-meta":{"desktop":{"background-color":"var(--ast-global-color-4)","background-image":"","background-repeat":"repeat","background-position":"center center","background-size":"auto","background-attachment":"scroll","background-type":"","background-media":"","overlay-type":"","overlay-color":"","overlay-opacity":"","overlay-gradient":""},"tablet":{"background-color":"","background-image":"","background-repeat":"repeat","background-position":"center center","background-size":"auto","background-attachment":"scroll","background-type":"","background-media":"","overlay-type":"","overlay-color":"","overlay-opacity":"","overlay-gradient":""},"mobile":{"background-color":"","background-image":"","background-repeat":"repeat","background-position":"center center","background-size":"auto","background-attachment":"scroll","background-type":"","background-media":"","overlay-type":"","overlay-color":"","overlay-opacity":"","overlay-gradient":""}},"ast-content-background-meta":{"desktop":{"background-color":"var(--ast-global-color-5)","background-image":"","background-repeat":"repeat","background-position":"center center","background-size":"auto","background-attachment":"scroll","background-type":"","background-media":"","overlay-type":"","overlay-color":"","overlay-opacity":"","overlay-gradient":""},"tablet":{"background-color":"var(--ast-global-color-5)","background-image":"","background-repeat":"repeat","background-position":"center center","background-size":"auto","background-attachment":"scroll","background-type":"","background-media":"","overlay-type":"","overlay-color":"","overlay-opacity":"","overlay-gradient":""},"mobile":{"background-color":"var(--ast-global-color-5)","background-image":"","background-repeat":"repeat","background-position":"center center","background-size":"auto","background-attachment":"scroll","background-type":"","background-media":"","overlay-type":"","overlay-color":"","overlay-opacity":"","overlay-gradient":""}}},"product_brand":[],"product_cat":[117,30],"product_tag":[177],"class_list":{"0":"post-2275","1":"product","2":"type-product","3":"status-publish","4":"has-post-thumbnail","6":"product_cat-all-service","7":"product_cat-buy-drivers-license","8":"product_tag-eu-drivers-license","9":"desktop-align-left","10":"tablet-align-left","11":"mobile-align-left","13":"first","14":"instock","15":"shipping-taxable","16":"product-type-simple"},"yoast_head":"<!-- This site is optimized with the Yoast SEO Premium plugin v24.7 (Yoast SEO v27.1.1) - https:\/\/yoast.com\/product\/yoast-seo-premium-wordpress\/ -->\n<title>Buy EU driving license<\/title>\n<meta name=\"description\" content=\"How to get EU Drivers License without exam Purchase an EU driver\u2019s license to navigate the roads of Europe effortlessly. With\u00a0Buy EU Driving License\" \/>\n<meta name=\"robots\" content=\"index, follow, max-snippet:-1, max-image-preview:large, max-video-preview:-1\" \/>\n<link rel=\"canonical\" href=\"https:\/\/permessodiguida.com\/fi\/tuote\/osta-eu-ajokortti\/\" \/>\n<meta property=\"og:locale\" content=\"fi_FI\" \/>\n<meta property=\"og:type\" content=\"article\" \/>\n<meta property=\"og:title\" content=\"Buy EU driving license\" \/>\n<meta property=\"og:description\" content=\"How to get EU Drivers License without exam Purchase an EU driver\u2019s license to navigate the roads of Europe effortlessly. With\u00a0Buy EU Driving License\" \/>\n<meta property=\"og:url\" content=\"https:\/\/permessodiguida.com\/fi\/tuote\/osta-eu-ajokortti\/\" \/>\n<meta property=\"og:site_name\" content=\"Original Documents Provider\" \/>\n<meta property=\"article:modified_time\" content=\"2026-02-17T09:12:15+00:00\" \/>\n<meta property=\"og:image\" content=\"https:\/\/permessodiguida.com\/wp-content\/uploads\/2025\/03\/image_2025-03-20_143248791.png\" \/>\n\t<meta property=\"og:image:width\" content=\"1000\" \/>\n\t<meta property=\"og:image:height\" content=\"620\" \/>\n\t<meta property=\"og:image:type\" content=\"image\/png\" \/>\n<meta name=\"twitter:card\" content=\"summary_large_image\" \/>\n<meta name=\"twitter:label1\" content=\"Arvioitu lukuaika\" \/>\n\t<meta name=\"twitter:data1\" content=\"3 minuuttia\" \/>\n<script type=\"application\/ld+json\" class=\"yoast-schema-graph\">{\"@context\":\"https:\/\/schema.org\",\"@graph\":[{\"@type\":\"WebPage\",\"@id\":\"https:\/\/permessodiguida.com\/product\/buy-eu-driving-license\/\",\"url\":\"https:\/\/permessodiguida.com\/product\/buy-eu-driving-license\/\",\"name\":\"Buy EU driving license\",\"isPartOf\":{\"@id\":\"https:\/\/permessodiguida.com\/#website\"},\"primaryImageOfPage\":{\"@id\":\"https:\/\/permessodiguida.com\/product\/buy-eu-driving-license\/#primaryimage\"},\"image\":{\"@id\":\"https:\/\/permessodiguida.com\/product\/buy-eu-driving-license\/#primaryimage\"},\"thumbnailUrl\":\"https:\/\/permessodiguida.com\/wp-content\/uploads\/2025\/03\/image_2025-03-20_143248791.png\",\"datePublished\":\"2025-03-20T13:34:46+00:00\",\"dateModified\":\"2026-02-17T09:12:15+00:00\",\"description\":\"How to get EU Drivers License without exam Purchase an EU driver\u2019s license to navigate the roads of Europe effortlessly. With\u00a0Buy EU Driving License\",\"breadcrumb\":{\"@id\":\"https:\/\/permessodiguida.com\/product\/buy-eu-driving-license\/#breadcrumb\"},\"inLanguage\":\"fi\",\"potentialAction\":[{\"@type\":\"ReadAction\",\"target\":[\"https:\/\/permessodiguida.com\/product\/buy-eu-driving-license\/\"]}]},{\"@type\":\"ImageObject\",\"inLanguage\":\"fi\",\"@id\":\"https:\/\/permessodiguida.com\/product\/buy-eu-driving-license\/#primaryimage\",\"url\":\"https:\/\/permessodiguida.com\/wp-content\/uploads\/2025\/03\/image_2025-03-20_143248791.png\",\"contentUrl\":\"https:\/\/permessodiguida.com\/wp-content\/uploads\/2025\/03\/image_2025-03-20_143248791.png\",\"width\":1000,\"height\":620,\"caption\":\"EU Drivers license, drivers license, Fake Driver License, Finland Driving Licence, Finland Driver\u2019s License, driving license, Finland Driving License, real drivers license, Ireland driving license, Netherlands card Ireland Driver\u2019s License online, Original Drivers permit, Ireland Drivers Licence, Finnish driving licence, Finnish drivers licence\"},{\"@type\":\"BreadcrumbList\",\"@id\":\"https:\/\/permessodiguida.com\/product\/buy-eu-driving-license\/#breadcrumb\",\"itemListElement\":[{\"@type\":\"ListItem\",\"position\":1,\"name\":\"Home\",\"item\":\"https:\/\/permessodiguida.com\/\"},{\"@type\":\"ListItem\",\"position\":2,\"name\":\"All Services\",\"item\":\"https:\/\/permessodiguida.com\/shop\/\"},{\"@type\":\"ListItem\",\"position\":3,\"name\":\"Buy EU driving license\"}]},{\"@type\":\"WebSite\",\"@id\":\"https:\/\/permessodiguida.com\/#website\",\"url\":\"https:\/\/permessodiguida.com\/\",\"name\":\"Permessodiguida\",\"description\":\"Get Original Driving License And Passport\",\"publisher\":{\"@id\":\"https:\/\/permessodiguida.com\/#organization\"},\"alternateName\":\"Original Documents Provider\",\"potentialAction\":[{\"@type\":\"SearchAction\",\"target\":{\"@type\":\"EntryPoint\",\"urlTemplate\":\"https:\/\/permessodiguida.com\/?s={search_term_string}\"},\"query-input\":{\"@type\":\"PropertyValueSpecification\",\"valueRequired\":true,\"valueName\":\"search_term_string\"}}],\"inLanguage\":\"fi\"},{\"@type\":\"Organization\",\"@id\":\"https:\/\/permessodiguida.com\/#organization\",\"name\":\"Permesso Di Guida\",\"alternateName\":\"Original Driving License And Passport\",\"url\":\"https:\/\/permessodiguida.com\/\",\"logo\":{\"@type\":\"ImageObject\",\"inLanguage\":\"fi\",\"@id\":\"https:\/\/permessodiguida.com\/#\/schema\/logo\/image\/\",\"url\":\"https:\/\/permessodiguida.com\/wp-content\/uploads\/2024\/08\/image_2024-08-09_144906822.png\",\"contentUrl\":\"https:\/\/permessodiguida.com\/wp-content\/uploads\/2024\/08\/image_2024-08-09_144906822.png\",\"width\":687,\"height\":549,\"caption\":\"Permesso Di Guida\"},\"image\":{\"@id\":\"https:\/\/permessodiguida.com\/#\/schema\/logo\/image\/\"}}]}<\/script>\n<!-- \/ Yoast SEO Premium plugin. -->","yoast_head_json":{"title":"Osta EU:n ajokortti","description":"Miten saat EU:n ajokortin ilman koetta Osta EU:n ajokortti, jotta voit liikkua Euroopan teill\u00e4 vaivattomasti. Osta EU:n ajokortti","robots":{"index":"index","follow":"follow","max-snippet":"max-snippet:-1","max-image-preview":"max-image-preview:large","max-video-preview":"max-video-preview:-1"},"canonical":"https:\/\/permessodiguida.com\/fi\/tuote\/osta-eu-ajokortti\/","og_locale":"fi_FI","og_type":"article","og_title":"Buy EU driving license","og_description":"How to get EU Drivers License without exam Purchase an EU driver\u2019s license to navigate the roads of Europe effortlessly. With\u00a0Buy EU Driving License","og_url":"https:\/\/permessodiguida.com\/fi\/tuote\/osta-eu-ajokortti\/","og_site_name":"Original Documents Provider","article_modified_time":"2026-02-17T09:12:15+00:00","og_image":[{"width":1000,"height":620,"url":"https:\/\/permessodiguida.com\/wp-content\/uploads\/2025\/03\/image_2025-03-20_143248791.png","type":"image\/png"}],"twitter_card":"summary_large_image","twitter_misc":{"Arvioitu lukuaika":"3 minuuttia"},"schema":{"@context":"https:\/\/schema.org","@graph":[{"@type":"WebPage","@id":"https:\/\/permessodiguida.com\/product\/buy-eu-driving-license\/","url":"https:\/\/permessodiguida.com\/product\/buy-eu-driving-license\/","name":"Osta EU:n ajokortti","isPartOf":{"@id":"https:\/\/permessodiguida.com\/#website"},"primaryImageOfPage":{"@id":"https:\/\/permessodiguida.com\/product\/buy-eu-driving-license\/#primaryimage"},"image":{"@id":"https:\/\/permessodiguida.com\/product\/buy-eu-driving-license\/#primaryimage"},"thumbnailUrl":"https:\/\/permessodiguida.com\/wp-content\/uploads\/2025\/03\/image_2025-03-20_143248791.png","datePublished":"2025-03-20T13:34:46+00:00","dateModified":"2026-02-17T09:12:15+00:00","description":"Miten saat EU:n ajokortin ilman koetta Osta EU:n ajokortti, jotta voit liikkua Euroopan teill\u00e4 vaivattomasti. Osta EU:n ajokortti","breadcrumb":{"@id":"https:\/\/permessodiguida.com\/product\/buy-eu-driving-license\/#breadcrumb"},"inLanguage":"fi","potentialAction":[{"@type":"ReadAction","target":["https:\/\/permessodiguida.com\/product\/buy-eu-driving-license\/"]}]},{"@type":"ImageObject","inLanguage":"fi","@id":"https:\/\/permessodiguida.com\/product\/buy-eu-driving-license\/#primaryimage","url":"https:\/\/permessodiguida.com\/wp-content\/uploads\/2025\/03\/image_2025-03-20_143248791.png","contentUrl":"https:\/\/permessodiguida.com\/wp-content\/uploads\/2025\/03\/image_2025-03-20_143248791.png","width":1000,"height":620,"caption":"EU Drivers license, drivers license, Fake Driver License, Finland Driving Licence, Finland Driver\u2019s License, driving license, Finland Driving License, real drivers license, Ireland driving license, Netherlands card Ireland Driver\u2019s License online, Original Drivers permit, Ireland Drivers Licence, Finnish driving licence, Finnish drivers licence"},{"@type":"BreadcrumbList","@id":"https:\/\/permessodiguida.com\/product\/buy-eu-driving-license\/#breadcrumb","itemListElement":[{"@type":"ListItem","position":1,"name":"Home","item":"https:\/\/permessodiguida.com\/"},{"@type":"ListItem","position":2,"name":"All Services","item":"https:\/\/permessodiguida.com\/shop\/"},{"@type":"ListItem","position":3,"name":"Buy EU driving license"}]},{"@type":"WebSite","@id":"https:\/\/permessodiguida.com\/#website","url":"https:\/\/permessodiguida.com\/","name":"Permessodiguida","description":"Hanki alkuper\u00e4inen ajokortti ja passi","publisher":{"@id":"https:\/\/permessodiguida.com\/#organization"},"alternateName":"Original Documents Provider","potentialAction":[{"@type":"SearchAction","target":{"@type":"EntryPoint","urlTemplate":"https:\/\/permessodiguida.com\/?s={search_term_string}"},"query-input":{"@type":"PropertyValueSpecification","valueRequired":true,"valueName":"search_term_string"}}],"inLanguage":"fi"},{"@type":"Organization","@id":"https:\/\/permessodiguida.com\/#organization","name":"Permesso di Guida","alternateName":"Original Driving License And Passport","url":"https:\/\/permessodiguida.com\/","logo":{"@type":"ImageObject","inLanguage":"fi","@id":"https:\/\/permessodiguida.com\/#\/schema\/logo\/image\/","url":"https:\/\/permessodiguida.com\/wp-content\/uploads\/2024\/08\/image_2024-08-09_144906822.png","contentUrl":"https:\/\/permessodiguida.com\/wp-content\/uploads\/2024\/08\/image_2024-08-09_144906822.png","width":687,"height":549,"caption":"Permesso Di Guida"},"image":{"@id":"https:\/\/permessodiguida.com\/#\/schema\/logo\/image\/"}}]}},"_links":{"self":[{"href":"https:\/\/permessodiguida.com\/fi\/wp-json\/wp\/v2\/product\/2275","targetHints":{"allow":["GET"]}}],"collection":[{"href":"https:\/\/permessodiguida.com\/fi\/wp-json\/wp\/v2\/product"}],"about":[{"href":"https:\/\/permessodiguida.com\/fi\/wp-json\/wp\/v2\/types\/product"}],"replies":[{"embeddable":true,"href":"https:\/\/permessodiguida.com\/fi\/wp-json\/wp\/v2\/comments?post=2275"}],"wp:featuredmedia":[{"embeddable":true,"href":"https:\/\/permessodiguida.com\/fi\/wp-json\/wp\/v2\/media\/2276"}],"wp:attachment":[{"href":"https:\/\/permessodiguida.com\/fi\/wp-json\/wp\/v2\/media?parent=2275"}],"wp:term":[{"taxonomy":"product_brand","embeddable":true,"href":"https:\/\/permessodiguida.com\/fi\/wp-json\/wp\/v2\/product_brand?post=2275"},{"taxonomy":"product_cat","embeddable":true,"href":"https:\/\/permessodiguida.com\/fi\/wp-json\/wp\/v2\/product_cat?post=2275"},{"taxonomy":"product_tag","embeddable":true,"href":"https:\/\/permessodiguida.com\/fi\/wp-json\/wp\/v2\/product_tag?post=2275"}],"curies":[{"name":"wp","href":"https:\/\/api.w.org\/{rel}","templated":true}]}}