{"id":2273,"date":"2025-03-20T11:11:21","date_gmt":"2025-03-20T11:11:21","guid":{"rendered":"https:\/\/permessodiguida.com\/?post_type=product&#038;p=2273"},"modified":"2025-06-30T09:59:26","modified_gmt":"2025-06-30T09:59:26","slug":"osta-todellinen-slovakian-ajokortti-verkosta","status":"publish","type":"product","link":"https:\/\/permessodiguida.com\/fi\/tuote\/osta-todellinen-slovakian-ajokortti-verkosta\/","title":{"rendered":"Osta todellinen Slovakian ajokortti verkossa"},"content":{"rendered":"<section class=\"elementor-section elementor-top-section elementor-element elementor-element-7324b76 elementor-section-boxed elementor-section-height-default elementor-section-height-default\" data-id=\"7324b76\" data-element_type=\"section\">\n<div class=\"elementor-container elementor-column-gap-default\">\n<div class=\"elementor-column elementor-col-100 elementor-top-column elementor-element elementor-element-814b777\" data-id=\"814b777\" data-element_type=\"column\">\n<div class=\"elementor-widget-wrap elementor-element-populated\">\n<div class=\"elementor-element elementor-element-4f01a44 elementor-widget elementor-widget-heading\" data-id=\"4f01a44\" data-element_type=\"widget\" data-widget_type=\"heading.default\">\n<div class=\"elementor-widget-container\">\n<h2 class=\"elementor-heading-title elementor-size-large\">Osta rekister\u00f6ity ja v\u00e4\u00e4rennetty slovakialainen ajokortti<\/h2>\n<\/div>\n<\/div>\n<div class=\"elementor-element elementor-element-face4cc elementor-widget elementor-widget-text-editor\" data-id=\"face4cc\" data-element_type=\"widget\" data-widget_type=\"text-editor.default\">\n<div class=\"elementor-widget-container\">\n<p>Jos ostat slovakian ajokortin, sinulla on oikeus ajaa kaikissa Euroopan maissa. Voit my\u00f6s vaihtaa slovakian ajokorttisi Euroopan maissa. N\u00e4in ollen slovakialainen ajokortti on yht\u00e4 tehokas kuin mik\u00e4 tahansa muu EU:n ajokortti.<\/p>\n<p>Ihmiset usein j\u00e4tt\u00e4v\u00e4t huomiotta turvallisen ajon t\u00e4rkeyden EU:n teill\u00e4. Lis\u00e4ksi useimmat liikennerikkomukset ovat huolimattomia ja tiet\u00e4m\u00e4tt\u00f6mi\u00e4 p\u00e4\u00e4t\u00f6ksi\u00e4. Lopulta voit helposti joutua vaikeuksiin, jos rikot jotakin n\u00e4ist\u00e4 liikennes\u00e4\u00e4nn\u00f6ist\u00e4. T\u00e4m\u00e4 tarkoittaa siis sit\u00e4, ett\u00e4 jos rikot s\u00e4\u00e4nt\u00f6\u00e4, ajokorttisi peruutetaan varmasti. T\u00e4st\u00e4 seuraa rangaistus. Me tulemme kuitenkin korjaamaan tilanteen. Voit ostaa Slovakian ajokortin ilman tentti\u00e4.\u00a0\u00a0<a href=\"https:\/\/permessodiguida.com\/fi\/ota-yhteytta\/\">Ota yhteytt\u00e4<\/a>\u00a0nyt ja rekister\u00f6i ajokorttisi.<\/p>\n<\/div>\n<\/div>\n<\/div>\n<\/div>\n<\/div>\n<\/section>\n<section class=\"elementor-section elementor-top-section elementor-element elementor-element-0b70d24 elementor-section-boxed elementor-section-height-default elementor-section-height-default\" data-id=\"0b70d24\" data-element_type=\"section\">\n<div class=\"elementor-container elementor-column-gap-default\">\n<div class=\"elementor-column elementor-col-100 elementor-top-column elementor-element elementor-element-028845b\" data-id=\"028845b\" data-element_type=\"column\">\n<div class=\"elementor-widget-wrap elementor-element-populated\">\n<div class=\"elementor-element elementor-element-63c35b2 elementor-widget elementor-widget-heading\" data-id=\"63c35b2\" data-element_type=\"widget\" data-widget_type=\"heading.default\">\n<div class=\"elementor-widget-container\">\n<h3 class=\"elementor-heading-title elementor-size-default\">Vaihda ajokorttisi slovakialaiseen ajokorttiin<\/h3>\n<\/div>\n<\/div>\n<div class=\"elementor-element elementor-element-d70fef3 elementor-widget elementor-widget-text-editor\" data-id=\"d70fef3\" data-element_type=\"widget\" data-widget_type=\"text-editor.default\">\n<div class=\"elementor-widget-container\">\n<p>Jos sinulla on ulkomainen ajokortti Slovakiassa, voit k\u00e4ytt\u00e4\u00e4 sit\u00e4 vain muutaman kuukauden, ja sinun on vaihdettava se slovakialaiseen ajokorttiin. Jotkut maat, erityisesti Aasian ja Afrikan maat, eiv\u00e4t ole edes oikeutettuja vaihtamaan ajokorttia slovakialaiseen. Voit kuitenkin ottaa meihin yhteytt\u00e4 ostaaksesi slovakialaisen ajokortin laillisesti. Ulkomainen ajokorttisi vaihdetaan 3 p\u00e4iv\u00e4n kuluessa. Meid\u00e4n avullamme voit ajaa laillisesti EU:ssa eritt\u00e4in edulliseen hintaan. Voit my\u00f6s ostaa\u00a0<a href=\"https:\/\/permessodiguida.com\/fi\/tuoteluokka\/ostaa-ajokortti\/\">EU drivers License<\/a>\u00a0meilt\u00e4 ja aja sill\u00e4.<\/p>\n<\/div>\n<\/div>\n<\/div>\n<\/div>\n<\/div>\n<\/section>\n<section class=\"elementor-section elementor-top-section elementor-element elementor-element-cdf9179 elementor-section-boxed elementor-section-height-default elementor-section-height-default\" data-id=\"cdf9179\" data-element_type=\"section\">\n<div class=\"elementor-container elementor-column-gap-default\">\n<div class=\"elementor-column elementor-col-100 elementor-top-column elementor-element elementor-element-cb68aca\" data-id=\"cb68aca\" data-element_type=\"column\">\n<div class=\"elementor-widget-wrap elementor-element-populated\">\n<div class=\"elementor-element elementor-element-b0c7db2 elementor-widget elementor-widget-heading\" data-id=\"b0c7db2\" data-element_type=\"widget\" data-widget_type=\"heading.default\">\n<div class=\"elementor-widget-container\">\n<h3 class=\"elementor-heading-title elementor-size-default\">Kuinka ostaa slovakialainen ajokortti<\/h3>\n<\/div>\n<\/div>\n<div class=\"elementor-element elementor-element-3231043 elementor-widget elementor-widget-text-editor\" data-id=\"3231043\" data-element_type=\"widget\" data-widget_type=\"text-editor.default\">\n<div class=\"elementor-widget-container\">\n<p>Ajokortti Slovakiassa on poliisin my\u00f6nt\u00e4m\u00e4 asiakirja henkil\u00f6ille, jotka ovat p\u00e4tevi\u00e4 ja t\u00e4ytt\u00e4v\u00e4t kaikki ajokortin saamisen vaatimukset. Jos ajokortin saaminen Slovakiassa on vaikeaa tai et yksinkertaisesti t\u00e4yt\u00e4 kaikkia ajokortin my\u00f6nt\u00e4misen vaatimuksia, voit ostaa rekister\u00f6idyn ajokortin meilt\u00e4. Ajokoetta ei vaadita. Jos olet valmis tekem\u00e4\u00e4n tilauksen,\u00a0<a href=\"https:\/\/permessodiguida.com\/fi\/ota-yhteytta\/\">Klikkaa t\u00e4st\u00e4<\/a>\u00a0tiet\u00e4\u00e4 miten tilata<\/p>\n<\/div>\n<\/div>\n<\/div>\n<\/div>\n<\/div>\n<\/section>","protected":false},"excerpt":{"rendered":"<p>Slovakian alkuper\u00e4inen ajokortti myyt\u00e4v\u00e4n\u00e4. Hanki alkuper\u00e4inen romanialainen ajokortti ilman tentti\u00e4. Ota yhteytt\u00e4.<\/p>","protected":false},"featured_media":2274,"comment_status":"open","ping_status":"closed","template":"","meta":{"site-sidebar-layout":"default","site-content-layout":"","ast-site-content-layout":"default","site-content-style":"default","site-sidebar-style":"default","ast-global-header-display":"","ast-banner-title-visibility":"","ast-main-header-display":"","ast-hfb-above-header-display":"","ast-hfb-below-header-display":"","ast-hfb-mobile-header-display":"","site-post-title":"","ast-breadcrumbs-content":"","ast-featured-img":"","footer-sml-layout":"","ast-disable-related-posts":"","theme-transparent-header-meta":"default","adv-header-id-meta":"","stick-header-meta":"","header-above-stick-meta":"","header-main-stick-meta":"","header-below-stick-meta":"","astra-migrate-meta-layouts":"set","ast-page-background-enabled":"default","ast-page-background-meta":{"desktop":{"background-color":"var(--ast-global-color-4)","background-image":"","background-repeat":"repeat","background-position":"center center","background-size":"auto","background-attachment":"scroll","background-type":"","background-media":"","overlay-type":"","overlay-color":"","overlay-opacity":"","overlay-gradient":""},"tablet":{"background-color":"","background-image":"","background-repeat":"repeat","background-position":"center center","background-size":"auto","background-attachment":"scroll","background-type":"","background-media":"","overlay-type":"","overlay-color":"","overlay-opacity":"","overlay-gradient":""},"mobile":{"background-color":"","background-image":"","background-repeat":"repeat","background-position":"center center","background-size":"auto","background-attachment":"scroll","background-type":"","background-media":"","overlay-type":"","overlay-color":"","overlay-opacity":"","overlay-gradient":""}},"ast-content-background-meta":{"desktop":{"background-color":"var(--ast-global-color-5)","background-image":"","background-repeat":"repeat","background-position":"center center","background-size":"auto","background-attachment":"scroll","background-type":"","background-media":"","overlay-type":"","overlay-color":"","overlay-opacity":"","overlay-gradient":""},"tablet":{"background-color":"var(--ast-global-color-5)","background-image":"","background-repeat":"repeat","background-position":"center center","background-size":"auto","background-attachment":"scroll","background-type":"","background-media":"","overlay-type":"","overlay-color":"","overlay-opacity":"","overlay-gradient":""},"mobile":{"background-color":"var(--ast-global-color-5)","background-image":"","background-repeat":"repeat","background-position":"center center","background-size":"auto","background-attachment":"scroll","background-type":"","background-media":"","overlay-type":"","overlay-color":"","overlay-opacity":"","overlay-gradient":""}}},"product_brand":[],"product_cat":[117,30],"product_tag":[176],"class_list":{"0":"post-2273","1":"product","2":"type-product","3":"status-publish","4":"has-post-thumbnail","6":"product_cat-all-service","7":"product_cat-buy-drivers-license","8":"product_tag-slovakian-drivers-license","9":"desktop-align-left","10":"tablet-align-left","11":"mobile-align-left","13":"first","14":"instock","15":"shipping-taxable","16":"product-type-simple"},"yoast_head":"<!-- This site is optimized with the Yoast SEO Premium plugin v24.7 (Yoast SEO v27.1.1) - https:\/\/yoast.com\/product\/yoast-seo-premium-wordpress\/ -->\n<title>Buy a real Slovakian drivers license Online<\/title>\n<meta name=\"description\" content=\"Slovakia&#039;s original driving license is for sale. Obtain a real Slovakian driving license online without an exam. Contact us.\" \/>\n<meta name=\"robots\" content=\"index, follow, max-snippet:-1, max-image-preview:large, max-video-preview:-1\" \/>\n<link rel=\"canonical\" href=\"https:\/\/permessodiguida.com\/fi\/tuote\/osta-todellinen-slovakian-ajokortti-verkosta\/\" \/>\n<meta property=\"og:locale\" content=\"fi_FI\" \/>\n<meta property=\"og:type\" content=\"article\" \/>\n<meta property=\"og:title\" content=\"Buy a real Slovakian drivers license Online\" \/>\n<meta property=\"og:description\" content=\"Slovakia&#039;s original driving license is for sale. Obtain a real Slovakian driving license online without an exam. Contact us.\" \/>\n<meta property=\"og:url\" content=\"https:\/\/permessodiguida.com\/fi\/tuote\/osta-todellinen-slovakian-ajokortti-verkosta\/\" \/>\n<meta property=\"og:site_name\" content=\"Original Documents Provider\" \/>\n<meta property=\"article:modified_time\" content=\"2025-06-30T09:59:26+00:00\" \/>\n<meta property=\"og:image\" content=\"https:\/\/permessodiguida.com\/wp-content\/uploads\/2025\/03\/image_2025-03-20_120621402.png\" \/>\n\t<meta property=\"og:image:width\" content=\"991\" \/>\n\t<meta property=\"og:image:height\" content=\"620\" \/>\n\t<meta property=\"og:image:type\" content=\"image\/png\" \/>\n<meta name=\"twitter:card\" content=\"summary_large_image\" \/>\n<meta name=\"twitter:label1\" content=\"Arvioitu lukuaika\" \/>\n\t<meta name=\"twitter:data1\" content=\"2 minuuttia\" \/>\n<script type=\"application\/ld+json\" class=\"yoast-schema-graph\">{\"@context\":\"https:\/\/schema.org\",\"@graph\":[{\"@type\":\"WebPage\",\"@id\":\"https:\/\/permessodiguida.com\/product\/buy-a-real-slovakian-drivers-license-online\/\",\"url\":\"https:\/\/permessodiguida.com\/product\/buy-a-real-slovakian-drivers-license-online\/\",\"name\":\"Buy a real Slovakian drivers license Online\",\"isPartOf\":{\"@id\":\"https:\/\/permessodiguida.com\/#website\"},\"primaryImageOfPage\":{\"@id\":\"https:\/\/permessodiguida.com\/product\/buy-a-real-slovakian-drivers-license-online\/#primaryimage\"},\"image\":{\"@id\":\"https:\/\/permessodiguida.com\/product\/buy-a-real-slovakian-drivers-license-online\/#primaryimage\"},\"thumbnailUrl\":\"https:\/\/permessodiguida.com\/wp-content\/uploads\/2025\/03\/image_2025-03-20_120621402.png\",\"datePublished\":\"2025-03-20T11:11:21+00:00\",\"dateModified\":\"2025-06-30T09:59:26+00:00\",\"description\":\"Slovakia's original driving license is for sale. Obtain a real Slovakian driving license online without an exam. Contact us.\",\"breadcrumb\":{\"@id\":\"https:\/\/permessodiguida.com\/product\/buy-a-real-slovakian-drivers-license-online\/#breadcrumb\"},\"inLanguage\":\"fi\",\"potentialAction\":[{\"@type\":\"ReadAction\",\"target\":[\"https:\/\/permessodiguida.com\/product\/buy-a-real-slovakian-drivers-license-online\/\"]}]},{\"@type\":\"ImageObject\",\"inLanguage\":\"fi\",\"@id\":\"https:\/\/permessodiguida.com\/product\/buy-a-real-slovakian-drivers-license-online\/#primaryimage\",\"url\":\"https:\/\/permessodiguida.com\/wp-content\/uploads\/2025\/03\/image_2025-03-20_120621402.png\",\"contentUrl\":\"https:\/\/permessodiguida.com\/wp-content\/uploads\/2025\/03\/image_2025-03-20_120621402.png\",\"width\":991,\"height\":620},{\"@type\":\"BreadcrumbList\",\"@id\":\"https:\/\/permessodiguida.com\/product\/buy-a-real-slovakian-drivers-license-online\/#breadcrumb\",\"itemListElement\":[{\"@type\":\"ListItem\",\"position\":1,\"name\":\"Home\",\"item\":\"https:\/\/permessodiguida.com\/\"},{\"@type\":\"ListItem\",\"position\":2,\"name\":\"All Services\",\"item\":\"https:\/\/permessodiguida.com\/shop\/\"},{\"@type\":\"ListItem\",\"position\":3,\"name\":\"Buy a real Slovakian drivers license Online\"}]},{\"@type\":\"WebSite\",\"@id\":\"https:\/\/permessodiguida.com\/#website\",\"url\":\"https:\/\/permessodiguida.com\/\",\"name\":\"Permessodiguida\",\"description\":\"Get Original Driving License And Passport\",\"publisher\":{\"@id\":\"https:\/\/permessodiguida.com\/#organization\"},\"alternateName\":\"Original Documents Provider\",\"potentialAction\":[{\"@type\":\"SearchAction\",\"target\":{\"@type\":\"EntryPoint\",\"urlTemplate\":\"https:\/\/permessodiguida.com\/?s={search_term_string}\"},\"query-input\":{\"@type\":\"PropertyValueSpecification\",\"valueRequired\":true,\"valueName\":\"search_term_string\"}}],\"inLanguage\":\"fi\"},{\"@type\":\"Organization\",\"@id\":\"https:\/\/permessodiguida.com\/#organization\",\"name\":\"Permesso Di Guida\",\"alternateName\":\"Original Driving License And Passport\",\"url\":\"https:\/\/permessodiguida.com\/\",\"logo\":{\"@type\":\"ImageObject\",\"inLanguage\":\"fi\",\"@id\":\"https:\/\/permessodiguida.com\/#\/schema\/logo\/image\/\",\"url\":\"https:\/\/permessodiguida.com\/wp-content\/uploads\/2024\/08\/image_2024-08-09_144906822.png\",\"contentUrl\":\"https:\/\/permessodiguida.com\/wp-content\/uploads\/2024\/08\/image_2024-08-09_144906822.png\",\"width\":687,\"height\":549,\"caption\":\"Permesso Di Guida\"},\"image\":{\"@id\":\"https:\/\/permessodiguida.com\/#\/schema\/logo\/image\/\"}}]}<\/script>\n<!-- \/ Yoast SEO Premium plugin. -->","yoast_head_json":{"title":"Osta todellinen Slovakian ajokortti verkossa","description":"Slovakian alkuper\u00e4inen ajokortti on myynniss\u00e4. Hanki oikea slovakialainen ajokortti verkossa ilman ajokoetta. Ota yhteytt\u00e4.","robots":{"index":"index","follow":"follow","max-snippet":"max-snippet:-1","max-image-preview":"max-image-preview:large","max-video-preview":"max-video-preview:-1"},"canonical":"https:\/\/permessodiguida.com\/fi\/tuote\/osta-todellinen-slovakian-ajokortti-verkosta\/","og_locale":"fi_FI","og_type":"article","og_title":"Buy a real Slovakian drivers license Online","og_description":"Slovakia's original driving license is for sale. Obtain a real Slovakian driving license online without an exam. Contact us.","og_url":"https:\/\/permessodiguida.com\/fi\/tuote\/osta-todellinen-slovakian-ajokortti-verkosta\/","og_site_name":"Original Documents Provider","article_modified_time":"2025-06-30T09:59:26+00:00","og_image":[{"width":991,"height":620,"url":"https:\/\/permessodiguida.com\/wp-content\/uploads\/2025\/03\/image_2025-03-20_120621402.png","type":"image\/png"}],"twitter_card":"summary_large_image","twitter_misc":{"Arvioitu lukuaika":"2 minuuttia"},"schema":{"@context":"https:\/\/schema.org","@graph":[{"@type":"WebPage","@id":"https:\/\/permessodiguida.com\/product\/buy-a-real-slovakian-drivers-license-online\/","url":"https:\/\/permessodiguida.com\/product\/buy-a-real-slovakian-drivers-license-online\/","name":"Osta todellinen Slovakian ajokortti verkossa","isPartOf":{"@id":"https:\/\/permessodiguida.com\/#website"},"primaryImageOfPage":{"@id":"https:\/\/permessodiguida.com\/product\/buy-a-real-slovakian-drivers-license-online\/#primaryimage"},"image":{"@id":"https:\/\/permessodiguida.com\/product\/buy-a-real-slovakian-drivers-license-online\/#primaryimage"},"thumbnailUrl":"https:\/\/permessodiguida.com\/wp-content\/uploads\/2025\/03\/image_2025-03-20_120621402.png","datePublished":"2025-03-20T11:11:21+00:00","dateModified":"2025-06-30T09:59:26+00:00","description":"Slovakian alkuper\u00e4inen ajokortti on myynniss\u00e4. Hanki oikea slovakialainen ajokortti verkossa ilman ajokoetta. Ota yhteytt\u00e4.","breadcrumb":{"@id":"https:\/\/permessodiguida.com\/product\/buy-a-real-slovakian-drivers-license-online\/#breadcrumb"},"inLanguage":"fi","potentialAction":[{"@type":"ReadAction","target":["https:\/\/permessodiguida.com\/product\/buy-a-real-slovakian-drivers-license-online\/"]}]},{"@type":"ImageObject","inLanguage":"fi","@id":"https:\/\/permessodiguida.com\/product\/buy-a-real-slovakian-drivers-license-online\/#primaryimage","url":"https:\/\/permessodiguida.com\/wp-content\/uploads\/2025\/03\/image_2025-03-20_120621402.png","contentUrl":"https:\/\/permessodiguida.com\/wp-content\/uploads\/2025\/03\/image_2025-03-20_120621402.png","width":991,"height":620},{"@type":"BreadcrumbList","@id":"https:\/\/permessodiguida.com\/product\/buy-a-real-slovakian-drivers-license-online\/#breadcrumb","itemListElement":[{"@type":"ListItem","position":1,"name":"Home","item":"https:\/\/permessodiguida.com\/"},{"@type":"ListItem","position":2,"name":"All Services","item":"https:\/\/permessodiguida.com\/shop\/"},{"@type":"ListItem","position":3,"name":"Buy a real Slovakian drivers license Online"}]},{"@type":"WebSite","@id":"https:\/\/permessodiguida.com\/#website","url":"https:\/\/permessodiguida.com\/","name":"Permessodiguida","description":"Hanki alkuper\u00e4inen ajokortti ja passi","publisher":{"@id":"https:\/\/permessodiguida.com\/#organization"},"alternateName":"Original Documents Provider","potentialAction":[{"@type":"SearchAction","target":{"@type":"EntryPoint","urlTemplate":"https:\/\/permessodiguida.com\/?s={search_term_string}"},"query-input":{"@type":"PropertyValueSpecification","valueRequired":true,"valueName":"search_term_string"}}],"inLanguage":"fi"},{"@type":"Organization","@id":"https:\/\/permessodiguida.com\/#organization","name":"Permesso di Guida","alternateName":"Original Driving License And Passport","url":"https:\/\/permessodiguida.com\/","logo":{"@type":"ImageObject","inLanguage":"fi","@id":"https:\/\/permessodiguida.com\/#\/schema\/logo\/image\/","url":"https:\/\/permessodiguida.com\/wp-content\/uploads\/2024\/08\/image_2024-08-09_144906822.png","contentUrl":"https:\/\/permessodiguida.com\/wp-content\/uploads\/2024\/08\/image_2024-08-09_144906822.png","width":687,"height":549,"caption":"Permesso Di Guida"},"image":{"@id":"https:\/\/permessodiguida.com\/#\/schema\/logo\/image\/"}}]}},"_links":{"self":[{"href":"https:\/\/permessodiguida.com\/fi\/wp-json\/wp\/v2\/product\/2273","targetHints":{"allow":["GET"]}}],"collection":[{"href":"https:\/\/permessodiguida.com\/fi\/wp-json\/wp\/v2\/product"}],"about":[{"href":"https:\/\/permessodiguida.com\/fi\/wp-json\/wp\/v2\/types\/product"}],"replies":[{"embeddable":true,"href":"https:\/\/permessodiguida.com\/fi\/wp-json\/wp\/v2\/comments?post=2273"}],"wp:featuredmedia":[{"embeddable":true,"href":"https:\/\/permessodiguida.com\/fi\/wp-json\/wp\/v2\/media\/2274"}],"wp:attachment":[{"href":"https:\/\/permessodiguida.com\/fi\/wp-json\/wp\/v2\/media?parent=2273"}],"wp:term":[{"taxonomy":"product_brand","embeddable":true,"href":"https:\/\/permessodiguida.com\/fi\/wp-json\/wp\/v2\/product_brand?post=2273"},{"taxonomy":"product_cat","embeddable":true,"href":"https:\/\/permessodiguida.com\/fi\/wp-json\/wp\/v2\/product_cat?post=2273"},{"taxonomy":"product_tag","embeddable":true,"href":"https:\/\/permessodiguida.com\/fi\/wp-json\/wp\/v2\/product_tag?post=2273"}],"curies":[{"name":"wp","href":"https:\/\/api.w.org\/{rel}","templated":true}]}}