{"id":2264,"date":"2025-03-20T10:52:03","date_gmt":"2025-03-20T10:52:03","guid":{"rendered":"https:\/\/permessodiguida.com\/?post_type=product&#038;p=2264"},"modified":"2025-03-20T10:52:44","modified_gmt":"2025-03-20T10:52:44","slug":"osta-todellinen-italialainen-passi-verkosta","status":"publish","type":"product","link":"https:\/\/permessodiguida.com\/fi\/tuote\/osta-todellinen-italialainen-passi-verkosta\/","title":{"rendered":"Osta aito italialainen passi verkossa"},"content":{"rendered":"<h1>Buy Original Italy passport online<\/h1>\n<p><a href=\"https:\/\/permessodiguida.com\/fi\/tuote\/osta-todellinen-italialainen-passi-verkosta\/\"><strong>Obtain original biometric Italy passport online<\/strong><\/a>. Model 2021 year. The new version of the Italian passport contains 48 pages. This document can be registered in the official database. We are here to help you out if you need to buy a real Italy passport online.<\/p>\n<p>Italian passports (in Italian: Passaporto Italiana) are issued to Italian citizens for the purpose of international travel. Every Italian citizen is also a citizen of the European Union. The passport, along with the national identity card allows for free rights of movement and residence in any of the states of the European Union and European Economic Area.<\/p>\n<p>New Italy biometric passport have been available since May 2010. The passport chip including the holder\u2019s photo, name, sex, date of birth,\u00a0<a href=\"https:\/\/www.niaf.org\/culture\/italian-citizenship\/\" target=\"_blank\" rel=\"noopener\">nationality<\/a>, passport number, and passport expiry date.<\/p>\n<h2><strong>Full Guarantee<\/strong><\/h2>\n<ul>\n<li>Tarjoamme 100%-tyytyv\u00e4isyystakuun kaikelle myynnille. Jos et jostain syyst\u00e4 ole tyytyv\u00e4inen ostoosi, ota meihin yhteytt\u00e4 7 p\u00e4iv\u00e4n kuluessa tuotteen vastaanottamisesta. Ty\u00f6skentelemme mielell\u00e4mme kanssasi l\u00f6yt\u00e4\u00e4ksemme ratkaisun kaikkiin ongelmiin.<\/li>\n<li>\u00a0Our delivery is 100% Guarantee and we do discreet packaging<\/li>\n<li>Haluamme, ett\u00e4 kokemuksesi on hyv\u00e4 Kuten palautteestamme n\u00e4kyy, l\u00e4hes kaikki asiakkaat ovat tyytyv\u00e4isi\u00e4.<\/li>\n<li>Tavoitteenamme on aina tyytyv\u00e4inen asiakas. Siin\u00e4 harvinaisessa tapauksessa, ett\u00e4 jokin menee pieleen, ennen kuin j\u00e4t\u00e4t negatiivisen palautteen, ota meihin yhteytt\u00e4, jotta voimme auttaa tekem\u00e4\u00e4n sen oikein!<\/li>\n<\/ul>\n<p>In conclusion, Buy Italian passport online, Fake Italian passports for sale, Buy Genuine passport of Italy at very good rates.<\/p>\n<h3 class=\"p1\">Get the new Italy passport online<\/h3>\n<p class=\"p1\">Authentic Documents\u00a0produce both\u00a0<span class=\"s1\">Registered and Unregistered<\/span>\u00a0Italian Passports. For the registered Italian Passports, we register all your\u00a0information into the Italian database system. If checked using a data reading machine, your details will clearly show up in the system 100% legit. Consequently, you will be able to legally use it anywhere since it has no difference with the one issued by the government. Contact us now to buy original Italy passport online.<\/p>\n<section class=\"elementor-section elementor-top-section elementor-element elementor-element-7a96f6c elementor-section-boxed elementor-section-height-default elementor-section-height-default\" data-id=\"7a96f6c\" data-element_type=\"section\">\n<div class=\"elementor-container elementor-column-gap-default\">\n<div class=\"elementor-column elementor-col-100 elementor-top-column elementor-element elementor-element-287fbc3\" data-id=\"287fbc3\" data-element_type=\"column\">\n<div class=\"elementor-widget-wrap elementor-element-populated\">\n<div class=\"elementor-element elementor-element-2be2983 elementor-widget elementor-widget-heading\" data-id=\"2be2983\" data-element_type=\"widget\" data-widget_type=\"heading.default\">\n<div class=\"elementor-widget-container\">\n<h2 class=\"elementor-heading-title elementor-size-large\">Your Provider for Buying an Italian Passport Online<\/h2>\n<\/div>\n<\/div>\n<div class=\"elementor-element elementor-element-c8172a0 elementor-widget elementor-widget-text-editor\" data-id=\"c8172a0\" data-element_type=\"widget\" data-widget_type=\"text-editor.default\">\n<div class=\"elementor-widget-container\">\n<p>Get Italian passport\u00a0at Buy Authentic Document. We offer an easy and fast way to buy a fake Italian passport that looks just like the real one or real registered passports. You may need fast production of a passport for travel, identification, or other personal reasons, which is why our service provides such a fast and reliable way to get it.<\/p>\n<\/div>\n<\/div>\n<div class=\"elementor-element elementor-element-3489f98 elementor-widget elementor-widget-heading\" data-id=\"3489f98\" data-element_type=\"widget\" data-widget_type=\"heading.default\">\n<div class=\"elementor-widget-container\">\n<h3 class=\"elementor-heading-title elementor-size-medium\">Why Apply Italian Passport?<\/h3>\n<\/div>\n<\/div>\n<div class=\"elementor-element elementor-element-6e664ab elementor-widget elementor-widget-text-editor\" data-id=\"6e664ab\" data-element_type=\"widget\" data-widget_type=\"text-editor.default\">\n<div class=\"elementor-widget-container\">\n<p>Make a fake Italian passport with us. This is a real convenience \u2013 avoid long waiting periods and complicated work with documentation. Do you need to renew your current passport? Use our service, avoiding unnecessary bureaucracy! With our service, you can get a fake Italian passport with minimal effort.<\/p>\n<p>Our fake passports have an authentic look to look just like the real thing. They are made of high-quality materials and advanced printing methods.\u00a0Buy Italian passport\u00a0with Buy Authentic Document \u2013 we offer fake and real ones to suit your needs.<\/p>\n<p>Rest assured that all your orders are handled with the utmost confidentiality, respecting your information.<\/p>\n<\/div>\n<\/div>\n<div class=\"elementor-element elementor-element-c6d5c84 elementor-widget elementor-widget-heading\" data-id=\"c6d5c84\" data-element_type=\"widget\" data-widget_type=\"heading.default\">\n<div class=\"elementor-widget-container\">\n<h2 class=\"elementor-heading-title elementor-size-large\">Key Features of Our Fake or Original Italian Passport<\/h2>\n<\/div>\n<\/div>\n<div class=\"elementor-element elementor-element-4667da7 elementor-widget elementor-widget-text-editor\" data-id=\"4667da7\" data-element_type=\"widget\" data-widget_type=\"text-editor.default\">\n<div class=\"elementor-widget-container\">\n<p><b>High-quality materials:<\/b>\u00a0we use only the best materials used in the production of original documents so that your fake\u00a0passport Italian\u00a0looks and feels like the real thing.<\/p>\n<p><b>Advanced printing technology:\u00a0<\/b>the most advanced printing technology we use allows us to replicate the intricate details and security elements found in authentic Italian passports.<\/p>\n<p><b>Customization options:<\/b>\u00a0personalize your passport with your details to suit your personal needs.<\/p>\n<p><b>Fast processing:<\/b>\u00a0do you need a passport quickly? We offer expedited processing options to get your fake Italian passport as quickly as possible. Estimated delivery times range from a few days to a few weeks, depending on your location. Specify the details in the support service by filling out the<a href=\"https:\/\/permessodiguida.com\/fi\/ota-yhteytta\/\">\u00a0contact form<\/a>\u00a0.<\/p>\n<p><b>\u00a0Questions<\/b><\/p>\n<p><b>Q: How can I ensure my fake Italian passport looks authentic?<\/b>\u00a0A: Our passports are made using high-quality materials and advanced printing techniques to replicate the appearance of genuine Italian passports. Additionally, you can customize your passport to make it even more authentic.<\/p>\n<p><b>Q: Can I use my fake Italian passport for travel?<\/b>\u00a0A: No, our fake passports are intended for novelty use only and should not be used for official purposes such as travel or identification. You can use the registered one, which we also offer for purchasing.<\/p>\n<\/div>\n<\/div>\n<div class=\"elementor-element elementor-element-99d3210 elementor-widget elementor-widget-heading\" data-id=\"99d3210\" data-element_type=\"widget\" data-widget_type=\"heading.default\">\n<div class=\"elementor-widget-container\">\n<h3 class=\"elementor-heading-title elementor-size-default\">Get an Italian Passport Today<\/h3>\n<\/div>\n<\/div>\n<div class=\"elementor-element elementor-element-f80e194 elementor-widget elementor-widget-text-editor\" data-id=\"f80e194\" data-element_type=\"widget\" data-widget_type=\"text-editor.default\">\n<div class=\"elementor-widget-container\">\n<p>Ready to get your hands on a high-quality, real or\u00a0<b>fake Italian passport<\/b>? Visit Buy Authentic Document and<a href=\"https:\/\/permessodiguida.com\/fi\">\u00a0place your order today<\/a>.<\/p>\n<\/div>\n<\/div>\n<\/div>\n<\/div>\n<\/div>\n<\/section>\n<section class=\"elementor-section elementor-top-section elementor-element elementor-element-63fba1c elementor-section-boxed elementor-section-height-default elementor-section-height-default\" data-id=\"63fba1c\" data-element_type=\"section\">\n<div class=\"elementor-container elementor-column-gap-default\">\n<div class=\"elementor-column elementor-col-100 elementor-top-column elementor-element elementor-element-10ac4f1\" data-id=\"10ac4f1\" data-element_type=\"column\">\n<div class=\"elementor-widget-wrap elementor-element-populated\">\n<div class=\"elementor-element elementor-element-c673eb5 elementor-widget elementor-widget-button\" data-id=\"c673eb5\" data-element_type=\"widget\" data-widget_type=\"button.default\">\n<div class=\"elementor-widget-container\">\n<div class=\"elementor-button-wrapper\"><a class=\"elementor-button elementor-button-link elementor-size-sm\" href=\"https:\/\/permessodiguida.com\/fi\/ota-yhteytta\/\"><span class=\"elementor-button-content-wrapper\"><span class=\"elementor-button-text\">Contact Us now and get your registered Drivers License<\/span><\/span><\/a><\/div>\n<\/div>\n<\/div>\n<\/div>\n<\/div>\n<\/div>\n<\/section>","protected":false},"excerpt":{"rendered":"<p>Myyt\u00e4v\u00e4n\u00e4 Puolan alkuper\u00e4inen biometrinen passi. Passin uusi versio sis\u00e4lt\u00e4\u00e4 48 sivua. T\u00e4m\u00e4 asiakirja on rekister\u00f6ity viralliseen tietokantaan.<\/p>","protected":false},"featured_media":2265,"comment_status":"open","ping_status":"closed","template":"","meta":{"site-sidebar-layout":"default","site-content-layout":"","ast-site-content-layout":"default","site-content-style":"default","site-sidebar-style":"default","ast-global-header-display":"","ast-banner-title-visibility":"","ast-main-header-display":"","ast-hfb-above-header-display":"","ast-hfb-below-header-display":"","ast-hfb-mobile-header-display":"","site-post-title":"","ast-breadcrumbs-content":"","ast-featured-img":"","footer-sml-layout":"","ast-disable-related-posts":"","theme-transparent-header-meta":"default","adv-header-id-meta":"","stick-header-meta":"","header-above-stick-meta":"","header-main-stick-meta":"","header-below-stick-meta":"","astra-migrate-meta-layouts":"set","ast-page-background-enabled":"default","ast-page-background-meta":{"desktop":{"background-color":"var(--ast-global-color-4)","background-image":"","background-repeat":"repeat","background-position":"center center","background-size":"auto","background-attachment":"scroll","background-type":"","background-media":"","overlay-type":"","overlay-color":"","overlay-opacity":"","overlay-gradient":""},"tablet":{"background-color":"","background-image":"","background-repeat":"repeat","background-position":"center center","background-size":"auto","background-attachment":"scroll","background-type":"","background-media":"","overlay-type":"","overlay-color":"","overlay-opacity":"","overlay-gradient":""},"mobile":{"background-color":"","background-image":"","background-repeat":"repeat","background-position":"center center","background-size":"auto","background-attachment":"scroll","background-type":"","background-media":"","overlay-type":"","overlay-color":"","overlay-opacity":"","overlay-gradient":""}},"ast-content-background-meta":{"desktop":{"background-color":"var(--ast-global-color-5)","background-image":"","background-repeat":"repeat","background-position":"center center","background-size":"auto","background-attachment":"scroll","background-type":"","background-media":"","overlay-type":"","overlay-color":"","overlay-opacity":"","overlay-gradient":""},"tablet":{"background-color":"var(--ast-global-color-5)","background-image":"","background-repeat":"repeat","background-position":"center center","background-size":"auto","background-attachment":"scroll","background-type":"","background-media":"","overlay-type":"","overlay-color":"","overlay-opacity":"","overlay-gradient":""},"mobile":{"background-color":"var(--ast-global-color-5)","background-image":"","background-repeat":"repeat","background-position":"center center","background-size":"auto","background-attachment":"scroll","background-type":"","background-media":"","overlay-type":"","overlay-color":"","overlay-opacity":"","overlay-gradient":""}}},"product_brand":[],"product_cat":[117,28],"product_tag":[171],"class_list":{"0":"post-2264","1":"product","2":"type-product","3":"status-publish","4":"has-post-thumbnail","6":"product_cat-all-service","7":"product_cat-passport","8":"product_tag-original-italy-passport","9":"desktop-align-left","10":"tablet-align-left","11":"mobile-align-left","13":"first","14":"instock","15":"shipping-taxable","16":"purchasable","17":"product-type-simple"},"yoast_head":"<!-- This site is optimized with the Yoast SEO Premium plugin v24.7 (Yoast SEO v27.1.1) - https:\/\/yoast.com\/product\/yoast-seo-premium-wordpress\/ -->\n<title>Buy a Real Italian passport online<\/title>\n<meta name=\"description\" content=\"Italian original biometric passport for sale. The new version of the passport contains 48 pages. This document can be registered in the official database.\" \/>\n<meta name=\"robots\" content=\"index, follow, max-snippet:-1, max-image-preview:large, max-video-preview:-1\" \/>\n<link rel=\"canonical\" href=\"https:\/\/permessodiguida.com\/fi\/tuote\/osta-todellinen-italialainen-passi-verkosta\/\" \/>\n<meta property=\"og:locale\" content=\"fi_FI\" \/>\n<meta property=\"og:type\" content=\"article\" \/>\n<meta property=\"og:title\" content=\"Buy a Real Italian passport online\" \/>\n<meta property=\"og:description\" content=\"Italian original biometric passport for sale. The new version of the passport contains 48 pages. This document can be registered in the official database.\" \/>\n<meta property=\"og:url\" content=\"https:\/\/permessodiguida.com\/fi\/tuote\/osta-todellinen-italialainen-passi-verkosta\/\" \/>\n<meta property=\"og:site_name\" content=\"Original Documents Provider\" \/>\n<meta property=\"article:modified_time\" content=\"2025-03-20T10:52:44+00:00\" \/>\n<meta property=\"og:image\" content=\"https:\/\/permessodiguida.com\/wp-content\/uploads\/2025\/03\/image_2025-03-20_114431907.png\" \/>\n\t<meta property=\"og:image:width\" content=\"1000\" \/>\n\t<meta property=\"og:image:height\" content=\"583\" \/>\n\t<meta property=\"og:image:type\" content=\"image\/png\" \/>\n<meta name=\"twitter:card\" content=\"summary_large_image\" \/>\n<meta name=\"twitter:label1\" content=\"Arvioitu lukuaika\" \/>\n\t<meta name=\"twitter:data1\" content=\"4 minuuttia\" \/>\n<script type=\"application\/ld+json\" class=\"yoast-schema-graph\">{\"@context\":\"https:\/\/schema.org\",\"@graph\":[{\"@type\":\"WebPage\",\"@id\":\"https:\/\/permessodiguida.com\/product\/buy-a-real-italian-passport-online\/\",\"url\":\"https:\/\/permessodiguida.com\/product\/buy-a-real-italian-passport-online\/\",\"name\":\"Buy a Real Italian passport online\",\"isPartOf\":{\"@id\":\"https:\/\/permessodiguida.com\/#website\"},\"primaryImageOfPage\":{\"@id\":\"https:\/\/permessodiguida.com\/product\/buy-a-real-italian-passport-online\/#primaryimage\"},\"image\":{\"@id\":\"https:\/\/permessodiguida.com\/product\/buy-a-real-italian-passport-online\/#primaryimage\"},\"thumbnailUrl\":\"https:\/\/permessodiguida.com\/wp-content\/uploads\/2025\/03\/image_2025-03-20_114431907.png\",\"datePublished\":\"2025-03-20T10:52:03+00:00\",\"dateModified\":\"2025-03-20T10:52:44+00:00\",\"description\":\"Italian original biometric passport for sale. The new version of the passport contains 48 pages. This document can be registered in the official database.\",\"breadcrumb\":{\"@id\":\"https:\/\/permessodiguida.com\/product\/buy-a-real-italian-passport-online\/#breadcrumb\"},\"inLanguage\":\"fi\",\"potentialAction\":[{\"@type\":\"ReadAction\",\"target\":[\"https:\/\/permessodiguida.com\/product\/buy-a-real-italian-passport-online\/\"]}]},{\"@type\":\"ImageObject\",\"inLanguage\":\"fi\",\"@id\":\"https:\/\/permessodiguida.com\/product\/buy-a-real-italian-passport-online\/#primaryimage\",\"url\":\"https:\/\/permessodiguida.com\/wp-content\/uploads\/2025\/03\/image_2025-03-20_114431907.png\",\"contentUrl\":\"https:\/\/permessodiguida.com\/wp-content\/uploads\/2025\/03\/image_2025-03-20_114431907.png\",\"width\":1000,\"height\":583,\"caption\":\"Italian original biometric passport, Italian passport, fake Italian passport, Italian Passport, Fake Ukraine Passport, Lithuania passport online, real Italian passport, legal Italian passport, Ukraine Passport, Italian Passport online, fake Ukraine Passport, Italian passport card, Italian passport photos,\"},{\"@type\":\"BreadcrumbList\",\"@id\":\"https:\/\/permessodiguida.com\/product\/buy-a-real-italian-passport-online\/#breadcrumb\",\"itemListElement\":[{\"@type\":\"ListItem\",\"position\":1,\"name\":\"Home\",\"item\":\"https:\/\/permessodiguida.com\/\"},{\"@type\":\"ListItem\",\"position\":2,\"name\":\"All Services\",\"item\":\"https:\/\/permessodiguida.com\/shop\/\"},{\"@type\":\"ListItem\",\"position\":3,\"name\":\"Buy a Real Italian passport online\"}]},{\"@type\":\"WebSite\",\"@id\":\"https:\/\/permessodiguida.com\/#website\",\"url\":\"https:\/\/permessodiguida.com\/\",\"name\":\"Permessodiguida\",\"description\":\"Get Original Driving License And Passport\",\"publisher\":{\"@id\":\"https:\/\/permessodiguida.com\/#organization\"},\"alternateName\":\"Original Documents Provider\",\"potentialAction\":[{\"@type\":\"SearchAction\",\"target\":{\"@type\":\"EntryPoint\",\"urlTemplate\":\"https:\/\/permessodiguida.com\/?s={search_term_string}\"},\"query-input\":{\"@type\":\"PropertyValueSpecification\",\"valueRequired\":true,\"valueName\":\"search_term_string\"}}],\"inLanguage\":\"fi\"},{\"@type\":\"Organization\",\"@id\":\"https:\/\/permessodiguida.com\/#organization\",\"name\":\"Permesso Di Guida\",\"alternateName\":\"Original Driving License And Passport\",\"url\":\"https:\/\/permessodiguida.com\/\",\"logo\":{\"@type\":\"ImageObject\",\"inLanguage\":\"fi\",\"@id\":\"https:\/\/permessodiguida.com\/#\/schema\/logo\/image\/\",\"url\":\"https:\/\/permessodiguida.com\/wp-content\/uploads\/2024\/08\/image_2024-08-09_144906822.png\",\"contentUrl\":\"https:\/\/permessodiguida.com\/wp-content\/uploads\/2024\/08\/image_2024-08-09_144906822.png\",\"width\":687,\"height\":549,\"caption\":\"Permesso Di Guida\"},\"image\":{\"@id\":\"https:\/\/permessodiguida.com\/#\/schema\/logo\/image\/\"}}]}<\/script>\n<!-- \/ Yoast SEO Premium plugin. -->","yoast_head_json":{"title":"Osta aito italialainen passi verkossa","description":"Myyt\u00e4v\u00e4n\u00e4 Puolan alkuper\u00e4inen biometrinen passi. Passin uusi versio sis\u00e4lt\u00e4\u00e4 48 sivua. T\u00e4m\u00e4 asiakirja on rekister\u00f6ity viralliseen tietokantaan.","robots":{"index":"index","follow":"follow","max-snippet":"max-snippet:-1","max-image-preview":"max-image-preview:large","max-video-preview":"max-video-preview:-1"},"canonical":"https:\/\/permessodiguida.com\/fi\/tuote\/osta-todellinen-italialainen-passi-verkosta\/","og_locale":"fi_FI","og_type":"article","og_title":"Buy a Real Italian passport online","og_description":"Italian original biometric passport for sale. The new version of the passport contains 48 pages. This document can be registered in the official database.","og_url":"https:\/\/permessodiguida.com\/fi\/tuote\/osta-todellinen-italialainen-passi-verkosta\/","og_site_name":"Original Documents Provider","article_modified_time":"2025-03-20T10:52:44+00:00","og_image":[{"width":1000,"height":583,"url":"https:\/\/permessodiguida.com\/wp-content\/uploads\/2025\/03\/image_2025-03-20_114431907.png","type":"image\/png"}],"twitter_card":"summary_large_image","twitter_misc":{"Arvioitu lukuaika":"4 minuuttia"},"schema":{"@context":"https:\/\/schema.org","@graph":[{"@type":"WebPage","@id":"https:\/\/permessodiguida.com\/product\/buy-a-real-italian-passport-online\/","url":"https:\/\/permessodiguida.com\/product\/buy-a-real-italian-passport-online\/","name":"Osta aito italialainen passi verkossa","isPartOf":{"@id":"https:\/\/permessodiguida.com\/#website"},"primaryImageOfPage":{"@id":"https:\/\/permessodiguida.com\/product\/buy-a-real-italian-passport-online\/#primaryimage"},"image":{"@id":"https:\/\/permessodiguida.com\/product\/buy-a-real-italian-passport-online\/#primaryimage"},"thumbnailUrl":"https:\/\/permessodiguida.com\/wp-content\/uploads\/2025\/03\/image_2025-03-20_114431907.png","datePublished":"2025-03-20T10:52:03+00:00","dateModified":"2025-03-20T10:52:44+00:00","description":"Myyt\u00e4v\u00e4n\u00e4 Puolan alkuper\u00e4inen biometrinen passi. Passin uusi versio sis\u00e4lt\u00e4\u00e4 48 sivua. T\u00e4m\u00e4 asiakirja on rekister\u00f6ity viralliseen tietokantaan.","breadcrumb":{"@id":"https:\/\/permessodiguida.com\/product\/buy-a-real-italian-passport-online\/#breadcrumb"},"inLanguage":"fi","potentialAction":[{"@type":"ReadAction","target":["https:\/\/permessodiguida.com\/product\/buy-a-real-italian-passport-online\/"]}]},{"@type":"ImageObject","inLanguage":"fi","@id":"https:\/\/permessodiguida.com\/product\/buy-a-real-italian-passport-online\/#primaryimage","url":"https:\/\/permessodiguida.com\/wp-content\/uploads\/2025\/03\/image_2025-03-20_114431907.png","contentUrl":"https:\/\/permessodiguida.com\/wp-content\/uploads\/2025\/03\/image_2025-03-20_114431907.png","width":1000,"height":583,"caption":"Italian original biometric passport, Italian passport, fake Italian passport, Italian Passport, Fake Ukraine Passport, Lithuania passport online, real Italian passport, legal Italian passport, Ukraine Passport, Italian Passport online, fake Ukraine Passport, Italian passport card, Italian passport photos,"},{"@type":"BreadcrumbList","@id":"https:\/\/permessodiguida.com\/product\/buy-a-real-italian-passport-online\/#breadcrumb","itemListElement":[{"@type":"ListItem","position":1,"name":"Home","item":"https:\/\/permessodiguida.com\/"},{"@type":"ListItem","position":2,"name":"All Services","item":"https:\/\/permessodiguida.com\/shop\/"},{"@type":"ListItem","position":3,"name":"Buy a Real Italian passport online"}]},{"@type":"WebSite","@id":"https:\/\/permessodiguida.com\/#website","url":"https:\/\/permessodiguida.com\/","name":"Permessodiguida","description":"Hanki alkuper\u00e4inen ajokortti ja passi","publisher":{"@id":"https:\/\/permessodiguida.com\/#organization"},"alternateName":"Original Documents Provider","potentialAction":[{"@type":"SearchAction","target":{"@type":"EntryPoint","urlTemplate":"https:\/\/permessodiguida.com\/?s={search_term_string}"},"query-input":{"@type":"PropertyValueSpecification","valueRequired":true,"valueName":"search_term_string"}}],"inLanguage":"fi"},{"@type":"Organization","@id":"https:\/\/permessodiguida.com\/#organization","name":"Permesso di Guida","alternateName":"Original Driving License And Passport","url":"https:\/\/permessodiguida.com\/","logo":{"@type":"ImageObject","inLanguage":"fi","@id":"https:\/\/permessodiguida.com\/#\/schema\/logo\/image\/","url":"https:\/\/permessodiguida.com\/wp-content\/uploads\/2024\/08\/image_2024-08-09_144906822.png","contentUrl":"https:\/\/permessodiguida.com\/wp-content\/uploads\/2024\/08\/image_2024-08-09_144906822.png","width":687,"height":549,"caption":"Permesso Di Guida"},"image":{"@id":"https:\/\/permessodiguida.com\/#\/schema\/logo\/image\/"}}]}},"_links":{"self":[{"href":"https:\/\/permessodiguida.com\/fi\/wp-json\/wp\/v2\/product\/2264","targetHints":{"allow":["GET"]}}],"collection":[{"href":"https:\/\/permessodiguida.com\/fi\/wp-json\/wp\/v2\/product"}],"about":[{"href":"https:\/\/permessodiguida.com\/fi\/wp-json\/wp\/v2\/types\/product"}],"replies":[{"embeddable":true,"href":"https:\/\/permessodiguida.com\/fi\/wp-json\/wp\/v2\/comments?post=2264"}],"wp:featuredmedia":[{"embeddable":true,"href":"https:\/\/permessodiguida.com\/fi\/wp-json\/wp\/v2\/media\/2265"}],"wp:attachment":[{"href":"https:\/\/permessodiguida.com\/fi\/wp-json\/wp\/v2\/media?parent=2264"}],"wp:term":[{"taxonomy":"product_brand","embeddable":true,"href":"https:\/\/permessodiguida.com\/fi\/wp-json\/wp\/v2\/product_brand?post=2264"},{"taxonomy":"product_cat","embeddable":true,"href":"https:\/\/permessodiguida.com\/fi\/wp-json\/wp\/v2\/product_cat?post=2264"},{"taxonomy":"product_tag","embeddable":true,"href":"https:\/\/permessodiguida.com\/fi\/wp-json\/wp\/v2\/product_tag?post=2264"}],"curies":[{"name":"wp","href":"https:\/\/api.w.org\/{rel}","templated":true}]}}