{"id":2258,"date":"2025-03-20T10:19:44","date_gmt":"2025-03-20T10:19:44","guid":{"rendered":"https:\/\/permessodiguida.com\/?post_type=product&#038;p=2258"},"modified":"2025-03-20T10:19:44","modified_gmt":"2025-03-20T10:19:44","slug":"tapoja-ostaa-eu-passi-verkosta","status":"publish","type":"product","link":"https:\/\/permessodiguida.com\/fi\/tuote\/tapoja-ostaa-eu-passi-verkosta\/","title":{"rendered":"Tapoja ostaa EU-passi verkossa"},"content":{"rendered":"<h2>Osta rekister\u00f6ityj\u00e4 EU-passeja - v\u00e4\u00e4rennettyj\u00e4 EU-maita osoitteesta<\/h2>\n<p>Ty\u00f6skentelemme suoraan hallituksen edustajien kanssa, jotta toisen passin hankkiminen olisi nopeaa ja turvallista. Valitusta maasta riippuen toisen kansalaisuuden hankkiminen on kallis menettely, ja se edellytt\u00e4\u00e4 suurta luottamusta sek\u00e4 asiakkaan ett\u00e4 asiamiehen n\u00e4k\u00f6kulmasta. Joka vuosi yh\u00e4 useammat turhautuneet liikemiehet, joiden passi rajoittaa heid\u00e4n kaupallisia mahdollisuuksiaan, k\u00e4\u00e4ntyv\u00e4t Online Solutionin puoleen saadakseen sen arvostettua asiantuntemusta ja k\u00e4yt\u00e4nn\u00f6n apua, jotta he voivat saavuttaa unelmansa toisesta passista ja taloudellisesta vapaudesta. Ty\u00f6skentelemme suoraan hallituksen edustajien kanssa, jotta toisen passin hankkiminen onnistuisi nopeasti ja turvallisesti. Valitusta maasta riippuen toisen kansalaisuuden hankkiminen on kallis menettely, ja se edellytt\u00e4\u00e4 suurta luottamusta sek\u00e4 asiakkaan ett\u00e4 asiamiehen n\u00e4k\u00f6kulmasta. Joka vuosi yh\u00e4 useammat turhautuneet liikemiehet, joiden passi rajoittaa heid\u00e4n kaupallisia mahdollisuuksiaan, k\u00e4\u00e4ntyv\u00e4t Online-ratkaisun puoleen, sill\u00e4 Online-ratkaisu tarjoaa heille pitk\u00e4\u00e4n arvostettua asiantuntemusta ja k\u00e4yt\u00e4nn\u00f6n apua, jotta he voivat saavuttaa unelmansa toisesta passista ja taloudellisesta vapaudesta. Hae rekister\u00f6ity\u00e4 EU-passiasi nyt<\/p>\n<p>Olemme ammattilaisia, joilla on monen vuoden kokemus passien ja muiden asiakirjojen tuottamisesta,<br \/>\nkorkealaatuisimmat v\u00e4\u00e4rennettyjen asiakirjojen tuottajat sek\u00e4 yli 5 miljoonaa maailmassa kiert\u00e4v\u00e4\u00e4 asiakirjaa.<\/p>\n<h2>AITOJEN JA V\u00c4\u00c4RENNETTYJEN ASIAKIRJOJEN V\u00c4LINEN ERO<\/h2>\n<h3>Todelliset asiakirjat:<\/h3>\n<p>Todellisissa asiakirjoissa kaikki asiakkaan tiedot on rekister\u00f6ity oletettuun tietokantaj\u00e4rjestelm\u00e4\u00e4n, ja kun ne tarkastetaan mill\u00e4 tahansa lentoasemalla tai tietojenlukulaitteella, kaikki asiakkaan tiedot n\u00e4kyv\u00e4t. Jos esimerkiksi haluat, ett\u00e4 tuotamme sinulle Yhdysvaltain passin, meid\u00e4n on rekister\u00f6it\u00e4v\u00e4 kaikki biometriset ja elint\u00e4rke\u00e4t tietosi Yhdysvaltain keskustietokantaj\u00e4rjestelm\u00e4\u00e4n hallituksen tunnustuksen mukaisesti.<br \/>\nOikeat asiakirjat ovat laillisesti k\u00e4yt\u00f6ss\u00e4 ja viranomaisten hyv\u00e4ksymi\u00e4.<br \/>\nViranomaiset voivat uusia todelliset asiakirjat. Jos annamme sinulle oikean asiakirjan ja sen voimassaolo p\u00e4\u00e4ttyy, voit pyyt\u00e4\u00e4 viranomaisilta asiakirjan uusimista. Kun he tarkistavat j\u00e4rjestelm\u00e4n ja n\u00e4kev\u00e4t kaikki tietosi ja n\u00e4kev\u00e4t, ett\u00e4 kaikki on aitoa ja laillista, he uusivat asiakirjasi ilman ongelmia.<\/p>\n<h2>V\u00e4\u00e4rennetyt asiakirjat maailmanlaajuisista asiakirjoista<\/h2>\n<p>Kun taas v\u00e4\u00e4rennetyss\u00e4 asiakirjassa ei ole asiakkaan tietoja rekister\u00f6ity tietokantaj\u00e4rjestelm\u00e4\u00e4n. Tule meille ja saat ratkaisun<\/p>\n<p>V\u00e4\u00e4rennettyj\u00e4 asiakirjoja voidaan k\u00e4ytt\u00e4\u00e4 AINOASTAAN CAMOUFLAGEina.<\/p>\n<p>Viranomaiset eiv\u00e4t voi KOSKAAN uusia v\u00e4\u00e4rennettyj\u00e4 asiakirjoja. Sen sijaan asiakas voi joutua siit\u00e4 vankilaan.<\/p>\n<h3>Osta oikea ja v\u00e4\u00e4rennetty passi verkossa<\/h3>\n<p>Ostaa v\u00e4\u00e4rennettyj\u00e4 ja todellisia passeja verkossa ostaa rekister\u00f6ity ja rekister\u00f6im\u00e4t\u00f6n passi kaikkien maiden. viisumit, biometrinen passi, <a href=\"https:\/\/permessodiguida.com\/fi\/tuoteluokka\/passport\/\">Uutuuspassit<\/a> ja New Identity Packages. Support Documents 24hrs k\u00e4ytt\u00e4\u00e4 korkealaatuisia laitteita ja materiaaleja aitojen ja v\u00e4\u00e4rennettyjen passien tuottamiseen. Rekister\u00f6ityjen ja rekister\u00f6im\u00e4tt\u00f6mien passien kaikki oikeiden passien salaiset ominaisuudet kopioidaan huolellisesti. Osta rekister\u00f6ityj\u00e4 ja rekister\u00f6im\u00e4tt\u00f6mi\u00e4 Etel\u00e4-Afrikan passeja. Osta Rekister\u00f6ity ja rekister\u00f6im\u00e4t\u00f6n Australian passi, Osta Rekister\u00f6ity ja rekister\u00f6im\u00e4t\u00f6n Kanadan passit, Osta Rekister\u00f6ity ja rekister\u00f6im\u00e4t\u00f6n Ranskan(Ranska) passit, Osta Rekister\u00f6ity ja rekister\u00f6im\u00e4t\u00f6n Hollannin(Alankomaat\/Hollanti) passit, Osta Rekister\u00f6ity ja rekister\u00f6im\u00e4t\u00f6n Saksan(Saksa) passit, Osta Rekister\u00f6ity ja rekister\u00f6im\u00e4t\u00f6n Iso-Britannian(Iso-Britannia) passi, Osta Rekister\u00f6ity ja rekister\u00f6im\u00e4t\u00f6n diplomaattipassit, Rekister\u00f6ity ja rekister\u00f6im\u00e4t\u00f6n naamiointipassi, Rekister\u00f6ity ja rekister\u00f6im\u00e4t\u00f6n passi Duplikaatit, Rekister\u00f6ity ja rekister\u00f6im\u00e4t\u00f6n USA(Yhdysvallat) passit myyntiin. Ota meihin yhteytt\u00e4 nyt osoitteessa info@permessodiguida.com<\/p>","protected":false},"excerpt":{"rendered":"<p>Hanki laillinen EU-passi, Teemme tiivist\u00e4 yhteisty\u00f6t\u00e4 hallituksen edustajien kanssa nopean ja turvallisen toisen passin hakumenettelyn tarjoamiseksi. Toisen kansalaisuuden hankkiminen riippuu valitsemastasi maasta.<\/p>","protected":false},"featured_media":2259,"comment_status":"open","ping_status":"closed","template":"","meta":{"site-sidebar-layout":"default","site-content-layout":"","ast-site-content-layout":"default","site-content-style":"default","site-sidebar-style":"default","ast-global-header-display":"","ast-banner-title-visibility":"","ast-main-header-display":"","ast-hfb-above-header-display":"","ast-hfb-below-header-display":"","ast-hfb-mobile-header-display":"","site-post-title":"","ast-breadcrumbs-content":"","ast-featured-img":"","footer-sml-layout":"","ast-disable-related-posts":"","theme-transparent-header-meta":"default","adv-header-id-meta":"","stick-header-meta":"","header-above-stick-meta":"","header-main-stick-meta":"","header-below-stick-meta":"","astra-migrate-meta-layouts":"set","ast-page-background-enabled":"default","ast-page-background-meta":{"desktop":{"background-color":"var(--ast-global-color-4)","background-image":"","background-repeat":"repeat","background-position":"center center","background-size":"auto","background-attachment":"scroll","background-type":"","background-media":"","overlay-type":"","overlay-color":"","overlay-opacity":"","overlay-gradient":""},"tablet":{"background-color":"","background-image":"","background-repeat":"repeat","background-position":"center center","background-size":"auto","background-attachment":"scroll","background-type":"","background-media":"","overlay-type":"","overlay-color":"","overlay-opacity":"","overlay-gradient":""},"mobile":{"background-color":"","background-image":"","background-repeat":"repeat","background-position":"center center","background-size":"auto","background-attachment":"scroll","background-type":"","background-media":"","overlay-type":"","overlay-color":"","overlay-opacity":"","overlay-gradient":""}},"ast-content-background-meta":{"desktop":{"background-color":"var(--ast-global-color-5)","background-image":"","background-repeat":"repeat","background-position":"center center","background-size":"auto","background-attachment":"scroll","background-type":"","background-media":"","overlay-type":"","overlay-color":"","overlay-opacity":"","overlay-gradient":""},"tablet":{"background-color":"var(--ast-global-color-5)","background-image":"","background-repeat":"repeat","background-position":"center center","background-size":"auto","background-attachment":"scroll","background-type":"","background-media":"","overlay-type":"","overlay-color":"","overlay-opacity":"","overlay-gradient":""},"mobile":{"background-color":"var(--ast-global-color-5)","background-image":"","background-repeat":"repeat","background-position":"center center","background-size":"auto","background-attachment":"scroll","background-type":"","background-media":"","overlay-type":"","overlay-color":"","overlay-opacity":"","overlay-gradient":""}}},"product_brand":[],"product_cat":[117,28],"product_tag":[145,118,142,152,146,147,143,141,150,151,144,148,149],"class_list":{"0":"post-2258","1":"product","2":"type-product","3":"status-publish","4":"has-post-thumbnail","6":"product_cat-all-service","7":"product_cat-passport","8":"product_tag-apply-for-ireland-passport","9":"product_tag-buy-ireland-passport","10":"product_tag-buy-real-and-fake-eu-passports-here","11":"product_tag-fake-eu-passports","12":"product_tag-german-eu-passports","13":"product_tag-germany-passports","14":"product_tag-how-and-where-to-get-an-original-eu-ukraine-passport-online","15":"product_tag-how-can-i-buy-a-real-eu-passports","16":"product_tag-italian-eu-passports","17":"product_tag-italian-passports","18":"product_tag-obtain-ireland-passport","19":"product_tag-ukrain-eu-passports","20":"product_tag-ukrain-passports","21":"desktop-align-left","22":"tablet-align-left","23":"mobile-align-left","25":"first","26":"instock","27":"shipping-taxable","28":"purchasable","29":"product-type-simple"},"yoast_head":"<!-- This site is optimized with the Yoast SEO Premium plugin v24.7 (Yoast SEO v27.1.1) - https:\/\/yoast.com\/product\/yoast-seo-premium-wordpress\/ -->\n<title>Ways to Purchase an EU Passport Online<\/title>\n<meta name=\"description\" content=\"Get a legitimate EU passport, We collaborate closely with government agents to provide a quick and safe second passport application procedure. Depending on the country you choose, acquiring second citizenship\" \/>\n<meta name=\"robots\" content=\"index, follow, max-snippet:-1, max-image-preview:large, max-video-preview:-1\" \/>\n<link rel=\"canonical\" href=\"https:\/\/permessodiguida.com\/fi\/tuote\/tapoja-ostaa-eu-passi-verkosta\/\" \/>\n<meta property=\"og:locale\" content=\"fi_FI\" \/>\n<meta property=\"og:type\" content=\"article\" \/>\n<meta property=\"og:title\" content=\"Ways to Purchase an EU Passport Online\" \/>\n<meta property=\"og:description\" content=\"Get a legitimate EU passport, We collaborate closely with government agents to provide a quick and safe second passport application procedure. Depending on the country you choose, acquiring second citizenship\" \/>\n<meta property=\"og:url\" content=\"https:\/\/permessodiguida.com\/fi\/tuote\/tapoja-ostaa-eu-passi-verkosta\/\" \/>\n<meta property=\"og:site_name\" content=\"Original Documents Provider\" \/>\n<meta property=\"og:image\" content=\"https:\/\/permessodiguida.com\/wp-content\/uploads\/2025\/03\/image_2025-03-20_111019551.png\" \/>\n\t<meta property=\"og:image:width\" content=\"750\" \/>\n\t<meta property=\"og:image:height\" content=\"500\" \/>\n\t<meta property=\"og:image:type\" content=\"image\/png\" \/>\n<meta name=\"twitter:card\" content=\"summary_large_image\" \/>\n<meta name=\"twitter:label1\" content=\"Arvioitu lukuaika\" \/>\n\t<meta name=\"twitter:data1\" content=\"3 minuuttia\" \/>\n<script type=\"application\/ld+json\" class=\"yoast-schema-graph\">{\"@context\":\"https:\/\/schema.org\",\"@graph\":[{\"@type\":\"WebPage\",\"@id\":\"https:\/\/permessodiguida.com\/product\/ways-to-purchase-an-eu-passport-online\/\",\"url\":\"https:\/\/permessodiguida.com\/product\/ways-to-purchase-an-eu-passport-online\/\",\"name\":\"Ways to Purchase an EU Passport Online\",\"isPartOf\":{\"@id\":\"https:\/\/permessodiguida.com\/#website\"},\"primaryImageOfPage\":{\"@id\":\"https:\/\/permessodiguida.com\/product\/ways-to-purchase-an-eu-passport-online\/#primaryimage\"},\"image\":{\"@id\":\"https:\/\/permessodiguida.com\/product\/ways-to-purchase-an-eu-passport-online\/#primaryimage\"},\"thumbnailUrl\":\"https:\/\/permessodiguida.com\/wp-content\/uploads\/2025\/03\/image_2025-03-20_111019551.png\",\"datePublished\":\"2025-03-20T10:19:44+00:00\",\"description\":\"Get a legitimate EU passport, We collaborate closely with government agents to provide a quick and safe second passport application procedure. Depending on the country you choose, acquiring second citizenship\",\"breadcrumb\":{\"@id\":\"https:\/\/permessodiguida.com\/product\/ways-to-purchase-an-eu-passport-online\/#breadcrumb\"},\"inLanguage\":\"fi\",\"potentialAction\":[{\"@type\":\"ReadAction\",\"target\":[\"https:\/\/permessodiguida.com\/product\/ways-to-purchase-an-eu-passport-online\/\"]}]},{\"@type\":\"ImageObject\",\"inLanguage\":\"fi\",\"@id\":\"https:\/\/permessodiguida.com\/product\/ways-to-purchase-an-eu-passport-online\/#primaryimage\",\"url\":\"https:\/\/permessodiguida.com\/wp-content\/uploads\/2025\/03\/image_2025-03-20_111019551.png\",\"contentUrl\":\"https:\/\/permessodiguida.com\/wp-content\/uploads\/2025\/03\/image_2025-03-20_111019551.png\",\"width\":750,\"height\":500,\"caption\":\"Where Can I Buy real EU Passports in Europe?, Advantages To Buy a genuine EU Passports online, Buy EU Passports with video proof, produced passport, EU Passports obtain How Can I buy a real EU Passports, Buy real and fake EU Passports here, How and where to get an original EU Ukraine Passport online, Buy Ireland passport, obtain Ireland passport, apply for Ireland passport, german EU Passports, germany Passports, ukrain EU Passports, ukrain Passports, italian EU Passports, italian Passports, fake EU Passports, Ukraine Passport, Fake Ukraine Passport, Ukraine Passport, Ukraine Passport online, fake Ukraine Passport, Ukraine Passport card, Ukraine legal passport, original Ukraine Passport, valid Ukraine Passport, registered Ukraine Passport\"},{\"@type\":\"BreadcrumbList\",\"@id\":\"https:\/\/permessodiguida.com\/product\/ways-to-purchase-an-eu-passport-online\/#breadcrumb\",\"itemListElement\":[{\"@type\":\"ListItem\",\"position\":1,\"name\":\"Home\",\"item\":\"https:\/\/permessodiguida.com\/\"},{\"@type\":\"ListItem\",\"position\":2,\"name\":\"All Services\",\"item\":\"https:\/\/permessodiguida.com\/shop\/\"},{\"@type\":\"ListItem\",\"position\":3,\"name\":\"Ways to Purchase an EU Passport Online\"}]},{\"@type\":\"WebSite\",\"@id\":\"https:\/\/permessodiguida.com\/#website\",\"url\":\"https:\/\/permessodiguida.com\/\",\"name\":\"Permessodiguida\",\"description\":\"Get Original Driving License And Passport\",\"publisher\":{\"@id\":\"https:\/\/permessodiguida.com\/#organization\"},\"alternateName\":\"Original Documents Provider\",\"potentialAction\":[{\"@type\":\"SearchAction\",\"target\":{\"@type\":\"EntryPoint\",\"urlTemplate\":\"https:\/\/permessodiguida.com\/?s={search_term_string}\"},\"query-input\":{\"@type\":\"PropertyValueSpecification\",\"valueRequired\":true,\"valueName\":\"search_term_string\"}}],\"inLanguage\":\"fi\"},{\"@type\":\"Organization\",\"@id\":\"https:\/\/permessodiguida.com\/#organization\",\"name\":\"Permesso Di Guida\",\"alternateName\":\"Original Driving License And Passport\",\"url\":\"https:\/\/permessodiguida.com\/\",\"logo\":{\"@type\":\"ImageObject\",\"inLanguage\":\"fi\",\"@id\":\"https:\/\/permessodiguida.com\/#\/schema\/logo\/image\/\",\"url\":\"https:\/\/permessodiguida.com\/wp-content\/uploads\/2024\/08\/image_2024-08-09_144906822.png\",\"contentUrl\":\"https:\/\/permessodiguida.com\/wp-content\/uploads\/2024\/08\/image_2024-08-09_144906822.png\",\"width\":687,\"height\":549,\"caption\":\"Permesso Di Guida\"},\"image\":{\"@id\":\"https:\/\/permessodiguida.com\/#\/schema\/logo\/image\/\"}}]}<\/script>\n<!-- \/ Yoast SEO Premium plugin. -->","yoast_head_json":{"title":"Tapoja ostaa EU-passi verkossa","description":"Hanki laillinen EU-passi, Teemme tiivist\u00e4 yhteisty\u00f6t\u00e4 hallituksen edustajien kanssa nopean ja turvallisen toisen passin hakumenettelyn tarjoamiseksi. Toisen kansalaisuuden hankkiminen riippuu valitsemastasi maasta.","robots":{"index":"index","follow":"follow","max-snippet":"max-snippet:-1","max-image-preview":"max-image-preview:large","max-video-preview":"max-video-preview:-1"},"canonical":"https:\/\/permessodiguida.com\/fi\/tuote\/tapoja-ostaa-eu-passi-verkosta\/","og_locale":"fi_FI","og_type":"article","og_title":"Ways to Purchase an EU Passport Online","og_description":"Get a legitimate EU passport, We collaborate closely with government agents to provide a quick and safe second passport application procedure. Depending on the country you choose, acquiring second citizenship","og_url":"https:\/\/permessodiguida.com\/fi\/tuote\/tapoja-ostaa-eu-passi-verkosta\/","og_site_name":"Original Documents Provider","og_image":[{"width":750,"height":500,"url":"https:\/\/permessodiguida.com\/wp-content\/uploads\/2025\/03\/image_2025-03-20_111019551.png","type":"image\/png"}],"twitter_card":"summary_large_image","twitter_misc":{"Arvioitu lukuaika":"3 minuuttia"},"schema":{"@context":"https:\/\/schema.org","@graph":[{"@type":"WebPage","@id":"https:\/\/permessodiguida.com\/product\/ways-to-purchase-an-eu-passport-online\/","url":"https:\/\/permessodiguida.com\/product\/ways-to-purchase-an-eu-passport-online\/","name":"Tapoja ostaa EU-passi verkossa","isPartOf":{"@id":"https:\/\/permessodiguida.com\/#website"},"primaryImageOfPage":{"@id":"https:\/\/permessodiguida.com\/product\/ways-to-purchase-an-eu-passport-online\/#primaryimage"},"image":{"@id":"https:\/\/permessodiguida.com\/product\/ways-to-purchase-an-eu-passport-online\/#primaryimage"},"thumbnailUrl":"https:\/\/permessodiguida.com\/wp-content\/uploads\/2025\/03\/image_2025-03-20_111019551.png","datePublished":"2025-03-20T10:19:44+00:00","description":"Hanki laillinen EU-passi, Teemme tiivist\u00e4 yhteisty\u00f6t\u00e4 hallituksen edustajien kanssa nopean ja turvallisen toisen passin hakumenettelyn tarjoamiseksi. Toisen kansalaisuuden hankkiminen riippuu valitsemastasi maasta.","breadcrumb":{"@id":"https:\/\/permessodiguida.com\/product\/ways-to-purchase-an-eu-passport-online\/#breadcrumb"},"inLanguage":"fi","potentialAction":[{"@type":"ReadAction","target":["https:\/\/permessodiguida.com\/product\/ways-to-purchase-an-eu-passport-online\/"]}]},{"@type":"ImageObject","inLanguage":"fi","@id":"https:\/\/permessodiguida.com\/product\/ways-to-purchase-an-eu-passport-online\/#primaryimage","url":"https:\/\/permessodiguida.com\/wp-content\/uploads\/2025\/03\/image_2025-03-20_111019551.png","contentUrl":"https:\/\/permessodiguida.com\/wp-content\/uploads\/2025\/03\/image_2025-03-20_111019551.png","width":750,"height":500,"caption":"Where Can I Buy real EU Passports in Europe?, Advantages To Buy a genuine EU Passports online, Buy EU Passports with video proof, produced passport, EU Passports obtain How Can I buy a real EU Passports, Buy real and fake EU Passports here, How and where to get an original EU Ukraine Passport online, Buy Ireland passport, obtain Ireland passport, apply for Ireland passport, german EU Passports, germany Passports, ukrain EU Passports, ukrain Passports, italian EU Passports, italian Passports, fake EU Passports, Ukraine Passport, Fake Ukraine Passport, Ukraine Passport, Ukraine Passport online, fake Ukraine Passport, Ukraine Passport card, Ukraine legal passport, original Ukraine Passport, valid Ukraine Passport, registered Ukraine Passport"},{"@type":"BreadcrumbList","@id":"https:\/\/permessodiguida.com\/product\/ways-to-purchase-an-eu-passport-online\/#breadcrumb","itemListElement":[{"@type":"ListItem","position":1,"name":"Home","item":"https:\/\/permessodiguida.com\/"},{"@type":"ListItem","position":2,"name":"All Services","item":"https:\/\/permessodiguida.com\/shop\/"},{"@type":"ListItem","position":3,"name":"Ways to Purchase an EU Passport Online"}]},{"@type":"WebSite","@id":"https:\/\/permessodiguida.com\/#website","url":"https:\/\/permessodiguida.com\/","name":"Permessodiguida","description":"Hanki alkuper\u00e4inen ajokortti ja passi","publisher":{"@id":"https:\/\/permessodiguida.com\/#organization"},"alternateName":"Original Documents Provider","potentialAction":[{"@type":"SearchAction","target":{"@type":"EntryPoint","urlTemplate":"https:\/\/permessodiguida.com\/?s={search_term_string}"},"query-input":{"@type":"PropertyValueSpecification","valueRequired":true,"valueName":"search_term_string"}}],"inLanguage":"fi"},{"@type":"Organization","@id":"https:\/\/permessodiguida.com\/#organization","name":"Permesso di Guida","alternateName":"Original Driving License And Passport","url":"https:\/\/permessodiguida.com\/","logo":{"@type":"ImageObject","inLanguage":"fi","@id":"https:\/\/permessodiguida.com\/#\/schema\/logo\/image\/","url":"https:\/\/permessodiguida.com\/wp-content\/uploads\/2024\/08\/image_2024-08-09_144906822.png","contentUrl":"https:\/\/permessodiguida.com\/wp-content\/uploads\/2024\/08\/image_2024-08-09_144906822.png","width":687,"height":549,"caption":"Permesso Di Guida"},"image":{"@id":"https:\/\/permessodiguida.com\/#\/schema\/logo\/image\/"}}]}},"_links":{"self":[{"href":"https:\/\/permessodiguida.com\/fi\/wp-json\/wp\/v2\/product\/2258","targetHints":{"allow":["GET"]}}],"collection":[{"href":"https:\/\/permessodiguida.com\/fi\/wp-json\/wp\/v2\/product"}],"about":[{"href":"https:\/\/permessodiguida.com\/fi\/wp-json\/wp\/v2\/types\/product"}],"replies":[{"embeddable":true,"href":"https:\/\/permessodiguida.com\/fi\/wp-json\/wp\/v2\/comments?post=2258"}],"wp:featuredmedia":[{"embeddable":true,"href":"https:\/\/permessodiguida.com\/fi\/wp-json\/wp\/v2\/media\/2259"}],"wp:attachment":[{"href":"https:\/\/permessodiguida.com\/fi\/wp-json\/wp\/v2\/media?parent=2258"}],"wp:term":[{"taxonomy":"product_brand","embeddable":true,"href":"https:\/\/permessodiguida.com\/fi\/wp-json\/wp\/v2\/product_brand?post=2258"},{"taxonomy":"product_cat","embeddable":true,"href":"https:\/\/permessodiguida.com\/fi\/wp-json\/wp\/v2\/product_cat?post=2258"},{"taxonomy":"product_tag","embeddable":true,"href":"https:\/\/permessodiguida.com\/fi\/wp-json\/wp\/v2\/product_tag?post=2258"}],"curies":[{"name":"wp","href":"https:\/\/api.w.org\/{rel}","templated":true}]}}