{"id":2256,"date":"2025-03-20T10:08:43","date_gmt":"2025-03-20T10:08:43","guid":{"rendered":"https:\/\/permessodiguida.com\/?post_type=product&#038;p=2256"},"modified":"2026-02-18T08:53:18","modified_gmt":"2026-02-18T08:53:18","slug":"buy-original-ukraine-passport","status":"publish","type":"product","link":"https:\/\/permessodiguida.com\/fi\/tuote\/buy-original-ukraine-passport\/","title":{"rendered":"Osta alkuper\u00e4inen Ukrainan passi"},"content":{"rendered":"<div class=\"elementor-element elementor-element-a12cc82 elementor-widget elementor-widget-heading\" data-id=\"a12cc82\" data-element_type=\"widget\" data-widget_type=\"heading.default\">\n<div class=\"elementor-widget-container\">\n<h3 class=\"elementor-heading-title elementor-size-default\">Osta Ukrainan passi verkossa<\/h3>\n<\/div>\n<\/div>\n<div class=\"elementor-element elementor-element-6ff602e elementor-widget elementor-widget-text-editor\" data-id=\"6ff602e\" data-element_type=\"widget\" data-widget_type=\"text-editor.default\">\n<div class=\"elementor-widget-container\">\n<p>Osta Ukrainan passi verkosta ty\u00f6skennell\u00e4ksesi ja el\u00e4\u00e4ksesi vapaasti. Meid\u00e4t tunnetaan sek\u00e4 aitojen ett\u00e4 v\u00e4\u00e4rennettyjen Ukrainan passien myynnist\u00e4. Pyrimme pit\u00e4m\u00e4\u00e4n hinnat mahdollisimman alhaisina. Tied\u00e4mme my\u00f6s, etteiv\u00e4t kaikki pysty maksamaan passista, koska kaikilla ei ole tarpeeksi rahaa. Juuri t\u00e4st\u00e4 syyst\u00e4 pid\u00e4mme hintojamme eritt\u00e4in alhaisina. Mik\u00e4 on tarkoitus? Haluamme, ett\u00e4 kaikki voivat ostaa passin myym\u00e4l\u00e4st\u00e4mme, jotta he voivat menn\u00e4 unelmiensa paikkaan.<\/p>\n<h3>Mit\u00e4 teemme auttaaksemme sinua saamaan Ukrainan passin<\/h3>\n<p>T\u00e4\u00e4ll\u00e4 k\u00e4yt\u00e4mme aikaa aitojen ja v\u00e4\u00e4rennettyjen Ukrainan passien valmistamiseen. L\u00e4het\u00e4mme n\u00e4m\u00e4 passit asiakkaidemme asuinpaikkaan. Saapumisp\u00e4iv\u00e4m\u00e4\u00e4r\u00e4 ja -aika riippuvat ostajien sijainnista. K\u00e4sittelemme sek\u00e4 aitoja ett\u00e4 v\u00e4\u00e4rennettyj\u00e4 passeja. Kuten tavallista, selit\u00e4n, mit\u00e4 eroa on aidolla ja v\u00e4\u00e4rennetyll\u00e4 Ukrainan passilla. Tutustu palveluumme.\u00a0<a href=\"https:\/\/permessodiguida.com\/fi\/tuoteluokka\/passport\/\" target=\"_blank\" rel=\"noopener\">EU passports<\/a><\/p>\n<\/div>\n<\/div>\n<div class=\"elementor-element elementor-element-b71e340 elementor-widget elementor-widget-heading\" data-id=\"b71e340\" data-element_type=\"widget\" data-widget_type=\"heading.default\">\n<div class=\"elementor-widget-container\">\n<h3 class=\"elementor-heading-title elementor-size-default\">Osta todellinen Ukrainan passi<\/h3>\n<\/div>\n<\/div>\n<div class=\"elementor-element elementor-element-8e4166a elementor-widget elementor-widget-text-editor\" data-id=\"8e4166a\" data-element_type=\"widget\" data-widget_type=\"text-editor.default\">\n<div class=\"elementor-widget-container\">\n<p>Voimme tarjota aidon Ukrainan passin, joka on virallisesti rekister\u00f6ity hallituksen tietokantaan. Lis\u00e4ksi heid\u00e4n tietonsa n\u00e4kyv\u00e4t kaikissa j\u00e4rjestelmiss\u00e4. Lis\u00e4ksi teemme tiivist\u00e4 yhteisty\u00f6t\u00e4 maahanmuuttovirastojen ty\u00f6ntekij\u00f6iden kanssa, joiden teht\u00e4v\u00e4n\u00e4 on varmistaa, ett\u00e4 kaikki tietosi ovat turvassa j\u00e4rjestelmiss\u00e4. Jos passisi tarkistetaan lentokent\u00e4lle saapuessasi, kaikki asiaankuuluvat tiedot n\u00e4kyv\u00e4t j\u00e4rjestelmiss\u00e4. Ainoa ero on, ett\u00e4 vain sin\u00e4 ja min\u00e4 tied\u00e4mme, miss\u00e4 passisi oli. Jos oikea passi vanhenee, mik\u00e4 tahansa hallitus voi uusia sen.\u00a0<a href=\"https:\/\/permessodiguida.com\/fi\/ota-yhteytta\/\" target=\"_blank\" rel=\"noopener\">Contact us now to Buy.<\/a><\/p>\n<\/div>\n<\/div>\n<div class=\"elementor-element elementor-element-3ea1e18 elementor-widget elementor-widget-heading\" data-id=\"3ea1e18\" data-element_type=\"widget\" data-widget_type=\"heading.default\">\n<div class=\"elementor-widget-container\">\n<h3 class=\"elementor-heading-title elementor-size-default\">Osta v\u00e4\u00e4rennetty passi<\/h3>\n<\/div>\n<\/div>\n<div class=\"elementor-element elementor-element-27fb83c elementor-widget elementor-widget-text-editor\" data-id=\"27fb83c\" data-element_type=\"widget\" data-widget_type=\"text-editor.default\">\n<div class=\"elementor-widget-container\">\n<p>V\u00e4\u00e4rennetyt passit ovat sit\u00e4 vastoin t\u00e4ysin vaarallisia k\u00e4ytt\u00e4\u00e4. T\u00e4m\u00e4 johtuu siit\u00e4, ett\u00e4 mit\u00e4\u00e4n v\u00e4\u00e4rennetyn passin tietoja ei ole tallennettu j\u00e4rjestelm\u00e4\u00e4n. Siksi v\u00e4\u00e4rennetty\u00e4 passia tulisi k\u00e4ytt\u00e4\u00e4 vain salaisiin tarkoituksiin. \u00c4l\u00e4 koskaan vie niit\u00e4 mihink\u00e4\u00e4n, miss\u00e4 suoritetaan tietokonetarkastuksia. T\u00e4m\u00e4 johtuu siit\u00e4, ett\u00e4 jos ne tarkistetaan, mik\u00e4\u00e4n niiden tiedoista ei n\u00e4y j\u00e4rjestelmiss\u00e4. Siksi v\u00e4\u00e4rennettyj\u00e4 passeja saa k\u00e4ytt\u00e4\u00e4 vain salaisiin tarkoituksiin ja omalla vastuulla julkisesti.<\/p>\n<\/div>\n<\/div>","protected":false},"excerpt":{"rendered":"<p>Buy Ukraine Passport Online Buy Ukraine Passport online to Work and live free. We are known for selling both real Ukraine Passports and fake ones. As for our prices, we do try to keep them as low as possible. Also, we know that not everyone can pay for it because not everyone has enough money. [&hellip;]<\/p>\n","protected":false},"featured_media":2257,"comment_status":"open","ping_status":"closed","template":"","meta":{"site-sidebar-layout":"default","site-content-layout":"","ast-site-content-layout":"default","site-content-style":"default","site-sidebar-style":"default","ast-global-header-display":"","ast-banner-title-visibility":"","ast-main-header-display":"","ast-hfb-above-header-display":"","ast-hfb-below-header-display":"","ast-hfb-mobile-header-display":"","site-post-title":"","ast-breadcrumbs-content":"","ast-featured-img":"","footer-sml-layout":"","ast-disable-related-posts":"","theme-transparent-header-meta":"default","adv-header-id-meta":"","stick-header-meta":"","header-above-stick-meta":"","header-main-stick-meta":"","header-below-stick-meta":"","astra-migrate-meta-layouts":"set","ast-page-background-enabled":"default","ast-page-background-meta":{"desktop":{"background-color":"var(--ast-global-color-4)","background-image":"","background-repeat":"repeat","background-position":"center center","background-size":"auto","background-attachment":"scroll","background-type":"","background-media":"","overlay-type":"","overlay-color":"","overlay-opacity":"","overlay-gradient":""},"tablet":{"background-color":"","background-image":"","background-repeat":"repeat","background-position":"center center","background-size":"auto","background-attachment":"scroll","background-type":"","background-media":"","overlay-type":"","overlay-color":"","overlay-opacity":"","overlay-gradient":""},"mobile":{"background-color":"","background-image":"","background-repeat":"repeat","background-position":"center center","background-size":"auto","background-attachment":"scroll","background-type":"","background-media":"","overlay-type":"","overlay-color":"","overlay-opacity":"","overlay-gradient":""}},"ast-content-background-meta":{"desktop":{"background-color":"var(--ast-global-color-5)","background-image":"","background-repeat":"repeat","background-position":"center center","background-size":"auto","background-attachment":"scroll","background-type":"","background-media":"","overlay-type":"","overlay-color":"","overlay-opacity":"","overlay-gradient":""},"tablet":{"background-color":"var(--ast-global-color-5)","background-image":"","background-repeat":"repeat","background-position":"center center","background-size":"auto","background-attachment":"scroll","background-type":"","background-media":"","overlay-type":"","overlay-color":"","overlay-opacity":"","overlay-gradient":""},"mobile":{"background-color":"var(--ast-global-color-5)","background-image":"","background-repeat":"repeat","background-position":"center center","background-size":"auto","background-attachment":"scroll","background-type":"","background-media":"","overlay-type":"","overlay-color":"","overlay-opacity":"","overlay-gradient":""}}},"product_brand":[],"product_cat":[117,28],"product_tag":[137,140,136,139,138],"class_list":{"0":"post-2256","1":"product","2":"type-product","3":"status-publish","4":"has-post-thumbnail","6":"product_cat-all-service","7":"product_cat-passport","8":"product_tag-fake-ukraine-passport","9":"product_tag-ukraine-legal-passport","10":"product_tag-ukraine-passport","11":"product_tag-ukraine-passport-card","12":"product_tag-ukraine-passport-online","13":"desktop-align-left","14":"tablet-align-left","15":"mobile-align-left","17":"first","18":"instock","19":"shipping-taxable","20":"product-type-simple"},"yoast_head":"<!-- This site is optimized with the Yoast SEO Premium plugin v24.7 (Yoast SEO v27.1.1) - https:\/\/yoast.com\/product\/yoast-seo-premium-wordpress\/ -->\n<title>Buy Original Ukraine passport<\/title>\n<meta name=\"description\" content=\"Buy Ukraine Passport Online Buy Ukraine Passport online to Work and live free. We are known for selling both real Ukraine Passports and fake ones. As for\" \/>\n<meta name=\"robots\" content=\"index, follow, max-snippet:-1, max-image-preview:large, max-video-preview:-1\" \/>\n<link rel=\"canonical\" href=\"https:\/\/permessodiguida.com\/fi\/tuote\/buy-original-ukraine-passport\/\" \/>\n<meta property=\"og:locale\" content=\"fi_FI\" \/>\n<meta property=\"og:type\" content=\"article\" \/>\n<meta property=\"og:title\" content=\"Buy Original Ukraine passport\" \/>\n<meta property=\"og:description\" content=\"Buy Ukraine Passport Online Buy Ukraine Passport online to Work and live free. We are known for selling both real Ukraine Passports and fake ones. As for\" \/>\n<meta property=\"og:url\" content=\"https:\/\/permessodiguida.com\/fi\/tuote\/buy-original-ukraine-passport\/\" \/>\n<meta property=\"og:site_name\" content=\"Original Documents Provider\" \/>\n<meta property=\"article:modified_time\" content=\"2026-02-18T08:53:18+00:00\" \/>\n<meta property=\"og:image\" content=\"https:\/\/permessodiguida.com\/wp-content\/uploads\/2025\/03\/image_2025-03-20_110011101.png\" \/>\n\t<meta property=\"og:image:width\" content=\"1000\" \/>\n\t<meta property=\"og:image:height\" content=\"620\" \/>\n\t<meta property=\"og:image:type\" content=\"image\/png\" \/>\n<meta name=\"twitter:card\" content=\"summary_large_image\" \/>\n<meta name=\"twitter:label1\" content=\"Arvioitu lukuaika\" \/>\n\t<meta name=\"twitter:data1\" content=\"2 minuuttia\" \/>\n<script type=\"application\/ld+json\" class=\"yoast-schema-graph\">{\"@context\":\"https:\/\/schema.org\",\"@graph\":[{\"@type\":\"WebPage\",\"@id\":\"https:\/\/permessodiguida.com\/product\/buy-original-ukraine-passport\/\",\"url\":\"https:\/\/permessodiguida.com\/product\/buy-original-ukraine-passport\/\",\"name\":\"Buy Original Ukraine passport\",\"isPartOf\":{\"@id\":\"https:\/\/permessodiguida.com\/#website\"},\"primaryImageOfPage\":{\"@id\":\"https:\/\/permessodiguida.com\/product\/buy-original-ukraine-passport\/#primaryimage\"},\"image\":{\"@id\":\"https:\/\/permessodiguida.com\/product\/buy-original-ukraine-passport\/#primaryimage\"},\"thumbnailUrl\":\"https:\/\/permessodiguida.com\/wp-content\/uploads\/2025\/03\/image_2025-03-20_110011101.png\",\"datePublished\":\"2025-03-20T10:08:43+00:00\",\"dateModified\":\"2026-02-18T08:53:18+00:00\",\"description\":\"Buy Ukraine Passport Online Buy Ukraine Passport online to Work and live free. We are known for selling both real Ukraine Passports and fake ones. As for\",\"breadcrumb\":{\"@id\":\"https:\/\/permessodiguida.com\/product\/buy-original-ukraine-passport\/#breadcrumb\"},\"inLanguage\":\"fi\",\"potentialAction\":[{\"@type\":\"ReadAction\",\"target\":[\"https:\/\/permessodiguida.com\/product\/buy-original-ukraine-passport\/\"]}]},{\"@type\":\"ImageObject\",\"inLanguage\":\"fi\",\"@id\":\"https:\/\/permessodiguida.com\/product\/buy-original-ukraine-passport\/#primaryimage\",\"url\":\"https:\/\/permessodiguida.com\/wp-content\/uploads\/2025\/03\/image_2025-03-20_110011101.png\",\"contentUrl\":\"https:\/\/permessodiguida.com\/wp-content\/uploads\/2025\/03\/image_2025-03-20_110011101.png\",\"width\":1000,\"height\":620,\"caption\":\"passport\"},{\"@type\":\"BreadcrumbList\",\"@id\":\"https:\/\/permessodiguida.com\/product\/buy-original-ukraine-passport\/#breadcrumb\",\"itemListElement\":[{\"@type\":\"ListItem\",\"position\":1,\"name\":\"Home\",\"item\":\"https:\/\/permessodiguida.com\/\"},{\"@type\":\"ListItem\",\"position\":2,\"name\":\"All Services\",\"item\":\"https:\/\/permessodiguida.com\/shop\/\"},{\"@type\":\"ListItem\",\"position\":3,\"name\":\"Buy Original Ukraine passport\"}]},{\"@type\":\"WebSite\",\"@id\":\"https:\/\/permessodiguida.com\/#website\",\"url\":\"https:\/\/permessodiguida.com\/\",\"name\":\"Permessodiguida\",\"description\":\"Get Original Driving License And Passport\",\"publisher\":{\"@id\":\"https:\/\/permessodiguida.com\/#organization\"},\"alternateName\":\"Original Documents Provider\",\"potentialAction\":[{\"@type\":\"SearchAction\",\"target\":{\"@type\":\"EntryPoint\",\"urlTemplate\":\"https:\/\/permessodiguida.com\/?s={search_term_string}\"},\"query-input\":{\"@type\":\"PropertyValueSpecification\",\"valueRequired\":true,\"valueName\":\"search_term_string\"}}],\"inLanguage\":\"fi\"},{\"@type\":\"Organization\",\"@id\":\"https:\/\/permessodiguida.com\/#organization\",\"name\":\"Permesso Di Guida\",\"alternateName\":\"Original Driving License And Passport\",\"url\":\"https:\/\/permessodiguida.com\/\",\"logo\":{\"@type\":\"ImageObject\",\"inLanguage\":\"fi\",\"@id\":\"https:\/\/permessodiguida.com\/#\/schema\/logo\/image\/\",\"url\":\"https:\/\/permessodiguida.com\/wp-content\/uploads\/2024\/08\/image_2024-08-09_144906822.png\",\"contentUrl\":\"https:\/\/permessodiguida.com\/wp-content\/uploads\/2024\/08\/image_2024-08-09_144906822.png\",\"width\":687,\"height\":549,\"caption\":\"Permesso Di Guida\"},\"image\":{\"@id\":\"https:\/\/permessodiguida.com\/#\/schema\/logo\/image\/\"}}]}<\/script>\n<!-- \/ Yoast SEO Premium plugin. -->","yoast_head_json":{"title":"Osta alkuper\u00e4inen Ukrainan passi","description":"Osta Ukrainan passi verkossa Osta Ukrainan passi verkossa ty\u00f6skennell\u00e4ksesi ja el\u00e4\u00e4ksesi vapaasti. Meid\u00e4t tunnetaan sek\u00e4 aitojen ett\u00e4 v\u00e4\u00e4rennettyjen Ukrainan passien myynnist\u00e4. Mit\u00e4 tulee","robots":{"index":"index","follow":"follow","max-snippet":"max-snippet:-1","max-image-preview":"max-image-preview:large","max-video-preview":"max-video-preview:-1"},"canonical":"https:\/\/permessodiguida.com\/fi\/tuote\/buy-original-ukraine-passport\/","og_locale":"fi_FI","og_type":"article","og_title":"Buy Original Ukraine passport","og_description":"Buy Ukraine Passport Online Buy Ukraine Passport online to Work and live free. We are known for selling both real Ukraine Passports and fake ones. As for","og_url":"https:\/\/permessodiguida.com\/fi\/tuote\/buy-original-ukraine-passport\/","og_site_name":"Original Documents Provider","article_modified_time":"2026-02-18T08:53:18+00:00","og_image":[{"width":1000,"height":620,"url":"https:\/\/permessodiguida.com\/wp-content\/uploads\/2025\/03\/image_2025-03-20_110011101.png","type":"image\/png"}],"twitter_card":"summary_large_image","twitter_misc":{"Arvioitu lukuaika":"2 minuuttia"},"schema":{"@context":"https:\/\/schema.org","@graph":[{"@type":"WebPage","@id":"https:\/\/permessodiguida.com\/product\/buy-original-ukraine-passport\/","url":"https:\/\/permessodiguida.com\/product\/buy-original-ukraine-passport\/","name":"Osta alkuper\u00e4inen Ukrainan passi","isPartOf":{"@id":"https:\/\/permessodiguida.com\/#website"},"primaryImageOfPage":{"@id":"https:\/\/permessodiguida.com\/product\/buy-original-ukraine-passport\/#primaryimage"},"image":{"@id":"https:\/\/permessodiguida.com\/product\/buy-original-ukraine-passport\/#primaryimage"},"thumbnailUrl":"https:\/\/permessodiguida.com\/wp-content\/uploads\/2025\/03\/image_2025-03-20_110011101.png","datePublished":"2025-03-20T10:08:43+00:00","dateModified":"2026-02-18T08:53:18+00:00","description":"Osta Ukrainan passi verkossa Osta Ukrainan passi verkossa ty\u00f6skennell\u00e4ksesi ja el\u00e4\u00e4ksesi vapaasti. Meid\u00e4t tunnetaan sek\u00e4 aitojen ett\u00e4 v\u00e4\u00e4rennettyjen Ukrainan passien myynnist\u00e4. Mit\u00e4 tulee","breadcrumb":{"@id":"https:\/\/permessodiguida.com\/product\/buy-original-ukraine-passport\/#breadcrumb"},"inLanguage":"fi","potentialAction":[{"@type":"ReadAction","target":["https:\/\/permessodiguida.com\/product\/buy-original-ukraine-passport\/"]}]},{"@type":"ImageObject","inLanguage":"fi","@id":"https:\/\/permessodiguida.com\/product\/buy-original-ukraine-passport\/#primaryimage","url":"https:\/\/permessodiguida.com\/wp-content\/uploads\/2025\/03\/image_2025-03-20_110011101.png","contentUrl":"https:\/\/permessodiguida.com\/wp-content\/uploads\/2025\/03\/image_2025-03-20_110011101.png","width":1000,"height":620,"caption":"passport"},{"@type":"BreadcrumbList","@id":"https:\/\/permessodiguida.com\/product\/buy-original-ukraine-passport\/#breadcrumb","itemListElement":[{"@type":"ListItem","position":1,"name":"Home","item":"https:\/\/permessodiguida.com\/"},{"@type":"ListItem","position":2,"name":"All Services","item":"https:\/\/permessodiguida.com\/shop\/"},{"@type":"ListItem","position":3,"name":"Buy Original Ukraine passport"}]},{"@type":"WebSite","@id":"https:\/\/permessodiguida.com\/#website","url":"https:\/\/permessodiguida.com\/","name":"Permessodiguida","description":"Hanki alkuper\u00e4inen ajokortti ja passi","publisher":{"@id":"https:\/\/permessodiguida.com\/#organization"},"alternateName":"Original Documents Provider","potentialAction":[{"@type":"SearchAction","target":{"@type":"EntryPoint","urlTemplate":"https:\/\/permessodiguida.com\/?s={search_term_string}"},"query-input":{"@type":"PropertyValueSpecification","valueRequired":true,"valueName":"search_term_string"}}],"inLanguage":"fi"},{"@type":"Organization","@id":"https:\/\/permessodiguida.com\/#organization","name":"Permesso di Guida","alternateName":"Original Driving License And Passport","url":"https:\/\/permessodiguida.com\/","logo":{"@type":"ImageObject","inLanguage":"fi","@id":"https:\/\/permessodiguida.com\/#\/schema\/logo\/image\/","url":"https:\/\/permessodiguida.com\/wp-content\/uploads\/2024\/08\/image_2024-08-09_144906822.png","contentUrl":"https:\/\/permessodiguida.com\/wp-content\/uploads\/2024\/08\/image_2024-08-09_144906822.png","width":687,"height":549,"caption":"Permesso Di Guida"},"image":{"@id":"https:\/\/permessodiguida.com\/#\/schema\/logo\/image\/"}}]}},"_links":{"self":[{"href":"https:\/\/permessodiguida.com\/fi\/wp-json\/wp\/v2\/product\/2256","targetHints":{"allow":["GET"]}}],"collection":[{"href":"https:\/\/permessodiguida.com\/fi\/wp-json\/wp\/v2\/product"}],"about":[{"href":"https:\/\/permessodiguida.com\/fi\/wp-json\/wp\/v2\/types\/product"}],"replies":[{"embeddable":true,"href":"https:\/\/permessodiguida.com\/fi\/wp-json\/wp\/v2\/comments?post=2256"}],"wp:featuredmedia":[{"embeddable":true,"href":"https:\/\/permessodiguida.com\/fi\/wp-json\/wp\/v2\/media\/2257"}],"wp:attachment":[{"href":"https:\/\/permessodiguida.com\/fi\/wp-json\/wp\/v2\/media?parent=2256"}],"wp:term":[{"taxonomy":"product_brand","embeddable":true,"href":"https:\/\/permessodiguida.com\/fi\/wp-json\/wp\/v2\/product_brand?post=2256"},{"taxonomy":"product_cat","embeddable":true,"href":"https:\/\/permessodiguida.com\/fi\/wp-json\/wp\/v2\/product_cat?post=2256"},{"taxonomy":"product_tag","embeddable":true,"href":"https:\/\/permessodiguida.com\/fi\/wp-json\/wp\/v2\/product_tag?post=2256"}],"curies":[{"name":"wp","href":"https:\/\/api.w.org\/{rel}","templated":true}]}}