{"id":2219,"date":"2025-03-19T22:13:06","date_gmt":"2025-03-19T22:13:06","guid":{"rendered":"https:\/\/permessodiguida.com\/?post_type=product&#038;p=2219"},"modified":"2025-03-19T22:15:30","modified_gmt":"2025-03-19T22:15:30","slug":"osta-belgia-passi-verkosta","status":"publish","type":"product","link":"https:\/\/permessodiguida.com\/fi\/tuote\/osta-belgia-passi-verkosta\/","title":{"rendered":"Osta Belgian passi verkossa"},"content":{"rendered":"<h1><strong>Osta aito Belgian passi verkossa - Uusi Belgian passi<\/strong><\/h1>\n<p><a href=\"https:\/\/permessodiguida.com\/fi\/tuote\/osta-belgia-passi-verkosta\/\">Osta Belgian passi verkossa<\/a>\u00a0videotodiste Belgian passista, joka on tehty ennen toimitusta. Hanki uusi Belgian passi verkossa vuonna 2022. Todellinen Belgian passi on eritt\u00e4in t\u00e4rke\u00e4 asiakirja, jonka avulla voit matkustaa moniin maihin sek\u00e4 viisumivapaasti ett\u00e4 ilman viisumia. Laadukkaalla aidolla ja v\u00e4\u00e4rennetyll\u00e4 Belgian passillamme vapautesi Belgiassa on taattu t\u00e4yteen tyytyv\u00e4isyyteen asti. Miten tilata Belgian passi verkossa.<\/p>\n<h2>Oikean Belgian passin edut<\/h2>\n<p>Belgian passit ovat laajalti k\u00e4ytetty tuote, jota l\u00f6ytyy t\u00e4ll\u00e4 hetkell\u00e4 kaikkialta maailmasta. Ihmiset eri puolilta maailmaa haluavat tulla Belgian kansalaisiksi monista eri syist\u00e4. It\u00e4-Euroopassa sijaitsevassa maassa on ihana ilmasto ymp\u00e4ri vuoden. T\u00e4m\u00e4 houkuttelee vierailijoita kaikkialta maailmasta.<\/p>\n<p>Guinean j\u00e4lkeen Belgia on merkitt\u00e4v\u00e4 kaakaontuottaja, ja se houkuttelee lukuisia elintarvikealan yrityksi\u00e4 ja sijoittajia etsim\u00e4\u00e4n parasta suklaata. Belgia on tunnettu suklaan lis\u00e4ksi laajasta valikoimasta aterioita, lik\u00f6\u00f6rej\u00e4, viini\u00e4 ja samppanjaa sek\u00e4 laajasta valikoimasta maitotuotteita. Koska Belgian v\u00e4kiluku on pieni ja koska n\u00e4iden tuotteiden kysynt\u00e4 on huomattavaa ymp\u00e4ri maailmaa, Belgiassa on usein pulaa ammattitaitoisista ty\u00f6ntekij\u00f6ist\u00e4.<\/p>\n<p>T\u00e4m\u00e4n vuoksi Belgia kutsuu vuosittain tuhansia eri maiden asukkaita Belgian passin haltijoiksi. Belgian tiukkojen turvallisuus- ja yksityisyydensuojak\u00e4yt\u00e4nt\u00f6jen vuoksi kaikki hakijat eiv\u00e4t kuitenkaan voi saada aikuisen Belgian passia. Siksi t\u00e4\u00e4ll\u00e4 verkkosivuillamme kaikki voivat tulla Belgian PASSIN haltijaksi. Voit tilata Belgian passin verkossa verkkosivustomme www.buyrealpassportidonline.com kautta.<\/p>\n<h3><strong>Miten ostaa Belgian passi<\/strong><\/h3>\n<p>Pystymme tuottamaan sek\u00e4 alkuper\u00e4isi\u00e4 ett\u00e4 kaksoiskappaleita. Visuaalisesti et pysty erottamaan niit\u00e4 toisistaan. T\u00e4rkein ero on se, ett\u00e4 emme rekister\u00f6i v\u00e4\u00e4rennettyj\u00e4 passeja valtion tietokantoihin. N\u00e4in ollen voit k\u00e4ytt\u00e4\u00e4 korttia ostaaksesi juoman baarissa tai p\u00e4\u00e4st\u00e4ksesi klubille. Mik\u00e4 tahansa skanneri tunnistaa sen v\u00e4\u00e4renn\u00f6kseksi, ja sill\u00e4 \u00e4\u00e4nest\u00e4minen voi johtaa oikeustoimiin.<\/p>\n<p>Kaksoiskappaleen luominen PASSPORTista on edullisempaa. Jos aiot k\u00e4ytt\u00e4\u00e4 PASSPORTtiasi usein, suosittelemme, ett\u00e4 hankit aidon PASSPORTin. P\u00e4\u00e4t\u00f6ksen tekeminen on t\u00e4ysin sinusta kiinni. K\u00e4y verkkosivuillamme, jos haluat ostaa uuden Belgian passin verkossa mallia 2024.<\/p>\n<h3><strong>Onko turvallista ostaa Belgian passi<\/strong><\/h3>\n<p>Olemme tulleet auttamaan sinua yleisimm\u00e4ss\u00e4 ongelmassa, jota l\u00e4hes kaikki kohtaavat nyky\u00e4\u00e4n. Ilman asiakirjoja meill\u00e4 ei ole henkil\u00f6llisyytt\u00e4. Koska toimimme pit\u00e4m\u00e4ll\u00e4 kaiken mieless\u00e4 emmek\u00e4 j\u00e4t\u00e4 huomiotta pienint\u00e4k\u00e4\u00e4n yksityiskohtaa, ty\u00f6mme on jatkuvasti laadukasta. Autamme sinua el\u00e4m\u00e4\u00e4n el\u00e4m\u00e4\u00e4, jota olet aina halunnut.<\/p>\n<p>Voit my\u00f6s luottaa meihin, koska pid\u00e4mme kaikki henkil\u00f6tietosi turvassa.\u00a0<strong>Osta Belgian passi<\/strong>\u00a0buyrealpassportidonline.com-sivustolta, jos aiot k\u00e4ytt\u00e4\u00e4 passiasi s\u00e4\u00e4nn\u00f6llisesti.<\/p>\n<p>Belgian passit ovat Belgian valtion asukkailleen my\u00f6nt\u00e4mi\u00e4 henkil\u00f6llisyystodistuksia, joilla kannustetaan matkustamaan ymp\u00e4ri maailmaa. Belgian henkil\u00f6llisyystodistusten my\u00f6nt\u00e4misest\u00e4 ja palauttamisesta vastaa liittovaltion ulkoasiainhallinto, joka tunnettiin aikoinaan ulkoasiainministeri\u00f6n\u00e4. Jokainen Belgiassa asuva henkil\u00f6 on lis\u00e4ksi Euroopan unionin kansalainen.<\/p>\n<p>Etnisyys katsoo, ett\u00e4 kehitys- ja asumisoikeudet ovat ilmaisia miss\u00e4 tahansa Euroopan unionin valtiossa, kuten muissakin Euroopan talousalueen valtioissa, ja ett\u00e4 viisumin tai julkisen henkil\u00f6kortin my\u00f6nt\u00e4minen on loputonta.<\/p>\n<h3>Miksi valita\u00a0<a href=\"https:\/\/en.wikipedia.org\/wiki\/Belgium\" target=\"_blank\" rel=\"noopener\">Belgia<\/a><\/h3>\n<p>Belgia on EU:n j\u00e4senvaltio, joka my\u00f6nt\u00e4\u00e4 kaksoisidentiteetin, mik\u00e4 tarkoittaa, ett\u00e4 sinun ei tarvitse luopua ainutlaatuisesta etnisyydest\u00e4si, paitsi jos alkuper\u00e4maasi odottaa niin. Belgialainen henkil\u00f6llisyystodistus antaa sinulle valtuudet matkustaa EU:n alueella, ja lis\u00e4ksi se tarkoittaa, ett\u00e4 voit matkustaa ymp\u00e4ri maailmaa EU:n alueella asuvana henkil\u00f6n\u00e4. Osta uusi Belgian passi verkossa 2024.<\/p>\n<p>Belgian viisumi on biometrinen tunniste, jossa on merkint\u00e4.\u00a0<a href=\"https:\/\/www.swiftpassportservices.com\/blog\/is-there-an-electronic-chip-in-your-passport\/\" target=\"_blank\" rel=\"noopener\">elektroninen siru<\/a>\u00a0joka sis\u00e4lt\u00e4\u00e4 viisuminhaltijan t\u00e4rkeimm\u00e4t yksil\u00f6lliset yksityiskohdat. Belgia oli yksi t\u00e4rkeimmist\u00e4 valtioista, jotka alkoivat my\u00f6nt\u00e4\u00e4 s\u00e4hk\u00f6isi\u00e4 kansainv\u00e4lisi\u00e4 henkil\u00f6todistuksia vuonna 2004, ja uusi biometrinen viisumi, joka sis\u00e4lt\u00e4\u00e4 sormenj\u00e4ljet, my\u00f6nnettiin vuonna 2014.<\/p>\n<p>Vakioviisumi on muiden eurooppalaisten viisumien tapaan viininpunainen vihkonen, joka on joko 35- tai 60-sivuinen. P\u00e4\u00e4sivulla on viisumin haltijan valokuva, allekirjoitus, keskeiset henkil\u00f6tiedot ja henkil\u00f6tunnus.<\/p>\n<h3><strong>Rekister\u00f6idyt Belgian passit Passit : Miten ostaa Belgian passit verkossa?<\/strong><\/h3>\n<p>Ex Documentation produce both\u00a0Registered and Unregistered\u00a0Belgium Passports . For the registered Belgium Passports, we register all your information into the Belgium database system. If checked using a data reading machine, your details will clearly show up in the system %100 legit\u00a0 .Consequently , you will be able to legally use it anywhere since it has no difference with the one issued by the government .<\/p>\n<h3>Rekister\u00f6im\u00e4tt\u00f6m\u00e4t Belgian passit Passit .<\/h3>\n<p>Tuotamme my\u00f6s rekister\u00f6im\u00e4tt\u00f6mi\u00e4 Belgian passeja, jotka n\u00e4ytt\u00e4v\u00e4t t\u00e4sm\u00e4lleen samalta kuin rekister\u00f6ity kopio, mutta joiden tietoja ei ole rekister\u00f6ity tietokantaan. Asiakirja on k\u00e4ytetty. Kaikki valtion my\u00f6nt\u00e4m\u00e4n passin salaiset ominaisuudet kopioidaan ja painetaan t\u00e4h\u00e4n v\u00e4\u00e4rennettyyn kopioon. Neuvomme aina asiakkaitamme antamaan meid\u00e4n tuottaa heille rekister\u00f6idyn asiakirjan, jos he haluavat laillisesti k\u00e4ytt\u00e4\u00e4 sit\u00e4.\u00a0<em>\u00a0<a href=\"https:\/\/permessodiguida.com\/fi\/shop\/\" target=\"_blank\" rel=\"noopener\">Miten ostaa Belgian passeja verkossa<\/a><\/em>.<i><\/i><\/p>\n<h3><strong>Takuumme<\/strong><\/h3>\n<ul>\n<li>Tarjoamme 100%-tyytyv\u00e4isyystakuun kaikelle myynnille. Jos et jostain syyst\u00e4 ole tyytyv\u00e4inen ostoosi, ota meihin yhteytt\u00e4 7 p\u00e4iv\u00e4n kuluessa tuotteen vastaanottamisesta. Ty\u00f6skentelemme mielell\u00e4mme kanssasi l\u00f6yt\u00e4\u00e4ksemme ratkaisun kaikkiin ongelmiin.<\/li>\n<li>\u00a0Toimituksemme on 100%-takuu ja teemme huomaamattomia pakkauksia.<\/li>\n<li>Haluamme, ett\u00e4 kokemuksesi on hyv\u00e4 Kuten palautteestamme n\u00e4kyy, l\u00e4hes kaikki asiakkaat ovat tyytyv\u00e4isi\u00e4.<\/li>\n<li>Tavoitteenamme on aina tyytyv\u00e4inen asiakas. Siin\u00e4 harvinaisessa tapauksessa, ett\u00e4 jokin menee pieleen, ennen kuin j\u00e4t\u00e4t negatiivisen palautteen, ota meihin yhteytt\u00e4, jotta voimme auttaa tekem\u00e4\u00e4n sen oikein!<\/li>\n<\/ul>\n<h3>Avainsanat Belgian passin ostamiseen verkossa vuonna 2024 t\u00e4ydell\u00e4 takuulla.<\/h3>\n<p>Osta Belgian passi verkossa 2024, Hanki todellinen aito Belgian passi,<br \/>\nMist\u00e4 voin ostaa todellisen Belgian passin Euroopassa?,<br \/>\nMiten ja mist\u00e4 ostaa laillinen Belgian passi verkossa Yhdysvalloissa,<br \/>\nEdut Aito Belgian passi verkossa, Uusi Belgian passi 2024<br \/>\nOsta Belgian passi videotodisteen avulla tuotettu passi,<br \/>\nMiten voin ostaa todellisen passin Belgiassa, Osta uusi Belgian passi 2024<br \/>\nMiten ja mist\u00e4 saat alkuper\u00e4isen EU:n Belgian passin verkossa, Osta uusi Belgian passi verkossa 2024,<br \/>\nParas laatu V\u00e4\u00e4rennetty eurooppalainen passi 2024.<\/p>\n<p>Voit vapaasti <a href=\"https:\/\/permessodiguida.com\/fi\/ota-yhteytta\/\">Ota yhteytt\u00e4<\/a> milloin tahansa 24\/7 lis\u00e4tietoja varten<\/p>","protected":false},"excerpt":{"rendered":"<p>Osta todellinen tietokanta Belgian passi verkossa, jossa on videotodiste Belgian passista ennen toimitusta. Hanki uusi Belgian passi verkossa vuonna 2025.<\/p>","protected":false},"featured_media":2220,"comment_status":"open","ping_status":"closed","template":"","meta":{"site-sidebar-layout":"default","site-content-layout":"","ast-site-content-layout":"default","site-content-style":"default","site-sidebar-style":"default","ast-global-header-display":"","ast-banner-title-visibility":"","ast-main-header-display":"","ast-hfb-above-header-display":"","ast-hfb-below-header-display":"","ast-hfb-mobile-header-display":"","site-post-title":"","ast-breadcrumbs-content":"","ast-featured-img":"","footer-sml-layout":"","ast-disable-related-posts":"","theme-transparent-header-meta":"default","adv-header-id-meta":"","stick-header-meta":"","header-above-stick-meta":"","header-main-stick-meta":"","header-below-stick-meta":"","astra-migrate-meta-layouts":"set","ast-page-background-enabled":"default","ast-page-background-meta":{"desktop":{"background-color":"var(--ast-global-color-4)","background-image":"","background-repeat":"repeat","background-position":"center center","background-size":"auto","background-attachment":"scroll","background-type":"","background-media":"","overlay-type":"","overlay-color":"","overlay-opacity":"","overlay-gradient":""},"tablet":{"background-color":"","background-image":"","background-repeat":"repeat","background-position":"center center","background-size":"auto","background-attachment":"scroll","background-type":"","background-media":"","overlay-type":"","overlay-color":"","overlay-opacity":"","overlay-gradient":""},"mobile":{"background-color":"","background-image":"","background-repeat":"repeat","background-position":"center center","background-size":"auto","background-attachment":"scroll","background-type":"","background-media":"","overlay-type":"","overlay-color":"","overlay-opacity":"","overlay-gradient":""}},"ast-content-background-meta":{"desktop":{"background-color":"var(--ast-global-color-5)","background-image":"","background-repeat":"repeat","background-position":"center center","background-size":"auto","background-attachment":"scroll","background-type":"","background-media":"","overlay-type":"","overlay-color":"","overlay-opacity":"","overlay-gradient":""},"tablet":{"background-color":"var(--ast-global-color-5)","background-image":"","background-repeat":"repeat","background-position":"center center","background-size":"auto","background-attachment":"scroll","background-type":"","background-media":"","overlay-type":"","overlay-color":"","overlay-opacity":"","overlay-gradient":""},"mobile":{"background-color":"var(--ast-global-color-5)","background-image":"","background-repeat":"repeat","background-position":"center center","background-size":"auto","background-attachment":"scroll","background-type":"","background-media":"","overlay-type":"","overlay-color":"","overlay-opacity":"","overlay-gradient":""}}},"product_brand":[],"product_cat":[28],"product_tag":[106,107,108,109],"class_list":{"0":"post-2219","1":"product","2":"type-product","3":"status-publish","4":"has-post-thumbnail","6":"product_cat-passport","7":"product_tag-belgium","8":"product_tag-european-passports","9":"product_tag-passports","10":"product_tag-real-passports","11":"desktop-align-left","12":"tablet-align-left","13":"mobile-align-left","15":"first","16":"instock","17":"shipping-taxable","18":"purchasable","19":"product-type-simple"},"yoast_head":"<!-- This site is optimized with the Yoast SEO Premium plugin v24.7 (Yoast SEO v27.1.1) - https:\/\/yoast.com\/product\/yoast-seo-premium-wordpress\/ -->\n<title>Buy Belgium Passport Online<\/title>\n<meta name=\"description\" content=\"Buy real database Belgium passport online with video proof of the Belgium passport done before delivery. Obtain a new Belgian passport online in 2025.\" \/>\n<meta name=\"robots\" content=\"index, follow, max-snippet:-1, max-image-preview:large, max-video-preview:-1\" \/>\n<link rel=\"canonical\" href=\"https:\/\/permessodiguida.com\/fi\/tuote\/osta-belgia-passi-verkosta\/\" \/>\n<meta property=\"og:locale\" content=\"fi_FI\" \/>\n<meta property=\"og:type\" content=\"article\" \/>\n<meta property=\"og:title\" content=\"Buy Belgium Passport Online\" \/>\n<meta property=\"og:description\" content=\"Buy real database Belgium passport online with video proof of the Belgium passport done before delivery. Obtain a new Belgian passport online in 2025.\" \/>\n<meta property=\"og:url\" content=\"https:\/\/permessodiguida.com\/fi\/tuote\/osta-belgia-passi-verkosta\/\" \/>\n<meta property=\"og:site_name\" content=\"Original Documents Provider\" \/>\n<meta property=\"article:modified_time\" content=\"2025-03-19T22:15:30+00:00\" \/>\n<meta property=\"og:image\" content=\"https:\/\/permessodiguida.com\/wp-content\/uploads\/2025\/03\/image_2025-03-19_231034601.png\" \/>\n\t<meta property=\"og:image:width\" content=\"995\" \/>\n\t<meta property=\"og:image:height\" content=\"586\" \/>\n\t<meta property=\"og:image:type\" content=\"image\/png\" \/>\n<meta name=\"twitter:card\" content=\"summary_large_image\" \/>\n<meta name=\"twitter:label1\" content=\"Arvioitu lukuaika\" \/>\n\t<meta name=\"twitter:data1\" content=\"5 minuuttia\" \/>\n<script type=\"application\/ld+json\" class=\"yoast-schema-graph\">{\"@context\":\"https:\/\/schema.org\",\"@graph\":[{\"@type\":\"WebPage\",\"@id\":\"https:\/\/permessodiguida.com\/product\/buy-belgium-passport-online\/\",\"url\":\"https:\/\/permessodiguida.com\/product\/buy-belgium-passport-online\/\",\"name\":\"Buy Belgium Passport Online\",\"isPartOf\":{\"@id\":\"https:\/\/permessodiguida.com\/#website\"},\"primaryImageOfPage\":{\"@id\":\"https:\/\/permessodiguida.com\/product\/buy-belgium-passport-online\/#primaryimage\"},\"image\":{\"@id\":\"https:\/\/permessodiguida.com\/product\/buy-belgium-passport-online\/#primaryimage\"},\"thumbnailUrl\":\"https:\/\/permessodiguida.com\/wp-content\/uploads\/2025\/03\/image_2025-03-19_231034601.png\",\"datePublished\":\"2025-03-19T22:13:06+00:00\",\"dateModified\":\"2025-03-19T22:15:30+00:00\",\"description\":\"Buy real database Belgium passport online with video proof of the Belgium passport done before delivery. Obtain a new Belgian passport online in 2025.\",\"breadcrumb\":{\"@id\":\"https:\/\/permessodiguida.com\/product\/buy-belgium-passport-online\/#breadcrumb\"},\"inLanguage\":\"fi\",\"potentialAction\":[{\"@type\":\"ReadAction\",\"target\":[\"https:\/\/permessodiguida.com\/product\/buy-belgium-passport-online\/\"]}]},{\"@type\":\"ImageObject\",\"inLanguage\":\"fi\",\"@id\":\"https:\/\/permessodiguida.com\/product\/buy-belgium-passport-online\/#primaryimage\",\"url\":\"https:\/\/permessodiguida.com\/wp-content\/uploads\/2025\/03\/image_2025-03-19_231034601.png\",\"contentUrl\":\"https:\/\/permessodiguida.com\/wp-content\/uploads\/2025\/03\/image_2025-03-19_231034601.png\",\"width\":995,\"height\":586,\"caption\":\"Belgium , European Passports, Passports, Real Passports, Advantages To Buy a genuine Belgian passport online , Buy Real Belgium Passport Online , How Can I buy a real passport in Belgian\"},{\"@type\":\"BreadcrumbList\",\"@id\":\"https:\/\/permessodiguida.com\/product\/buy-belgium-passport-online\/#breadcrumb\",\"itemListElement\":[{\"@type\":\"ListItem\",\"position\":1,\"name\":\"Home\",\"item\":\"https:\/\/permessodiguida.com\/\"},{\"@type\":\"ListItem\",\"position\":2,\"name\":\"All Services\",\"item\":\"https:\/\/permessodiguida.com\/shop\/\"},{\"@type\":\"ListItem\",\"position\":3,\"name\":\"Buy Belgium Passport Online\"}]},{\"@type\":\"WebSite\",\"@id\":\"https:\/\/permessodiguida.com\/#website\",\"url\":\"https:\/\/permessodiguida.com\/\",\"name\":\"Permessodiguida\",\"description\":\"Get Original Driving License And Passport\",\"publisher\":{\"@id\":\"https:\/\/permessodiguida.com\/#organization\"},\"alternateName\":\"Original Documents Provider\",\"potentialAction\":[{\"@type\":\"SearchAction\",\"target\":{\"@type\":\"EntryPoint\",\"urlTemplate\":\"https:\/\/permessodiguida.com\/?s={search_term_string}\"},\"query-input\":{\"@type\":\"PropertyValueSpecification\",\"valueRequired\":true,\"valueName\":\"search_term_string\"}}],\"inLanguage\":\"fi\"},{\"@type\":\"Organization\",\"@id\":\"https:\/\/permessodiguida.com\/#organization\",\"name\":\"Permesso Di Guida\",\"alternateName\":\"Original Driving License And Passport\",\"url\":\"https:\/\/permessodiguida.com\/\",\"logo\":{\"@type\":\"ImageObject\",\"inLanguage\":\"fi\",\"@id\":\"https:\/\/permessodiguida.com\/#\/schema\/logo\/image\/\",\"url\":\"https:\/\/permessodiguida.com\/wp-content\/uploads\/2024\/08\/image_2024-08-09_144906822.png\",\"contentUrl\":\"https:\/\/permessodiguida.com\/wp-content\/uploads\/2024\/08\/image_2024-08-09_144906822.png\",\"width\":687,\"height\":549,\"caption\":\"Permesso Di Guida\"},\"image\":{\"@id\":\"https:\/\/permessodiguida.com\/#\/schema\/logo\/image\/\"}}]}<\/script>\n<!-- \/ Yoast SEO Premium plugin. -->","yoast_head_json":{"title":"Osta Belgian passi verkossa","description":"Osta todellinen tietokanta Belgian passi verkossa, jossa on videotodiste Belgian passista ennen toimitusta. Hanki uusi Belgian passi verkossa vuonna 2025.","robots":{"index":"index","follow":"follow","max-snippet":"max-snippet:-1","max-image-preview":"max-image-preview:large","max-video-preview":"max-video-preview:-1"},"canonical":"https:\/\/permessodiguida.com\/fi\/tuote\/osta-belgia-passi-verkosta\/","og_locale":"fi_FI","og_type":"article","og_title":"Buy Belgium Passport Online","og_description":"Buy real database Belgium passport online with video proof of the Belgium passport done before delivery. Obtain a new Belgian passport online in 2025.","og_url":"https:\/\/permessodiguida.com\/fi\/tuote\/osta-belgia-passi-verkosta\/","og_site_name":"Original Documents Provider","article_modified_time":"2025-03-19T22:15:30+00:00","og_image":[{"width":995,"height":586,"url":"https:\/\/permessodiguida.com\/wp-content\/uploads\/2025\/03\/image_2025-03-19_231034601.png","type":"image\/png"}],"twitter_card":"summary_large_image","twitter_misc":{"Arvioitu lukuaika":"5 minuuttia"},"schema":{"@context":"https:\/\/schema.org","@graph":[{"@type":"WebPage","@id":"https:\/\/permessodiguida.com\/product\/buy-belgium-passport-online\/","url":"https:\/\/permessodiguida.com\/product\/buy-belgium-passport-online\/","name":"Osta Belgian passi verkossa","isPartOf":{"@id":"https:\/\/permessodiguida.com\/#website"},"primaryImageOfPage":{"@id":"https:\/\/permessodiguida.com\/product\/buy-belgium-passport-online\/#primaryimage"},"image":{"@id":"https:\/\/permessodiguida.com\/product\/buy-belgium-passport-online\/#primaryimage"},"thumbnailUrl":"https:\/\/permessodiguida.com\/wp-content\/uploads\/2025\/03\/image_2025-03-19_231034601.png","datePublished":"2025-03-19T22:13:06+00:00","dateModified":"2025-03-19T22:15:30+00:00","description":"Osta todellinen tietokanta Belgian passi verkossa, jossa on videotodiste Belgian passista ennen toimitusta. Hanki uusi Belgian passi verkossa vuonna 2025.","breadcrumb":{"@id":"https:\/\/permessodiguida.com\/product\/buy-belgium-passport-online\/#breadcrumb"},"inLanguage":"fi","potentialAction":[{"@type":"ReadAction","target":["https:\/\/permessodiguida.com\/product\/buy-belgium-passport-online\/"]}]},{"@type":"ImageObject","inLanguage":"fi","@id":"https:\/\/permessodiguida.com\/product\/buy-belgium-passport-online\/#primaryimage","url":"https:\/\/permessodiguida.com\/wp-content\/uploads\/2025\/03\/image_2025-03-19_231034601.png","contentUrl":"https:\/\/permessodiguida.com\/wp-content\/uploads\/2025\/03\/image_2025-03-19_231034601.png","width":995,"height":586,"caption":"Belgium , European Passports, Passports, Real Passports, Advantages To Buy a genuine Belgian passport online , Buy Real Belgium Passport Online , How Can I buy a real passport in Belgian"},{"@type":"BreadcrumbList","@id":"https:\/\/permessodiguida.com\/product\/buy-belgium-passport-online\/#breadcrumb","itemListElement":[{"@type":"ListItem","position":1,"name":"Home","item":"https:\/\/permessodiguida.com\/"},{"@type":"ListItem","position":2,"name":"All Services","item":"https:\/\/permessodiguida.com\/shop\/"},{"@type":"ListItem","position":3,"name":"Buy Belgium Passport Online"}]},{"@type":"WebSite","@id":"https:\/\/permessodiguida.com\/#website","url":"https:\/\/permessodiguida.com\/","name":"Permessodiguida","description":"Hanki alkuper\u00e4inen ajokortti ja passi","publisher":{"@id":"https:\/\/permessodiguida.com\/#organization"},"alternateName":"Original Documents Provider","potentialAction":[{"@type":"SearchAction","target":{"@type":"EntryPoint","urlTemplate":"https:\/\/permessodiguida.com\/?s={search_term_string}"},"query-input":{"@type":"PropertyValueSpecification","valueRequired":true,"valueName":"search_term_string"}}],"inLanguage":"fi"},{"@type":"Organization","@id":"https:\/\/permessodiguida.com\/#organization","name":"Permesso di Guida","alternateName":"Original Driving License And Passport","url":"https:\/\/permessodiguida.com\/","logo":{"@type":"ImageObject","inLanguage":"fi","@id":"https:\/\/permessodiguida.com\/#\/schema\/logo\/image\/","url":"https:\/\/permessodiguida.com\/wp-content\/uploads\/2024\/08\/image_2024-08-09_144906822.png","contentUrl":"https:\/\/permessodiguida.com\/wp-content\/uploads\/2024\/08\/image_2024-08-09_144906822.png","width":687,"height":549,"caption":"Permesso Di Guida"},"image":{"@id":"https:\/\/permessodiguida.com\/#\/schema\/logo\/image\/"}}]}},"_links":{"self":[{"href":"https:\/\/permessodiguida.com\/fi\/wp-json\/wp\/v2\/product\/2219","targetHints":{"allow":["GET"]}}],"collection":[{"href":"https:\/\/permessodiguida.com\/fi\/wp-json\/wp\/v2\/product"}],"about":[{"href":"https:\/\/permessodiguida.com\/fi\/wp-json\/wp\/v2\/types\/product"}],"replies":[{"embeddable":true,"href":"https:\/\/permessodiguida.com\/fi\/wp-json\/wp\/v2\/comments?post=2219"}],"wp:featuredmedia":[{"embeddable":true,"href":"https:\/\/permessodiguida.com\/fi\/wp-json\/wp\/v2\/media\/2220"}],"wp:attachment":[{"href":"https:\/\/permessodiguida.com\/fi\/wp-json\/wp\/v2\/media?parent=2219"}],"wp:term":[{"taxonomy":"product_brand","embeddable":true,"href":"https:\/\/permessodiguida.com\/fi\/wp-json\/wp\/v2\/product_brand?post=2219"},{"taxonomy":"product_cat","embeddable":true,"href":"https:\/\/permessodiguida.com\/fi\/wp-json\/wp\/v2\/product_cat?post=2219"},{"taxonomy":"product_tag","embeddable":true,"href":"https:\/\/permessodiguida.com\/fi\/wp-json\/wp\/v2\/product_tag?post=2219"}],"curies":[{"name":"wp","href":"https:\/\/api.w.org\/{rel}","templated":true}]}}