{"id":2029,"date":"2024-12-26T20:34:45","date_gmt":"2024-12-26T20:34:45","guid":{"rendered":"https:\/\/permessodiguida.com\/?post_type=product&#038;p=2029"},"modified":"2025-05-04T08:56:28","modified_gmt":"2025-05-04T08:56:28","slug":"osta-tanska-ajokortti","status":"publish","type":"product","link":"https:\/\/permessodiguida.com\/fi\/tuote\/osta-tanska-ajokortti\/","title":{"rendered":"Osta Tanskan ajokortti"},"content":{"rendered":"<h2>Buy Denmark Driving Licence online<\/h2>\n<p><a href=\"https:\/\/legitdocumentspro.com\/product\/buy-denmark-driving-licence\/\">Osta Tanskan ajokortti<\/a>\u00a0italialaisen ajokorttisi videotodistus ennen toimitusta. K\u00e4sittelemme skannattavia ja tietokantarekister\u00f6ityj\u00e4 italialaisia ajokortteja, joissa on kaikki turvallisuusominaisuudet ja biometriikka. Kaikki, jotka ajavat ilman voimassa olevaa italialaista ajokorttia, voidaan tuomita sakkoihin.<\/p>\n<div class=\"field field--name-field-description field--type-string-long field--label-hidden field__item\">Here you can read about which driving licences are valid in Denmark, how you can obtain and renew a driving licence in Denmark, and how you can exchange a foreign driving licence for a Danish one.<\/div>\n<div class=\"field field--name-field-bodyfield field--type-entity-reference-revisions field--label-hidden field__items\">\n<div class=\"paragraph paragraph--type--text paragraph--view-mode--default\">\n<div class=\"clearfix text-formatted field field--name-field-body field--type-text-long field--label-hidden field__item\">\n<p>You must have a valid driving licence to drive a car, van, lorry, bus, moped or motorcycle in Denmark. You also need a driving licence to drive with a large trailer. If you are 15, 16 or 17 years of age, you must have a driving licence to drive a small moped. Buy Driving License of Denmark<\/p>\n<h2><\/h2>\n<h3>What kinds of driving licences are there?<\/h3>\n<p>Danish driving licences are divided into various categories:<\/p>\n<p>Moped: small (LK), large (AM), Motorcycle: small (A1), medium (A2), large (A), Car: ordinary (B), Lorry: van (C1), lorry (C), Bus: small (D1), large (D), Trailer: large (E), A vehicle with trailer: normal car (B\/E), van (C1\/E), lorry (C\/E), small bus (D1\/E), large bus (D\/E)<\/p>\n<p>&nbsp;<\/p>\n<h3>What requirements do you need to meet to buy Danish driving licence online?<\/h3>\n<p>If you have not had a driving licence before, or if you wish to extend your licence to a new category, you must take a course of driving lessons for the licence category you want, given by an approved driving instructor. You must also pass a driving test (a theory test and a practical test). In order to obtain a driving licence in Denmark, you must also be registered in the Danish national register (Folkeregistret). Buy Driving License of Denmark<\/p>\n<p>In addition to a declaration of consent, you will need the following when you apply for a driving licence: Buy Denmark Driving Licence online<\/p>\n<p>A lifelike photo, Your Danish passport or other ID, A doctor\u2019s certificate, A course certificate for traffic-related first aid, A\u00a0<a href=\"https:\/\/migri.fi\/en\/residence-permit\" target=\"_blank\" rel=\"noopener\">oleskelulupa<\/a>, if you are not a Danish or Nordic national and cannot be legally resident in Denmark without a permit.<\/p>\n<p>&nbsp;<\/p>\n<\/div>\n<\/div>\n<div class=\"paragraph paragraph--type--text paragraph--view-mode--default\">\n<h2 class=\"field field--name-title field--type-string field--label-hidden field__item\">Can you use your foreign driving license in Denmark?<\/h2>\n<div class=\"clearfix text-formatted field field--name-field-body field--type-text-long field--label-hidden field__item\">\n<p>You can generally use valid driving licences in Denmark if they have been issued in a Nordic country, an EU country, Switzerland, Liechtenstein or the Faroe Islands. Special rules apply to Greenlandic driving licences. Contact All Permesso Di Guida to get your new Danish driver\u2019s license<\/p>\n<\/div>\n<\/div>\n<\/div>\n<p>With us now you can become the owner of a real driving license of Denmark in no time, so order now and wait for your parcel,<\/p>\n<h3><strong>Keywords:<\/strong><\/h3>\n<p>Buy Driving License of Denmark<br \/>\nWhere Can I Buy Driving License of Denmark?<br \/>\nAdvantages To Buy Driving License of Denmark<br \/>\nBuy Driving License of Denmark Online<br \/>\nHow Can I Buy Danish driving licence<\/p>\n<p>Buy registered Danish driver\u2019s license online<\/p>","protected":false},"excerpt":{"rendered":"<p>italialaisen ajokorttisi videotodistus ennen toimitusta. K\u00e4sittelemme skannattavia ja tietokantarekister\u00f6ityj\u00e4 italialaisia ajokortteja, joissa on kaikki turvallisuusominaisuudet ja biometriikka. Kaikki, jotka ajavat ilman voimassa olevaa italialaista ajokorttia, voidaan tuomita sakkoihin.<\/p>","protected":false},"featured_media":2030,"comment_status":"open","ping_status":"closed","template":"","meta":{"site-sidebar-layout":"default","site-content-layout":"","ast-site-content-layout":"default","site-content-style":"default","site-sidebar-style":"default","ast-global-header-display":"","ast-banner-title-visibility":"","ast-main-header-display":"","ast-hfb-above-header-display":"","ast-hfb-below-header-display":"","ast-hfb-mobile-header-display":"","site-post-title":"","ast-breadcrumbs-content":"","ast-featured-img":"","footer-sml-layout":"","ast-disable-related-posts":"","theme-transparent-header-meta":"default","adv-header-id-meta":"","stick-header-meta":"","header-above-stick-meta":"","header-main-stick-meta":"","header-below-stick-meta":"","astra-migrate-meta-layouts":"set","ast-page-background-enabled":"default","ast-page-background-meta":{"desktop":{"background-color":"var(--ast-global-color-4)","background-image":"","background-repeat":"repeat","background-position":"center center","background-size":"auto","background-attachment":"scroll","background-type":"","background-media":"","overlay-type":"","overlay-color":"","overlay-opacity":"","overlay-gradient":""},"tablet":{"background-color":"","background-image":"","background-repeat":"repeat","background-position":"center center","background-size":"auto","background-attachment":"scroll","background-type":"","background-media":"","overlay-type":"","overlay-color":"","overlay-opacity":"","overlay-gradient":""},"mobile":{"background-color":"","background-image":"","background-repeat":"repeat","background-position":"center center","background-size":"auto","background-attachment":"scroll","background-type":"","background-media":"","overlay-type":"","overlay-color":"","overlay-opacity":"","overlay-gradient":""}},"ast-content-background-meta":{"desktop":{"background-color":"var(--ast-global-color-5)","background-image":"","background-repeat":"repeat","background-position":"center center","background-size":"auto","background-attachment":"scroll","background-type":"","background-media":"","overlay-type":"","overlay-color":"","overlay-opacity":"","overlay-gradient":""},"tablet":{"background-color":"var(--ast-global-color-5)","background-image":"","background-repeat":"repeat","background-position":"center center","background-size":"auto","background-attachment":"scroll","background-type":"","background-media":"","overlay-type":"","overlay-color":"","overlay-opacity":"","overlay-gradient":""},"mobile":{"background-color":"var(--ast-global-color-5)","background-image":"","background-repeat":"repeat","background-position":"center center","background-size":"auto","background-attachment":"scroll","background-type":"","background-media":"","overlay-type":"","overlay-color":"","overlay-opacity":"","overlay-gradient":""}}},"product_brand":[],"product_cat":[30],"product_tag":[],"class_list":{"0":"post-2029","1":"product","2":"type-product","3":"status-publish","4":"has-post-thumbnail","6":"product_cat-buy-drivers-license","7":"desktop-align-left","8":"tablet-align-left","9":"mobile-align-left","11":"first","12":"instock","13":"shipping-taxable","14":"purchasable","15":"product-type-simple"},"yoast_head":"<!-- This site is optimized with the Yoast SEO Premium plugin v24.7 (Yoast SEO v27.1.1) - https:\/\/yoast.com\/product\/yoast-seo-premium-wordpress\/ -->\n<title>Buy Denmark Driving Licence<\/title>\n<meta name=\"description\" content=\"Buy Denmark Driving Licence. with video proof of the Danish driving licence done before delivery. We process Scannable and Database Registered Danish Driver\u2019s License with all the security features and biometrics. All genuine Docs Pro International will provide you with the best quality Denmark driver\u2019s license.\" \/>\n<meta name=\"robots\" content=\"index, follow, max-snippet:-1, max-image-preview:large, max-video-preview:-1\" \/>\n<link rel=\"canonical\" href=\"https:\/\/permessodiguida.com\/fi\/tuote\/osta-tanska-ajokortti\/\" \/>\n<meta property=\"og:locale\" content=\"fi_FI\" \/>\n<meta property=\"og:type\" content=\"article\" \/>\n<meta property=\"og:title\" content=\"Buy Denmark Driving Licence\" \/>\n<meta property=\"og:description\" content=\"Buy Denmark Driving Licence. with video proof of the Danish driving licence done before delivery. We process Scannable and Database Registered Danish Driver\u2019s License with all the security features and biometrics. All genuine Docs Pro International will provide you with the best quality Denmark driver\u2019s license.\" \/>\n<meta property=\"og:url\" content=\"https:\/\/permessodiguida.com\/fi\/tuote\/osta-tanska-ajokortti\/\" \/>\n<meta property=\"og:site_name\" content=\"Original Documents Provider\" \/>\n<meta property=\"article:modified_time\" content=\"2025-05-04T08:56:28+00:00\" \/>\n<meta property=\"og:image\" content=\"https:\/\/permessodiguida.com\/wp-content\/uploads\/2024\/12\/image_2024-12-26_213325505.png\" \/>\n\t<meta property=\"og:image:width\" content=\"899\" \/>\n\t<meta property=\"og:image:height\" content=\"555\" \/>\n\t<meta property=\"og:image:type\" content=\"image\/png\" \/>\n<meta name=\"twitter:card\" content=\"summary_large_image\" \/>\n<meta name=\"twitter:label1\" content=\"Arvioitu lukuaika\" \/>\n\t<meta name=\"twitter:data1\" content=\"3 minuuttia\" \/>\n<script type=\"application\/ld+json\" class=\"yoast-schema-graph\">{\"@context\":\"https:\/\/schema.org\",\"@graph\":[{\"@type\":\"WebPage\",\"@id\":\"https:\/\/permessodiguida.com\/product\/buy-denmark-driving-licence\/\",\"url\":\"https:\/\/permessodiguida.com\/product\/buy-denmark-driving-licence\/\",\"name\":\"Buy Denmark Driving Licence\",\"isPartOf\":{\"@id\":\"https:\/\/permessodiguida.com\/#website\"},\"primaryImageOfPage\":{\"@id\":\"https:\/\/permessodiguida.com\/product\/buy-denmark-driving-licence\/#primaryimage\"},\"image\":{\"@id\":\"https:\/\/permessodiguida.com\/product\/buy-denmark-driving-licence\/#primaryimage\"},\"thumbnailUrl\":\"https:\/\/permessodiguida.com\/wp-content\/uploads\/2024\/12\/image_2024-12-26_213325505.png\",\"datePublished\":\"2024-12-26T20:34:45+00:00\",\"dateModified\":\"2025-05-04T08:56:28+00:00\",\"description\":\"Buy Denmark Driving Licence. with video proof of the Danish driving licence done before delivery. We process Scannable and Database Registered Danish Driver\u2019s License with all the security features and biometrics. All genuine Docs Pro International will provide you with the best quality Denmark driver\u2019s license.\",\"breadcrumb\":{\"@id\":\"https:\/\/permessodiguida.com\/product\/buy-denmark-driving-licence\/#breadcrumb\"},\"inLanguage\":\"fi\",\"potentialAction\":[{\"@type\":\"ReadAction\",\"target\":[\"https:\/\/permessodiguida.com\/product\/buy-denmark-driving-licence\/\"]}]},{\"@type\":\"ImageObject\",\"inLanguage\":\"fi\",\"@id\":\"https:\/\/permessodiguida.com\/product\/buy-denmark-driving-licence\/#primaryimage\",\"url\":\"https:\/\/permessodiguida.com\/wp-content\/uploads\/2024\/12\/image_2024-12-26_213325505.png\",\"contentUrl\":\"https:\/\/permessodiguida.com\/wp-content\/uploads\/2024\/12\/image_2024-12-26_213325505.png\",\"width\":899,\"height\":555,\"caption\":\"Driving License\"},{\"@type\":\"BreadcrumbList\",\"@id\":\"https:\/\/permessodiguida.com\/product\/buy-denmark-driving-licence\/#breadcrumb\",\"itemListElement\":[{\"@type\":\"ListItem\",\"position\":1,\"name\":\"Home\",\"item\":\"https:\/\/permessodiguida.com\/\"},{\"@type\":\"ListItem\",\"position\":2,\"name\":\"All Services\",\"item\":\"https:\/\/permessodiguida.com\/shop\/\"},{\"@type\":\"ListItem\",\"position\":3,\"name\":\"Buy Denmark Driving Licence\"}]},{\"@type\":\"WebSite\",\"@id\":\"https:\/\/permessodiguida.com\/#website\",\"url\":\"https:\/\/permessodiguida.com\/\",\"name\":\"Permessodiguida\",\"description\":\"Get Original Driving License And Passport\",\"publisher\":{\"@id\":\"https:\/\/permessodiguida.com\/#organization\"},\"alternateName\":\"Original Documents Provider\",\"potentialAction\":[{\"@type\":\"SearchAction\",\"target\":{\"@type\":\"EntryPoint\",\"urlTemplate\":\"https:\/\/permessodiguida.com\/?s={search_term_string}\"},\"query-input\":{\"@type\":\"PropertyValueSpecification\",\"valueRequired\":true,\"valueName\":\"search_term_string\"}}],\"inLanguage\":\"fi\"},{\"@type\":\"Organization\",\"@id\":\"https:\/\/permessodiguida.com\/#organization\",\"name\":\"Permesso Di Guida\",\"alternateName\":\"Original Driving License And Passport\",\"url\":\"https:\/\/permessodiguida.com\/\",\"logo\":{\"@type\":\"ImageObject\",\"inLanguage\":\"fi\",\"@id\":\"https:\/\/permessodiguida.com\/#\/schema\/logo\/image\/\",\"url\":\"https:\/\/permessodiguida.com\/wp-content\/uploads\/2024\/08\/image_2024-08-09_144906822.png\",\"contentUrl\":\"https:\/\/permessodiguida.com\/wp-content\/uploads\/2024\/08\/image_2024-08-09_144906822.png\",\"width\":687,\"height\":549,\"caption\":\"Permesso Di Guida\"},\"image\":{\"@id\":\"https:\/\/permessodiguida.com\/#\/schema\/logo\/image\/\"}}]}<\/script>\n<!-- \/ Yoast SEO Premium plugin. -->","yoast_head_json":{"title":"Osta Tanskan ajokortti","description":"italialaisen ajokorttisi videotodistus ennen toimitusta. K\u00e4sittelemme skannattavia ja tietokantarekister\u00f6ityj\u00e4 italialaisia ajokortteja, joissa on kaikki turvallisuusominaisuudet ja biometriikka. Kaikki, jotka ajavat ilman voimassa olevaa italialaista ajokorttia, voidaan tuomita sakkoihin.","robots":{"index":"index","follow":"follow","max-snippet":"max-snippet:-1","max-image-preview":"max-image-preview:large","max-video-preview":"max-video-preview:-1"},"canonical":"https:\/\/permessodiguida.com\/fi\/tuote\/osta-tanska-ajokortti\/","og_locale":"fi_FI","og_type":"article","og_title":"Buy Denmark Driving Licence","og_description":"Buy Denmark Driving Licence. with video proof of the Danish driving licence done before delivery. We process Scannable and Database Registered Danish Driver\u2019s License with all the security features and biometrics. All genuine Docs Pro International will provide you with the best quality Denmark driver\u2019s license.","og_url":"https:\/\/permessodiguida.com\/fi\/tuote\/osta-tanska-ajokortti\/","og_site_name":"Original Documents Provider","article_modified_time":"2025-05-04T08:56:28+00:00","og_image":[{"width":899,"height":555,"url":"https:\/\/permessodiguida.com\/wp-content\/uploads\/2024\/12\/image_2024-12-26_213325505.png","type":"image\/png"}],"twitter_card":"summary_large_image","twitter_misc":{"Arvioitu lukuaika":"3 minuuttia"},"schema":{"@context":"https:\/\/schema.org","@graph":[{"@type":"WebPage","@id":"https:\/\/permessodiguida.com\/product\/buy-denmark-driving-licence\/","url":"https:\/\/permessodiguida.com\/product\/buy-denmark-driving-licence\/","name":"Osta Tanskan ajokortti","isPartOf":{"@id":"https:\/\/permessodiguida.com\/#website"},"primaryImageOfPage":{"@id":"https:\/\/permessodiguida.com\/product\/buy-denmark-driving-licence\/#primaryimage"},"image":{"@id":"https:\/\/permessodiguida.com\/product\/buy-denmark-driving-licence\/#primaryimage"},"thumbnailUrl":"https:\/\/permessodiguida.com\/wp-content\/uploads\/2024\/12\/image_2024-12-26_213325505.png","datePublished":"2024-12-26T20:34:45+00:00","dateModified":"2025-05-04T08:56:28+00:00","description":"italialaisen ajokorttisi videotodistus ennen toimitusta. K\u00e4sittelemme skannattavia ja tietokantarekister\u00f6ityj\u00e4 italialaisia ajokortteja, joissa on kaikki turvallisuusominaisuudet ja biometriikka. Kaikki, jotka ajavat ilman voimassa olevaa italialaista ajokorttia, voidaan tuomita sakkoihin.","breadcrumb":{"@id":"https:\/\/permessodiguida.com\/product\/buy-denmark-driving-licence\/#breadcrumb"},"inLanguage":"fi","potentialAction":[{"@type":"ReadAction","target":["https:\/\/permessodiguida.com\/product\/buy-denmark-driving-licence\/"]}]},{"@type":"ImageObject","inLanguage":"fi","@id":"https:\/\/permessodiguida.com\/product\/buy-denmark-driving-licence\/#primaryimage","url":"https:\/\/permessodiguida.com\/wp-content\/uploads\/2024\/12\/image_2024-12-26_213325505.png","contentUrl":"https:\/\/permessodiguida.com\/wp-content\/uploads\/2024\/12\/image_2024-12-26_213325505.png","width":899,"height":555,"caption":"Driving License"},{"@type":"BreadcrumbList","@id":"https:\/\/permessodiguida.com\/product\/buy-denmark-driving-licence\/#breadcrumb","itemListElement":[{"@type":"ListItem","position":1,"name":"Home","item":"https:\/\/permessodiguida.com\/"},{"@type":"ListItem","position":2,"name":"All Services","item":"https:\/\/permessodiguida.com\/shop\/"},{"@type":"ListItem","position":3,"name":"Buy Denmark Driving Licence"}]},{"@type":"WebSite","@id":"https:\/\/permessodiguida.com\/#website","url":"https:\/\/permessodiguida.com\/","name":"Permessodiguida","description":"Hanki alkuper\u00e4inen ajokortti ja passi","publisher":{"@id":"https:\/\/permessodiguida.com\/#organization"},"alternateName":"Original Documents Provider","potentialAction":[{"@type":"SearchAction","target":{"@type":"EntryPoint","urlTemplate":"https:\/\/permessodiguida.com\/?s={search_term_string}"},"query-input":{"@type":"PropertyValueSpecification","valueRequired":true,"valueName":"search_term_string"}}],"inLanguage":"fi"},{"@type":"Organization","@id":"https:\/\/permessodiguida.com\/#organization","name":"Permesso di Guida","alternateName":"Original Driving License And Passport","url":"https:\/\/permessodiguida.com\/","logo":{"@type":"ImageObject","inLanguage":"fi","@id":"https:\/\/permessodiguida.com\/#\/schema\/logo\/image\/","url":"https:\/\/permessodiguida.com\/wp-content\/uploads\/2024\/08\/image_2024-08-09_144906822.png","contentUrl":"https:\/\/permessodiguida.com\/wp-content\/uploads\/2024\/08\/image_2024-08-09_144906822.png","width":687,"height":549,"caption":"Permesso Di Guida"},"image":{"@id":"https:\/\/permessodiguida.com\/#\/schema\/logo\/image\/"}}]}},"_links":{"self":[{"href":"https:\/\/permessodiguida.com\/fi\/wp-json\/wp\/v2\/product\/2029","targetHints":{"allow":["GET"]}}],"collection":[{"href":"https:\/\/permessodiguida.com\/fi\/wp-json\/wp\/v2\/product"}],"about":[{"href":"https:\/\/permessodiguida.com\/fi\/wp-json\/wp\/v2\/types\/product"}],"replies":[{"embeddable":true,"href":"https:\/\/permessodiguida.com\/fi\/wp-json\/wp\/v2\/comments?post=2029"}],"wp:featuredmedia":[{"embeddable":true,"href":"https:\/\/permessodiguida.com\/fi\/wp-json\/wp\/v2\/media\/2030"}],"wp:attachment":[{"href":"https:\/\/permessodiguida.com\/fi\/wp-json\/wp\/v2\/media?parent=2029"}],"wp:term":[{"taxonomy":"product_brand","embeddable":true,"href":"https:\/\/permessodiguida.com\/fi\/wp-json\/wp\/v2\/product_brand?post=2029"},{"taxonomy":"product_cat","embeddable":true,"href":"https:\/\/permessodiguida.com\/fi\/wp-json\/wp\/v2\/product_cat?post=2029"},{"taxonomy":"product_tag","embeddable":true,"href":"https:\/\/permessodiguida.com\/fi\/wp-json\/wp\/v2\/product_tag?post=2029"}],"curies":[{"name":"wp","href":"https:\/\/api.w.org\/{rel}","templated":true}]}}