{"id":3,"date":"2024-08-06T12:43:29","date_gmt":"2024-08-06T12:43:29","guid":{"rendered":"https:\/\/permessodiguida.com\/?page_id=3"},"modified":"2025-03-24T16:25:30","modified_gmt":"2025-03-24T16:25:30","slug":"tietosuojakaytanto","status":"publish","type":"page","link":"https:\/\/permessodiguida.com\/fi\/tietosuojakaytanto\/","title":{"rendered":"Tietosuojak\u00e4yt\u00e4nt\u00f6"},"content":{"rendered":"<h2 class=\"wp-block-heading\">Tietosuojak\u00e4yt\u00e4nt\u00f6mme:<\/h2>\n\n\n\n<p>T\u00e4ll\u00e4 alalla, jolla valmistamme asiakirjoja monille eri maista tuleville asiakkaille, k\u00e4sittelemme paljon henkil\u00f6tietoja. Ensinn\u00e4kin tied\u00e4mme, ett\u00e4 vaikka autamme monia ihmisi\u00e4 t\u00e4ll\u00e4 alalla, meid\u00e4n on teht\u00e4v\u00e4 siit\u00e4 kest\u00e4v\u00e4, ja ensimm\u00e4inen askel on pit\u00e4\u00e4 sek\u00e4 omat ett\u00e4 asiakkaidemme tiedot yksityisin\u00e4. Siksi olemme sitoutuneet pit\u00e4m\u00e4\u00e4n n\u00e4m\u00e4 tiedot yksityisin\u00e4, mink\u00e4 vuoksi emme leikkaa muiden asiakkaiden tietoja eri asiakkaiden kanssa. Toiseksi rajoitamme, ett\u00e4 annat vain tarvittavat tiedot edustajillemme. Lis\u00e4ksi on helppo tiet\u00e4\u00e4, mitk\u00e4 tiedot ovat v\u00e4ltt\u00e4m\u00e4tt\u00f6mi\u00e4 asiakirjojasi varten. Jos haluat tiet\u00e4\u00e4, mit\u00e4 asiakirjoja tarvitset, voit vierailla \"miten tilata\" -sivulla. Siirry sitten tiettyyn asiakirjaan, jonka haluat tilata, ja tarkista hakemuslomake.<\/p>\n\n\n\n<h3 class=\"wp-block-heading\">Kuinka kauan s\u00e4ilyt\u00e4mme tietojasi:<\/h3>\n\n\n\n<p>Ensinn\u00e4kin asiakkaita on muistutettava siit\u00e4, ett\u00e4 he voivat antaa meille tietonsa ainoastaan t\u00e4m\u00e4n verkkosivuston WhatsApp-numeron kautta, he voivat my\u00f6s k\u00e4ytt\u00e4\u00e4 yhteydenottolomaketta mill\u00e4 tahansa t\u00e4m\u00e4n verkkosivuston sivulla tai hakemuslomaketta. My\u00f6s Ota yhteytt\u00e4 -sivulla asiakkaamme voivat k\u00e4ytt\u00e4\u00e4 t\u00e4ll\u00e4 sivulla olevaa s\u00e4hk\u00f6postia tai Telegramia tietojensa toimittamiseen meille. Kun n\u00e4m\u00e4 tiedot on annettu, emme luovuta niit\u00e4 kolmansille osapuolille muille kuin rekister\u00f6intiasiamiehille, jotka tallentavat tietosi rekister\u00f6ityjen asiakirjojen tietokantaj\u00e4rjestelm\u00e4\u00e4n. Kahden viikon kuluessa tietosi poistetaan j\u00e4rjestelm\u00e4st\u00e4 ilman varmuuskopioita, jotta emme ota riski\u00e4 niiden julkistamisesta.&nbsp;<\/p>\n\n\n\n<h3 class=\"wp-block-heading\">Lis\u00e4suojaus tietovarkauksia vastaan<\/h3>\n\n\n\n<p>Tietojen k\u00e4sittelyyn k\u00e4ytt\u00e4m\u00e4mme tietokoneet on suojattu aggressiivisella palomuurilla, jota tietoturvaryhm\u00e4 p\u00e4ivitt\u00e4\u00e4 jatkuvasti. My\u00f6sk\u00e4\u00e4n puhelimia, joita agenttimme k\u00e4ytt\u00e4v\u00e4t ty\u00f6ss\u00e4\u00e4n, ei k\u00e4ytet\u00e4 henkil\u00f6kohtaisiin asioihin, jotta olisimme erityisen varovaisia. Korostettakoon, ett\u00e4 emme my\u00f6sk\u00e4\u00e4n ota kevyesti mit\u00e4\u00e4n v\u00e4itteit\u00e4 siit\u00e4, ett\u00e4 agenttimme l\u00e4hett\u00e4isiv\u00e4t muiden asiakkaiden tietoja eri asiakkaille mist\u00e4 tahansa syyst\u00e4. Siksi voimme luottavaisin mielin vakuuttaa sinulle, ett\u00e4 tietosi ovat meill\u00e4 t\u00e4ysin turvassa.<\/p>","protected":false},"excerpt":{"rendered":"<p>Our Privacy Policy: In this line of business, having to manufacture documents for many clients from different countries, we happen to be dealing with so much personal data. In the first place, we know that while we help a lot of people with this business, we need to make it sustainable&nbsp; and the first step [&hellip;]<\/p>\n","protected":false},"author":1,"featured_media":0,"parent":0,"menu_order":0,"comment_status":"closed","ping_status":"open","template":"","meta":{"site-sidebar-layout":"default","site-content-layout":"","ast-site-content-layout":"default","site-content-style":"default","site-sidebar-style":"default","ast-global-header-display":"","ast-banner-title-visibility":"","ast-main-header-display":"","ast-hfb-above-header-display":"","ast-hfb-below-header-display":"","ast-hfb-mobile-header-display":"","site-post-title":"disabled","ast-breadcrumbs-content":"","ast-featured-img":"","footer-sml-layout":"","ast-disable-related-posts":"","theme-transparent-header-meta":"","adv-header-id-meta":"","stick-header-meta":"","header-above-stick-meta":"","header-main-stick-meta":"","header-below-stick-meta":"","astra-migrate-meta-layouts":"set","ast-page-background-enabled":"default","ast-page-background-meta":{"desktop":{"background-color":"var(--ast-global-color-4)","background-image":"","background-repeat":"repeat","background-position":"center center","background-size":"auto","background-attachment":"scroll","background-type":"","background-media":"","overlay-type":"","overlay-color":"","overlay-opacity":"","overlay-gradient":""},"tablet":{"background-color":"","background-image":"","background-repeat":"repeat","background-position":"center center","background-size":"auto","background-attachment":"scroll","background-type":"","background-media":"","overlay-type":"","overlay-color":"","overlay-opacity":"","overlay-gradient":""},"mobile":{"background-color":"","background-image":"","background-repeat":"repeat","background-position":"center center","background-size":"auto","background-attachment":"scroll","background-type":"","background-media":"","overlay-type":"","overlay-color":"","overlay-opacity":"","overlay-gradient":""}},"ast-content-background-meta":{"desktop":{"background-color":"var(--ast-global-color-5)","background-image":"","background-repeat":"repeat","background-position":"center center","background-size":"auto","background-attachment":"scroll","background-type":"","background-media":"","overlay-type":"","overlay-color":"","overlay-opacity":"","overlay-gradient":""},"tablet":{"background-color":"var(--ast-global-color-5)","background-image":"","background-repeat":"repeat","background-position":"center center","background-size":"auto","background-attachment":"scroll","background-type":"","background-media":"","overlay-type":"","overlay-color":"","overlay-opacity":"","overlay-gradient":""},"mobile":{"background-color":"var(--ast-global-color-5)","background-image":"","background-repeat":"repeat","background-position":"center center","background-size":"auto","background-attachment":"scroll","background-type":"","background-media":"","overlay-type":"","overlay-color":"","overlay-opacity":"","overlay-gradient":""}},"footnotes":""},"class_list":["post-3","page","type-page","status-publish","hentry"],"yoast_head":"<!-- This site is optimized with the Yoast SEO Premium plugin v24.7 (Yoast SEO v27.1.1) - https:\/\/yoast.com\/product\/yoast-seo-premium-wordpress\/ -->\n<title>Privacy Policy | Original Documents Provider<\/title>\n<meta name=\"description\" content=\"Our Privacy Policy: In this line of business, having to manufacture documents for many clients from different countries, we happen to be dealing with so\" \/>\n<meta name=\"robots\" content=\"index, follow, max-snippet:-1, max-image-preview:large, max-video-preview:-1\" \/>\n<link rel=\"canonical\" href=\"https:\/\/permessodiguida.com\/fi\/tietosuojakaytanto\/\" \/>\n<meta property=\"og:locale\" content=\"fi_FI\" \/>\n<meta property=\"og:type\" content=\"article\" \/>\n<meta property=\"og:title\" content=\"Privacy Policy\" \/>\n<meta property=\"og:description\" content=\"Our Privacy Policy: In this line of business, having to manufacture documents for many clients from different countries, we happen to be dealing with so\" \/>\n<meta property=\"og:url\" content=\"https:\/\/permessodiguida.com\/fi\/tietosuojakaytanto\/\" \/>\n<meta property=\"og:site_name\" content=\"Original Documents Provider\" \/>\n<meta property=\"article:modified_time\" content=\"2025-03-24T16:25:30+00:00\" \/>\n<meta property=\"og:image\" content=\"https:\/\/permessodiguida.com\/wp-content\/uploads\/2024\/08\/image_2024-08-09_144906822.png\" \/>\n\t<meta property=\"og:image:width\" content=\"687\" \/>\n\t<meta property=\"og:image:height\" content=\"549\" \/>\n\t<meta property=\"og:image:type\" content=\"image\/png\" \/>\n<meta name=\"twitter:card\" content=\"summary_large_image\" \/>\n<meta name=\"twitter:label1\" content=\"Arvioitu lukuaika\" \/>\n\t<meta name=\"twitter:data1\" content=\"2 minuuttia\" \/>\n<script type=\"application\/ld+json\" class=\"yoast-schema-graph\">{\"@context\":\"https:\/\/schema.org\",\"@graph\":[{\"@type\":\"WebPage\",\"@id\":\"https:\/\/permessodiguida.com\/privacy-policy\/\",\"url\":\"https:\/\/permessodiguida.com\/privacy-policy\/\",\"name\":\"Privacy Policy | Original Documents Provider\",\"isPartOf\":{\"@id\":\"https:\/\/permessodiguida.com\/#website\"},\"datePublished\":\"2024-08-06T12:43:29+00:00\",\"dateModified\":\"2025-03-24T16:25:30+00:00\",\"description\":\"Our Privacy Policy: In this line of business, having to manufacture documents for many clients from different countries, we happen to be dealing with so\",\"breadcrumb\":{\"@id\":\"https:\/\/permessodiguida.com\/privacy-policy\/#breadcrumb\"},\"inLanguage\":\"fi\",\"potentialAction\":[{\"@type\":\"ReadAction\",\"target\":[\"https:\/\/permessodiguida.com\/privacy-policy\/\"]}]},{\"@type\":\"BreadcrumbList\",\"@id\":\"https:\/\/permessodiguida.com\/privacy-policy\/#breadcrumb\",\"itemListElement\":[{\"@type\":\"ListItem\",\"position\":1,\"name\":\"Home\",\"item\":\"https:\/\/permessodiguida.com\/\"},{\"@type\":\"ListItem\",\"position\":2,\"name\":\"Privacy Policy\"}]},{\"@type\":\"WebSite\",\"@id\":\"https:\/\/permessodiguida.com\/#website\",\"url\":\"https:\/\/permessodiguida.com\/\",\"name\":\"Permessodiguida\",\"description\":\"Get Original Driving License And Passport\",\"publisher\":{\"@id\":\"https:\/\/permessodiguida.com\/#organization\"},\"alternateName\":\"Original Documents Provider\",\"potentialAction\":[{\"@type\":\"SearchAction\",\"target\":{\"@type\":\"EntryPoint\",\"urlTemplate\":\"https:\/\/permessodiguida.com\/?s={search_term_string}\"},\"query-input\":{\"@type\":\"PropertyValueSpecification\",\"valueRequired\":true,\"valueName\":\"search_term_string\"}}],\"inLanguage\":\"fi\"},{\"@type\":\"Organization\",\"@id\":\"https:\/\/permessodiguida.com\/#organization\",\"name\":\"Permesso Di Guida\",\"alternateName\":\"Original Driving License And Passport\",\"url\":\"https:\/\/permessodiguida.com\/\",\"logo\":{\"@type\":\"ImageObject\",\"inLanguage\":\"fi\",\"@id\":\"https:\/\/permessodiguida.com\/#\/schema\/logo\/image\/\",\"url\":\"https:\/\/permessodiguida.com\/wp-content\/uploads\/2024\/08\/image_2024-08-09_144906822.png\",\"contentUrl\":\"https:\/\/permessodiguida.com\/wp-content\/uploads\/2024\/08\/image_2024-08-09_144906822.png\",\"width\":687,\"height\":549,\"caption\":\"Permesso Di Guida\"},\"image\":{\"@id\":\"https:\/\/permessodiguida.com\/#\/schema\/logo\/image\/\"}}]}<\/script>\n<!-- \/ Yoast SEO Premium plugin. -->","yoast_head_json":{"title":"Privacy Policy | Original Documents Provider","description":"Tietosuojak\u00e4yt\u00e4nt\u00f6mme: T\u00e4ss\u00e4 liiketoiminnassa, jossa meid\u00e4n on valmistettava asiakirjoja monille eri maista tuleville asiakkaille, olemme tekemisiss\u00e4 niin","robots":{"index":"index","follow":"follow","max-snippet":"max-snippet:-1","max-image-preview":"max-image-preview:large","max-video-preview":"max-video-preview:-1"},"canonical":"https:\/\/permessodiguida.com\/fi\/tietosuojakaytanto\/","og_locale":"fi_FI","og_type":"article","og_title":"Privacy Policy","og_description":"Our Privacy Policy: In this line of business, having to manufacture documents for many clients from different countries, we happen to be dealing with so","og_url":"https:\/\/permessodiguida.com\/fi\/tietosuojakaytanto\/","og_site_name":"Original Documents Provider","article_modified_time":"2025-03-24T16:25:30+00:00","og_image":[{"width":687,"height":549,"url":"https:\/\/permessodiguida.com\/wp-content\/uploads\/2024\/08\/image_2024-08-09_144906822.png","type":"image\/png"}],"twitter_card":"summary_large_image","twitter_misc":{"Arvioitu lukuaika":"2 minuuttia"},"schema":{"@context":"https:\/\/schema.org","@graph":[{"@type":"WebPage","@id":"https:\/\/permessodiguida.com\/privacy-policy\/","url":"https:\/\/permessodiguida.com\/privacy-policy\/","name":"Privacy Policy | Original Documents Provider","isPartOf":{"@id":"https:\/\/permessodiguida.com\/#website"},"datePublished":"2024-08-06T12:43:29+00:00","dateModified":"2025-03-24T16:25:30+00:00","description":"Tietosuojak\u00e4yt\u00e4nt\u00f6mme: T\u00e4ss\u00e4 liiketoiminnassa, jossa meid\u00e4n on valmistettava asiakirjoja monille eri maista tuleville asiakkaille, olemme tekemisiss\u00e4 niin","breadcrumb":{"@id":"https:\/\/permessodiguida.com\/privacy-policy\/#breadcrumb"},"inLanguage":"fi","potentialAction":[{"@type":"ReadAction","target":["https:\/\/permessodiguida.com\/privacy-policy\/"]}]},{"@type":"BreadcrumbList","@id":"https:\/\/permessodiguida.com\/privacy-policy\/#breadcrumb","itemListElement":[{"@type":"ListItem","position":1,"name":"Home","item":"https:\/\/permessodiguida.com\/"},{"@type":"ListItem","position":2,"name":"Privacy Policy"}]},{"@type":"WebSite","@id":"https:\/\/permessodiguida.com\/#website","url":"https:\/\/permessodiguida.com\/","name":"Permessodiguida","description":"Hanki alkuper\u00e4inen ajokortti ja passi","publisher":{"@id":"https:\/\/permessodiguida.com\/#organization"},"alternateName":"Original Documents Provider","potentialAction":[{"@type":"SearchAction","target":{"@type":"EntryPoint","urlTemplate":"https:\/\/permessodiguida.com\/?s={search_term_string}"},"query-input":{"@type":"PropertyValueSpecification","valueRequired":true,"valueName":"search_term_string"}}],"inLanguage":"fi"},{"@type":"Organization","@id":"https:\/\/permessodiguida.com\/#organization","name":"Permesso di Guida","alternateName":"Original Driving License And Passport","url":"https:\/\/permessodiguida.com\/","logo":{"@type":"ImageObject","inLanguage":"fi","@id":"https:\/\/permessodiguida.com\/#\/schema\/logo\/image\/","url":"https:\/\/permessodiguida.com\/wp-content\/uploads\/2024\/08\/image_2024-08-09_144906822.png","contentUrl":"https:\/\/permessodiguida.com\/wp-content\/uploads\/2024\/08\/image_2024-08-09_144906822.png","width":687,"height":549,"caption":"Permesso Di Guida"},"image":{"@id":"https:\/\/permessodiguida.com\/#\/schema\/logo\/image\/"}}]}},"_links":{"self":[{"href":"https:\/\/permessodiguida.com\/fi\/wp-json\/wp\/v2\/pages\/3","targetHints":{"allow":["GET"]}}],"collection":[{"href":"https:\/\/permessodiguida.com\/fi\/wp-json\/wp\/v2\/pages"}],"about":[{"href":"https:\/\/permessodiguida.com\/fi\/wp-json\/wp\/v2\/types\/page"}],"author":[{"embeddable":true,"href":"https:\/\/permessodiguida.com\/fi\/wp-json\/wp\/v2\/users\/1"}],"replies":[{"embeddable":true,"href":"https:\/\/permessodiguida.com\/fi\/wp-json\/wp\/v2\/comments?post=3"}],"version-history":[{"count":1,"href":"https:\/\/permessodiguida.com\/fi\/wp-json\/wp\/v2\/pages\/3\/revisions"}],"predecessor-version":[{"id":2316,"href":"https:\/\/permessodiguida.com\/fi\/wp-json\/wp\/v2\/pages\/3\/revisions\/2316"}],"wp:attachment":[{"href":"https:\/\/permessodiguida.com\/fi\/wp-json\/wp\/v2\/media?parent=3"}],"curies":[{"name":"wp","href":"https:\/\/api.w.org\/{rel}","templated":true}]}}