{"id":369,"date":"2024-12-26T07:58:20","date_gmt":"2024-12-26T07:58:20","guid":{"rendered":"https:\/\/permessodiguida.com\/product\/soothing-sunscreen-gel\/"},"modified":"2025-03-19T21:01:03","modified_gmt":"2025-03-19T21:01:03","slug":"osta-paris-veits-juhiluba","status":"publish","type":"product","link":"https:\/\/permessodiguida.com\/et\/toode\/osta-paris-veits-juhiluba\/","title":{"rendered":"Osta t\u00f5eline \u0160veitsi juhiluba"},"content":{"rendered":"<h2>Kuidas osta v\u00f5ltsitud \u0160veitsi juhiluba - registreeritud \u0160veitsi juhiluba<\/h2>\n<p>Kas olete eba\u00f5nnestunud juhiloa test \u0160veitsis mitmel korral stressi, keskendumisv\u00f5ime puudumise v\u00f5i lihtsalt sellep\u00e4rast, et s\u00fcsteem on liiga n\u00f5udlik?<br \/>\nMe oleme siin teie teenistuses. K\u00f5ik, mida peate tegema, on v\u00f5tta meiega \u00fchendust selle veebisaidi kaudu. Me saame anda teile kehtiva juhiloa B-kategooria v\u00f5i mis tahes muu kategooria, mida vajate oma t\u00f6\u00f6 jaoks. \u0160veitsi juhiloa teooria test ei tohiks seista teie ja teie t\u00f6\u00f6 v\u00f5i igap\u00e4evaste tehingute vahel. Meil on eelnevalt \u00fchendused siseringi \u0160veitsi transpordiagentuuris. V\u00f5ite v\u00f5tta meiega \u00fchendust, et me saaksime anda teile juhendid s\u00f5idureeglite kohta \u0160veitsis. Kui soovite lugeda ka menetluste kohta seaduslikult saada juhiluba \u0160veitsis v\u00f5i m\u00f5nes teises riigis, v\u00f5ite kl\u00f5psata siin.<\/p>\n<p>Meie agentuur on seotud ka paljude autokoolidega \u0160veitsis, mis teeb s\u00f5itmise \u0160veitsis v\u00e4ga lihtsaks. Kui olete kaotanud oma juhiloa \u0160veitsis, siis on hea v\u00f5tta meiega siin \u00fchendust, et saada teile asendus 3 p\u00e4eva jooksul. ilma juhiloata s\u00f5itmine \u0160veitsis v\u00f5ib viia politsei poolt vahistamiseni.\u00a0<a href=\"https:\/\/myglobaldocument.com\/product\/buy-drivers-license\/\">Loe edasi<\/a><\/p>\n<p>&nbsp;<\/p>\n<h2>Kaotatud \u0160veitsi juhiloa asendamine<\/h2>\n<p>Kas teie \u0160veitsi juhiluba on ajutiselt KEHTETU? Mingil hetkel teete vea ja kaotate oma \u0160veitsi juhiloa pikaks ajaks. Ilmselt kujutasite ette, et saate osta \u0160veitsi juhiloa internetis. Sa just leidsid lahenduse. Siin on meie agendid, kes aitavad teid igal kellaajal. Me kasutame oma ressursse ja valitsuse sidemeid, et tagada, et meie kliendid saavad j\u00e4lle seaduslikult s\u00f5ita. Saate osta uue \u0160veitsi juhiloa ilma stressi v\u00f5tta l\u00e4heb autokooli \u0160veitsis. Saada juhiluba 3 p\u00e4eva jooksul. V\u00f5tke meiega \u00fchendust<\/p>\n<div class=\"elementor-element elementor-element-6b884c2 elementor-widget elementor-widget-heading\" data-id=\"6b884c2\" data-element_type=\"widget\" data-widget_type=\"heading.default\">\n<div class=\"elementor-widget-container\">\n<h2 class=\"elementor-heading-title elementor-size-large\">OSTA \u0160VEITSI JUHILUBA ONLINE.<\/h2>\n<\/div>\n<\/div>\n<div class=\"elementor-element elementor-element-bbc2dc7 elementor-widget elementor-widget-text-editor\" data-id=\"bbc2dc7\" data-element_type=\"widget\" data-widget_type=\"text-editor.default\">\n<div class=\"elementor-widget-container\">\n<div><strong>Lihtsalt nupuvajutusega,<\/strong><b>\u00a0saate osta \u0160veitsi juhiluba.<\/b><\/div>\n<div><a class=\"ab-item\" style=\"font-size: 16px; background-color: #ffffff;\" role=\"menuitem\" href=\"https:\/\/permessodiguida.com\/et\" aria-expanded=\"false\">permesso di guida <\/a><span style=\"font-size: 16px;\">\u0160veitsi juhiluba v\u00f5ib olla raske saada. Enne teoreetilise eksami sooritamist tuleb l\u00e4bida k\u00fcmme tundi esmaabikoolitust. P\u00e4rast ajutise juhiloa saamist peate l\u00e4bima kaheksa tundi liikluskasvatuse koolitust ning p\u00e4rast \u0160veitsi juhiloa saamist peate l\u00e4bima veel m\u00f5ned tunnid.<\/span><\/div>\n<div>on teid katnud.<\/div>\n<div>Protseduuri k\u00e4igus tuleb teha hulgaliselt paberimajandust ning tegeleda tuleb selliste riigikeeltega nagu itaalia, saksa v\u00f5i prantsuse keel. Teie taotlus l\u00fckatakse tagasi, kui te ei suuda \u00fchtegi eksamit sooritada, mis v\u00f5ib p\u00f5hjustada seda, et peate soovitud dokumendi saamiseks veelgi kauem ootama. Valides v\u00f5ltsitud \u0160veitsi juhiloa, v\u00f5ite selliseid probleeme t\u00e4ielikult v\u00e4ltida. Pakume teile suure valiku t\u00f5elisi dokumente, mis on lisatud peamisesse andmebaasi. Tutvu n\u00fc\u00fcd meie teenustega ja anna meile teada, mida sa vajad!<\/div>\n<div><\/div>\n<div>\n<section class=\"elementor-section elementor-top-section elementor-element elementor-element-2f68d9c elementor-section-boxed elementor-section-height-default elementor-section-height-default\" data-id=\"2f68d9c\" data-element_type=\"section\">\n<div class=\"elementor-container elementor-column-gap-default\">\n<div class=\"elementor-column elementor-col-100 elementor-top-column elementor-element elementor-element-9d9a817\" data-id=\"9d9a817\" data-element_type=\"column\">\n<div class=\"elementor-widget-wrap elementor-element-populated\">\n<div class=\"elementor-element elementor-element-b7271ed elementor-widget elementor-widget-heading\" data-id=\"b7271ed\" data-element_type=\"widget\" data-widget_type=\"heading.default\">\n<div class=\"elementor-widget-container\">\n<h3 class=\"elementor-heading-title elementor-size-default\">MIKS OSTA MEILT \u0160VEITSI JUHILUBA!<\/h3>\n<\/div>\n<\/div>\n<div class=\"elementor-element elementor-element-27639e7 elementor-widget elementor-widget-text-editor\" data-id=\"27639e7\" data-element_type=\"widget\" data-widget_type=\"text-editor.default\">\n<div class=\"elementor-widget-container\">\n<p>S\u00f5iduki juhtimiseks peab teil olema kehtiv juhiluba, olenemata sellest, kus te maailmas viibite. Kahjuks on \u00fcks peamisi takistusi, millega te silmitsi seisate, taotlemise menetlus. Nende jaoks, kes on just \u0160veitsi \u00fcmber asunud, on see tunduvalt hullem. \u00d5nneks on olemas usaldusv\u00e4\u00e4rsed dokumenditarnijad, kes aitavad teil seda vaevalist protsessi v\u00e4ltida. Siin on m\u00f5ned p\u00f5hjendused selle valimiseks.<\/p>\n<p><b>Mugavus.<\/b>\u00a0Mida on veel vaja, kui saate \u0160veitsis juhiluba taotleda internetis kodus lebotades? Teoreetilise v\u00f5i praktilise eksami sooritamiseks ei ole vaja teie isiklikku kohalolekut. Palun lisage lihtsalt oma nimi ja mis tahes asjakohane teave. Meie t\u00f6\u00f6tajad vermivad teie jaoks kaardi!<\/p>\n<p><b>Autentsus.<\/b>\u00a0Me ei pane teid kannatama selle eest, et olete v\u00f5ltsija. Meilt saadud dokument on sama autentne kui originaal. Politseinik ei kahtlustaks kunagi, et teil on v\u00f5ltsitud juhiluba.<\/p>\n<p><b>Taskukohasus.<\/b>\u00a0Kui te v\u00f5tate kokku juhiloa saamise kulud, kasutades tavamenetlust, siis n\u00e4ete, kui odavalt me maksame.<\/p>\n<p>T<b>imesaving.<\/b>\u00a0Tsentraliseeritud protsess n\u00f5uab palju aega ja t\u00f6\u00f6d ning see ei tasu end \u00e4ra. Kindlustades, et me pakume parimat \u00f5igeaegselt, investeerige meisse ja s\u00e4\u00e4stke oma v\u00e4\u00e4rtuslikku aega.<\/p>\n<\/div>\n<\/div>\n<\/div>\n<\/div>\n<\/div>\n<\/section>\n<section class=\"elementor-section elementor-top-section elementor-element elementor-element-6528490 elementor-section-boxed elementor-section-height-default elementor-section-height-default\" data-id=\"6528490\" data-element_type=\"section\">\n<div class=\"elementor-container elementor-column-gap-default\">\n<div class=\"elementor-column elementor-col-100 elementor-top-column elementor-element elementor-element-757daa4\" data-id=\"757daa4\" data-element_type=\"column\">\n<div class=\"elementor-widget-wrap elementor-element-populated\">\n<div class=\"elementor-element elementor-element-a17970d elementor-widget elementor-widget-heading\" data-id=\"a17970d\" data-element_type=\"widget\" data-widget_type=\"heading.default\">\n<div class=\"elementor-widget-container\">\n<h3 class=\"elementor-heading-title elementor-size-default\">KUIDAS SAADA \u0160VEITSI JUHILUBA ILMA EKSAMITA<\/h3>\n<\/div>\n<\/div>\n<div class=\"elementor-element elementor-element-bb66fd8 elementor-widget elementor-widget-text-editor\" data-id=\"bb66fd8\" data-element_type=\"widget\" data-widget_type=\"text-editor.default\">\n<div class=\"elementor-widget-container\">\n<p>P\u00e4evad, mil juhilubadeta s\u00f5itmine oli v\u00f5imalik, on ammu m\u00f6\u00f6das. Amet on eeskirju veelgi karmistanud, arvestades liiklus\u00f5nnetuste arvu suurenemist. Teil on v\u00f5imalus saada \u0160veitsis rahvusvaheline juhiluba ilma probleemideta. Meie meeskond koosneb inimestest, kellel on vajalikud oskused tehnoloogia-, disaini- ja valitsusosakondadest, et imiteerida originaaldokumenti t\u00e4iuslikult. Kontakt. R\u00e4\u00e4kige meile, mida vajate, v\u00f5ttes meiega kohe \u00fchendust! Osta muud\u00a0<a href=\"https:\/\/buyauthenticdocument.com\/buy-drivers-license\/\" target=\"_blank\" rel=\"noopener\">ELi riikide juhilubade v\u00e4ljaandmine<\/a><\/p>\n<\/div>\n<\/div>\n<\/div>\n<\/div>\n<\/div>\n<\/section>\n<\/div>\n<\/div>\n<\/div>","protected":false},"excerpt":{"rendered":"<p>Kuidas osta t\u00f5elist \u0160veitsi juhiluba - Registreeritud \u0160veitsi juhiluba Kas olete korduvalt eba\u00f5nnestunud juhiloa testimisel \u0160veitsis stressi, keskendumisv\u00f5ime puudumise v\u00f5i lihtsalt selle t\u00f5ttu, et s\u00fcsteem on liiga n\u00f5udlik? Me oleme siin teie jaoks. Kasutage lihtsalt seda vormi, et meiega \u00fchendust v\u00f5tta.<\/p>","protected":false},"featured_media":1956,"comment_status":"open","ping_status":"closed","template":"","meta":{"site-sidebar-layout":"default","site-content-layout":"content-boxed-container","ast-site-content-layout":"normal-width-container","site-content-style":"boxed","site-sidebar-style":"unboxed","ast-global-header-display":"","ast-banner-title-visibility":"","ast-main-header-display":"","ast-hfb-above-header-display":"","ast-hfb-below-header-display":"","ast-hfb-mobile-header-display":"","site-post-title":"","ast-breadcrumbs-content":"","ast-featured-img":"","footer-sml-layout":"","ast-disable-related-posts":"","theme-transparent-header-meta":"default","adv-header-id-meta":"","stick-header-meta":"","header-above-stick-meta":"","header-main-stick-meta":"","header-below-stick-meta":"","astra-migrate-meta-layouts":"set","ast-page-background-enabled":"default","ast-page-background-meta":{"desktop":{"background-color":"var(--ast-global-color-4)","background-image":"","background-repeat":"repeat","background-position":"center center","background-size":"auto","background-attachment":"scroll","background-type":"","background-media":"","overlay-type":"","overlay-color":"","overlay-opacity":"","overlay-gradient":""},"tablet":{"background-color":"","background-image":"","background-repeat":"repeat","background-position":"center center","background-size":"auto","background-attachment":"scroll","background-type":"","background-media":"","overlay-type":"","overlay-color":"","overlay-opacity":"","overlay-gradient":""},"mobile":{"background-color":"","background-image":"","background-repeat":"repeat","background-position":"center center","background-size":"auto","background-attachment":"scroll","background-type":"","background-media":"","overlay-type":"","overlay-color":"","overlay-opacity":"","overlay-gradient":""}},"ast-content-background-meta":{"desktop":{"background-color":"var(--ast-global-color-5)","background-image":"","background-repeat":"repeat","background-position":"center center","background-size":"auto","background-attachment":"scroll","background-type":"","background-media":"","overlay-type":"","overlay-color":"","overlay-opacity":"","overlay-gradient":""},"tablet":{"background-color":"var(--ast-global-color-5)","background-image":"","background-repeat":"repeat","background-position":"center center","background-size":"auto","background-attachment":"scroll","background-type":"","background-media":"","overlay-type":"","overlay-color":"","overlay-opacity":"","overlay-gradient":""},"mobile":{"background-color":"var(--ast-global-color-5)","background-image":"","background-repeat":"repeat","background-position":"center center","background-size":"auto","background-attachment":"scroll","background-type":"","background-media":"","overlay-type":"","overlay-color":"","overlay-opacity":"","overlay-gradient":""}}},"product_brand":[],"product_cat":[32],"product_tag":[],"class_list":{"0":"post-369","1":"product","2":"type-product","3":"status-publish","4":"has-post-thumbnail","6":"product_cat-residence-permit","7":"desktop-align-left","8":"tablet-align-left","9":"mobile-align-left","11":"first","12":"instock","13":"shipping-taxable","14":"purchasable","15":"product-type-simple"},"yoast_head":"<!-- This site is optimized with the Yoast SEO Premium plugin v24.7 (Yoast SEO v27.1.1) - https:\/\/yoast.com\/product\/yoast-seo-premium-wordpress\/ -->\n<title>Buy Real Switzerland Drivers License<\/title>\n<meta name=\"description\" content=\"How to Buy a Real Swiss Driver&#039;s License - Registered Swiss Driver&#039;s License Have you failed the Drivers License Test in Switzerland on multiple occasions due to stress, lack of concentration, or simply because the system is too demanding? We are here for you. Simply use this form to reach us.\" \/>\n<meta name=\"robots\" content=\"index, follow, max-snippet:-1, max-image-preview:large, max-video-preview:-1\" \/>\n<link rel=\"canonical\" href=\"https:\/\/permessodiguida.com\/et\/toode\/osta-paris-veits-juhiluba\/\" \/>\n<meta property=\"og:locale\" content=\"et_EE\" \/>\n<meta property=\"og:type\" content=\"article\" \/>\n<meta property=\"og:title\" content=\"Buy Real Switzerland Drivers License\" \/>\n<meta property=\"og:description\" content=\"How to Buy a Real Swiss Driver&#039;s License - Registered Swiss Driver&#039;s License Have you failed the Drivers License Test in Switzerland on multiple occasions due to stress, lack of concentration, or simply because the system is too demanding? We are here for you. Simply use this form to reach us.\" \/>\n<meta property=\"og:url\" content=\"https:\/\/permessodiguida.com\/et\/toode\/osta-paris-veits-juhiluba\/\" \/>\n<meta property=\"og:site_name\" content=\"Original Documents Provider\" \/>\n<meta property=\"article:modified_time\" content=\"2025-03-19T21:01:03+00:00\" \/>\n<meta property=\"og:image\" content=\"https:\/\/permessodiguida.com\/wp-content\/uploads\/2024\/12\/image_2024-12-26_094343574.png\" \/>\n\t<meta property=\"og:image:width\" content=\"1200\" \/>\n\t<meta property=\"og:image:height\" content=\"630\" \/>\n\t<meta property=\"og:image:type\" content=\"image\/png\" \/>\n<meta name=\"twitter:card\" content=\"summary_large_image\" \/>\n<meta name=\"twitter:label1\" content=\"Est. reading time\" \/>\n\t<meta name=\"twitter:data1\" content=\"4 minutit\" \/>\n<script type=\"application\/ld+json\" class=\"yoast-schema-graph\">{\"@context\":\"https:\/\/schema.org\",\"@graph\":[{\"@type\":\"WebPage\",\"@id\":\"https:\/\/permessodiguida.com\/product\/buy-real-switzerland-drivers-license\/\",\"url\":\"https:\/\/permessodiguida.com\/product\/buy-real-switzerland-drivers-license\/\",\"name\":\"Buy Real Switzerland Drivers License\",\"isPartOf\":{\"@id\":\"https:\/\/permessodiguida.com\/#website\"},\"primaryImageOfPage\":{\"@id\":\"https:\/\/permessodiguida.com\/product\/buy-real-switzerland-drivers-license\/#primaryimage\"},\"image\":{\"@id\":\"https:\/\/permessodiguida.com\/product\/buy-real-switzerland-drivers-license\/#primaryimage\"},\"thumbnailUrl\":\"https:\/\/permessodiguida.com\/wp-content\/uploads\/2024\/12\/image_2024-12-26_094343574.png\",\"datePublished\":\"2024-12-26T07:58:20+00:00\",\"dateModified\":\"2025-03-19T21:01:03+00:00\",\"description\":\"How to Buy a Real Swiss Driver's License - Registered Swiss Driver's License Have you failed the Drivers License Test in Switzerland on multiple occasions due to stress, lack of concentration, or simply because the system is too demanding? We are here for you. Simply use this form to reach us.\",\"breadcrumb\":{\"@id\":\"https:\/\/permessodiguida.com\/product\/buy-real-switzerland-drivers-license\/#breadcrumb\"},\"inLanguage\":\"et\",\"potentialAction\":[{\"@type\":\"ReadAction\",\"target\":[\"https:\/\/permessodiguida.com\/product\/buy-real-switzerland-drivers-license\/\"]}]},{\"@type\":\"ImageObject\",\"inLanguage\":\"et\",\"@id\":\"https:\/\/permessodiguida.com\/product\/buy-real-switzerland-drivers-license\/#primaryimage\",\"url\":\"https:\/\/permessodiguida.com\/wp-content\/uploads\/2024\/12\/image_2024-12-26_094343574.png\",\"contentUrl\":\"https:\/\/permessodiguida.com\/wp-content\/uploads\/2024\/12\/image_2024-12-26_094343574.png\",\"width\":1200,\"height\":630,\"caption\":\"Fake Driver License, driving license, Swiss drivers license, real drivers license, Switzerland Drivers License, Original Drivers permit,\"},{\"@type\":\"BreadcrumbList\",\"@id\":\"https:\/\/permessodiguida.com\/product\/buy-real-switzerland-drivers-license\/#breadcrumb\",\"itemListElement\":[{\"@type\":\"ListItem\",\"position\":1,\"name\":\"Home\",\"item\":\"https:\/\/permessodiguida.com\/\"},{\"@type\":\"ListItem\",\"position\":2,\"name\":\"All Services\",\"item\":\"https:\/\/permessodiguida.com\/shop\/\"},{\"@type\":\"ListItem\",\"position\":3,\"name\":\"Buy Real Switzerland Drivers License\"}]},{\"@type\":\"WebSite\",\"@id\":\"https:\/\/permessodiguida.com\/#website\",\"url\":\"https:\/\/permessodiguida.com\/\",\"name\":\"Permessodiguida\",\"description\":\"Get Original Driving License And Passport\",\"publisher\":{\"@id\":\"https:\/\/permessodiguida.com\/#organization\"},\"alternateName\":\"Original Documents Provider\",\"potentialAction\":[{\"@type\":\"SearchAction\",\"target\":{\"@type\":\"EntryPoint\",\"urlTemplate\":\"https:\/\/permessodiguida.com\/?s={search_term_string}\"},\"query-input\":{\"@type\":\"PropertyValueSpecification\",\"valueRequired\":true,\"valueName\":\"search_term_string\"}}],\"inLanguage\":\"et\"},{\"@type\":\"Organization\",\"@id\":\"https:\/\/permessodiguida.com\/#organization\",\"name\":\"Permesso Di Guida\",\"alternateName\":\"Original Driving License And Passport\",\"url\":\"https:\/\/permessodiguida.com\/\",\"logo\":{\"@type\":\"ImageObject\",\"inLanguage\":\"et\",\"@id\":\"https:\/\/permessodiguida.com\/#\/schema\/logo\/image\/\",\"url\":\"https:\/\/permessodiguida.com\/wp-content\/uploads\/2024\/08\/image_2024-08-09_144906822.png\",\"contentUrl\":\"https:\/\/permessodiguida.com\/wp-content\/uploads\/2024\/08\/image_2024-08-09_144906822.png\",\"width\":687,\"height\":549,\"caption\":\"Permesso Di Guida\"},\"image\":{\"@id\":\"https:\/\/permessodiguida.com\/#\/schema\/logo\/image\/\"}}]}<\/script>\n<!-- \/ Yoast SEO Premium plugin. -->","yoast_head_json":{"title":"Osta t\u00f5eline \u0160veitsi juhiluba","description":"Kuidas osta t\u00f5elist \u0160veitsi juhiluba - Registreeritud \u0160veitsi juhiluba Kas olete korduvalt eba\u00f5nnestunud juhiloa testimisel \u0160veitsis stressi, keskendumisv\u00f5ime puudumise v\u00f5i lihtsalt selle t\u00f5ttu, et s\u00fcsteem on liiga n\u00f5udlik? Me oleme siin teie jaoks. Kasutage lihtsalt seda vormi, et meiega \u00fchendust v\u00f5tta.","robots":{"index":"index","follow":"follow","max-snippet":"max-snippet:-1","max-image-preview":"max-image-preview:large","max-video-preview":"max-video-preview:-1"},"canonical":"https:\/\/permessodiguida.com\/et\/toode\/osta-paris-veits-juhiluba\/","og_locale":"et_EE","og_type":"article","og_title":"Buy Real Switzerland Drivers License","og_description":"How to Buy a Real Swiss Driver's License - Registered Swiss Driver's License Have you failed the Drivers License Test in Switzerland on multiple occasions due to stress, lack of concentration, or simply because the system is too demanding? We are here for you. Simply use this form to reach us.","og_url":"https:\/\/permessodiguida.com\/et\/toode\/osta-paris-veits-juhiluba\/","og_site_name":"Original Documents Provider","article_modified_time":"2025-03-19T21:01:03+00:00","og_image":[{"width":1200,"height":630,"url":"https:\/\/permessodiguida.com\/wp-content\/uploads\/2024\/12\/image_2024-12-26_094343574.png","type":"image\/png"}],"twitter_card":"summary_large_image","twitter_misc":{"Est. reading time":"4 minutit"},"schema":{"@context":"https:\/\/schema.org","@graph":[{"@type":"WebPage","@id":"https:\/\/permessodiguida.com\/product\/buy-real-switzerland-drivers-license\/","url":"https:\/\/permessodiguida.com\/product\/buy-real-switzerland-drivers-license\/","name":"Osta t\u00f5eline \u0160veitsi juhiluba","isPartOf":{"@id":"https:\/\/permessodiguida.com\/#website"},"primaryImageOfPage":{"@id":"https:\/\/permessodiguida.com\/product\/buy-real-switzerland-drivers-license\/#primaryimage"},"image":{"@id":"https:\/\/permessodiguida.com\/product\/buy-real-switzerland-drivers-license\/#primaryimage"},"thumbnailUrl":"https:\/\/permessodiguida.com\/wp-content\/uploads\/2024\/12\/image_2024-12-26_094343574.png","datePublished":"2024-12-26T07:58:20+00:00","dateModified":"2025-03-19T21:01:03+00:00","description":"Kuidas osta t\u00f5elist \u0160veitsi juhiluba - Registreeritud \u0160veitsi juhiluba Kas olete korduvalt eba\u00f5nnestunud juhiloa testimisel \u0160veitsis stressi, keskendumisv\u00f5ime puudumise v\u00f5i lihtsalt selle t\u00f5ttu, et s\u00fcsteem on liiga n\u00f5udlik? Me oleme siin teie jaoks. Kasutage lihtsalt seda vormi, et meiega \u00fchendust v\u00f5tta.","breadcrumb":{"@id":"https:\/\/permessodiguida.com\/product\/buy-real-switzerland-drivers-license\/#breadcrumb"},"inLanguage":"et","potentialAction":[{"@type":"ReadAction","target":["https:\/\/permessodiguida.com\/product\/buy-real-switzerland-drivers-license\/"]}]},{"@type":"ImageObject","inLanguage":"et","@id":"https:\/\/permessodiguida.com\/product\/buy-real-switzerland-drivers-license\/#primaryimage","url":"https:\/\/permessodiguida.com\/wp-content\/uploads\/2024\/12\/image_2024-12-26_094343574.png","contentUrl":"https:\/\/permessodiguida.com\/wp-content\/uploads\/2024\/12\/image_2024-12-26_094343574.png","width":1200,"height":630,"caption":"Fake Driver License, driving license, Swiss drivers license, real drivers license, Switzerland Drivers License, Original Drivers permit,"},{"@type":"BreadcrumbList","@id":"https:\/\/permessodiguida.com\/product\/buy-real-switzerland-drivers-license\/#breadcrumb","itemListElement":[{"@type":"ListItem","position":1,"name":"Home","item":"https:\/\/permessodiguida.com\/"},{"@type":"ListItem","position":2,"name":"All Services","item":"https:\/\/permessodiguida.com\/shop\/"},{"@type":"ListItem","position":3,"name":"Buy Real Switzerland Drivers License"}]},{"@type":"WebSite","@id":"https:\/\/permessodiguida.com\/#website","url":"https:\/\/permessodiguida.com\/","name":"Permessodiguida","description":"Saada originaal juhiluba ja pass","publisher":{"@id":"https:\/\/permessodiguida.com\/#organization"},"alternateName":"Original Documents Provider","potentialAction":[{"@type":"SearchAction","target":{"@type":"EntryPoint","urlTemplate":"https:\/\/permessodiguida.com\/?s={search_term_string}"},"query-input":{"@type":"PropertyValueSpecification","valueRequired":true,"valueName":"search_term_string"}}],"inLanguage":"et"},{"@type":"Organization","@id":"https:\/\/permessodiguida.com\/#organization","name":"Permesso Di Guida","alternateName":"Original Driving License And Passport","url":"https:\/\/permessodiguida.com\/","logo":{"@type":"ImageObject","inLanguage":"et","@id":"https:\/\/permessodiguida.com\/#\/schema\/logo\/image\/","url":"https:\/\/permessodiguida.com\/wp-content\/uploads\/2024\/08\/image_2024-08-09_144906822.png","contentUrl":"https:\/\/permessodiguida.com\/wp-content\/uploads\/2024\/08\/image_2024-08-09_144906822.png","width":687,"height":549,"caption":"Permesso Di Guida"},"image":{"@id":"https:\/\/permessodiguida.com\/#\/schema\/logo\/image\/"}}]}},"_links":{"self":[{"href":"https:\/\/permessodiguida.com\/et\/wp-json\/wp\/v2\/product\/369","targetHints":{"allow":["GET"]}}],"collection":[{"href":"https:\/\/permessodiguida.com\/et\/wp-json\/wp\/v2\/product"}],"about":[{"href":"https:\/\/permessodiguida.com\/et\/wp-json\/wp\/v2\/types\/product"}],"replies":[{"embeddable":true,"href":"https:\/\/permessodiguida.com\/et\/wp-json\/wp\/v2\/comments?post=369"}],"wp:featuredmedia":[{"embeddable":true,"href":"https:\/\/permessodiguida.com\/et\/wp-json\/wp\/v2\/media\/1956"}],"wp:attachment":[{"href":"https:\/\/permessodiguida.com\/et\/wp-json\/wp\/v2\/media?parent=369"}],"wp:term":[{"taxonomy":"product_brand","embeddable":true,"href":"https:\/\/permessodiguida.com\/et\/wp-json\/wp\/v2\/product_brand?post=369"},{"taxonomy":"product_cat","embeddable":true,"href":"https:\/\/permessodiguida.com\/et\/wp-json\/wp\/v2\/product_cat?post=369"},{"taxonomy":"product_tag","embeddable":true,"href":"https:\/\/permessodiguida.com\/et\/wp-json\/wp\/v2\/product_tag?post=369"}],"curies":[{"name":"wp","href":"https:\/\/api.w.org\/{rel}","templated":true}]}}