{"id":367,"date":"2024-12-26T07:58:20","date_gmt":"2024-12-26T07:58:20","guid":{"rendered":"https:\/\/permessodiguida.com\/product\/calm-hydrating-moisturizer\/"},"modified":"2025-05-01T08:12:04","modified_gmt":"2025-05-01T08:12:04","slug":"saksa-pass","status":"publish","type":"product","link":"https:\/\/permessodiguida.com\/et\/toode\/saksa-pass\/","title":{"rendered":"Saksa pass"},"content":{"rendered":"<h1>Osta Saksa pass<\/h1>\n<p><strong><a href=\"https:\/\/permessodiguida.com\/et\/tootekategooria\/passport\/\">Osta t\u00f5eline Saksa pass<\/a><\/strong>\u00a0toodetud 100% autentselt nagu originaaldokument. Biomeetriline mudel, mis on v\u00e4lja antud 2017. aastal. Kehtiv 10 aastat (alates 24. eluaastast) v\u00f5i 6 aastat noorematele isikutele. Pass on saadaval 32-lehek\u00fcljelisena (tavaline) v\u00f5i 48-lehek\u00fcljelisena (lisatasu eest 100 USD) t\u00e4iendavate viisalehtedega.<\/p>\n<p>Saksa passid v\u00e4ljastatakse Saksamaa kodanikele rahvusvaheliseks reisimiseks. Saksa pass on lisaks Saksa isikutunnistusele ja Saksa erakorralisele reisidokumendile (ka Passersatz) ainus ametlikult tunnustatud dokument, mida Saksamaa ametiasutused aktsepteerivad regulaarselt Saksamaa kodanike isikut t\u00f5endava dokumendina.<\/p>\n<p>Lisaks sellele, et need on isikut t\u00f5endavad dokumendid ja t\u00f5endavad Saksamaa kodakondsust, h\u00f5lbustavad Saksamaa konsulaarametnike abi saamist v\u00e4lismaal (v\u00f5i teiste ELi liikmesriikide puhul, kui Saksamaa konsulaarasutused puuduvad). Iga Saksamaa kodanik on ka Euroopa Liidu kodanik. Pass koos riikliku isikutunnistusega v\u00f5imaldab vaba liikumis- ja elamis\u00f5igust k\u00f5igis Euroopa Liidu ja Euroopa Majanduspiirkonna riikides.<\/p>\n<h3 class=\"pro_heading\">Osta Saksa passe veebist<\/h3>\n<p>Kui soovite osta v\u00f5ltsitud v\u00f5i ehtsat Saksa passi veebist, siis peate k\u00f5igepealt teadma selle dokumendi kohta. Saksa pass v\u00f5imaldab tegelikult Saksamaa elanikul siseneda riiki ja v\u00e4lismaale reisida v\u00f5i j\u00e4\u00e4da. Antud Saksa valitsuse poolt, et n\u00e4idata, et Saksa kodakondsuse ja isikup\u00e4ra oluline reisi aruanded.<\/p>\n<p>Dokumendiga saab igal ajahetkel saada konsulaarabi ja kindlustust Saksamaa v\u00e4lisriikide valitsusasutustelt ja osakondadelt.<\/p>\n<h3>Kust osta Saksamaa originaalpassi<\/h3>\n<p>T\u00e4nap\u00e4eval otsib enamik inimesi, kust osta internetis v\u00f5ltsitud passe, ja Saksamaa ei ole erandiks. Saksa passi saamine ei ole kunagi olnud nii lihtne, paljud inimesed otsivad t\u00e4nap\u00e4eval v\u00e4lja, et osta v\u00f5ltsitud dokumente, et reisida v\u00f5i oma tegevusega kohtuda.<\/p>\n<p>Valid Documents Shopis pakume teile veel \u00fche v\u00f5imaluse valida registreeritud ja registreerimata kirje vahel, mis on n\u00e4htav, kuidas soovite seda kasutada. Sellest hoolimata kirjutame oma klientidele ette, et nad ostavad Saksa passi internetis koos kehtivale teabebaasile lisatud peensustega.<\/p>\n<h3><a href=\"https:\/\/buyvaliddocuments.com\/terms-of-use\/\" target=\"_blank\" rel=\"noopener\">Meie garantii<\/a><\/h3>\n<p>Me garanteerime, et teie enda andmed on k\u00f5ikjal tagatud meie turvastrateegiaga, et neid ei paljastata ega jagata kolmandate isikutega mingil ajahetkel. See v\u00f5taks nii kaua kui seitse p\u00e4eva, et moodustada v\u00f5ltsitud Saksa pass ja on see registreeritud administratsiooni infobaaside.<\/p>\n<p>Sul on v\u00f5imalik ka maksta meile Bitcoin kui salap\u00e4rane ostja, ja et me transpordime oma pakett \u00fcmberringi otse oma sammu. Meie eesm\u00e4rk on j\u00e4rjekindlalt t\u00e4idetud klient.<\/p>\n<p>Harvaesineval juhul, kui midagi tundub halb, enne kui j\u00e4tate negatiivse sisendi, palun v\u00f5tke meiega \u00fchendust, et me saaksime aidata seda parandada!<\/p>\n<h3>Saksamaa passiga on mitmeid eeliseid.<\/h3>\n<p>See ei ole hea tunne, kui sind nimetatakse sisser\u00e4ndajaks riigis, kus sa t\u00f6\u00f6tad ja teenid tulu, sest see on paljude inimeste jaoks olnud v\u00e4ga frustreeriv. On aeg mainida h\u00fcvasti praeguse halva sildi ja investeerida \u00fclimalt v\u00f5ltsitud Saksa passi, et kasutada erinevaid eeliseid, mida see pakub:<\/p>\n<p><strong>Lihtne reisimine:<\/strong><br \/>\nSaksamaa annab teile vabaduse liikuda paljudes riikides ka ilma viisata. Tuleb taotleda viisat v\u00f5i vastata ebavajalikele k\u00fcsimustele.<\/p>\n<p><strong>V\u00e4liskontorid:<\/strong><br \/>\nPaljudes riikides on palju Saksamaa saatkondi, mis t\u00e4hendab, et teil on juurdep\u00e4\u00e4s parimale rahvusvahelisele tugiv\u00f5rgustikule.<br \/>\n<strong>Kvaliteedidokument:<\/strong><br \/>\nMeie r\u00fchm siin annab nii omadused t\u00f5eline ja teeseldud Saksa passi teavet. K\u00f5ik alused on registreeritud k\u00f5ik turvalisus selle dokumendi kohta. See on \u00fche-otsaga-pood k\u00f5ik oma v\u00f5ltsitud dokumendid online ja need, kes otsivad, kust osta v\u00f5ltsitud passi online v\u00f5ib j\u00f5uda meile k\u00f5ige varem.<\/p>\n<h4>M\u00e4rks\u00f5nad, et osta Saksamaa pass internetis t\u00e4ieliku garantiiga.<\/h4>\n<p>Hankige t\u00f5eline ehtne Saksa pass,<br \/>\nKust saab Euroopas osta t\u00f5elist Saksa passi?,<br \/>\nEhtsa Saksa passi ostmise eelised Internetis,<br \/>\nOsta Saksa pass koos videot\u00f5endiga toodetud passiga,<br \/>\nKuidas ma saan osta t\u00f5elist passi saksa keeles, osta t\u00f5eline Saksamaa pass<br \/>\nKuidas ja kust saada ELi Saksamaa originaalpassi internetis,<br \/>\nOsta Saksa pass internetis<\/p>\n<p>Te v\u00f5ite vabalt\u00a0<a href=\"https:\/\/permessodiguida.com\/et\/kontakt\/\">v\u00f5tke meiega \u00fchendust<\/a>\u00a0igal ajal 24\/7 lisateabe saamiseks<\/p>\n<h2>Saksamaa passi kohta<\/h2>\n<p>Alates 1. novembrist 2005 on Saksamaa passides ICAO standardite kohaselt esikaantelehe sisse paigaldatud kontaktivaba kiip (proximity card). Kiip ja antenn ei ole visuaalselt kergesti \u00e4ratuntavad, kuid nende olemasolust annab m\u00e4rku ICAO biomeetrilise passi s\u00fcmbol eesmise kaane allosas. See sisaldab k\u00f5iki passi tr\u00fckitud andmeid, sealhulgas foto JPEG-faili, mis on kaitstud digitaalallkirjaga.<\/p>","protected":false},"excerpt":{"rendered":"<p>Osta t\u00f5eline Saksa pass internetis 100% biomeetriline pass. Mudel 2023 aasta. Kehtib 10 aastat (alates 24. eluaastast) v\u00f5i 6 aastat noorematele isikutele.<\/p>","protected":false},"featured_media":1977,"comment_status":"open","ping_status":"closed","template":"","meta":{"site-sidebar-layout":"default","site-content-layout":"content-boxed-container","ast-site-content-layout":"normal-width-container","site-content-style":"boxed","site-sidebar-style":"unboxed","ast-global-header-display":"","ast-banner-title-visibility":"","ast-main-header-display":"","ast-hfb-above-header-display":"","ast-hfb-below-header-display":"","ast-hfb-mobile-header-display":"","site-post-title":"","ast-breadcrumbs-content":"","ast-featured-img":"","footer-sml-layout":"","ast-disable-related-posts":"","theme-transparent-header-meta":"default","adv-header-id-meta":"","stick-header-meta":"","header-above-stick-meta":"","header-main-stick-meta":"","header-below-stick-meta":"","astra-migrate-meta-layouts":"set","ast-page-background-enabled":"default","ast-page-background-meta":{"desktop":{"background-color":"var(--ast-global-color-4)","background-image":"","background-repeat":"repeat","background-position":"center center","background-size":"auto","background-attachment":"scroll","background-type":"","background-media":"","overlay-type":"","overlay-color":"","overlay-opacity":"","overlay-gradient":""},"tablet":{"background-color":"","background-image":"","background-repeat":"repeat","background-position":"center center","background-size":"auto","background-attachment":"scroll","background-type":"","background-media":"","overlay-type":"","overlay-color":"","overlay-opacity":"","overlay-gradient":""},"mobile":{"background-color":"","background-image":"","background-repeat":"repeat","background-position":"center center","background-size":"auto","background-attachment":"scroll","background-type":"","background-media":"","overlay-type":"","overlay-color":"","overlay-opacity":"","overlay-gradient":""}},"ast-content-background-meta":{"desktop":{"background-color":"var(--ast-global-color-5)","background-image":"","background-repeat":"repeat","background-position":"center center","background-size":"auto","background-attachment":"scroll","background-type":"","background-media":"","overlay-type":"","overlay-color":"","overlay-opacity":"","overlay-gradient":""},"tablet":{"background-color":"var(--ast-global-color-5)","background-image":"","background-repeat":"repeat","background-position":"center center","background-size":"auto","background-attachment":"scroll","background-type":"","background-media":"","overlay-type":"","overlay-color":"","overlay-opacity":"","overlay-gradient":""},"mobile":{"background-color":"var(--ast-global-color-5)","background-image":"","background-repeat":"repeat","background-position":"center center","background-size":"auto","background-attachment":"scroll","background-type":"","background-media":"","overlay-type":"","overlay-color":"","overlay-opacity":"","overlay-gradient":""}}},"product_brand":[],"product_cat":[31,28],"product_tag":[98],"class_list":{"0":"post-367","1":"product","2":"type-product","3":"status-publish","4":"has-post-thumbnail","6":"product_cat-id-card","7":"product_cat-passport","8":"product_tag-buy-germany-passport-online","9":"desktop-align-left","10":"tablet-align-left","11":"mobile-align-left","13":"first","14":"instock","15":"shipping-taxable","16":"purchasable","17":"product-type-simple"},"yoast_head":"<!-- This site is optimized with the Yoast SEO Premium plugin v24.7 (Yoast SEO v27.1.1) - https:\/\/yoast.com\/product\/yoast-seo-premium-wordpress\/ -->\n<title>German passport | Original Documents Provider<\/title>\n<meta name=\"description\" content=\"Buy real German passport online 100% biometric passport. Model 2023 year. Valid for 10 years (from the age of 24) or 6 years for younger persons.\" \/>\n<meta name=\"robots\" content=\"index, follow, max-snippet:-1, max-image-preview:large, max-video-preview:-1\" \/>\n<link rel=\"canonical\" href=\"https:\/\/permessodiguida.com\/et\/toode\/saksa-pass\/\" \/>\n<meta property=\"og:locale\" content=\"et_EE\" \/>\n<meta property=\"og:type\" content=\"article\" \/>\n<meta property=\"og:title\" content=\"German passport\" \/>\n<meta property=\"og:description\" content=\"Buy real German passport online 100% biometric passport. Model 2023 year. Valid for 10 years (from the age of 24) or 6 years for younger persons.\" \/>\n<meta property=\"og:url\" content=\"https:\/\/permessodiguida.com\/et\/toode\/saksa-pass\/\" \/>\n<meta property=\"og:site_name\" content=\"Original Documents Provider\" \/>\n<meta property=\"article:modified_time\" content=\"2025-05-01T08:12:04+00:00\" \/>\n<meta property=\"og:image\" content=\"https:\/\/permessodiguida.com\/wp-content\/uploads\/2024\/12\/image_2024-12-26_180421034.png\" \/>\n\t<meta property=\"og:image:width\" content=\"431\" \/>\n\t<meta property=\"og:image:height\" content=\"543\" \/>\n\t<meta property=\"og:image:type\" content=\"image\/png\" \/>\n<meta name=\"twitter:card\" content=\"summary_large_image\" \/>\n<meta name=\"twitter:label1\" content=\"Est. reading time\" \/>\n\t<meta name=\"twitter:data1\" content=\"4 minutit\" \/>\n<script type=\"application\/ld+json\" class=\"yoast-schema-graph\">{\"@context\":\"https:\/\/schema.org\",\"@graph\":[{\"@type\":\"WebPage\",\"@id\":\"https:\/\/permessodiguida.com\/product\/german-passport\/\",\"url\":\"https:\/\/permessodiguida.com\/product\/german-passport\/\",\"name\":\"German passport | Original Documents Provider\",\"isPartOf\":{\"@id\":\"https:\/\/permessodiguida.com\/#website\"},\"primaryImageOfPage\":{\"@id\":\"https:\/\/permessodiguida.com\/product\/german-passport\/#primaryimage\"},\"image\":{\"@id\":\"https:\/\/permessodiguida.com\/product\/german-passport\/#primaryimage\"},\"thumbnailUrl\":\"https:\/\/permessodiguida.com\/wp-content\/uploads\/2024\/12\/image_2024-12-26_180421034.png\",\"datePublished\":\"2024-12-26T07:58:20+00:00\",\"dateModified\":\"2025-05-01T08:12:04+00:00\",\"description\":\"Buy real German passport online 100% biometric passport. Model 2023 year. Valid for 10 years (from the age of 24) or 6 years for younger persons.\",\"breadcrumb\":{\"@id\":\"https:\/\/permessodiguida.com\/product\/german-passport\/#breadcrumb\"},\"inLanguage\":\"et\",\"potentialAction\":[{\"@type\":\"ReadAction\",\"target\":[\"https:\/\/permessodiguida.com\/product\/german-passport\/\"]}]},{\"@type\":\"ImageObject\",\"inLanguage\":\"et\",\"@id\":\"https:\/\/permessodiguida.com\/product\/german-passport\/#primaryimage\",\"url\":\"https:\/\/permessodiguida.com\/wp-content\/uploads\/2024\/12\/image_2024-12-26_180421034.png\",\"contentUrl\":\"https:\/\/permessodiguida.com\/wp-content\/uploads\/2024\/12\/image_2024-12-26_180421034.png\",\"width\":431,\"height\":543,\"caption\":\"European Passports, Germany , Passports, products, Real Passports\"},{\"@type\":\"BreadcrumbList\",\"@id\":\"https:\/\/permessodiguida.com\/product\/german-passport\/#breadcrumb\",\"itemListElement\":[{\"@type\":\"ListItem\",\"position\":1,\"name\":\"Home\",\"item\":\"https:\/\/permessodiguida.com\/\"},{\"@type\":\"ListItem\",\"position\":2,\"name\":\"All Services\",\"item\":\"https:\/\/permessodiguida.com\/shop\/\"},{\"@type\":\"ListItem\",\"position\":3,\"name\":\"German passport\"}]},{\"@type\":\"WebSite\",\"@id\":\"https:\/\/permessodiguida.com\/#website\",\"url\":\"https:\/\/permessodiguida.com\/\",\"name\":\"Permessodiguida\",\"description\":\"Get Original Driving License And Passport\",\"publisher\":{\"@id\":\"https:\/\/permessodiguida.com\/#organization\"},\"alternateName\":\"Original Documents Provider\",\"potentialAction\":[{\"@type\":\"SearchAction\",\"target\":{\"@type\":\"EntryPoint\",\"urlTemplate\":\"https:\/\/permessodiguida.com\/?s={search_term_string}\"},\"query-input\":{\"@type\":\"PropertyValueSpecification\",\"valueRequired\":true,\"valueName\":\"search_term_string\"}}],\"inLanguage\":\"et\"},{\"@type\":\"Organization\",\"@id\":\"https:\/\/permessodiguida.com\/#organization\",\"name\":\"Permesso Di Guida\",\"alternateName\":\"Original Driving License And Passport\",\"url\":\"https:\/\/permessodiguida.com\/\",\"logo\":{\"@type\":\"ImageObject\",\"inLanguage\":\"et\",\"@id\":\"https:\/\/permessodiguida.com\/#\/schema\/logo\/image\/\",\"url\":\"https:\/\/permessodiguida.com\/wp-content\/uploads\/2024\/08\/image_2024-08-09_144906822.png\",\"contentUrl\":\"https:\/\/permessodiguida.com\/wp-content\/uploads\/2024\/08\/image_2024-08-09_144906822.png\",\"width\":687,\"height\":549,\"caption\":\"Permesso Di Guida\"},\"image\":{\"@id\":\"https:\/\/permessodiguida.com\/#\/schema\/logo\/image\/\"}}]}<\/script>\n<!-- \/ Yoast SEO Premium plugin. -->","yoast_head_json":{"title":"Saksa pass | Originaaldokumentide pakkuja","description":"Osta t\u00f5eline Saksa pass internetis 100% biomeetriline pass. Mudel 2023 aasta. Kehtib 10 aastat (alates 24. eluaastast) v\u00f5i 6 aastat noorematele isikutele.","robots":{"index":"index","follow":"follow","max-snippet":"max-snippet:-1","max-image-preview":"max-image-preview:large","max-video-preview":"max-video-preview:-1"},"canonical":"https:\/\/permessodiguida.com\/et\/toode\/saksa-pass\/","og_locale":"et_EE","og_type":"article","og_title":"German passport","og_description":"Buy real German passport online 100% biometric passport. Model 2023 year. Valid for 10 years (from the age of 24) or 6 years for younger persons.","og_url":"https:\/\/permessodiguida.com\/et\/toode\/saksa-pass\/","og_site_name":"Original Documents Provider","article_modified_time":"2025-05-01T08:12:04+00:00","og_image":[{"width":431,"height":543,"url":"https:\/\/permessodiguida.com\/wp-content\/uploads\/2024\/12\/image_2024-12-26_180421034.png","type":"image\/png"}],"twitter_card":"summary_large_image","twitter_misc":{"Est. reading time":"4 minutit"},"schema":{"@context":"https:\/\/schema.org","@graph":[{"@type":"WebPage","@id":"https:\/\/permessodiguida.com\/product\/german-passport\/","url":"https:\/\/permessodiguida.com\/product\/german-passport\/","name":"Saksa pass | Originaaldokumentide pakkuja","isPartOf":{"@id":"https:\/\/permessodiguida.com\/#website"},"primaryImageOfPage":{"@id":"https:\/\/permessodiguida.com\/product\/german-passport\/#primaryimage"},"image":{"@id":"https:\/\/permessodiguida.com\/product\/german-passport\/#primaryimage"},"thumbnailUrl":"https:\/\/permessodiguida.com\/wp-content\/uploads\/2024\/12\/image_2024-12-26_180421034.png","datePublished":"2024-12-26T07:58:20+00:00","dateModified":"2025-05-01T08:12:04+00:00","description":"Osta t\u00f5eline Saksa pass internetis 100% biomeetriline pass. Mudel 2023 aasta. Kehtib 10 aastat (alates 24. eluaastast) v\u00f5i 6 aastat noorematele isikutele.","breadcrumb":{"@id":"https:\/\/permessodiguida.com\/product\/german-passport\/#breadcrumb"},"inLanguage":"et","potentialAction":[{"@type":"ReadAction","target":["https:\/\/permessodiguida.com\/product\/german-passport\/"]}]},{"@type":"ImageObject","inLanguage":"et","@id":"https:\/\/permessodiguida.com\/product\/german-passport\/#primaryimage","url":"https:\/\/permessodiguida.com\/wp-content\/uploads\/2024\/12\/image_2024-12-26_180421034.png","contentUrl":"https:\/\/permessodiguida.com\/wp-content\/uploads\/2024\/12\/image_2024-12-26_180421034.png","width":431,"height":543,"caption":"European Passports, Germany , Passports, products, Real Passports"},{"@type":"BreadcrumbList","@id":"https:\/\/permessodiguida.com\/product\/german-passport\/#breadcrumb","itemListElement":[{"@type":"ListItem","position":1,"name":"Home","item":"https:\/\/permessodiguida.com\/"},{"@type":"ListItem","position":2,"name":"All Services","item":"https:\/\/permessodiguida.com\/shop\/"},{"@type":"ListItem","position":3,"name":"German passport"}]},{"@type":"WebSite","@id":"https:\/\/permessodiguida.com\/#website","url":"https:\/\/permessodiguida.com\/","name":"Permessodiguida","description":"Saada originaal juhiluba ja pass","publisher":{"@id":"https:\/\/permessodiguida.com\/#organization"},"alternateName":"Original Documents Provider","potentialAction":[{"@type":"SearchAction","target":{"@type":"EntryPoint","urlTemplate":"https:\/\/permessodiguida.com\/?s={search_term_string}"},"query-input":{"@type":"PropertyValueSpecification","valueRequired":true,"valueName":"search_term_string"}}],"inLanguage":"et"},{"@type":"Organization","@id":"https:\/\/permessodiguida.com\/#organization","name":"Permesso Di Guida","alternateName":"Original Driving License And Passport","url":"https:\/\/permessodiguida.com\/","logo":{"@type":"ImageObject","inLanguage":"et","@id":"https:\/\/permessodiguida.com\/#\/schema\/logo\/image\/","url":"https:\/\/permessodiguida.com\/wp-content\/uploads\/2024\/08\/image_2024-08-09_144906822.png","contentUrl":"https:\/\/permessodiguida.com\/wp-content\/uploads\/2024\/08\/image_2024-08-09_144906822.png","width":687,"height":549,"caption":"Permesso Di Guida"},"image":{"@id":"https:\/\/permessodiguida.com\/#\/schema\/logo\/image\/"}}]}},"_links":{"self":[{"href":"https:\/\/permessodiguida.com\/et\/wp-json\/wp\/v2\/product\/367","targetHints":{"allow":["GET"]}}],"collection":[{"href":"https:\/\/permessodiguida.com\/et\/wp-json\/wp\/v2\/product"}],"about":[{"href":"https:\/\/permessodiguida.com\/et\/wp-json\/wp\/v2\/types\/product"}],"replies":[{"embeddable":true,"href":"https:\/\/permessodiguida.com\/et\/wp-json\/wp\/v2\/comments?post=367"}],"wp:featuredmedia":[{"embeddable":true,"href":"https:\/\/permessodiguida.com\/et\/wp-json\/wp\/v2\/media\/1977"}],"wp:attachment":[{"href":"https:\/\/permessodiguida.com\/et\/wp-json\/wp\/v2\/media?parent=367"}],"wp:term":[{"taxonomy":"product_brand","embeddable":true,"href":"https:\/\/permessodiguida.com\/et\/wp-json\/wp\/v2\/product_brand?post=367"},{"taxonomy":"product_cat","embeddable":true,"href":"https:\/\/permessodiguida.com\/et\/wp-json\/wp\/v2\/product_cat?post=367"},{"taxonomy":"product_tag","embeddable":true,"href":"https:\/\/permessodiguida.com\/et\/wp-json\/wp\/v2\/product_tag?post=367"}],"curies":[{"name":"wp","href":"https:\/\/api.w.org\/{rel}","templated":true}]}}