{"id":2223,"date":"2025-03-19T22:21:55","date_gmt":"2025-03-19T22:21:55","guid":{"rendered":"https:\/\/permessodiguida.com\/?post_type=product&#038;p=2223"},"modified":"2026-02-17T10:26:16","modified_gmt":"2026-02-17T10:26:16","slug":"buy-fake-usa-passport-online","status":"publish","type":"product","link":"https:\/\/permessodiguida.com\/et\/toode\/buy-fake-usa-passport-online\/","title":{"rendered":"Osta v\u00f5ltsitud USA pass internetist"},"content":{"rendered":"<h2>Aja kokkuhoiuks ostke veebist kvaliteetset v\u00f5ltsitud USA passi<\/h2>\n<p><a href=\"https:\/\/permessodiguida.com\/et\/toode\/buy-fake-usa-passport-online\/\">Osta v\u00f5ltsitud USA passi veebist 2026. aastal<\/a>Hankige parima kvaliteediga ehtne v\u00f5ltsitud USA pass veebist koos USA passi t\u00f5endiga enne meie v\u00e4ljasaatmist. Ametliku isikut t\u00f5endava dokumendi valmistamine v\u00f5ib v\u00f5tta palju aega ja vaeva. M\u00f5nikord ei saa te lihtsalt nii kaua oodata. Siis saame teid aidata.<\/p>\n<p>Valmistame v\u00f5ltsitud Ameerika \u00dchendriikide passe, mis on samav\u00e4\u00e4rselt kehtivad valitsuse v\u00e4ljastatud dokumentidega. Meie teenuste abil saate vajalikud juriidilised dokumendid k\u00e4tte m\u00f5ne p\u00e4evaga, v\u00f5rreldes tavap\u00e4rase protseduuriga. Ostke meie veebisaidilt p\u00e4ris v\u00f5i v\u00f5ltsitud pass vaid m\u00f5ne hiirekl\u00f5psuga ja nautige oma uue, vaevata hangitud dokumendi eeliseid.<\/p>\n<p>Me s\u00e4\u00e4stame teid administratiivsest rutiinist ja pakume teile suurep\u00e4raseid tooteid, mis avavad teile l\u00f5putult v\u00f5imalusi. Kui teil on vaja osta v\u00f5ltsitud USA passi veebist, \u00e4rge enam otsige. Pakume parima kvaliteediga ehtsat v\u00f5ltsitud USA passi.<\/p>\n<div class=\"seo-text\">\n<h3>Kui kvaliteetsed on meie m\u00fc\u00fcgil olevad p\u00e4ris ja v\u00f5ltsitud passid?<\/h3>\n<p>Meie rajatistes on uusimad seadmed, mis v\u00f5imaldavad meil toota v\u00f5ltsitud dokumente, mida on v\u00f5imatu eristada ehtsatest. Saame seda garanteerida, kuna meie toodetel on k\u00f5ik juriidilistele dokumentidele omased turvaelemendid, sealhulgas j\u00e4rgmised k\u00f5rgtehnoloogilised elemendid:<\/p>\n<ol>\n<li><strong><a href=\"https:\/\/www.computerworld.com\/article\/2546232\/u-s--set-to-issue-passports-with-rfid-chips.html\" target=\"_blank\" rel=\"noopener\">Electronic chips<\/a>.<\/strong>\u00a0AGDPI-st saate osta nii p\u00e4ris registreeritud passi kui ka v\u00f5ltsingu, millel pole teie kohta kodeeritud teavet.<\/li>\n<li><strong><a href=\"https:\/\/www.rushmypassport.com\/blog\/us-passport-security-features\/\" target=\"_blank\" rel=\"noopener\">Holograms<\/a>.<\/strong>\u00a0Meil on olemas sobivad 3D-printimise masinad, mis v\u00f5imaldavad meil oma toodetesse rakendada isegi selliseid t\u00e4iustatud turvafunktsioone.<\/li>\n<li><b>Fluorescent fibres.<\/b>\u00a0Kui vaadata meie dokumente ultraviolettvalguses, siis n\u00e4hakse paberisse kootud v\u00e4ikeseid niite, mis pole palja silmaga n\u00e4htavad.<\/li>\n<li><b>Colour-shifting ink.<\/b>\u00a0K\u00f5ik meie m\u00fc\u00fcgil olevad v\u00f5ltspassid on tr\u00fckitud ainulaadse tehnoloogia ja materjalidega, seega kallutamisel muutuvad m\u00f5nede elementide v\u00e4rvitooni.<\/li>\n<\/ol>\n<p>Veebilehel\u00a0<a href=\"https:\/\/permessodiguida.com\/index.php\/\">Kehtivad dokumendid Shop International<\/a>, me toodame tooteid, mis v\u00f5imaldavad teil reisida, l\u00e4bida\u00a0<a href=\"https:\/\/buyvaliddocuments.com\/index.php\/?s=id+card&amp;post_type=product\">ID<\/a>\u00a0kontrollid ja nautige k\u00f5iki kodakondsusega kaasnevaid eeliseid. Meie teenuste abil saate kehtiva passi m\u00f5ne p\u00e4evaga ilma j\u00e4rjekordades ootamise, vormide t\u00e4itmise ja kontorite vahel jooksmiseta. Oleme siin, et teid aidata, kui soovite osta v\u00f5ltsitud USA passi veebist.<\/p>\n<p>Meie ettev\u00f5te on pikka aega olnud v\u00f5ltsingut\u00f6\u00f6stuses olulisel kohal, mis v\u00f5imaldab meil garanteerida oma toodete k\u00f5rge kvaliteedi ja meie enda usaldusv\u00e4\u00e4rsuse. Klientide vajadused ja ohutus on meie prioriteet, seega pingutame palju nende privaatsuse ja konfidentsiaalsuse kaitsmiseks. Aktsepteerime ainult kr\u00fcptovaluutasid, et tagada iga finantstehingu anon\u00fc\u00fcmsus meie ja meie vahel.<\/p>\n<h3>Kuidas osta p\u00e4ris passi veebist Global Documentsist?<\/h3>\n<p><a href=\"https:\/\/permessodiguida.com\/et\/shop\/\">Kui valite<\/a>\u00a0Valige meie veebisaidilt toode, mida soovite osta, pange see ostukorvi ja minge kassasse. T\u00e4itke oma makse- ja saatmisandmed vastavatesse vormidesse ning oodake, kuni meie haldur v\u00f5tab teiega tellimuse kinnitamiseks \u00fchendust. See t\u00f6\u00f6deldakse hiljemalt kahe p\u00e4eva jooksul ja seej\u00e4rel toimetatakse teile usaldusv\u00e4\u00e4rsete kullerfirmade kaudu. V\u00f5ltsitud USA passi hankimine veebis on meiega v\u00e4ga lihtne.<\/p>\n<h3>Lisateavet USA passi kohta<\/h3>\n<\/div>\n<p>Kuigi Ameerika \u00dchendriigid on maailma juhtiv peaaegu k\u00f5iges, on nad ka vaieldamatult maailma k\u00f5ige ilusam riik. V\u00f5ib-olla on Norras rohkem ilusaid fjorde, Himaalajas k\u00f5rgemaid m\u00e4gesid ja Kariibi mere piirkonnas rohelisemaid veekogusid, kuid mitte kusagil pole k\u00f5ike nii sarnast Ameerikale.<\/p>\n<p>Mitte et me tahaksime selle \u00fcle uhkustada v\u00f5i midagi. Osariikide vahel tekib tavaliselt kahtlemata mingi t\u00fcli. Osariigid, kes arvavad, et nende kivim\u00e4ed on kuumemad kui teise inimese punaste kaljudega k\u00f5rbed. \u00dchel osariigil on kokaiinivalged merekaldad, teisel tuhandeaastased sekvoiad.<\/p>\n<h3>Hankige uus USA pass Valid Documents Shop Internationalist<\/h3>\n<p>K\u00f5ike arvesse v\u00f5ttes oleme siin, et arutelu lahendada. Kogusime kokku teadlaste meeskonna, kes olid k\u00fclastanud iga osariiki ja asusid seej\u00e4rel s\u00f5jategevusse: uurides iga osariigi keha mitmekesisust, suurust, huvi, omadusi ja puudusi. M\u00f5istsime, et igal osariigil on midagi, mis seda k\u00f5netab.<\/p>\n<p>Samuti on \u00fcle paari h\u00e4mmastunud oma tegelikust \u00f5nnistusest. USA passi saamine v\u00f5ib olla v\u00e4ga aegan\u00f5udev ja h\u00f5lmab palju samme, aga miks oodata v\u00f5i vaeva n\u00e4ha, kui saate h\u00f5lpsalt hankida oma v\u00f5ltsitud USA passi ja kasutada seda samal eesm\u00e4rgil ning oma elu lihtsamaks muuta. N\u00fc\u00fcd saate meilt tellida oma v\u00f5ltsitud USA passi hetkega.<\/p>\n<h3>Kuidas saada v\u00f5ltsitud Ameerika \u00dchendriikide passi veebis 2024. aastal t\u00e4ieliku garantiiga.<\/h3>\n<p>Osta v\u00f5ltsitud USA passi veebist 2024. aastal, hankige ehtne v\u00f5ltsitud USA pass.<br \/>\nKust ma saan Euroopas osta v\u00f5ltsitud USA passi?<br \/>\nKuidas ja kust osta USA-s kehtivat USA passi internetist?<br \/>\nEelised t\u00f5elise v\u00f5ltsitud Ameerika \u00dchendriikide passi ostmiseks veebis,<br \/>\nBuy United States passport with video proof of the produced passport,<br \/>\nKuidas osta v\u00f5ltsitud passi Ameerika \u00dchendriikides, osta v\u00f5ltsitud USA passi veebis 2026. aastal<br \/>\nKuidas ja kust saada v\u00f5ltsitud Ameerika \u00dchendriikide passi veebis,<br \/>\nParima kvaliteediga v\u00f5ltsitud Euroopa pass 2024.<\/p>","protected":false},"excerpt":{"rendered":"<p>Osta v\u00f5ltsitud USA pass internetist 2024. Hankige internetist parima kvaliteediga t\u00f5eline v\u00f5ltsitud USA pass koos t\u00f5endiga oma USA passi kohta enne, kui me selle v\u00e4lja saadame.<\/p>","protected":false},"featured_media":2224,"comment_status":"open","ping_status":"closed","template":"","meta":{"site-sidebar-layout":"default","site-content-layout":"","ast-site-content-layout":"default","site-content-style":"default","site-sidebar-style":"default","ast-global-header-display":"","ast-banner-title-visibility":"","ast-main-header-display":"","ast-hfb-above-header-display":"","ast-hfb-below-header-display":"","ast-hfb-mobile-header-display":"","site-post-title":"","ast-breadcrumbs-content":"","ast-featured-img":"","footer-sml-layout":"","ast-disable-related-posts":"","theme-transparent-header-meta":"default","adv-header-id-meta":"","stick-header-meta":"","header-above-stick-meta":"","header-main-stick-meta":"","header-below-stick-meta":"","astra-migrate-meta-layouts":"set","ast-page-background-enabled":"default","ast-page-background-meta":{"desktop":{"background-color":"var(--ast-global-color-4)","background-image":"","background-repeat":"repeat","background-position":"center center","background-size":"auto","background-attachment":"scroll","background-type":"","background-media":"","overlay-type":"","overlay-color":"","overlay-opacity":"","overlay-gradient":""},"tablet":{"background-color":"","background-image":"","background-repeat":"repeat","background-position":"center center","background-size":"auto","background-attachment":"scroll","background-type":"","background-media":"","overlay-type":"","overlay-color":"","overlay-opacity":"","overlay-gradient":""},"mobile":{"background-color":"","background-image":"","background-repeat":"repeat","background-position":"center center","background-size":"auto","background-attachment":"scroll","background-type":"","background-media":"","overlay-type":"","overlay-color":"","overlay-opacity":"","overlay-gradient":""}},"ast-content-background-meta":{"desktop":{"background-color":"var(--ast-global-color-5)","background-image":"","background-repeat":"repeat","background-position":"center center","background-size":"auto","background-attachment":"scroll","background-type":"","background-media":"","overlay-type":"","overlay-color":"","overlay-opacity":"","overlay-gradient":""},"tablet":{"background-color":"var(--ast-global-color-5)","background-image":"","background-repeat":"repeat","background-position":"center center","background-size":"auto","background-attachment":"scroll","background-type":"","background-media":"","overlay-type":"","overlay-color":"","overlay-opacity":"","overlay-gradient":""},"mobile":{"background-color":"var(--ast-global-color-5)","background-image":"","background-repeat":"repeat","background-position":"center center","background-size":"auto","background-attachment":"scroll","background-type":"","background-media":"","overlay-type":"","overlay-color":"","overlay-opacity":"","overlay-gradient":""}}},"product_brand":[],"product_cat":[28],"product_tag":[],"class_list":{"0":"post-2223","1":"product","2":"type-product","3":"status-publish","4":"has-post-thumbnail","6":"product_cat-passport","7":"desktop-align-left","8":"tablet-align-left","9":"mobile-align-left","11":"first","12":"instock","13":"shipping-taxable","14":"purchasable","15":"product-type-simple"},"yoast_head":"<!-- This site is optimized with the Yoast SEO Premium plugin v24.7 (Yoast SEO v27.1.1) - https:\/\/yoast.com\/product\/yoast-seo-premium-wordpress\/ -->\n<title>Buy Fake USA Passport Online<\/title>\n<meta name=\"description\" content=\"Buy Fake USA Passport Online 2024. Get the greatest quality true fake USA passport online with proof of your U.S passport done before we ship out.\" \/>\n<meta name=\"robots\" content=\"index, follow, max-snippet:-1, max-image-preview:large, max-video-preview:-1\" \/>\n<link rel=\"canonical\" href=\"https:\/\/permessodiguida.com\/et\/toode\/buy-fake-usa-passport-online\/\" \/>\n<meta property=\"og:locale\" content=\"et_EE\" \/>\n<meta property=\"og:type\" content=\"article\" \/>\n<meta property=\"og:title\" content=\"Buy Fake USA Passport Online\" \/>\n<meta property=\"og:description\" content=\"Buy Fake USA Passport Online 2024. Get the greatest quality true fake USA passport online with proof of your U.S passport done before we ship out.\" \/>\n<meta property=\"og:url\" content=\"https:\/\/permessodiguida.com\/et\/toode\/buy-fake-usa-passport-online\/\" \/>\n<meta property=\"og:site_name\" content=\"Original Documents Provider\" \/>\n<meta property=\"article:modified_time\" content=\"2026-02-17T10:26:16+00:00\" \/>\n<meta property=\"og:image\" content=\"https:\/\/permessodiguida.com\/wp-content\/uploads\/2025\/03\/image_2025-03-19_232019344.png\" \/>\n\t<meta property=\"og:image:width\" content=\"350\" \/>\n\t<meta property=\"og:image:height\" content=\"461\" \/>\n\t<meta property=\"og:image:type\" content=\"image\/png\" \/>\n<meta name=\"twitter:card\" content=\"summary_large_image\" \/>\n<meta name=\"twitter:label1\" content=\"Est. reading time\" \/>\n\t<meta name=\"twitter:data1\" content=\"5 minutit\" \/>\n<script type=\"application\/ld+json\" class=\"yoast-schema-graph\">{\"@context\":\"https:\/\/schema.org\",\"@graph\":[{\"@type\":\"WebPage\",\"@id\":\"https:\/\/permessodiguida.com\/product\/buy-fake-usa-passport-online\/\",\"url\":\"https:\/\/permessodiguida.com\/product\/buy-fake-usa-passport-online\/\",\"name\":\"Buy Fake USA Passport Online\",\"isPartOf\":{\"@id\":\"https:\/\/permessodiguida.com\/#website\"},\"primaryImageOfPage\":{\"@id\":\"https:\/\/permessodiguida.com\/product\/buy-fake-usa-passport-online\/#primaryimage\"},\"image\":{\"@id\":\"https:\/\/permessodiguida.com\/product\/buy-fake-usa-passport-online\/#primaryimage\"},\"thumbnailUrl\":\"https:\/\/permessodiguida.com\/wp-content\/uploads\/2025\/03\/image_2025-03-19_232019344.png\",\"datePublished\":\"2025-03-19T22:21:55+00:00\",\"dateModified\":\"2026-02-17T10:26:16+00:00\",\"description\":\"Buy Fake USA Passport Online 2024. Get the greatest quality true fake USA passport online with proof of your U.S passport done before we ship out.\",\"breadcrumb\":{\"@id\":\"https:\/\/permessodiguida.com\/product\/buy-fake-usa-passport-online\/#breadcrumb\"},\"inLanguage\":\"et\",\"potentialAction\":[{\"@type\":\"ReadAction\",\"target\":[\"https:\/\/permessodiguida.com\/product\/buy-fake-usa-passport-online\/\"]}]},{\"@type\":\"ImageObject\",\"inLanguage\":\"et\",\"@id\":\"https:\/\/permessodiguida.com\/product\/buy-fake-usa-passport-online\/#primaryimage\",\"url\":\"https:\/\/permessodiguida.com\/wp-content\/uploads\/2025\/03\/image_2025-03-19_232019344.png\",\"contentUrl\":\"https:\/\/permessodiguida.com\/wp-content\/uploads\/2025\/03\/image_2025-03-19_232019344.png\",\"width\":350,\"height\":461,\"caption\":\"passport\"},{\"@type\":\"BreadcrumbList\",\"@id\":\"https:\/\/permessodiguida.com\/product\/buy-fake-usa-passport-online\/#breadcrumb\",\"itemListElement\":[{\"@type\":\"ListItem\",\"position\":1,\"name\":\"Home\",\"item\":\"https:\/\/permessodiguida.com\/\"},{\"@type\":\"ListItem\",\"position\":2,\"name\":\"All Services\",\"item\":\"https:\/\/permessodiguida.com\/shop\/\"},{\"@type\":\"ListItem\",\"position\":3,\"name\":\"Buy Fake USA Passport Online\"}]},{\"@type\":\"WebSite\",\"@id\":\"https:\/\/permessodiguida.com\/#website\",\"url\":\"https:\/\/permessodiguida.com\/\",\"name\":\"Permessodiguida\",\"description\":\"Get Original Driving License And Passport\",\"publisher\":{\"@id\":\"https:\/\/permessodiguida.com\/#organization\"},\"alternateName\":\"Original Documents Provider\",\"potentialAction\":[{\"@type\":\"SearchAction\",\"target\":{\"@type\":\"EntryPoint\",\"urlTemplate\":\"https:\/\/permessodiguida.com\/?s={search_term_string}\"},\"query-input\":{\"@type\":\"PropertyValueSpecification\",\"valueRequired\":true,\"valueName\":\"search_term_string\"}}],\"inLanguage\":\"et\"},{\"@type\":\"Organization\",\"@id\":\"https:\/\/permessodiguida.com\/#organization\",\"name\":\"Permesso Di Guida\",\"alternateName\":\"Original Driving License And Passport\",\"url\":\"https:\/\/permessodiguida.com\/\",\"logo\":{\"@type\":\"ImageObject\",\"inLanguage\":\"et\",\"@id\":\"https:\/\/permessodiguida.com\/#\/schema\/logo\/image\/\",\"url\":\"https:\/\/permessodiguida.com\/wp-content\/uploads\/2024\/08\/image_2024-08-09_144906822.png\",\"contentUrl\":\"https:\/\/permessodiguida.com\/wp-content\/uploads\/2024\/08\/image_2024-08-09_144906822.png\",\"width\":687,\"height\":549,\"caption\":\"Permesso Di Guida\"},\"image\":{\"@id\":\"https:\/\/permessodiguida.com\/#\/schema\/logo\/image\/\"}}]}<\/script>\n<!-- \/ Yoast SEO Premium plugin. -->","yoast_head_json":{"title":"Osta v\u00f5ltsitud USA pass internetist","description":"Osta v\u00f5ltsitud USA pass internetist 2024. Hankige internetist parima kvaliteediga t\u00f5eline v\u00f5ltsitud USA pass koos t\u00f5endiga oma USA passi kohta enne, kui me selle v\u00e4lja saadame.","robots":{"index":"index","follow":"follow","max-snippet":"max-snippet:-1","max-image-preview":"max-image-preview:large","max-video-preview":"max-video-preview:-1"},"canonical":"https:\/\/permessodiguida.com\/et\/toode\/buy-fake-usa-passport-online\/","og_locale":"et_EE","og_type":"article","og_title":"Buy Fake USA Passport Online","og_description":"Buy Fake USA Passport Online 2024. Get the greatest quality true fake USA passport online with proof of your U.S passport done before we ship out.","og_url":"https:\/\/permessodiguida.com\/et\/toode\/buy-fake-usa-passport-online\/","og_site_name":"Original Documents Provider","article_modified_time":"2026-02-17T10:26:16+00:00","og_image":[{"width":350,"height":461,"url":"https:\/\/permessodiguida.com\/wp-content\/uploads\/2025\/03\/image_2025-03-19_232019344.png","type":"image\/png"}],"twitter_card":"summary_large_image","twitter_misc":{"Est. reading time":"5 minutit"},"schema":{"@context":"https:\/\/schema.org","@graph":[{"@type":"WebPage","@id":"https:\/\/permessodiguida.com\/product\/buy-fake-usa-passport-online\/","url":"https:\/\/permessodiguida.com\/product\/buy-fake-usa-passport-online\/","name":"Osta v\u00f5ltsitud USA pass internetist","isPartOf":{"@id":"https:\/\/permessodiguida.com\/#website"},"primaryImageOfPage":{"@id":"https:\/\/permessodiguida.com\/product\/buy-fake-usa-passport-online\/#primaryimage"},"image":{"@id":"https:\/\/permessodiguida.com\/product\/buy-fake-usa-passport-online\/#primaryimage"},"thumbnailUrl":"https:\/\/permessodiguida.com\/wp-content\/uploads\/2025\/03\/image_2025-03-19_232019344.png","datePublished":"2025-03-19T22:21:55+00:00","dateModified":"2026-02-17T10:26:16+00:00","description":"Osta v\u00f5ltsitud USA pass internetist 2024. Hankige internetist parima kvaliteediga t\u00f5eline v\u00f5ltsitud USA pass koos t\u00f5endiga oma USA passi kohta enne, kui me selle v\u00e4lja saadame.","breadcrumb":{"@id":"https:\/\/permessodiguida.com\/product\/buy-fake-usa-passport-online\/#breadcrumb"},"inLanguage":"et","potentialAction":[{"@type":"ReadAction","target":["https:\/\/permessodiguida.com\/product\/buy-fake-usa-passport-online\/"]}]},{"@type":"ImageObject","inLanguage":"et","@id":"https:\/\/permessodiguida.com\/product\/buy-fake-usa-passport-online\/#primaryimage","url":"https:\/\/permessodiguida.com\/wp-content\/uploads\/2025\/03\/image_2025-03-19_232019344.png","contentUrl":"https:\/\/permessodiguida.com\/wp-content\/uploads\/2025\/03\/image_2025-03-19_232019344.png","width":350,"height":461,"caption":"passport"},{"@type":"BreadcrumbList","@id":"https:\/\/permessodiguida.com\/product\/buy-fake-usa-passport-online\/#breadcrumb","itemListElement":[{"@type":"ListItem","position":1,"name":"Home","item":"https:\/\/permessodiguida.com\/"},{"@type":"ListItem","position":2,"name":"All Services","item":"https:\/\/permessodiguida.com\/shop\/"},{"@type":"ListItem","position":3,"name":"Buy Fake USA Passport Online"}]},{"@type":"WebSite","@id":"https:\/\/permessodiguida.com\/#website","url":"https:\/\/permessodiguida.com\/","name":"Permessodiguida","description":"Saada originaal juhiluba ja pass","publisher":{"@id":"https:\/\/permessodiguida.com\/#organization"},"alternateName":"Original Documents Provider","potentialAction":[{"@type":"SearchAction","target":{"@type":"EntryPoint","urlTemplate":"https:\/\/permessodiguida.com\/?s={search_term_string}"},"query-input":{"@type":"PropertyValueSpecification","valueRequired":true,"valueName":"search_term_string"}}],"inLanguage":"et"},{"@type":"Organization","@id":"https:\/\/permessodiguida.com\/#organization","name":"Permesso Di Guida","alternateName":"Original Driving License And Passport","url":"https:\/\/permessodiguida.com\/","logo":{"@type":"ImageObject","inLanguage":"et","@id":"https:\/\/permessodiguida.com\/#\/schema\/logo\/image\/","url":"https:\/\/permessodiguida.com\/wp-content\/uploads\/2024\/08\/image_2024-08-09_144906822.png","contentUrl":"https:\/\/permessodiguida.com\/wp-content\/uploads\/2024\/08\/image_2024-08-09_144906822.png","width":687,"height":549,"caption":"Permesso Di Guida"},"image":{"@id":"https:\/\/permessodiguida.com\/#\/schema\/logo\/image\/"}}]}},"_links":{"self":[{"href":"https:\/\/permessodiguida.com\/et\/wp-json\/wp\/v2\/product\/2223","targetHints":{"allow":["GET"]}}],"collection":[{"href":"https:\/\/permessodiguida.com\/et\/wp-json\/wp\/v2\/product"}],"about":[{"href":"https:\/\/permessodiguida.com\/et\/wp-json\/wp\/v2\/types\/product"}],"replies":[{"embeddable":true,"href":"https:\/\/permessodiguida.com\/et\/wp-json\/wp\/v2\/comments?post=2223"}],"wp:featuredmedia":[{"embeddable":true,"href":"https:\/\/permessodiguida.com\/et\/wp-json\/wp\/v2\/media\/2224"}],"wp:attachment":[{"href":"https:\/\/permessodiguida.com\/et\/wp-json\/wp\/v2\/media?parent=2223"}],"wp:term":[{"taxonomy":"product_brand","embeddable":true,"href":"https:\/\/permessodiguida.com\/et\/wp-json\/wp\/v2\/product_brand?post=2223"},{"taxonomy":"product_cat","embeddable":true,"href":"https:\/\/permessodiguida.com\/et\/wp-json\/wp\/v2\/product_cat?post=2223"},{"taxonomy":"product_tag","embeddable":true,"href":"https:\/\/permessodiguida.com\/et\/wp-json\/wp\/v2\/product_tag?post=2223"}],"curies":[{"name":"wp","href":"https:\/\/api.w.org\/{rel}","templated":true}]}}