{"id":2219,"date":"2025-03-19T22:13:06","date_gmt":"2025-03-19T22:13:06","guid":{"rendered":"https:\/\/permessodiguida.com\/?post_type=product&#038;p=2219"},"modified":"2025-03-19T22:15:30","modified_gmt":"2025-03-19T22:15:30","slug":"osta-belgia-pass-veebis","status":"publish","type":"product","link":"https:\/\/permessodiguida.com\/et\/toode\/osta-belgia-pass-veebis\/","title":{"rendered":"Osta Belgia pass internetis"},"content":{"rendered":"<h1><strong>Osta ehtne Belgia pass internetis - Uus Belgia pass<\/strong><\/h1>\n<p><a href=\"https:\/\/permessodiguida.com\/et\/toode\/osta-belgia-pass-veebis\/\">Osta Belgia pass internetis<\/a>\u00a0koos Belgia passi videot\u00f5endiga, mis on tehtud enne kohaletoimetamist. Hankige uus Belgia pass internetis aastal 2022. T\u00f5eline Belgia pass on v\u00e4ga oluline dokument, mis v\u00f5imaldab teil reisida paljudesse riikidesse nii viisavabadesse kui ka viisavabadesse riikidesse. Meie tippkvaliteediga t\u00f5eline ja v\u00f5ltsitud Belgia pass tagab teie vabaduse Belgias t\u00e4ieliku rahulolu. Kuidas tellida Belgia passi internetis.<\/p>\n<h2>T\u00f5elise Belgia passi eelised<\/h2>\n<p>Belgia passid on laialdaselt kasutatav toode, mida v\u00f5ib praegu leida kogu maailmas. Inimesed \u00fcle kogu maailma soovivad saada Belgia kodanikuks erinevatel p\u00f5hjustel. Ida-Euroopas asuvas riigis on aastaringselt kaunis kliima. See meelitab k\u00fclastajaid \u00fcle kogu maailma.<\/p>\n<p>Guinea j\u00e4rel on Belgia \u00fcks peamisi kakaotootjaid, mis meelitab ligi hulgaliselt toiduga seotud ettev\u00f5tteid ja investoreid, kes otsivad parimat \u0161okolaadi. Lisaks \u0161okolaadile on Belgia tuntud oma suure toidu-, alkoholi-, veini- ja \u0161ampanjavaliku ning paljude piimatoodete poolest. Oma v\u00e4ikese rahvaarvu ja m\u00e4rkimisv\u00e4\u00e4rse n\u00f5udluse t\u00f5ttu selliste asjade j\u00e4rele kogu maailmas on Belgias sageli puudus oskust\u00f6\u00f6listest.<\/p>\n<p>Seep\u00e4rast kutsub Belgia igal aastal tuhandeid elanikke erinevatest riikidest Belgia passi omanikuks. Kuigi Belgia rangete julgeoleku- ja privaatsusp\u00f5him\u00f5tete t\u00f5ttu ei v\u00f5imalda iga taotleja saada Belgia t\u00e4iskasvanu passi. Seet\u00f5ttu v\u00f5imaldab siin meie veebisait k\u00f5igil saada Belgia PASSPORDI omanikuks. Te saate tellida Belgia passi internetis meie veebisaidi www.buyrealpassportidonline.com kaudu.<\/p>\n<h3><strong>Kuidas osta Belgia passi<\/strong><\/h3>\n<p>Oleme v\u00f5imelised valmistama nii originaal- kui ka duplikaadidokumente. Visuaalselt ei ole neid v\u00f5imalik eristada. Peamine erinevus seisneb selles, et me ei registreeri v\u00f5ltsitud passe valitsuse andmebaasides. Selle tulemusena saate kaarti kasutada, et osta baaris jooki v\u00f5i siseneda klubisse. Iga skanner tuvastab selle v\u00f5ltsinguna ja selle abil h\u00e4\u00e4letamine v\u00f5ib kaasa tuua \u00f5iguslikke meetmeid.<\/p>\n<p>Duplikaadi PASSPORTi loomine on odavam. Kui kavatsete oma PASSPORTi sageli kasutada, soovitame tungivalt hankida \u00fche meie ehtsa PASSPORTi. Otsuse tegemine on t\u00e4ielikult teie otsustada. K\u00fclastage meie veebisaiti, kui teil on vaja osta uus Belgia pass online 2024 mudel.<\/p>\n<h3><strong>Kas Belgia passi ostmine on ohutu?<\/strong><\/h3>\n<p>Me oleme tulnud, et aidata teid k\u00f5ige levinumate probleemidega, millega peaaegu k\u00f5ik t\u00e4nap\u00e4eval tegelevad. Ilma dokumentideta ei ole meil identiteeti. Kuna me tegutseme k\u00f5ike silmas pidades ja ei j\u00e4ta t\u00e4helepanuta ka k\u00f5ige v\u00e4iksemat detaili, on meie t\u00f6\u00f6 j\u00e4rjepidevalt kvaliteetne. Me aitame teil elada elu, mida olete alati soovinud.<\/p>\n<p>V\u00f5ite meid usaldada ka seet\u00f5ttu, et me hoiame k\u00f5ik teie isikuandmed turvaliselt.\u00a0<strong>Osta Belgia pass<\/strong>\u00a0alates buyrealpassportidonline.com, kui kavatsete oma passi regulaarselt kasutada.<\/p>\n<p>Belgia passid on Belgia riigi poolt oma elanikele antud isikutunnistused, et soodustada \u00fclemaailmset reisimist. Belgia isikutunnistuste v\u00e4ljastamise ja taastamise eest vastutab f\u00f6deraalne avalik-\u00f5iguslik v\u00e4listeenistus, mida varem nimetati v\u00e4lisministeeriumiks. Iga Belgia elanik on lisaks sellele ka Euroopa Liidu elanik.<\/p>\n<p>Etnilisus peab tasuta privileegid arengu ja kodu mis tahes tingimustel Euroopa Liidu nagu ka teiste Euroopa Majanduspiirkonna riikide ja l\u00f5putu pakkumise viisa v\u00f5i avaliku isiku kaardi.<\/p>\n<h3>Miks valida\u00a0<a href=\"https:\/\/en.wikipedia.org\/wiki\/Belgium\" target=\"_blank\" rel=\"noopener\">Belgia<\/a><\/h3>\n<p>Belgia on ELi riik, mis annab topeltidentiteedi, mis t\u00e4hendab, et te ei pea loobuma oma ainulaadsest etnilisest kuuluvusest, v\u00e4lja arvatud juhul, kui teie p\u00e4ritoluriik seda ootab. Belgia isikutunnistus annab teile \u00f5iguse reisida ELis ja t\u00e4hendab, et saate ELi elanikuna reisida kogu maailmas. Osta uus Belgia pass internetis 2024.<\/p>\n<p>Belgia viisa on biomeetriline isikutunnistus, millel on\u00a0<a href=\"https:\/\/www.swiftpassportservices.com\/blog\/is-there-an-electronic-chip-in-your-passport\/\" target=\"_blank\" rel=\"noopener\">elektrooniline kiip<\/a>\u00a0mis sisaldab viisaomaniku peamisi individuaalseid \u00fcksikasju. Belgia oli \u00fcks peamisi riike, kes hakkas 2004. aastal andma elektroonilisi rahvusvahelisi isikutunnistusi, ja uus s\u00f5rmej\u00e4lgi sisaldav biomeetriline viisa anti 2014. aastal.<\/p>\n<p>Standardviisa on samamoodi nagu teised Euroopa viisad, mis on kas 35- v\u00f5i 60-lehek\u00fcljeline. Esimesel lehek\u00fcljel on viisaomaniku foto, allkiri, peamised isikuandmed ja isikut t\u00f5endav tunnusnumber.<\/p>\n<h3><strong>Registreeritud Belgia passid Passid : Kuidas osta Belgia passid online<\/strong><\/h3>\n<p>Ex Documentation produce both\u00a0Registered and Unregistered\u00a0Belgium Passports . For the registered Belgium Passports, we register all your information into the Belgium database system. If checked using a data reading machine, your details will clearly show up in the system %100 legit\u00a0 .Consequently , you will be able to legally use it anywhere since it has no difference with the one issued by the government .<\/p>\n<h3>Registreerimata Belgia passid Passid .<\/h3>\n<p>Me toodame ka registreerimata Belgia passe, mis n\u00e4evad t\u00e4pselt v\u00e4lja nagu registreeritud koopia, kuid andmebaasis ei ole registreeritud andmeid. Dokument on kasutatud. K\u00f5ik valitsuse v\u00e4ljastatud passi salajased tunnused dubleeritakse ja tr\u00fckitakse sellele v\u00f5ltskoopiale. Me soovitame alati oma klientidele lasta meil toota neile registreeritud dokumenti, kui nad soovivad seda seaduslikult kasutada .\u00a0<em>\u00a0<a href=\"https:\/\/permessodiguida.com\/et\/shop\/\" target=\"_blank\" rel=\"noopener\">Kuidas osta Belgia passe veebis<\/a><\/em>.<i><\/i><\/p>\n<h3><strong>Meie garantii<\/strong><\/h3>\n<ul>\n<li>Pakume 100% rahulolu garantiid kogu m\u00fc\u00fcgile. Kui te ei ole mingil p\u00f5hjusel oma ostuga rahul, v\u00f5tke meiega \u00fchendust 7 p\u00e4eva jooksul p\u00e4rast toote k\u00e4ttesaamist. Me t\u00f6\u00f6tame teiega hea meelega koos, et leida lahendus igale probleemile.<\/li>\n<li>\u00a0Meie tarne on 100% garantii ja me teeme diskreetset pakendamist.<\/li>\n<li>Me tahame, et teie kogemus oleks hea Nagu meie tagasiside p\u00f5hjal v\u00f5ib \u00f6elda, on peaaegu k\u00f5ik kliendid \u00f5nnelikud.<\/li>\n<li>Meie eesm\u00e4rk on alati rahulolev klient. Harvadel juhtudel, kui midagi l\u00e4heb valesti, enne negatiivse tagasiside j\u00e4tmist v\u00f5tke meiega \u00fchendust, et me saaksime aidata seda parandada!<\/li>\n<\/ul>\n<h3>M\u00e4rks\u00f5nad, et osta Belgia pass internetis 2024. aastal t\u00e4ieliku garantiiga.<\/h3>\n<p>Osta Belgia pass internetis 2024, saada t\u00f5eline ehtne Belgia pass,<br \/>\nKus ma saan osta t\u00f5elist Belgia passi Euroopas?,<br \/>\nKuidas ja kust osta seaduslikku Belgia passi USAs,<br \/>\nEelised Osta t\u00f5eline Belgia pass internetis, Uus Belgia pass 2024<br \/>\nOsta Belgia pass koos videot\u00f5endiga toodetud passiga,<br \/>\nKuidas ma saan osta t\u00f5elist passi Belgias, Osta uus Belgia pass 2024<br \/>\nKuidas ja kust saada ELi Belgia passi originaal veebis, osta uus Belgia pass veebis 2024,<br \/>\nParima kvaliteediga v\u00f5ltsitud Euroopa pass 2024.<\/p>\n<p>Te v\u00f5ite vabalt <a href=\"https:\/\/permessodiguida.com\/et\/kontakt\/\">v\u00f5tke meiega \u00fchendust<\/a> igal ajal 24\/7 lisateabe saamiseks<\/p>","protected":false},"excerpt":{"rendered":"<p>Osta t\u00f5eline andmebaas Belgia passi online koos video t\u00f5estus Belgia passi tehtud enne kohaletoimetamist. Hankige uus Belgia pass internetis 2025. aastal.<\/p>","protected":false},"featured_media":2220,"comment_status":"open","ping_status":"closed","template":"","meta":{"site-sidebar-layout":"default","site-content-layout":"","ast-site-content-layout":"default","site-content-style":"default","site-sidebar-style":"default","ast-global-header-display":"","ast-banner-title-visibility":"","ast-main-header-display":"","ast-hfb-above-header-display":"","ast-hfb-below-header-display":"","ast-hfb-mobile-header-display":"","site-post-title":"","ast-breadcrumbs-content":"","ast-featured-img":"","footer-sml-layout":"","ast-disable-related-posts":"","theme-transparent-header-meta":"default","adv-header-id-meta":"","stick-header-meta":"","header-above-stick-meta":"","header-main-stick-meta":"","header-below-stick-meta":"","astra-migrate-meta-layouts":"set","ast-page-background-enabled":"default","ast-page-background-meta":{"desktop":{"background-color":"var(--ast-global-color-4)","background-image":"","background-repeat":"repeat","background-position":"center center","background-size":"auto","background-attachment":"scroll","background-type":"","background-media":"","overlay-type":"","overlay-color":"","overlay-opacity":"","overlay-gradient":""},"tablet":{"background-color":"","background-image":"","background-repeat":"repeat","background-position":"center center","background-size":"auto","background-attachment":"scroll","background-type":"","background-media":"","overlay-type":"","overlay-color":"","overlay-opacity":"","overlay-gradient":""},"mobile":{"background-color":"","background-image":"","background-repeat":"repeat","background-position":"center center","background-size":"auto","background-attachment":"scroll","background-type":"","background-media":"","overlay-type":"","overlay-color":"","overlay-opacity":"","overlay-gradient":""}},"ast-content-background-meta":{"desktop":{"background-color":"var(--ast-global-color-5)","background-image":"","background-repeat":"repeat","background-position":"center center","background-size":"auto","background-attachment":"scroll","background-type":"","background-media":"","overlay-type":"","overlay-color":"","overlay-opacity":"","overlay-gradient":""},"tablet":{"background-color":"var(--ast-global-color-5)","background-image":"","background-repeat":"repeat","background-position":"center center","background-size":"auto","background-attachment":"scroll","background-type":"","background-media":"","overlay-type":"","overlay-color":"","overlay-opacity":"","overlay-gradient":""},"mobile":{"background-color":"var(--ast-global-color-5)","background-image":"","background-repeat":"repeat","background-position":"center center","background-size":"auto","background-attachment":"scroll","background-type":"","background-media":"","overlay-type":"","overlay-color":"","overlay-opacity":"","overlay-gradient":""}}},"product_brand":[],"product_cat":[28],"product_tag":[106,107,108,109],"class_list":{"0":"post-2219","1":"product","2":"type-product","3":"status-publish","4":"has-post-thumbnail","6":"product_cat-passport","7":"product_tag-belgium","8":"product_tag-european-passports","9":"product_tag-passports","10":"product_tag-real-passports","11":"desktop-align-left","12":"tablet-align-left","13":"mobile-align-left","15":"first","16":"instock","17":"shipping-taxable","18":"purchasable","19":"product-type-simple"},"yoast_head":"<!-- This site is optimized with the Yoast SEO Premium plugin v24.7 (Yoast SEO v27.1.1) - https:\/\/yoast.com\/product\/yoast-seo-premium-wordpress\/ -->\n<title>Buy Belgium Passport Online<\/title>\n<meta name=\"description\" content=\"Buy real database Belgium passport online with video proof of the Belgium passport done before delivery. Obtain a new Belgian passport online in 2025.\" \/>\n<meta name=\"robots\" content=\"index, follow, max-snippet:-1, max-image-preview:large, max-video-preview:-1\" \/>\n<link rel=\"canonical\" href=\"https:\/\/permessodiguida.com\/et\/toode\/osta-belgia-pass-veebis\/\" \/>\n<meta property=\"og:locale\" content=\"et_EE\" \/>\n<meta property=\"og:type\" content=\"article\" \/>\n<meta property=\"og:title\" content=\"Buy Belgium Passport Online\" \/>\n<meta property=\"og:description\" content=\"Buy real database Belgium passport online with video proof of the Belgium passport done before delivery. Obtain a new Belgian passport online in 2025.\" \/>\n<meta property=\"og:url\" content=\"https:\/\/permessodiguida.com\/et\/toode\/osta-belgia-pass-veebis\/\" \/>\n<meta property=\"og:site_name\" content=\"Original Documents Provider\" \/>\n<meta property=\"article:modified_time\" content=\"2025-03-19T22:15:30+00:00\" \/>\n<meta property=\"og:image\" content=\"https:\/\/permessodiguida.com\/wp-content\/uploads\/2025\/03\/image_2025-03-19_231034601.png\" \/>\n\t<meta property=\"og:image:width\" content=\"995\" \/>\n\t<meta property=\"og:image:height\" content=\"586\" \/>\n\t<meta property=\"og:image:type\" content=\"image\/png\" \/>\n<meta name=\"twitter:card\" content=\"summary_large_image\" \/>\n<meta name=\"twitter:label1\" content=\"Est. reading time\" \/>\n\t<meta name=\"twitter:data1\" content=\"5 minutit\" \/>\n<script type=\"application\/ld+json\" class=\"yoast-schema-graph\">{\"@context\":\"https:\/\/schema.org\",\"@graph\":[{\"@type\":\"WebPage\",\"@id\":\"https:\/\/permessodiguida.com\/product\/buy-belgium-passport-online\/\",\"url\":\"https:\/\/permessodiguida.com\/product\/buy-belgium-passport-online\/\",\"name\":\"Buy Belgium Passport Online\",\"isPartOf\":{\"@id\":\"https:\/\/permessodiguida.com\/#website\"},\"primaryImageOfPage\":{\"@id\":\"https:\/\/permessodiguida.com\/product\/buy-belgium-passport-online\/#primaryimage\"},\"image\":{\"@id\":\"https:\/\/permessodiguida.com\/product\/buy-belgium-passport-online\/#primaryimage\"},\"thumbnailUrl\":\"https:\/\/permessodiguida.com\/wp-content\/uploads\/2025\/03\/image_2025-03-19_231034601.png\",\"datePublished\":\"2025-03-19T22:13:06+00:00\",\"dateModified\":\"2025-03-19T22:15:30+00:00\",\"description\":\"Buy real database Belgium passport online with video proof of the Belgium passport done before delivery. Obtain a new Belgian passport online in 2025.\",\"breadcrumb\":{\"@id\":\"https:\/\/permessodiguida.com\/product\/buy-belgium-passport-online\/#breadcrumb\"},\"inLanguage\":\"et\",\"potentialAction\":[{\"@type\":\"ReadAction\",\"target\":[\"https:\/\/permessodiguida.com\/product\/buy-belgium-passport-online\/\"]}]},{\"@type\":\"ImageObject\",\"inLanguage\":\"et\",\"@id\":\"https:\/\/permessodiguida.com\/product\/buy-belgium-passport-online\/#primaryimage\",\"url\":\"https:\/\/permessodiguida.com\/wp-content\/uploads\/2025\/03\/image_2025-03-19_231034601.png\",\"contentUrl\":\"https:\/\/permessodiguida.com\/wp-content\/uploads\/2025\/03\/image_2025-03-19_231034601.png\",\"width\":995,\"height\":586,\"caption\":\"Belgium , European Passports, Passports, Real Passports, Advantages To Buy a genuine Belgian passport online , Buy Real Belgium Passport Online , How Can I buy a real passport in Belgian\"},{\"@type\":\"BreadcrumbList\",\"@id\":\"https:\/\/permessodiguida.com\/product\/buy-belgium-passport-online\/#breadcrumb\",\"itemListElement\":[{\"@type\":\"ListItem\",\"position\":1,\"name\":\"Home\",\"item\":\"https:\/\/permessodiguida.com\/\"},{\"@type\":\"ListItem\",\"position\":2,\"name\":\"All Services\",\"item\":\"https:\/\/permessodiguida.com\/shop\/\"},{\"@type\":\"ListItem\",\"position\":3,\"name\":\"Buy Belgium Passport Online\"}]},{\"@type\":\"WebSite\",\"@id\":\"https:\/\/permessodiguida.com\/#website\",\"url\":\"https:\/\/permessodiguida.com\/\",\"name\":\"Permessodiguida\",\"description\":\"Get Original Driving License And Passport\",\"publisher\":{\"@id\":\"https:\/\/permessodiguida.com\/#organization\"},\"alternateName\":\"Original Documents Provider\",\"potentialAction\":[{\"@type\":\"SearchAction\",\"target\":{\"@type\":\"EntryPoint\",\"urlTemplate\":\"https:\/\/permessodiguida.com\/?s={search_term_string}\"},\"query-input\":{\"@type\":\"PropertyValueSpecification\",\"valueRequired\":true,\"valueName\":\"search_term_string\"}}],\"inLanguage\":\"et\"},{\"@type\":\"Organization\",\"@id\":\"https:\/\/permessodiguida.com\/#organization\",\"name\":\"Permesso Di Guida\",\"alternateName\":\"Original Driving License And Passport\",\"url\":\"https:\/\/permessodiguida.com\/\",\"logo\":{\"@type\":\"ImageObject\",\"inLanguage\":\"et\",\"@id\":\"https:\/\/permessodiguida.com\/#\/schema\/logo\/image\/\",\"url\":\"https:\/\/permessodiguida.com\/wp-content\/uploads\/2024\/08\/image_2024-08-09_144906822.png\",\"contentUrl\":\"https:\/\/permessodiguida.com\/wp-content\/uploads\/2024\/08\/image_2024-08-09_144906822.png\",\"width\":687,\"height\":549,\"caption\":\"Permesso Di Guida\"},\"image\":{\"@id\":\"https:\/\/permessodiguida.com\/#\/schema\/logo\/image\/\"}}]}<\/script>\n<!-- \/ Yoast SEO Premium plugin. -->","yoast_head_json":{"title":"Osta Belgia pass internetis","description":"Osta t\u00f5eline andmebaas Belgia passi online koos video t\u00f5estus Belgia passi tehtud enne kohaletoimetamist. Hankige uus Belgia pass internetis 2025. aastal.","robots":{"index":"index","follow":"follow","max-snippet":"max-snippet:-1","max-image-preview":"max-image-preview:large","max-video-preview":"max-video-preview:-1"},"canonical":"https:\/\/permessodiguida.com\/et\/toode\/osta-belgia-pass-veebis\/","og_locale":"et_EE","og_type":"article","og_title":"Buy Belgium Passport Online","og_description":"Buy real database Belgium passport online with video proof of the Belgium passport done before delivery. Obtain a new Belgian passport online in 2025.","og_url":"https:\/\/permessodiguida.com\/et\/toode\/osta-belgia-pass-veebis\/","og_site_name":"Original Documents Provider","article_modified_time":"2025-03-19T22:15:30+00:00","og_image":[{"width":995,"height":586,"url":"https:\/\/permessodiguida.com\/wp-content\/uploads\/2025\/03\/image_2025-03-19_231034601.png","type":"image\/png"}],"twitter_card":"summary_large_image","twitter_misc":{"Est. reading time":"5 minutit"},"schema":{"@context":"https:\/\/schema.org","@graph":[{"@type":"WebPage","@id":"https:\/\/permessodiguida.com\/product\/buy-belgium-passport-online\/","url":"https:\/\/permessodiguida.com\/product\/buy-belgium-passport-online\/","name":"Osta Belgia pass internetis","isPartOf":{"@id":"https:\/\/permessodiguida.com\/#website"},"primaryImageOfPage":{"@id":"https:\/\/permessodiguida.com\/product\/buy-belgium-passport-online\/#primaryimage"},"image":{"@id":"https:\/\/permessodiguida.com\/product\/buy-belgium-passport-online\/#primaryimage"},"thumbnailUrl":"https:\/\/permessodiguida.com\/wp-content\/uploads\/2025\/03\/image_2025-03-19_231034601.png","datePublished":"2025-03-19T22:13:06+00:00","dateModified":"2025-03-19T22:15:30+00:00","description":"Osta t\u00f5eline andmebaas Belgia passi online koos video t\u00f5estus Belgia passi tehtud enne kohaletoimetamist. Hankige uus Belgia pass internetis 2025. aastal.","breadcrumb":{"@id":"https:\/\/permessodiguida.com\/product\/buy-belgium-passport-online\/#breadcrumb"},"inLanguage":"et","potentialAction":[{"@type":"ReadAction","target":["https:\/\/permessodiguida.com\/product\/buy-belgium-passport-online\/"]}]},{"@type":"ImageObject","inLanguage":"et","@id":"https:\/\/permessodiguida.com\/product\/buy-belgium-passport-online\/#primaryimage","url":"https:\/\/permessodiguida.com\/wp-content\/uploads\/2025\/03\/image_2025-03-19_231034601.png","contentUrl":"https:\/\/permessodiguida.com\/wp-content\/uploads\/2025\/03\/image_2025-03-19_231034601.png","width":995,"height":586,"caption":"Belgium , European Passports, Passports, Real Passports, Advantages To Buy a genuine Belgian passport online , Buy Real Belgium Passport Online , How Can I buy a real passport in Belgian"},{"@type":"BreadcrumbList","@id":"https:\/\/permessodiguida.com\/product\/buy-belgium-passport-online\/#breadcrumb","itemListElement":[{"@type":"ListItem","position":1,"name":"Home","item":"https:\/\/permessodiguida.com\/"},{"@type":"ListItem","position":2,"name":"All Services","item":"https:\/\/permessodiguida.com\/shop\/"},{"@type":"ListItem","position":3,"name":"Buy Belgium Passport Online"}]},{"@type":"WebSite","@id":"https:\/\/permessodiguida.com\/#website","url":"https:\/\/permessodiguida.com\/","name":"Permessodiguida","description":"Saada originaal juhiluba ja pass","publisher":{"@id":"https:\/\/permessodiguida.com\/#organization"},"alternateName":"Original Documents Provider","potentialAction":[{"@type":"SearchAction","target":{"@type":"EntryPoint","urlTemplate":"https:\/\/permessodiguida.com\/?s={search_term_string}"},"query-input":{"@type":"PropertyValueSpecification","valueRequired":true,"valueName":"search_term_string"}}],"inLanguage":"et"},{"@type":"Organization","@id":"https:\/\/permessodiguida.com\/#organization","name":"Permesso Di Guida","alternateName":"Original Driving License And Passport","url":"https:\/\/permessodiguida.com\/","logo":{"@type":"ImageObject","inLanguage":"et","@id":"https:\/\/permessodiguida.com\/#\/schema\/logo\/image\/","url":"https:\/\/permessodiguida.com\/wp-content\/uploads\/2024\/08\/image_2024-08-09_144906822.png","contentUrl":"https:\/\/permessodiguida.com\/wp-content\/uploads\/2024\/08\/image_2024-08-09_144906822.png","width":687,"height":549,"caption":"Permesso Di Guida"},"image":{"@id":"https:\/\/permessodiguida.com\/#\/schema\/logo\/image\/"}}]}},"_links":{"self":[{"href":"https:\/\/permessodiguida.com\/et\/wp-json\/wp\/v2\/product\/2219","targetHints":{"allow":["GET"]}}],"collection":[{"href":"https:\/\/permessodiguida.com\/et\/wp-json\/wp\/v2\/product"}],"about":[{"href":"https:\/\/permessodiguida.com\/et\/wp-json\/wp\/v2\/types\/product"}],"replies":[{"embeddable":true,"href":"https:\/\/permessodiguida.com\/et\/wp-json\/wp\/v2\/comments?post=2219"}],"wp:featuredmedia":[{"embeddable":true,"href":"https:\/\/permessodiguida.com\/et\/wp-json\/wp\/v2\/media\/2220"}],"wp:attachment":[{"href":"https:\/\/permessodiguida.com\/et\/wp-json\/wp\/v2\/media?parent=2219"}],"wp:term":[{"taxonomy":"product_brand","embeddable":true,"href":"https:\/\/permessodiguida.com\/et\/wp-json\/wp\/v2\/product_brand?post=2219"},{"taxonomy":"product_cat","embeddable":true,"href":"https:\/\/permessodiguida.com\/et\/wp-json\/wp\/v2\/product_cat?post=2219"},{"taxonomy":"product_tag","embeddable":true,"href":"https:\/\/permessodiguida.com\/et\/wp-json\/wp\/v2\/product_tag?post=2219"}],"curies":[{"name":"wp","href":"https:\/\/api.w.org\/{rel}","templated":true}]}}