{"id":2027,"date":"2024-12-26T20:31:14","date_gmt":"2024-12-26T20:31:14","guid":{"rendered":"https:\/\/permessodiguida.com\/?post_type=product&#038;p=2027"},"modified":"2025-11-17T22:10:11","modified_gmt":"2025-11-17T22:10:11","slug":"osta-kreeka-juhiluba-online","status":"publish","type":"product","link":"https:\/\/permessodiguida.com\/et\/toode\/osta-kreeka-juhiluba-online\/","title":{"rendered":"Osta Kreeka juhiluba internetis"},"content":{"rendered":"<h2>Buy Original Greece Driving Licence online \u2013 New Model Greek Driving Licence<\/h2>\n<p><strong><a href=\"https:\/\/permessodiguida.com\/et\/toode\/osta-kreeka-juhiluba-online\/\">Osta Kreeka juhiluba internetis<\/a>.<\/strong>\u00a0Osta Kreeka juhiluba veebist. Kreekas s\u00f5itmiseks on vaja kehtivat Kreeka juhiluba. Juhiluba peab olema kaasas k\u00f5ikidel s\u00f5itudel ja see tuleb n\u00f5udmisel esitada \u00f5iguskaitseametnikele. Maanteedel autojuhtimise vanuse alampiir on 18 aastat.\u00a0<strong>18 years<\/strong>. Some foreigners in Greece must exchange their licence for a Greek driving licence. Some may make the exchange if they wish, while yet others may not exchange their licence and will need to take a full driving test (theory and practical) in order to get a Greek driving licence.<\/p>\n<p>New arrivals to Greece may be able to exchange a foreign driver\u2019s licence for a Greek one, or (if relevant) continue driving on an EU-issued licence until it becomes necessary to renew it. For all others, a full theory and practical test must be taken.\u00a0As of January 19 2013, EU-issued licences can only be renewed in the holder\u2019s country of\u00a0<a href=\"https:\/\/en.wikipedia.org\/wiki\/Residence\" target=\"_blank\" rel=\"noopener\">elukoht<\/a>. Renewing an EU-issued licence in Greece will effectively convert it into a Greek driving licence.<\/p>\n<h2>Osta Kreeka juhiluba internetis<\/h2>\n<p>To obtain a Greek driver\u2019s licence for either a vehicle or motorbike, applicants must complete a certain amount of formal instruction, both theoretical and practical, as well as pass theoretical and practical written tests. Only qualified teachers can provide driving and theory lessons, so enrolment at a driving school is essential. While lessons are available in English, the actual tests are in Greek. However, only a minimal knowledge of Greek is required to take the test. If the applicant changes residence prior to the completion of the application process, all paperwork is transferred to the relevant issuing office. Do not hesitate to contact us if you need to buy a genuine Greece driving licence online.<\/p>\n<h3>Greece driving Licence Categories and Age Restrictions<\/h3>\n<p>The age restrictions for the most common types of driving license in Greece are as follows:<\/p>\n<ul>\n<li>AM (mopeds with a design speed of over 25 Km\/h and under 45 Km\/h): 16 years<\/li>\n<li>A1 (motorcycles with a cylinder capacity not exceeding 125cc): 18 years<\/li>\n<li>A2: (motorcycles not exceeding 35 kW): 20 years<\/li>\n<li>B1 (four-wheeled light vehicles): 18 years<\/li>\n<li>B (cars), 18 years<\/li>\n<li>C1 (medium-sized vehicles) 18 years<\/li>\n<\/ul>\n<h3>Greek Driving Licence Validity<\/h3>\n<p><a href=\"https:\/\/permessodiguida.com\/et\/toode\/osta-kreeka-juhiluba-online\/\">Greek driving licences<\/a> for A- and B-class vehicles are valid for 15 years from their date of issue. C-class and D-class licences are valid for five years from their date of issue. From the age of 65 onwards, drivers with Greek-issued licences must undergo health checks in order for the driving licence to remain valid, and must renew their licence every two years. Do you wish to know the validity of your Greece driving licence, we are here to show you how.<\/p>\n<h3>Lost or Stolen Greek Driving License<\/h3>\n<p>If a Greek or EU driving license is lost, stolen or worn to the extent that it must be replaced, a new licence can be obtained through the Greek Ministry of Transport. The Greece driving license permit can be acquired subsequent to completing a driving school and finishing a two-stage assessment, the hypothesis test, and the street test. Grade school confirmation is additionally needed to get a substantial driver\u2019s permit. But with us, you can obtain your real driver\u2019s license from Greece with just a single click.<\/p>\n<p>Buy Driving Licence of\u00a0<a href=\"https:\/\/en.wikipedia.org\/wiki\/European_Union\" target=\"_blank\" rel=\"noopener\">EL<\/a><br \/>\nWhere Can I Buy Greek Driving License online?<br \/>\nAdvantages To Buy Driving License in Europe, buy Greek driving licence<br \/>\nBuy Driver\u2019s License of Greece Online, Buy Greece driving licence online<br \/>\nHow Can I Buy a Greek Driving License in Europe. Best place to get a Greece driver\u2019s license.<\/p>\n<h3>Security features of the Greece driving licence.<\/h3>\n<p>Stamp of the issuing authority \/ employee\u2019s signature<\/p>\n<p>Location: The stamp covers part of the photo.<br \/>\nMethod of verification: Each driving licence has a unique number.<\/p>\n<p>Apply for a Greek driver\u2019s license online<\/p>\n<p>1 Surname of the holder<br \/>\n2 Other name(s) of the holder<br \/>\n3 Date and place of birth<br \/>\n4a Date of issue of the licence<br \/>\n4b Date of expiry of the licence<br \/>\n4c Name of the issuing authority<br \/>\n5 Number of licence<br \/>\n6 Photograph of the holder<br \/>\n7 Signature of the holder<br \/>\n8 Permanent place of residence<br \/>\n9 category(ies) of vehicle(s) the holder is entitled to drive<br \/>\n10 Date of first issue of each category(ies)<br \/>\n11 Date of expiry of each category<br \/>\n12 Additional information\/restriction(s) for the Greece driving licence.<\/p>","protected":false},"excerpt":{"rendered":"<p>Osta Kreeka juhiluba veebist. Kreekas s\u00f5itmiseks on vaja kehtivat Kreeka juhiluba. Juhiluba peab olema kaasas k\u00f5ikidel s\u00f5itudel ja see tuleb n\u00f5udmisel esitada \u00f5iguskaitseametnikele. Maanteedel autojuhtimise vanuse alampiir on 18 aastat.\u00a0<strong>18 years<\/strong>.<\/p>","protected":false},"featured_media":2028,"comment_status":"open","ping_status":"closed","template":"","meta":{"site-sidebar-layout":"default","site-content-layout":"","ast-site-content-layout":"default","site-content-style":"default","site-sidebar-style":"default","ast-global-header-display":"","ast-banner-title-visibility":"","ast-main-header-display":"","ast-hfb-above-header-display":"","ast-hfb-below-header-display":"","ast-hfb-mobile-header-display":"","site-post-title":"","ast-breadcrumbs-content":"","ast-featured-img":"","footer-sml-layout":"","ast-disable-related-posts":"","theme-transparent-header-meta":"default","adv-header-id-meta":"","stick-header-meta":"","header-above-stick-meta":"","header-main-stick-meta":"","header-below-stick-meta":"","astra-migrate-meta-layouts":"set","ast-page-background-enabled":"default","ast-page-background-meta":{"desktop":{"background-color":"var(--ast-global-color-4)","background-image":"","background-repeat":"repeat","background-position":"center center","background-size":"auto","background-attachment":"scroll","background-type":"","background-media":"","overlay-type":"","overlay-color":"","overlay-opacity":"","overlay-gradient":""},"tablet":{"background-color":"","background-image":"","background-repeat":"repeat","background-position":"center center","background-size":"auto","background-attachment":"scroll","background-type":"","background-media":"","overlay-type":"","overlay-color":"","overlay-opacity":"","overlay-gradient":""},"mobile":{"background-color":"","background-image":"","background-repeat":"repeat","background-position":"center center","background-size":"auto","background-attachment":"scroll","background-type":"","background-media":"","overlay-type":"","overlay-color":"","overlay-opacity":"","overlay-gradient":""}},"ast-content-background-meta":{"desktop":{"background-color":"var(--ast-global-color-5)","background-image":"","background-repeat":"repeat","background-position":"center center","background-size":"auto","background-attachment":"scroll","background-type":"","background-media":"","overlay-type":"","overlay-color":"","overlay-opacity":"","overlay-gradient":""},"tablet":{"background-color":"var(--ast-global-color-5)","background-image":"","background-repeat":"repeat","background-position":"center center","background-size":"auto","background-attachment":"scroll","background-type":"","background-media":"","overlay-type":"","overlay-color":"","overlay-opacity":"","overlay-gradient":""},"mobile":{"background-color":"var(--ast-global-color-5)","background-image":"","background-repeat":"repeat","background-position":"center center","background-size":"auto","background-attachment":"scroll","background-type":"","background-media":"","overlay-type":"","overlay-color":"","overlay-opacity":"","overlay-gradient":""}}},"product_brand":[],"product_cat":[30,31],"product_tag":[],"class_list":{"0":"post-2027","1":"product","2":"type-product","3":"status-publish","4":"has-post-thumbnail","6":"product_cat-buy-drivers-license","7":"product_cat-id-card","8":"desktop-align-left","9":"tablet-align-left","10":"mobile-align-left","12":"first","13":"instock","14":"shipping-taxable","15":"purchasable","16":"product-type-simple"},"yoast_head":"<!-- This site is optimized with the Yoast SEO Premium plugin v24.7 (Yoast SEO v27.1.1) - https:\/\/yoast.com\/product\/yoast-seo-premium-wordpress\/ -->\n<title>Buy Greece Driving Licence online<\/title>\n<meta name=\"description\" content=\"Buy a Greek driver&#039;s license without taking a test. Get an original Greek driver&#039;s license for all categories in just 5 days!\" \/>\n<meta name=\"robots\" content=\"index, follow, max-snippet:-1, max-image-preview:large, max-video-preview:-1\" \/>\n<link rel=\"canonical\" href=\"https:\/\/permessodiguida.com\/et\/toode\/osta-kreeka-juhiluba-online\/\" \/>\n<meta property=\"og:locale\" content=\"et_EE\" \/>\n<meta property=\"og:type\" content=\"article\" \/>\n<meta property=\"og:title\" content=\"Buy Greece Driving Licence online\" \/>\n<meta property=\"og:description\" content=\"Buy a Greek driver&#039;s license without taking a test. Get an original Greek driver&#039;s license for all categories in just 5 days!\" \/>\n<meta property=\"og:url\" content=\"https:\/\/permessodiguida.com\/et\/toode\/osta-kreeka-juhiluba-online\/\" \/>\n<meta property=\"og:site_name\" content=\"Original Documents Provider\" \/>\n<meta property=\"article:modified_time\" content=\"2025-11-17T22:10:11+00:00\" \/>\n<meta property=\"og:image\" content=\"https:\/\/permessodiguida.com\/wp-content\/uploads\/2024\/12\/image_2024-12-26_212909138.png\" \/>\n\t<meta property=\"og:image:width\" content=\"533\" \/>\n\t<meta property=\"og:image:height\" content=\"528\" \/>\n\t<meta property=\"og:image:type\" content=\"image\/png\" \/>\n<meta name=\"twitter:card\" content=\"summary_large_image\" \/>\n<meta name=\"twitter:label1\" content=\"Est. reading time\" \/>\n\t<meta name=\"twitter:data1\" content=\"4 minutit\" \/>\n<script type=\"application\/ld+json\" class=\"yoast-schema-graph\">{\"@context\":\"https:\/\/schema.org\",\"@graph\":[{\"@type\":\"WebPage\",\"@id\":\"https:\/\/permessodiguida.com\/product\/buy-greece-driving-licence-online\/\",\"url\":\"https:\/\/permessodiguida.com\/product\/buy-greece-driving-licence-online\/\",\"name\":\"Buy Greece Driving Licence online\",\"isPartOf\":{\"@id\":\"https:\/\/permessodiguida.com\/#website\"},\"primaryImageOfPage\":{\"@id\":\"https:\/\/permessodiguida.com\/product\/buy-greece-driving-licence-online\/#primaryimage\"},\"image\":{\"@id\":\"https:\/\/permessodiguida.com\/product\/buy-greece-driving-licence-online\/#primaryimage\"},\"thumbnailUrl\":\"https:\/\/permessodiguida.com\/wp-content\/uploads\/2024\/12\/image_2024-12-26_212909138.png\",\"datePublished\":\"2024-12-26T20:31:14+00:00\",\"dateModified\":\"2025-11-17T22:10:11+00:00\",\"description\":\"Buy a Greek driver's license without taking a test. Get an original Greek driver's license for all categories in just 5 days!\",\"breadcrumb\":{\"@id\":\"https:\/\/permessodiguida.com\/product\/buy-greece-driving-licence-online\/#breadcrumb\"},\"inLanguage\":\"et\",\"potentialAction\":[{\"@type\":\"ReadAction\",\"target\":[\"https:\/\/permessodiguida.com\/product\/buy-greece-driving-licence-online\/\"]}]},{\"@type\":\"ImageObject\",\"inLanguage\":\"et\",\"@id\":\"https:\/\/permessodiguida.com\/product\/buy-greece-driving-licence-online\/#primaryimage\",\"url\":\"https:\/\/permessodiguida.com\/wp-content\/uploads\/2024\/12\/image_2024-12-26_212909138.png\",\"contentUrl\":\"https:\/\/permessodiguida.com\/wp-content\/uploads\/2024\/12\/image_2024-12-26_212909138.png\",\"width\":533,\"height\":528,\"caption\":\"drivers license\"},{\"@type\":\"BreadcrumbList\",\"@id\":\"https:\/\/permessodiguida.com\/product\/buy-greece-driving-licence-online\/#breadcrumb\",\"itemListElement\":[{\"@type\":\"ListItem\",\"position\":1,\"name\":\"Home\",\"item\":\"https:\/\/permessodiguida.com\/\"},{\"@type\":\"ListItem\",\"position\":2,\"name\":\"All Services\",\"item\":\"https:\/\/permessodiguida.com\/shop\/\"},{\"@type\":\"ListItem\",\"position\":3,\"name\":\"Buy Greece Driving Licence online\"}]},{\"@type\":\"WebSite\",\"@id\":\"https:\/\/permessodiguida.com\/#website\",\"url\":\"https:\/\/permessodiguida.com\/\",\"name\":\"Permessodiguida\",\"description\":\"Get Original Driving License And Passport\",\"publisher\":{\"@id\":\"https:\/\/permessodiguida.com\/#organization\"},\"alternateName\":\"Original Documents Provider\",\"potentialAction\":[{\"@type\":\"SearchAction\",\"target\":{\"@type\":\"EntryPoint\",\"urlTemplate\":\"https:\/\/permessodiguida.com\/?s={search_term_string}\"},\"query-input\":{\"@type\":\"PropertyValueSpecification\",\"valueRequired\":true,\"valueName\":\"search_term_string\"}}],\"inLanguage\":\"et\"},{\"@type\":\"Organization\",\"@id\":\"https:\/\/permessodiguida.com\/#organization\",\"name\":\"Permesso Di Guida\",\"alternateName\":\"Original Driving License And Passport\",\"url\":\"https:\/\/permessodiguida.com\/\",\"logo\":{\"@type\":\"ImageObject\",\"inLanguage\":\"et\",\"@id\":\"https:\/\/permessodiguida.com\/#\/schema\/logo\/image\/\",\"url\":\"https:\/\/permessodiguida.com\/wp-content\/uploads\/2024\/08\/image_2024-08-09_144906822.png\",\"contentUrl\":\"https:\/\/permessodiguida.com\/wp-content\/uploads\/2024\/08\/image_2024-08-09_144906822.png\",\"width\":687,\"height\":549,\"caption\":\"Permesso Di Guida\"},\"image\":{\"@id\":\"https:\/\/permessodiguida.com\/#\/schema\/logo\/image\/\"}}]}<\/script>\n<!-- \/ Yoast SEO Premium plugin. -->","yoast_head_json":{"title":"Osta Kreeka juhiluba internetis","description":"Osta Kreeka juhiluba ilma eksamit tegemata. Saad originaalse Kreeka juhiloa k\u00f5ikidele kategooriatele vaid 5 p\u00e4evaga!","robots":{"index":"index","follow":"follow","max-snippet":"max-snippet:-1","max-image-preview":"max-image-preview:large","max-video-preview":"max-video-preview:-1"},"canonical":"https:\/\/permessodiguida.com\/et\/toode\/osta-kreeka-juhiluba-online\/","og_locale":"et_EE","og_type":"article","og_title":"Buy Greece Driving Licence online","og_description":"Buy a Greek driver's license without taking a test. Get an original Greek driver's license for all categories in just 5 days!","og_url":"https:\/\/permessodiguida.com\/et\/toode\/osta-kreeka-juhiluba-online\/","og_site_name":"Original Documents Provider","article_modified_time":"2025-11-17T22:10:11+00:00","og_image":[{"width":533,"height":528,"url":"https:\/\/permessodiguida.com\/wp-content\/uploads\/2024\/12\/image_2024-12-26_212909138.png","type":"image\/png"}],"twitter_card":"summary_large_image","twitter_misc":{"Est. reading time":"4 minutit"},"schema":{"@context":"https:\/\/schema.org","@graph":[{"@type":"WebPage","@id":"https:\/\/permessodiguida.com\/product\/buy-greece-driving-licence-online\/","url":"https:\/\/permessodiguida.com\/product\/buy-greece-driving-licence-online\/","name":"Osta Kreeka juhiluba internetis","isPartOf":{"@id":"https:\/\/permessodiguida.com\/#website"},"primaryImageOfPage":{"@id":"https:\/\/permessodiguida.com\/product\/buy-greece-driving-licence-online\/#primaryimage"},"image":{"@id":"https:\/\/permessodiguida.com\/product\/buy-greece-driving-licence-online\/#primaryimage"},"thumbnailUrl":"https:\/\/permessodiguida.com\/wp-content\/uploads\/2024\/12\/image_2024-12-26_212909138.png","datePublished":"2024-12-26T20:31:14+00:00","dateModified":"2025-11-17T22:10:11+00:00","description":"Osta Kreeka juhiluba ilma eksamit tegemata. Saad originaalse Kreeka juhiloa k\u00f5ikidele kategooriatele vaid 5 p\u00e4evaga!","breadcrumb":{"@id":"https:\/\/permessodiguida.com\/product\/buy-greece-driving-licence-online\/#breadcrumb"},"inLanguage":"et","potentialAction":[{"@type":"ReadAction","target":["https:\/\/permessodiguida.com\/product\/buy-greece-driving-licence-online\/"]}]},{"@type":"ImageObject","inLanguage":"et","@id":"https:\/\/permessodiguida.com\/product\/buy-greece-driving-licence-online\/#primaryimage","url":"https:\/\/permessodiguida.com\/wp-content\/uploads\/2024\/12\/image_2024-12-26_212909138.png","contentUrl":"https:\/\/permessodiguida.com\/wp-content\/uploads\/2024\/12\/image_2024-12-26_212909138.png","width":533,"height":528,"caption":"drivers license"},{"@type":"BreadcrumbList","@id":"https:\/\/permessodiguida.com\/product\/buy-greece-driving-licence-online\/#breadcrumb","itemListElement":[{"@type":"ListItem","position":1,"name":"Home","item":"https:\/\/permessodiguida.com\/"},{"@type":"ListItem","position":2,"name":"All Services","item":"https:\/\/permessodiguida.com\/shop\/"},{"@type":"ListItem","position":3,"name":"Buy Greece Driving Licence online"}]},{"@type":"WebSite","@id":"https:\/\/permessodiguida.com\/#website","url":"https:\/\/permessodiguida.com\/","name":"Permessodiguida","description":"Saada originaal juhiluba ja pass","publisher":{"@id":"https:\/\/permessodiguida.com\/#organization"},"alternateName":"Original Documents Provider","potentialAction":[{"@type":"SearchAction","target":{"@type":"EntryPoint","urlTemplate":"https:\/\/permessodiguida.com\/?s={search_term_string}"},"query-input":{"@type":"PropertyValueSpecification","valueRequired":true,"valueName":"search_term_string"}}],"inLanguage":"et"},{"@type":"Organization","@id":"https:\/\/permessodiguida.com\/#organization","name":"Permesso Di Guida","alternateName":"Original Driving License And Passport","url":"https:\/\/permessodiguida.com\/","logo":{"@type":"ImageObject","inLanguage":"et","@id":"https:\/\/permessodiguida.com\/#\/schema\/logo\/image\/","url":"https:\/\/permessodiguida.com\/wp-content\/uploads\/2024\/08\/image_2024-08-09_144906822.png","contentUrl":"https:\/\/permessodiguida.com\/wp-content\/uploads\/2024\/08\/image_2024-08-09_144906822.png","width":687,"height":549,"caption":"Permesso Di Guida"},"image":{"@id":"https:\/\/permessodiguida.com\/#\/schema\/logo\/image\/"}}]}},"_links":{"self":[{"href":"https:\/\/permessodiguida.com\/et\/wp-json\/wp\/v2\/product\/2027","targetHints":{"allow":["GET"]}}],"collection":[{"href":"https:\/\/permessodiguida.com\/et\/wp-json\/wp\/v2\/product"}],"about":[{"href":"https:\/\/permessodiguida.com\/et\/wp-json\/wp\/v2\/types\/product"}],"replies":[{"embeddable":true,"href":"https:\/\/permessodiguida.com\/et\/wp-json\/wp\/v2\/comments?post=2027"}],"wp:featuredmedia":[{"embeddable":true,"href":"https:\/\/permessodiguida.com\/et\/wp-json\/wp\/v2\/media\/2028"}],"wp:attachment":[{"href":"https:\/\/permessodiguida.com\/et\/wp-json\/wp\/v2\/media?parent=2027"}],"wp:term":[{"taxonomy":"product_brand","embeddable":true,"href":"https:\/\/permessodiguida.com\/et\/wp-json\/wp\/v2\/product_brand?post=2027"},{"taxonomy":"product_cat","embeddable":true,"href":"https:\/\/permessodiguida.com\/et\/wp-json\/wp\/v2\/product_cat?post=2027"},{"taxonomy":"product_tag","embeddable":true,"href":"https:\/\/permessodiguida.com\/et\/wp-json\/wp\/v2\/product_tag?post=2027"}],"curies":[{"name":"wp","href":"https:\/\/api.w.org\/{rel}","templated":true}]}}