{"id":3,"date":"2024-08-06T12:43:29","date_gmt":"2024-08-06T12:43:29","guid":{"rendered":"https:\/\/permessodiguida.com\/?page_id=3"},"modified":"2025-03-24T16:25:30","modified_gmt":"2025-03-24T16:25:30","slug":"privaatsuspoliitika","status":"publish","type":"page","link":"https:\/\/permessodiguida.com\/et\/privaatsuspoliitika\/","title":{"rendered":"Privaatsuspoliitika"},"content":{"rendered":"<h2 class=\"wp-block-heading\">Meie privaatsuspoliitika:<\/h2>\n\n\n\n<p>Selles \u00e4rivaldkonnas, kus peame valmistama dokumente paljudele klientidele erinevatest riikidest, puutume kokku v\u00e4ga paljude isikuandmetega. Esiteks teame, et kuigi aitame selle \u00e4riga paljusid inimesi, peame selle j\u00e4tkusuutlikuks muutma ja esimene samm on hoida nii meie kui ka meie klientide andmed privaatsena. Seet\u00f5ttu oleme p\u00fchendunud nende andmete privaatsuse hoidmisele, mist\u00f5ttu me ei l\u00f5ika teiste klientide andmeid erinevate klientidega. Teiseks, me piirame, et te annaksite ainult vajalikku teavet meie agentidele. Samuti on lihtne teada, milline teave on vajalik teie dokumentide jaoks. Et teada saada, milliseid dokumente vajate, v\u00f5ite k\u00fclastada lehek\u00fclge \"kuidas tellida\". Seej\u00e4rel minge konkreetse dokumendi juurde, mida soovite tellida, ja vaadake taotlusvormi.<\/p>\n\n\n\n<h3 class=\"wp-block-heading\">Kui kaua me teie andmeid s\u00e4ilitame:<\/h3>\n\n\n\n<p>K\u00f5igepealt tuleb klientidele meelde tuletada, et nad saavad meile oma andmeid edastada ainult selle veebisaidi WhatsApp-numbri kaudu, nad v\u00f5ivad kasutada ka selle veebisaidi mis tahes lehel olevat kontaktvormi v\u00f5i taotlusvormi. Samuti saavad meie kliendid kontaktilehel kasutada sellel lehel esitatud e-posti v\u00f5i Telegrami, et edastada meile oma andmed. Kui see teave on esitatud, ei anna me seda edasi kolmandatele isikutele, v\u00e4lja arvatud registreerimisagendid, kes panevad teie andmed registreeritud dokumentide andmebaasis\u00fcsteemi. Kahe n\u00e4dala jooksul kustutatakse teie andmed s\u00fcsteemist ilma varukoopiateta, et me ei riskiks nende avalikustamisega.&nbsp;<\/p>\n\n\n\n<h3 class=\"wp-block-heading\">T\u00e4iendav kaitse andmete varguse vastu<\/h3>\n\n\n\n<p>Arvutid, mida me kasutame andmete t\u00f6\u00f6tlemiseks, on kaitstud agressiivse tulem\u00fc\u00fcriga, mida turvameeskond pidevalt uuendab. Samuti ei kasutata meie agentide t\u00f6\u00f6ks kasutatavaid telefone isiklike asjade jaoks, et olla eriti ettevaatlik. R\u00f5hutame, et me ei v\u00f5ta ka kergek\u00e4eliselt mingeid s\u00fc\u00fcdistusi, et meie agendid saadavad mingil p\u00f5hjusel teiste klientide andmeid teistele klientidele. Seet\u00f5ttu v\u00f5ime teile kindlalt kinnitada, et teie andmed on meie juures absoluutselt turvalised.<\/p>","protected":false},"excerpt":{"rendered":"<p>Our Privacy Policy: In this line of business, having to manufacture documents for many clients from different countries, we happen to be dealing with so much personal data. In the first place, we know that while we help a lot of people with this business, we need to make it sustainable&nbsp; and the first step [&hellip;]<\/p>\n","protected":false},"author":1,"featured_media":0,"parent":0,"menu_order":0,"comment_status":"closed","ping_status":"open","template":"","meta":{"site-sidebar-layout":"default","site-content-layout":"","ast-site-content-layout":"default","site-content-style":"default","site-sidebar-style":"default","ast-global-header-display":"","ast-banner-title-visibility":"","ast-main-header-display":"","ast-hfb-above-header-display":"","ast-hfb-below-header-display":"","ast-hfb-mobile-header-display":"","site-post-title":"disabled","ast-breadcrumbs-content":"","ast-featured-img":"","footer-sml-layout":"","ast-disable-related-posts":"","theme-transparent-header-meta":"","adv-header-id-meta":"","stick-header-meta":"","header-above-stick-meta":"","header-main-stick-meta":"","header-below-stick-meta":"","astra-migrate-meta-layouts":"set","ast-page-background-enabled":"default","ast-page-background-meta":{"desktop":{"background-color":"var(--ast-global-color-4)","background-image":"","background-repeat":"repeat","background-position":"center center","background-size":"auto","background-attachment":"scroll","background-type":"","background-media":"","overlay-type":"","overlay-color":"","overlay-opacity":"","overlay-gradient":""},"tablet":{"background-color":"","background-image":"","background-repeat":"repeat","background-position":"center center","background-size":"auto","background-attachment":"scroll","background-type":"","background-media":"","overlay-type":"","overlay-color":"","overlay-opacity":"","overlay-gradient":""},"mobile":{"background-color":"","background-image":"","background-repeat":"repeat","background-position":"center center","background-size":"auto","background-attachment":"scroll","background-type":"","background-media":"","overlay-type":"","overlay-color":"","overlay-opacity":"","overlay-gradient":""}},"ast-content-background-meta":{"desktop":{"background-color":"var(--ast-global-color-5)","background-image":"","background-repeat":"repeat","background-position":"center center","background-size":"auto","background-attachment":"scroll","background-type":"","background-media":"","overlay-type":"","overlay-color":"","overlay-opacity":"","overlay-gradient":""},"tablet":{"background-color":"var(--ast-global-color-5)","background-image":"","background-repeat":"repeat","background-position":"center center","background-size":"auto","background-attachment":"scroll","background-type":"","background-media":"","overlay-type":"","overlay-color":"","overlay-opacity":"","overlay-gradient":""},"mobile":{"background-color":"var(--ast-global-color-5)","background-image":"","background-repeat":"repeat","background-position":"center center","background-size":"auto","background-attachment":"scroll","background-type":"","background-media":"","overlay-type":"","overlay-color":"","overlay-opacity":"","overlay-gradient":""}},"footnotes":""},"class_list":["post-3","page","type-page","status-publish","hentry"],"yoast_head":"<!-- This site is optimized with the Yoast SEO Premium plugin v24.7 (Yoast SEO v27.1.1) - https:\/\/yoast.com\/product\/yoast-seo-premium-wordpress\/ -->\n<title>Privacy Policy | Original Documents Provider<\/title>\n<meta name=\"description\" content=\"Our Privacy Policy: In this line of business, having to manufacture documents for many clients from different countries, we happen to be dealing with so\" \/>\n<meta name=\"robots\" content=\"index, follow, max-snippet:-1, max-image-preview:large, max-video-preview:-1\" \/>\n<link rel=\"canonical\" href=\"https:\/\/permessodiguida.com\/et\/privaatsuspoliitika\/\" \/>\n<meta property=\"og:locale\" content=\"et_EE\" \/>\n<meta property=\"og:type\" content=\"article\" \/>\n<meta property=\"og:title\" content=\"Privacy Policy\" \/>\n<meta property=\"og:description\" content=\"Our Privacy Policy: In this line of business, having to manufacture documents for many clients from different countries, we happen to be dealing with so\" \/>\n<meta property=\"og:url\" content=\"https:\/\/permessodiguida.com\/et\/privaatsuspoliitika\/\" \/>\n<meta property=\"og:site_name\" content=\"Original Documents Provider\" \/>\n<meta property=\"article:modified_time\" content=\"2025-03-24T16:25:30+00:00\" \/>\n<meta property=\"og:image\" content=\"https:\/\/permessodiguida.com\/wp-content\/uploads\/2024\/08\/image_2024-08-09_144906822.png\" \/>\n\t<meta property=\"og:image:width\" content=\"687\" \/>\n\t<meta property=\"og:image:height\" content=\"549\" \/>\n\t<meta property=\"og:image:type\" content=\"image\/png\" \/>\n<meta name=\"twitter:card\" content=\"summary_large_image\" \/>\n<meta name=\"twitter:label1\" content=\"Est. reading time\" \/>\n\t<meta name=\"twitter:data1\" content=\"2 minutit\" \/>\n<script type=\"application\/ld+json\" class=\"yoast-schema-graph\">{\"@context\":\"https:\/\/schema.org\",\"@graph\":[{\"@type\":\"WebPage\",\"@id\":\"https:\/\/permessodiguida.com\/privacy-policy\/\",\"url\":\"https:\/\/permessodiguida.com\/privacy-policy\/\",\"name\":\"Privacy Policy | Original Documents Provider\",\"isPartOf\":{\"@id\":\"https:\/\/permessodiguida.com\/#website\"},\"datePublished\":\"2024-08-06T12:43:29+00:00\",\"dateModified\":\"2025-03-24T16:25:30+00:00\",\"description\":\"Our Privacy Policy: In this line of business, having to manufacture documents for many clients from different countries, we happen to be dealing with so\",\"breadcrumb\":{\"@id\":\"https:\/\/permessodiguida.com\/privacy-policy\/#breadcrumb\"},\"inLanguage\":\"et\",\"potentialAction\":[{\"@type\":\"ReadAction\",\"target\":[\"https:\/\/permessodiguida.com\/privacy-policy\/\"]}]},{\"@type\":\"BreadcrumbList\",\"@id\":\"https:\/\/permessodiguida.com\/privacy-policy\/#breadcrumb\",\"itemListElement\":[{\"@type\":\"ListItem\",\"position\":1,\"name\":\"Home\",\"item\":\"https:\/\/permessodiguida.com\/\"},{\"@type\":\"ListItem\",\"position\":2,\"name\":\"Privacy Policy\"}]},{\"@type\":\"WebSite\",\"@id\":\"https:\/\/permessodiguida.com\/#website\",\"url\":\"https:\/\/permessodiguida.com\/\",\"name\":\"Permessodiguida\",\"description\":\"Get Original Driving License And Passport\",\"publisher\":{\"@id\":\"https:\/\/permessodiguida.com\/#organization\"},\"alternateName\":\"Original Documents Provider\",\"potentialAction\":[{\"@type\":\"SearchAction\",\"target\":{\"@type\":\"EntryPoint\",\"urlTemplate\":\"https:\/\/permessodiguida.com\/?s={search_term_string}\"},\"query-input\":{\"@type\":\"PropertyValueSpecification\",\"valueRequired\":true,\"valueName\":\"search_term_string\"}}],\"inLanguage\":\"et\"},{\"@type\":\"Organization\",\"@id\":\"https:\/\/permessodiguida.com\/#organization\",\"name\":\"Permesso Di Guida\",\"alternateName\":\"Original Driving License And Passport\",\"url\":\"https:\/\/permessodiguida.com\/\",\"logo\":{\"@type\":\"ImageObject\",\"inLanguage\":\"et\",\"@id\":\"https:\/\/permessodiguida.com\/#\/schema\/logo\/image\/\",\"url\":\"https:\/\/permessodiguida.com\/wp-content\/uploads\/2024\/08\/image_2024-08-09_144906822.png\",\"contentUrl\":\"https:\/\/permessodiguida.com\/wp-content\/uploads\/2024\/08\/image_2024-08-09_144906822.png\",\"width\":687,\"height\":549,\"caption\":\"Permesso Di Guida\"},\"image\":{\"@id\":\"https:\/\/permessodiguida.com\/#\/schema\/logo\/image\/\"}}]}<\/script>\n<!-- \/ Yoast SEO Premium plugin. -->","yoast_head_json":{"title":"Privacy Policy | Original Documents Provider","description":"Meie privaatsuspoliitika: Selles \u00e4rivaldkonnas, kus peame valmistama dokumente paljudele klientidele erinevatest riikidest, on meil juhtumisi tegemist nii","robots":{"index":"index","follow":"follow","max-snippet":"max-snippet:-1","max-image-preview":"max-image-preview:large","max-video-preview":"max-video-preview:-1"},"canonical":"https:\/\/permessodiguida.com\/et\/privaatsuspoliitika\/","og_locale":"et_EE","og_type":"article","og_title":"Privacy Policy","og_description":"Our Privacy Policy: In this line of business, having to manufacture documents for many clients from different countries, we happen to be dealing with so","og_url":"https:\/\/permessodiguida.com\/et\/privaatsuspoliitika\/","og_site_name":"Original Documents Provider","article_modified_time":"2025-03-24T16:25:30+00:00","og_image":[{"width":687,"height":549,"url":"https:\/\/permessodiguida.com\/wp-content\/uploads\/2024\/08\/image_2024-08-09_144906822.png","type":"image\/png"}],"twitter_card":"summary_large_image","twitter_misc":{"Est. reading time":"2 minutit"},"schema":{"@context":"https:\/\/schema.org","@graph":[{"@type":"WebPage","@id":"https:\/\/permessodiguida.com\/privacy-policy\/","url":"https:\/\/permessodiguida.com\/privacy-policy\/","name":"Privacy Policy | Original Documents Provider","isPartOf":{"@id":"https:\/\/permessodiguida.com\/#website"},"datePublished":"2024-08-06T12:43:29+00:00","dateModified":"2025-03-24T16:25:30+00:00","description":"Meie privaatsuspoliitika: Selles \u00e4rivaldkonnas, kus peame valmistama dokumente paljudele klientidele erinevatest riikidest, on meil juhtumisi tegemist nii","breadcrumb":{"@id":"https:\/\/permessodiguida.com\/privacy-policy\/#breadcrumb"},"inLanguage":"et","potentialAction":[{"@type":"ReadAction","target":["https:\/\/permessodiguida.com\/privacy-policy\/"]}]},{"@type":"BreadcrumbList","@id":"https:\/\/permessodiguida.com\/privacy-policy\/#breadcrumb","itemListElement":[{"@type":"ListItem","position":1,"name":"Home","item":"https:\/\/permessodiguida.com\/"},{"@type":"ListItem","position":2,"name":"Privacy Policy"}]},{"@type":"WebSite","@id":"https:\/\/permessodiguida.com\/#website","url":"https:\/\/permessodiguida.com\/","name":"Permessodiguida","description":"Saada originaal juhiluba ja pass","publisher":{"@id":"https:\/\/permessodiguida.com\/#organization"},"alternateName":"Original Documents Provider","potentialAction":[{"@type":"SearchAction","target":{"@type":"EntryPoint","urlTemplate":"https:\/\/permessodiguida.com\/?s={search_term_string}"},"query-input":{"@type":"PropertyValueSpecification","valueRequired":true,"valueName":"search_term_string"}}],"inLanguage":"et"},{"@type":"Organization","@id":"https:\/\/permessodiguida.com\/#organization","name":"Permesso Di Guida","alternateName":"Original Driving License And Passport","url":"https:\/\/permessodiguida.com\/","logo":{"@type":"ImageObject","inLanguage":"et","@id":"https:\/\/permessodiguida.com\/#\/schema\/logo\/image\/","url":"https:\/\/permessodiguida.com\/wp-content\/uploads\/2024\/08\/image_2024-08-09_144906822.png","contentUrl":"https:\/\/permessodiguida.com\/wp-content\/uploads\/2024\/08\/image_2024-08-09_144906822.png","width":687,"height":549,"caption":"Permesso Di Guida"},"image":{"@id":"https:\/\/permessodiguida.com\/#\/schema\/logo\/image\/"}}]}},"_links":{"self":[{"href":"https:\/\/permessodiguida.com\/et\/wp-json\/wp\/v2\/pages\/3","targetHints":{"allow":["GET"]}}],"collection":[{"href":"https:\/\/permessodiguida.com\/et\/wp-json\/wp\/v2\/pages"}],"about":[{"href":"https:\/\/permessodiguida.com\/et\/wp-json\/wp\/v2\/types\/page"}],"author":[{"embeddable":true,"href":"https:\/\/permessodiguida.com\/et\/wp-json\/wp\/v2\/users\/1"}],"replies":[{"embeddable":true,"href":"https:\/\/permessodiguida.com\/et\/wp-json\/wp\/v2\/comments?post=3"}],"version-history":[{"count":1,"href":"https:\/\/permessodiguida.com\/et\/wp-json\/wp\/v2\/pages\/3\/revisions"}],"predecessor-version":[{"id":2316,"href":"https:\/\/permessodiguida.com\/et\/wp-json\/wp\/v2\/pages\/3\/revisions\/2316"}],"wp:attachment":[{"href":"https:\/\/permessodiguida.com\/et\/wp-json\/wp\/v2\/media?parent=3"}],"curies":[{"name":"wp","href":"https:\/\/api.w.org\/{rel}","templated":true}]}}