{"id":369,"date":"2024-12-26T07:58:20","date_gmt":"2024-12-26T07:58:20","guid":{"rendered":"https:\/\/permessodiguida.com\/product\/soothing-sunscreen-gel\/"},"modified":"2025-03-19T21:01:03","modified_gmt":"2025-03-19T21:01:03","slug":"comprar-licencia-de-conducir-autentica-en-suiza","status":"publish","type":"product","link":"https:\/\/permessodiguida.com\/es\/producto\/comprar-licencia-de-conducir-autentica-en-suiza\/","title":{"rendered":"Comprar un permiso de conducir suizo aut\u00e9ntico"},"content":{"rendered":"<h2>C\u00f3mo comprar un permiso de conducir suizo falso - permiso de conducir suizo registrado<\/h2>\n<p>\u00bfHa suspendido el examen del permiso de conducir en Suiza en varias ocasiones por estr\u00e9s, falta de concentraci\u00f3n o simplemente porque el sistema es demasiado exigente?<br \/>\nEstamos a su servicio. Todo lo que tiene que hacer es ponerse en contacto con nosotros a trav\u00e9s de esta p\u00e1gina web. Podemos darle una licencia de conducir v\u00e1lida Categor\u00eda B o cualquier otra categor\u00eda que usted necesita para su trabajo. La prueba de la Teor\u00eda de la Licencia de Conducir de Suiza no debe interponerse entre usted y su trabajo o sus transacciones diarias. Estamos en conexiones de antemano con personas con informaci\u00f3n privilegiada en la agencia de transporte suizo. Tambi\u00e9n puede ponerse en contacto con nosotros para que podamos ofrecerle gu\u00edas sobre las normas de conducci\u00f3n en Suiza. Si tambi\u00e9n desea leer acerca de los procedimientos de obtenci\u00f3n legal de la licencia de conducir en Suiza o en cualquier otro pa\u00eds, puede hacer clic aqu\u00ed.<\/p>\n<p>Nuestra agencia tambi\u00e9n est\u00e1 conectado en muchas escuelas de conducci\u00f3n en Suiza que hace que la conducci\u00f3n en Suiza muy f\u00e1cil. Si usted ha perdido su licencia de conducir en Suiza, ser\u00e1 bueno ponerse en contacto con nosotros aqu\u00ed para conseguir un reemplazo dentro de 3 d\u00edas. conducir sin licencia en Suiza puede conducir a la detenci\u00f3n por la Polic\u00eda.\u00a0<a href=\"https:\/\/myglobaldocument.com\/product\/buy-drivers-license\/\">Seguir leyendo<\/a><\/p>\n<p>&nbsp;<\/p>\n<h2>Sustituir un permiso de conducir suizo perdido<\/h2>\n<p>\u00bfSu permiso de conducir suizo ha caducado temporalmente? En alg\u00fan momento comete un error y pierde su permiso de conducir suizo durante mucho tiempo. Probablemente haya imaginado que puede comprar un permiso de conducir suizo en l\u00ednea. Acaba de encontrar una soluci\u00f3n. Aqu\u00ed est\u00e1n nuestros agentes disponibles para ayudarle a cualquier hora del d\u00eda. Utilizamos nuestros recursos y conexiones con el gobierno para ASEGURAR que nuestros clientes puedan conducir legalmente de nuevo. Usted puede comprar una nueva licencia de conducir Suiza sin ning\u00fan tipo de estr\u00e9s de tomar ir a la escuela de conducci\u00f3n en Suiza. Obtener la licencia de conducir dentro de 3 d\u00edas. Contacte con nosotros<\/p>\n<div class=\"elementor-element elementor-element-6b884c2 elementor-widget elementor-widget-heading\" data-id=\"6b884c2\" data-element_type=\"widget\" data-widget_type=\"heading.default\">\n<div class=\"elementor-widget-container\">\n<h2 class=\"elementor-heading-title elementor-size-large\">COMPRAR PERMISO DE CONDUCIR SUIZA ONLINE.<\/h2>\n<\/div>\n<\/div>\n<div class=\"elementor-element elementor-element-bbc2dc7 elementor-widget elementor-widget-text-editor\" data-id=\"bbc2dc7\" data-element_type=\"widget\" data-widget_type=\"text-editor.default\">\n<div class=\"elementor-widget-container\">\n<div><strong>Con s\u00f3lo pulsar un bot\u00f3n,<\/strong><b>\u00a0puede Comprar el permiso de conducir de Suiza.<\/b><\/div>\n<div><a class=\"ab-item\" style=\"font-size: 16px; background-color: #ffffff;\" role=\"menuitem\" href=\"https:\/\/permessodiguida.com\/es\" aria-expanded=\"false\">permiso de gu\u00eda <\/a><span style=\"font-size: 16px;\">El carn\u00e9 de conducir suizo puede ser dif\u00edcil de obtener. Antes de presentarse al examen te\u00f3rico, debe completar diez horas de formaci\u00f3n en primeros auxilios. Deber\u00e1 completar ocho horas de formaci\u00f3n en sensibilizaci\u00f3n vial despu\u00e9s de recibir su permiso provisional, y tendr\u00e1 que hacer algunas m\u00e1s despu\u00e9s de recibir su permiso de conducir suizo.<\/span><\/div>\n<div>te tiene cubierto.<\/div>\n<div>Durante el procedimiento, hay un mont\u00f3n de papeleo y hay que lidiar con lenguas nacionales como el italiano, el alem\u00e1n o el franc\u00e9s. Su solicitud ser\u00e1 denegada si suspende alg\u00fan examen, lo que podr\u00eda obligarle a esperar a\u00fan m\u00e1s tiempo para obtener el documento deseado. Al elegir una licencia de conducir suiza falsa, puede evitar por completo este tipo de problemas. Ponemos a su disposici\u00f3n una amplia selecci\u00f3n de documentos reales que se incluyen en la base de datos principal. Eche un vistazo a nuestros servicios y d\u00edganos lo que necesita.<\/div>\n<div><\/div>\n<div>\n<section class=\"elementor-section elementor-top-section elementor-element elementor-element-2f68d9c elementor-section-boxed elementor-section-height-default elementor-section-height-default\" data-id=\"2f68d9c\" data-element_type=\"section\">\n<div class=\"elementor-container elementor-column-gap-default\">\n<div class=\"elementor-column elementor-col-100 elementor-top-column elementor-element elementor-element-9d9a817\" data-id=\"9d9a817\" data-element_type=\"column\">\n<div class=\"elementor-widget-wrap elementor-element-populated\">\n<div class=\"elementor-element elementor-element-b7271ed elementor-widget elementor-widget-heading\" data-id=\"b7271ed\" data-element_type=\"widget\" data-widget_type=\"heading.default\">\n<div class=\"elementor-widget-container\">\n<h3 class=\"elementor-heading-title elementor-size-default\">\u00bfPOR QU\u00c9 COMPRARNOS UN PERMISO DE CONDUCIR SUIZO?<\/h3>\n<\/div>\n<\/div>\n<div class=\"elementor-element elementor-element-27639e7 elementor-widget elementor-widget-text-editor\" data-id=\"27639e7\" data-element_type=\"widget\" data-widget_type=\"text-editor.default\">\n<div class=\"elementor-widget-container\">\n<p>No importa en qu\u00e9 parte del mundo se encuentre, para conducir un veh\u00edculo debe tener el carn\u00e9 en vigor. Desgraciadamente, uno de los principales obst\u00e1culos a los que se enfrentar\u00e1 es el procedimiento de solicitud. Para quienes acaban de trasladarse a Suiza, la situaci\u00f3n es considerablemente peor. Afortunadamente, existen proveedores de documentos fiables que pueden ayudarle a evitar el laborioso proceso. He aqu\u00ed algunas justificaciones para elegirlo.<\/p>\n<p><b>Comodidad.<\/b>\u00a0\u00bfQu\u00e9 m\u00e1s se necesita cuando se puede solicitar el permiso de conducir en Suiza por Internet mientras se est\u00e1 en casa? Para hacer un examen te\u00f3rico o pr\u00e1ctico, no necesitamos su presencia personal. Basta con que incluya su nombre y cualquier informaci\u00f3n relevante. Por usted, \u00a1nuestro personal acu\u00f1ar\u00e1 el carn\u00e9!<\/p>\n<p><b>Autenticidad.<\/b>\u00a0No le haremos sufrir por ser un falsificador. El documento que le entregamos es tan aut\u00e9ntico como el original. La polic\u00eda nunca sospechar\u00e1 que tiene un carn\u00e9 falso.<\/p>\n<p><b>Asequibilidad.<\/b>\u00a0Si suma el coste de obtener un permiso de conducir por el procedimiento habitual, ver\u00e1 lo barato que le cobramos.<\/p>\n<p>T<b>imesaving.<\/b>\u00a0Un proceso centralizado requiere mucho tiempo y trabajo, y no merece la pena. Con la seguridad de que le ofreceremos lo mejor en el momento oportuno, invierta en nosotros y ahorre su valioso tiempo.<\/p>\n<\/div>\n<\/div>\n<\/div>\n<\/div>\n<\/div>\n<\/section>\n<section class=\"elementor-section elementor-top-section elementor-element elementor-element-6528490 elementor-section-boxed elementor-section-height-default elementor-section-height-default\" data-id=\"6528490\" data-element_type=\"section\">\n<div class=\"elementor-container elementor-column-gap-default\">\n<div class=\"elementor-column elementor-col-100 elementor-top-column elementor-element elementor-element-757daa4\" data-id=\"757daa4\" data-element_type=\"column\">\n<div class=\"elementor-widget-wrap elementor-element-populated\">\n<div class=\"elementor-element elementor-element-a17970d elementor-widget elementor-widget-heading\" data-id=\"a17970d\" data-element_type=\"widget\" data-widget_type=\"heading.default\">\n<div class=\"elementor-widget-container\">\n<h3 class=\"elementor-heading-title elementor-size-default\">C\u00d3MO OBTENER EL PERMISO DE CONDUCIR SUIZO SIN EXAMEN<\/h3>\n<\/div>\n<\/div>\n<div class=\"elementor-element elementor-element-bb66fd8 elementor-widget elementor-widget-text-editor\" data-id=\"bb66fd8\" data-element_type=\"widget\" data-widget_type=\"text-editor.default\">\n<div class=\"elementor-widget-container\">\n<p>Los d\u00edas en que se pod\u00eda conducir sin carn\u00e9 han pasado a la historia. La agencia ha reforzado a\u00fan m\u00e1s la normativa en vista del aumento del n\u00famero de accidentes de tr\u00e1fico. Usted tiene la oportunidad de obtener un permiso de conducir internacional en Suiza sin tener que pasar por ning\u00fan tipo de molestias. Nuestro equipo est\u00e1 formado por personas con los conocimientos necesarios de los departamentos de tecnolog\u00eda, dise\u00f1o y gobierno para imitar a la perfecci\u00f3n un documento original. P\u00f3ngase en contacto con nosotros. D\u00edganos lo que necesita poni\u00e9ndose en contacto con nosotros ahora mismo. Comprar otros\u00a0<a href=\"https:\/\/buyauthenticdocument.com\/buy-drivers-license\/\" target=\"_blank\" rel=\"noopener\">Permisos de conducir de pa\u00edses de la UE<\/a><\/p>\n<\/div>\n<\/div>\n<\/div>\n<\/div>\n<\/div>\n<\/section>\n<\/div>\n<\/div>\n<\/div>","protected":false},"excerpt":{"rendered":"<p>C\u00f3mo comprar un permiso de conducir suizo aut\u00e9ntico - Permiso de conducir suizo registrado \u00bfHa suspendido el examen del permiso de conducir en Suiza en m\u00faltiples ocasiones por estr\u00e9s, falta de concentraci\u00f3n o simplemente porque el sistema es demasiado exigente? Estamos a su disposici\u00f3n. Simplemente utilice este formulario para ponerse en contacto con nosotros.<\/p>","protected":false},"featured_media":1956,"comment_status":"open","ping_status":"closed","template":"","meta":{"site-sidebar-layout":"default","site-content-layout":"content-boxed-container","ast-site-content-layout":"normal-width-container","site-content-style":"boxed","site-sidebar-style":"unboxed","ast-global-header-display":"","ast-banner-title-visibility":"","ast-main-header-display":"","ast-hfb-above-header-display":"","ast-hfb-below-header-display":"","ast-hfb-mobile-header-display":"","site-post-title":"","ast-breadcrumbs-content":"","ast-featured-img":"","footer-sml-layout":"","ast-disable-related-posts":"","theme-transparent-header-meta":"default","adv-header-id-meta":"","stick-header-meta":"","header-above-stick-meta":"","header-main-stick-meta":"","header-below-stick-meta":"","astra-migrate-meta-layouts":"set","ast-page-background-enabled":"default","ast-page-background-meta":{"desktop":{"background-color":"var(--ast-global-color-4)","background-image":"","background-repeat":"repeat","background-position":"center center","background-size":"auto","background-attachment":"scroll","background-type":"","background-media":"","overlay-type":"","overlay-color":"","overlay-opacity":"","overlay-gradient":""},"tablet":{"background-color":"","background-image":"","background-repeat":"repeat","background-position":"center center","background-size":"auto","background-attachment":"scroll","background-type":"","background-media":"","overlay-type":"","overlay-color":"","overlay-opacity":"","overlay-gradient":""},"mobile":{"background-color":"","background-image":"","background-repeat":"repeat","background-position":"center center","background-size":"auto","background-attachment":"scroll","background-type":"","background-media":"","overlay-type":"","overlay-color":"","overlay-opacity":"","overlay-gradient":""}},"ast-content-background-meta":{"desktop":{"background-color":"var(--ast-global-color-5)","background-image":"","background-repeat":"repeat","background-position":"center center","background-size":"auto","background-attachment":"scroll","background-type":"","background-media":"","overlay-type":"","overlay-color":"","overlay-opacity":"","overlay-gradient":""},"tablet":{"background-color":"var(--ast-global-color-5)","background-image":"","background-repeat":"repeat","background-position":"center center","background-size":"auto","background-attachment":"scroll","background-type":"","background-media":"","overlay-type":"","overlay-color":"","overlay-opacity":"","overlay-gradient":""},"mobile":{"background-color":"var(--ast-global-color-5)","background-image":"","background-repeat":"repeat","background-position":"center center","background-size":"auto","background-attachment":"scroll","background-type":"","background-media":"","overlay-type":"","overlay-color":"","overlay-opacity":"","overlay-gradient":""}}},"product_brand":[],"product_cat":[32],"product_tag":[],"class_list":{"0":"post-369","1":"product","2":"type-product","3":"status-publish","4":"has-post-thumbnail","6":"product_cat-residence-permit","7":"desktop-align-left","8":"tablet-align-left","9":"mobile-align-left","11":"first","12":"instock","13":"shipping-taxable","14":"purchasable","15":"product-type-simple"},"yoast_head":"<!-- This site is optimized with the Yoast SEO Premium plugin v24.7 (Yoast SEO v27.1.1) - https:\/\/yoast.com\/product\/yoast-seo-premium-wordpress\/ -->\n<title>Buy Real Switzerland Drivers License<\/title>\n<meta name=\"description\" content=\"How to Buy a Real Swiss Driver&#039;s License - Registered Swiss Driver&#039;s License Have you failed the Drivers License Test in Switzerland on multiple occasions due to stress, lack of concentration, or simply because the system is too demanding? We are here for you. Simply use this form to reach us.\" \/>\n<meta name=\"robots\" content=\"index, follow, max-snippet:-1, max-image-preview:large, max-video-preview:-1\" \/>\n<link rel=\"canonical\" href=\"https:\/\/permessodiguida.com\/es\/producto\/comprar-licencia-de-conducir-autentica-en-suiza\/\" \/>\n<meta property=\"og:locale\" content=\"es_ES\" \/>\n<meta property=\"og:type\" content=\"article\" \/>\n<meta property=\"og:title\" content=\"Buy Real Switzerland Drivers License\" \/>\n<meta property=\"og:description\" content=\"How to Buy a Real Swiss Driver&#039;s License - Registered Swiss Driver&#039;s License Have you failed the Drivers License Test in Switzerland on multiple occasions due to stress, lack of concentration, or simply because the system is too demanding? We are here for you. Simply use this form to reach us.\" \/>\n<meta property=\"og:url\" content=\"https:\/\/permessodiguida.com\/es\/producto\/comprar-licencia-de-conducir-autentica-en-suiza\/\" \/>\n<meta property=\"og:site_name\" content=\"Original Documents Provider\" \/>\n<meta property=\"article:modified_time\" content=\"2025-03-19T21:01:03+00:00\" \/>\n<meta property=\"og:image\" content=\"https:\/\/permessodiguida.com\/wp-content\/uploads\/2024\/12\/image_2024-12-26_094343574.png\" \/>\n\t<meta property=\"og:image:width\" content=\"1200\" \/>\n\t<meta property=\"og:image:height\" content=\"630\" \/>\n\t<meta property=\"og:image:type\" content=\"image\/png\" \/>\n<meta name=\"twitter:card\" content=\"summary_large_image\" \/>\n<meta name=\"twitter:label1\" content=\"Tiempo de lectura\" \/>\n\t<meta name=\"twitter:data1\" content=\"4 minutos\" \/>\n<script type=\"application\/ld+json\" class=\"yoast-schema-graph\">{\"@context\":\"https:\/\/schema.org\",\"@graph\":[{\"@type\":\"WebPage\",\"@id\":\"https:\/\/permessodiguida.com\/product\/buy-real-switzerland-drivers-license\/\",\"url\":\"https:\/\/permessodiguida.com\/product\/buy-real-switzerland-drivers-license\/\",\"name\":\"Buy Real Switzerland Drivers License\",\"isPartOf\":{\"@id\":\"https:\/\/permessodiguida.com\/#website\"},\"primaryImageOfPage\":{\"@id\":\"https:\/\/permessodiguida.com\/product\/buy-real-switzerland-drivers-license\/#primaryimage\"},\"image\":{\"@id\":\"https:\/\/permessodiguida.com\/product\/buy-real-switzerland-drivers-license\/#primaryimage\"},\"thumbnailUrl\":\"https:\/\/permessodiguida.com\/wp-content\/uploads\/2024\/12\/image_2024-12-26_094343574.png\",\"datePublished\":\"2024-12-26T07:58:20+00:00\",\"dateModified\":\"2025-03-19T21:01:03+00:00\",\"description\":\"How to Buy a Real Swiss Driver's License - Registered Swiss Driver's License Have you failed the Drivers License Test in Switzerland on multiple occasions due to stress, lack of concentration, or simply because the system is too demanding? We are here for you. Simply use this form to reach us.\",\"breadcrumb\":{\"@id\":\"https:\/\/permessodiguida.com\/product\/buy-real-switzerland-drivers-license\/#breadcrumb\"},\"inLanguage\":\"es\",\"potentialAction\":[{\"@type\":\"ReadAction\",\"target\":[\"https:\/\/permessodiguida.com\/product\/buy-real-switzerland-drivers-license\/\"]}]},{\"@type\":\"ImageObject\",\"inLanguage\":\"es\",\"@id\":\"https:\/\/permessodiguida.com\/product\/buy-real-switzerland-drivers-license\/#primaryimage\",\"url\":\"https:\/\/permessodiguida.com\/wp-content\/uploads\/2024\/12\/image_2024-12-26_094343574.png\",\"contentUrl\":\"https:\/\/permessodiguida.com\/wp-content\/uploads\/2024\/12\/image_2024-12-26_094343574.png\",\"width\":1200,\"height\":630,\"caption\":\"Fake Driver License, driving license, Swiss drivers license, real drivers license, Switzerland Drivers License, Original Drivers permit,\"},{\"@type\":\"BreadcrumbList\",\"@id\":\"https:\/\/permessodiguida.com\/product\/buy-real-switzerland-drivers-license\/#breadcrumb\",\"itemListElement\":[{\"@type\":\"ListItem\",\"position\":1,\"name\":\"Home\",\"item\":\"https:\/\/permessodiguida.com\/\"},{\"@type\":\"ListItem\",\"position\":2,\"name\":\"All Services\",\"item\":\"https:\/\/permessodiguida.com\/shop\/\"},{\"@type\":\"ListItem\",\"position\":3,\"name\":\"Buy Real Switzerland Drivers License\"}]},{\"@type\":\"WebSite\",\"@id\":\"https:\/\/permessodiguida.com\/#website\",\"url\":\"https:\/\/permessodiguida.com\/\",\"name\":\"Permessodiguida\",\"description\":\"Get Original Driving License And Passport\",\"publisher\":{\"@id\":\"https:\/\/permessodiguida.com\/#organization\"},\"alternateName\":\"Original Documents Provider\",\"potentialAction\":[{\"@type\":\"SearchAction\",\"target\":{\"@type\":\"EntryPoint\",\"urlTemplate\":\"https:\/\/permessodiguida.com\/?s={search_term_string}\"},\"query-input\":{\"@type\":\"PropertyValueSpecification\",\"valueRequired\":true,\"valueName\":\"search_term_string\"}}],\"inLanguage\":\"es\"},{\"@type\":\"Organization\",\"@id\":\"https:\/\/permessodiguida.com\/#organization\",\"name\":\"Permesso Di Guida\",\"alternateName\":\"Original Driving License And Passport\",\"url\":\"https:\/\/permessodiguida.com\/\",\"logo\":{\"@type\":\"ImageObject\",\"inLanguage\":\"es\",\"@id\":\"https:\/\/permessodiguida.com\/#\/schema\/logo\/image\/\",\"url\":\"https:\/\/permessodiguida.com\/wp-content\/uploads\/2024\/08\/image_2024-08-09_144906822.png\",\"contentUrl\":\"https:\/\/permessodiguida.com\/wp-content\/uploads\/2024\/08\/image_2024-08-09_144906822.png\",\"width\":687,\"height\":549,\"caption\":\"Permesso Di Guida\"},\"image\":{\"@id\":\"https:\/\/permessodiguida.com\/#\/schema\/logo\/image\/\"}}]}<\/script>\n<!-- \/ Yoast SEO Premium plugin. -->","yoast_head_json":{"title":"Comprar un permiso de conducir suizo aut\u00e9ntico","description":"C\u00f3mo comprar un permiso de conducir suizo aut\u00e9ntico - Permiso de conducir suizo registrado \u00bfHa suspendido el examen del permiso de conducir en Suiza en m\u00faltiples ocasiones por estr\u00e9s, falta de concentraci\u00f3n o simplemente porque el sistema es demasiado exigente? Estamos a su disposici\u00f3n. Simplemente utilice este formulario para ponerse en contacto con nosotros.","robots":{"index":"index","follow":"follow","max-snippet":"max-snippet:-1","max-image-preview":"max-image-preview:large","max-video-preview":"max-video-preview:-1"},"canonical":"https:\/\/permessodiguida.com\/es\/producto\/comprar-licencia-de-conducir-autentica-en-suiza\/","og_locale":"es_ES","og_type":"article","og_title":"Buy Real Switzerland Drivers License","og_description":"How to Buy a Real Swiss Driver's License - Registered Swiss Driver's License Have you failed the Drivers License Test in Switzerland on multiple occasions due to stress, lack of concentration, or simply because the system is too demanding? We are here for you. Simply use this form to reach us.","og_url":"https:\/\/permessodiguida.com\/es\/producto\/comprar-licencia-de-conducir-autentica-en-suiza\/","og_site_name":"Original Documents Provider","article_modified_time":"2025-03-19T21:01:03+00:00","og_image":[{"width":1200,"height":630,"url":"https:\/\/permessodiguida.com\/wp-content\/uploads\/2024\/12\/image_2024-12-26_094343574.png","type":"image\/png"}],"twitter_card":"summary_large_image","twitter_misc":{"Tiempo de lectura":"4 minutos"},"schema":{"@context":"https:\/\/schema.org","@graph":[{"@type":"WebPage","@id":"https:\/\/permessodiguida.com\/product\/buy-real-switzerland-drivers-license\/","url":"https:\/\/permessodiguida.com\/product\/buy-real-switzerland-drivers-license\/","name":"Comprar un permiso de conducir suizo aut\u00e9ntico","isPartOf":{"@id":"https:\/\/permessodiguida.com\/#website"},"primaryImageOfPage":{"@id":"https:\/\/permessodiguida.com\/product\/buy-real-switzerland-drivers-license\/#primaryimage"},"image":{"@id":"https:\/\/permessodiguida.com\/product\/buy-real-switzerland-drivers-license\/#primaryimage"},"thumbnailUrl":"https:\/\/permessodiguida.com\/wp-content\/uploads\/2024\/12\/image_2024-12-26_094343574.png","datePublished":"2024-12-26T07:58:20+00:00","dateModified":"2025-03-19T21:01:03+00:00","description":"C\u00f3mo comprar un permiso de conducir suizo aut\u00e9ntico - Permiso de conducir suizo registrado \u00bfHa suspendido el examen del permiso de conducir en Suiza en m\u00faltiples ocasiones por estr\u00e9s, falta de concentraci\u00f3n o simplemente porque el sistema es demasiado exigente? Estamos a su disposici\u00f3n. Simplemente utilice este formulario para ponerse en contacto con nosotros.","breadcrumb":{"@id":"https:\/\/permessodiguida.com\/product\/buy-real-switzerland-drivers-license\/#breadcrumb"},"inLanguage":"es","potentialAction":[{"@type":"ReadAction","target":["https:\/\/permessodiguida.com\/product\/buy-real-switzerland-drivers-license\/"]}]},{"@type":"ImageObject","inLanguage":"es","@id":"https:\/\/permessodiguida.com\/product\/buy-real-switzerland-drivers-license\/#primaryimage","url":"https:\/\/permessodiguida.com\/wp-content\/uploads\/2024\/12\/image_2024-12-26_094343574.png","contentUrl":"https:\/\/permessodiguida.com\/wp-content\/uploads\/2024\/12\/image_2024-12-26_094343574.png","width":1200,"height":630,"caption":"Fake Driver License, driving license, Swiss drivers license, real drivers license, Switzerland Drivers License, Original Drivers permit,"},{"@type":"BreadcrumbList","@id":"https:\/\/permessodiguida.com\/product\/buy-real-switzerland-drivers-license\/#breadcrumb","itemListElement":[{"@type":"ListItem","position":1,"name":"Home","item":"https:\/\/permessodiguida.com\/"},{"@type":"ListItem","position":2,"name":"All Services","item":"https:\/\/permessodiguida.com\/shop\/"},{"@type":"ListItem","position":3,"name":"Buy Real Switzerland Drivers License"}]},{"@type":"WebSite","@id":"https:\/\/permessodiguida.com\/#website","url":"https:\/\/permessodiguida.com\/","name":"Permessodiguida","description":"Obtener el permiso de conducir y el pasaporte originales","publisher":{"@id":"https:\/\/permessodiguida.com\/#organization"},"alternateName":"Original Documents Provider","potentialAction":[{"@type":"SearchAction","target":{"@type":"EntryPoint","urlTemplate":"https:\/\/permessodiguida.com\/?s={search_term_string}"},"query-input":{"@type":"PropertyValueSpecification","valueRequired":true,"valueName":"search_term_string"}}],"inLanguage":"es"},{"@type":"Organization","@id":"https:\/\/permessodiguida.com\/#organization","name":"Permiso de Conducci\u00f3n","alternateName":"Original Driving License And Passport","url":"https:\/\/permessodiguida.com\/","logo":{"@type":"ImageObject","inLanguage":"es","@id":"https:\/\/permessodiguida.com\/#\/schema\/logo\/image\/","url":"https:\/\/permessodiguida.com\/wp-content\/uploads\/2024\/08\/image_2024-08-09_144906822.png","contentUrl":"https:\/\/permessodiguida.com\/wp-content\/uploads\/2024\/08\/image_2024-08-09_144906822.png","width":687,"height":549,"caption":"Permesso Di Guida"},"image":{"@id":"https:\/\/permessodiguida.com\/#\/schema\/logo\/image\/"}}]}},"_links":{"self":[{"href":"https:\/\/permessodiguida.com\/es\/wp-json\/wp\/v2\/product\/369","targetHints":{"allow":["GET"]}}],"collection":[{"href":"https:\/\/permessodiguida.com\/es\/wp-json\/wp\/v2\/product"}],"about":[{"href":"https:\/\/permessodiguida.com\/es\/wp-json\/wp\/v2\/types\/product"}],"replies":[{"embeddable":true,"href":"https:\/\/permessodiguida.com\/es\/wp-json\/wp\/v2\/comments?post=369"}],"wp:featuredmedia":[{"embeddable":true,"href":"https:\/\/permessodiguida.com\/es\/wp-json\/wp\/v2\/media\/1956"}],"wp:attachment":[{"href":"https:\/\/permessodiguida.com\/es\/wp-json\/wp\/v2\/media?parent=369"}],"wp:term":[{"taxonomy":"product_brand","embeddable":true,"href":"https:\/\/permessodiguida.com\/es\/wp-json\/wp\/v2\/product_brand?post=369"},{"taxonomy":"product_cat","embeddable":true,"href":"https:\/\/permessodiguida.com\/es\/wp-json\/wp\/v2\/product_cat?post=369"},{"taxonomy":"product_tag","embeddable":true,"href":"https:\/\/permessodiguida.com\/es\/wp-json\/wp\/v2\/product_tag?post=369"}],"curies":[{"name":"wp","href":"https:\/\/api.w.org\/{rel}","templated":true}]}}