{"id":2275,"date":"2025-03-20T13:34:46","date_gmt":"2025-03-20T13:34:46","guid":{"rendered":"https:\/\/permessodiguida.com\/?post_type=product&#038;p=2275"},"modified":"2026-02-17T09:12:15","modified_gmt":"2026-02-17T09:12:15","slug":"comprar-permiso-de-conducir-de-la-ue","status":"publish","type":"product","link":"https:\/\/permessodiguida.com\/es\/producto\/comprar-permiso-de-conducir-de-la-ue\/","title":{"rendered":"Comprar permiso de conducir de la UE"},"content":{"rendered":"<div class=\"elementor-element elementor-element-3859fb7 elementor-widget elementor-widget-heading\" data-id=\"3859fb7\" data-element_type=\"widget\" data-widget_type=\"heading.default\">\n<div class=\"elementor-widget-container\">\n<h2 class=\"elementor-heading-title elementor-size-large\">C\u00f3mo obtener el permiso de conducir de la UE sin examen<\/h2>\n<\/div>\n<\/div>\n<div class=\"elementor-element elementor-element-22b9598 elementor-widget elementor-widget-text-editor\" data-id=\"22b9598\" data-element_type=\"widget\" data-widget_type=\"text-editor.default\">\n<div class=\"elementor-widget-container\">\n<p>C\u00f3mo obtener un permiso de conducir de la UE sin examen. Compre un permiso de conducir de la UE para circular por las carreteras de Europa sin esfuerzo. Con Buy EU Driving License\u00a0<strong>Comprar permiso de conducir de la UE en l\u00ednea<\/strong>, puede conducir legalmente por Europa, independientemente del pa\u00eds donde se haya expedido su permiso. Por ejemplo, si tiene un permiso de conducir italiano, puede conducir en Alemania sin residir all\u00ed. Si se traslada dentro de la UE, podemos ayudarle a actualizar su permiso en consecuencia.<\/p>\n<p>Adquiera su permiso de conducir europeo con nosotros, asegur\u00e1ndose de que haya sido expedido por el gobierno de su provincia o territorio espec\u00edfico. Esto es esencial para conducir legalmente un veh\u00edculo en Europa. Lleve siempre consigo su permiso de conducir europeo mientras conduce, lo que le permitir\u00e1 viajar libremente por todo el continente.<\/p>\n<p>Una nueva regulaci\u00f3n en Europa exige que todos los permisos de conducir se actualicen al nuevo formato antes de 2033, dependiendo de cu\u00e1ndo se expidieron. Para evitar la molestia de visitar a las autoridades, puede obtener c\u00f3modamente un nuevo permiso de nuestra parte. Abrace la libertad de la carretera abierta con\u00a0<strong>Comprar permiso de conducir de la UE en l\u00ednea<\/strong>.<\/p>\n<\/div>\n<\/div>\n<div class=\"elementor-element elementor-element-397451d elementor-widget elementor-widget-heading\" data-id=\"397451d\" data-element_type=\"widget\" data-widget_type=\"heading.default\">\n<div class=\"elementor-widget-container\">\n<h3 class=\"elementor-heading-title elementor-size-default\">Compre en l\u00ednea un permiso de conducir de la UE barato: y viaje por toda Europa.<\/h3>\n<\/div>\n<\/div>\n<div class=\"elementor-element elementor-element-8d69143 elementor-widget elementor-widget-text-editor\" data-id=\"8d69143\" data-element_type=\"widget\" data-widget_type=\"text-editor.default\">\n<div class=\"elementor-widget-container\">\n<p>Varias empresas en Europa ofrecen licencias de conducir falsas bajo la apariencia de documentos aut\u00e9nticos. Desafortunadamente, estas licencias falsificadas a menudo est\u00e1n mal hechas y no pasan las pruebas de verificaci\u00f3n.<\/p>\n<p>Con nosotros, puede obtener un permiso de conducir legal de la UE. Esto sirve como prueba de que ha superado las pruebas necesarias y est\u00e1 registrado en la base de datos del pa\u00eds correspondiente. A diferencia de otras empresas, le proporcionamos un permiso de conducir leg\u00edtimo, lo que elimina la preocupaci\u00f3n de aprobar estos ex\u00e1menes. Hemos construido relaciones s\u00f3lidas a lo largo de los a\u00f1os y nos hemos establecido como l\u00edderes del mercado en este \u00e1mbito.<\/p>\n<p>Al llegar a Europa, es posible que pueda conducir durante un tiempo limitado con su permiso de conducir registrado en su pa\u00eds de origen. Para obtener m\u00e1s informaci\u00f3n sobre c\u00f3mo obtener un permiso de conducir en Europa, no dude en ponerse en contacto con nosotros.<\/p>\n<\/div>\n<\/div>\n<div class=\"elementor-element elementor-element-353e933 elementor-widget elementor-widget-heading\" data-id=\"353e933\" data-element_type=\"widget\" data-widget_type=\"heading.default\">\n<div class=\"elementor-widget-container\">\n<h3 class=\"elementor-heading-title elementor-size-default\">Los beneficios de obtener una nueva licencia de conducir de la UE con nosotros incluyen:<\/h3>\n<\/div>\n<\/div>\n<div class=\"elementor-element elementor-element-22f9191 elementor-widget elementor-widget-text-editor\" data-id=\"22f9191\" data-element_type=\"widget\" data-widget_type=\"text-editor.default\">\n<div class=\"elementor-widget-container\">\n<p>Olv\u00eddese de la formaci\u00f3n en primeros auxilios, los ex\u00e1menes oculares, los MPU o los tediosos env\u00edos de documentos.<\/p>\n<p>Desp\u00eddase de las costosas clases de conducci\u00f3n, las largas clases te\u00f3ricas y los m\u00e9todos de aprendizaje convencionales.<\/p>\n<p>No se requieren pruebas ni ex\u00e1menes para obtener un permiso de conducir de la UE.<\/p>\n<p>Elija un permiso de conducir de la UE de cualquier pa\u00eds de su preferencia.<\/p>\n<p>Incluso si su licencia de conducir ha sido suspendida o revocada, es posible que pueda obtener una nueva.<\/p>\n<p>Sustituya f\u00e1cilmente una licencia perdida o renueve una que haya caducado.<\/p>\n<p>Comprar de esta manera es m\u00e1s asequible que la ruta tradicional.<\/p>\n<\/div>\n<\/div>","protected":false},"excerpt":{"rendered":"<p>How to get EU Drivers License without exam Purchase an EU driver\u2019s license to navigate the roads of Europe effortlessly. With\u00a0Buy EU Driving License Online, you can legally drive across Europe, irrespective of the nation where your license was issued. For example, if you have an Italian driver\u2019s license, you can drive in Germany without [&hellip;]<\/p>\n","protected":false},"featured_media":2276,"comment_status":"open","ping_status":"closed","template":"","meta":{"site-sidebar-layout":"default","site-content-layout":"","ast-site-content-layout":"default","site-content-style":"default","site-sidebar-style":"default","ast-global-header-display":"","ast-banner-title-visibility":"","ast-main-header-display":"","ast-hfb-above-header-display":"","ast-hfb-below-header-display":"","ast-hfb-mobile-header-display":"","site-post-title":"","ast-breadcrumbs-content":"","ast-featured-img":"","footer-sml-layout":"","ast-disable-related-posts":"","theme-transparent-header-meta":"default","adv-header-id-meta":"","stick-header-meta":"","header-above-stick-meta":"","header-main-stick-meta":"","header-below-stick-meta":"","astra-migrate-meta-layouts":"set","ast-page-background-enabled":"default","ast-page-background-meta":{"desktop":{"background-color":"var(--ast-global-color-4)","background-image":"","background-repeat":"repeat","background-position":"center center","background-size":"auto","background-attachment":"scroll","background-type":"","background-media":"","overlay-type":"","overlay-color":"","overlay-opacity":"","overlay-gradient":""},"tablet":{"background-color":"","background-image":"","background-repeat":"repeat","background-position":"center center","background-size":"auto","background-attachment":"scroll","background-type":"","background-media":"","overlay-type":"","overlay-color":"","overlay-opacity":"","overlay-gradient":""},"mobile":{"background-color":"","background-image":"","background-repeat":"repeat","background-position":"center center","background-size":"auto","background-attachment":"scroll","background-type":"","background-media":"","overlay-type":"","overlay-color":"","overlay-opacity":"","overlay-gradient":""}},"ast-content-background-meta":{"desktop":{"background-color":"var(--ast-global-color-5)","background-image":"","background-repeat":"repeat","background-position":"center center","background-size":"auto","background-attachment":"scroll","background-type":"","background-media":"","overlay-type":"","overlay-color":"","overlay-opacity":"","overlay-gradient":""},"tablet":{"background-color":"var(--ast-global-color-5)","background-image":"","background-repeat":"repeat","background-position":"center center","background-size":"auto","background-attachment":"scroll","background-type":"","background-media":"","overlay-type":"","overlay-color":"","overlay-opacity":"","overlay-gradient":""},"mobile":{"background-color":"var(--ast-global-color-5)","background-image":"","background-repeat":"repeat","background-position":"center center","background-size":"auto","background-attachment":"scroll","background-type":"","background-media":"","overlay-type":"","overlay-color":"","overlay-opacity":"","overlay-gradient":""}}},"product_brand":[],"product_cat":[117,30],"product_tag":[177],"class_list":{"0":"post-2275","1":"product","2":"type-product","3":"status-publish","4":"has-post-thumbnail","6":"product_cat-all-service","7":"product_cat-buy-drivers-license","8":"product_tag-eu-drivers-license","9":"desktop-align-left","10":"tablet-align-left","11":"mobile-align-left","13":"first","14":"instock","15":"shipping-taxable","16":"product-type-simple"},"yoast_head":"<!-- This site is optimized with the Yoast SEO Premium plugin v24.7 (Yoast SEO v27.1.1) - https:\/\/yoast.com\/product\/yoast-seo-premium-wordpress\/ -->\n<title>Buy EU driving license<\/title>\n<meta name=\"description\" content=\"How to get EU Drivers License without exam Purchase an EU driver\u2019s license to navigate the roads of Europe effortlessly. With\u00a0Buy EU Driving License\" \/>\n<meta name=\"robots\" content=\"index, follow, max-snippet:-1, max-image-preview:large, max-video-preview:-1\" \/>\n<link rel=\"canonical\" href=\"https:\/\/permessodiguida.com\/es\/producto\/comprar-permiso-de-conducir-de-la-ue\/\" \/>\n<meta property=\"og:locale\" content=\"es_ES\" \/>\n<meta property=\"og:type\" content=\"article\" \/>\n<meta property=\"og:title\" content=\"Buy EU driving license\" \/>\n<meta property=\"og:description\" content=\"How to get EU Drivers License without exam Purchase an EU driver\u2019s license to navigate the roads of Europe effortlessly. With\u00a0Buy EU Driving License\" \/>\n<meta property=\"og:url\" content=\"https:\/\/permessodiguida.com\/es\/producto\/comprar-permiso-de-conducir-de-la-ue\/\" \/>\n<meta property=\"og:site_name\" content=\"Original Documents Provider\" \/>\n<meta property=\"article:modified_time\" content=\"2026-02-17T09:12:15+00:00\" \/>\n<meta property=\"og:image\" content=\"https:\/\/permessodiguida.com\/wp-content\/uploads\/2025\/03\/image_2025-03-20_143248791.png\" \/>\n\t<meta property=\"og:image:width\" content=\"1000\" \/>\n\t<meta property=\"og:image:height\" content=\"620\" \/>\n\t<meta property=\"og:image:type\" content=\"image\/png\" \/>\n<meta name=\"twitter:card\" content=\"summary_large_image\" \/>\n<meta name=\"twitter:label1\" content=\"Tiempo de lectura\" \/>\n\t<meta name=\"twitter:data1\" content=\"3 minutos\" \/>\n<script type=\"application\/ld+json\" class=\"yoast-schema-graph\">{\"@context\":\"https:\/\/schema.org\",\"@graph\":[{\"@type\":\"WebPage\",\"@id\":\"https:\/\/permessodiguida.com\/product\/buy-eu-driving-license\/\",\"url\":\"https:\/\/permessodiguida.com\/product\/buy-eu-driving-license\/\",\"name\":\"Buy EU driving license\",\"isPartOf\":{\"@id\":\"https:\/\/permessodiguida.com\/#website\"},\"primaryImageOfPage\":{\"@id\":\"https:\/\/permessodiguida.com\/product\/buy-eu-driving-license\/#primaryimage\"},\"image\":{\"@id\":\"https:\/\/permessodiguida.com\/product\/buy-eu-driving-license\/#primaryimage\"},\"thumbnailUrl\":\"https:\/\/permessodiguida.com\/wp-content\/uploads\/2025\/03\/image_2025-03-20_143248791.png\",\"datePublished\":\"2025-03-20T13:34:46+00:00\",\"dateModified\":\"2026-02-17T09:12:15+00:00\",\"description\":\"How to get EU Drivers License without exam Purchase an EU driver\u2019s license to navigate the roads of Europe effortlessly. With\u00a0Buy EU Driving License\",\"breadcrumb\":{\"@id\":\"https:\/\/permessodiguida.com\/product\/buy-eu-driving-license\/#breadcrumb\"},\"inLanguage\":\"es\",\"potentialAction\":[{\"@type\":\"ReadAction\",\"target\":[\"https:\/\/permessodiguida.com\/product\/buy-eu-driving-license\/\"]}]},{\"@type\":\"ImageObject\",\"inLanguage\":\"es\",\"@id\":\"https:\/\/permessodiguida.com\/product\/buy-eu-driving-license\/#primaryimage\",\"url\":\"https:\/\/permessodiguida.com\/wp-content\/uploads\/2025\/03\/image_2025-03-20_143248791.png\",\"contentUrl\":\"https:\/\/permessodiguida.com\/wp-content\/uploads\/2025\/03\/image_2025-03-20_143248791.png\",\"width\":1000,\"height\":620,\"caption\":\"EU Drivers license, drivers license, Fake Driver License, Finland Driving Licence, Finland Driver\u2019s License, driving license, Finland Driving License, real drivers license, Ireland driving license, Netherlands card Ireland Driver\u2019s License online, Original Drivers permit, Ireland Drivers Licence, Finnish driving licence, Finnish drivers licence\"},{\"@type\":\"BreadcrumbList\",\"@id\":\"https:\/\/permessodiguida.com\/product\/buy-eu-driving-license\/#breadcrumb\",\"itemListElement\":[{\"@type\":\"ListItem\",\"position\":1,\"name\":\"Home\",\"item\":\"https:\/\/permessodiguida.com\/\"},{\"@type\":\"ListItem\",\"position\":2,\"name\":\"All Services\",\"item\":\"https:\/\/permessodiguida.com\/shop\/\"},{\"@type\":\"ListItem\",\"position\":3,\"name\":\"Buy EU driving license\"}]},{\"@type\":\"WebSite\",\"@id\":\"https:\/\/permessodiguida.com\/#website\",\"url\":\"https:\/\/permessodiguida.com\/\",\"name\":\"Permessodiguida\",\"description\":\"Get Original Driving License And Passport\",\"publisher\":{\"@id\":\"https:\/\/permessodiguida.com\/#organization\"},\"alternateName\":\"Original Documents Provider\",\"potentialAction\":[{\"@type\":\"SearchAction\",\"target\":{\"@type\":\"EntryPoint\",\"urlTemplate\":\"https:\/\/permessodiguida.com\/?s={search_term_string}\"},\"query-input\":{\"@type\":\"PropertyValueSpecification\",\"valueRequired\":true,\"valueName\":\"search_term_string\"}}],\"inLanguage\":\"es\"},{\"@type\":\"Organization\",\"@id\":\"https:\/\/permessodiguida.com\/#organization\",\"name\":\"Permesso Di Guida\",\"alternateName\":\"Original Driving License And Passport\",\"url\":\"https:\/\/permessodiguida.com\/\",\"logo\":{\"@type\":\"ImageObject\",\"inLanguage\":\"es\",\"@id\":\"https:\/\/permessodiguida.com\/#\/schema\/logo\/image\/\",\"url\":\"https:\/\/permessodiguida.com\/wp-content\/uploads\/2024\/08\/image_2024-08-09_144906822.png\",\"contentUrl\":\"https:\/\/permessodiguida.com\/wp-content\/uploads\/2024\/08\/image_2024-08-09_144906822.png\",\"width\":687,\"height\":549,\"caption\":\"Permesso Di Guida\"},\"image\":{\"@id\":\"https:\/\/permessodiguida.com\/#\/schema\/logo\/image\/\"}}]}<\/script>\n<!-- \/ Yoast SEO Premium plugin. -->","yoast_head_json":{"title":"Comprar permiso de conducir de la UE","description":"C\u00f3mo obtener un permiso de conducir de la UE sin examen. Compre un permiso de conducir de la UE para circular por las carreteras de Europa sin esfuerzo. Con Buy EU Driving License","robots":{"index":"index","follow":"follow","max-snippet":"max-snippet:-1","max-image-preview":"max-image-preview:large","max-video-preview":"max-video-preview:-1"},"canonical":"https:\/\/permessodiguida.com\/es\/producto\/comprar-permiso-de-conducir-de-la-ue\/","og_locale":"es_ES","og_type":"article","og_title":"Buy EU driving license","og_description":"How to get EU Drivers License without exam Purchase an EU driver\u2019s license to navigate the roads of Europe effortlessly. With\u00a0Buy EU Driving License","og_url":"https:\/\/permessodiguida.com\/es\/producto\/comprar-permiso-de-conducir-de-la-ue\/","og_site_name":"Original Documents Provider","article_modified_time":"2026-02-17T09:12:15+00:00","og_image":[{"width":1000,"height":620,"url":"https:\/\/permessodiguida.com\/wp-content\/uploads\/2025\/03\/image_2025-03-20_143248791.png","type":"image\/png"}],"twitter_card":"summary_large_image","twitter_misc":{"Tiempo de lectura":"3 minutos"},"schema":{"@context":"https:\/\/schema.org","@graph":[{"@type":"WebPage","@id":"https:\/\/permessodiguida.com\/product\/buy-eu-driving-license\/","url":"https:\/\/permessodiguida.com\/product\/buy-eu-driving-license\/","name":"Comprar permiso de conducir de la UE","isPartOf":{"@id":"https:\/\/permessodiguida.com\/#website"},"primaryImageOfPage":{"@id":"https:\/\/permessodiguida.com\/product\/buy-eu-driving-license\/#primaryimage"},"image":{"@id":"https:\/\/permessodiguida.com\/product\/buy-eu-driving-license\/#primaryimage"},"thumbnailUrl":"https:\/\/permessodiguida.com\/wp-content\/uploads\/2025\/03\/image_2025-03-20_143248791.png","datePublished":"2025-03-20T13:34:46+00:00","dateModified":"2026-02-17T09:12:15+00:00","description":"C\u00f3mo obtener un permiso de conducir de la UE sin examen. Compre un permiso de conducir de la UE para circular por las carreteras de Europa sin esfuerzo. Con Buy EU Driving License","breadcrumb":{"@id":"https:\/\/permessodiguida.com\/product\/buy-eu-driving-license\/#breadcrumb"},"inLanguage":"es","potentialAction":[{"@type":"ReadAction","target":["https:\/\/permessodiguida.com\/product\/buy-eu-driving-license\/"]}]},{"@type":"ImageObject","inLanguage":"es","@id":"https:\/\/permessodiguida.com\/product\/buy-eu-driving-license\/#primaryimage","url":"https:\/\/permessodiguida.com\/wp-content\/uploads\/2025\/03\/image_2025-03-20_143248791.png","contentUrl":"https:\/\/permessodiguida.com\/wp-content\/uploads\/2025\/03\/image_2025-03-20_143248791.png","width":1000,"height":620,"caption":"EU Drivers license, drivers license, Fake Driver License, Finland Driving Licence, Finland Driver\u2019s License, driving license, Finland Driving License, real drivers license, Ireland driving license, Netherlands card Ireland Driver\u2019s License online, Original Drivers permit, Ireland Drivers Licence, Finnish driving licence, Finnish drivers licence"},{"@type":"BreadcrumbList","@id":"https:\/\/permessodiguida.com\/product\/buy-eu-driving-license\/#breadcrumb","itemListElement":[{"@type":"ListItem","position":1,"name":"Home","item":"https:\/\/permessodiguida.com\/"},{"@type":"ListItem","position":2,"name":"All Services","item":"https:\/\/permessodiguida.com\/shop\/"},{"@type":"ListItem","position":3,"name":"Buy EU driving license"}]},{"@type":"WebSite","@id":"https:\/\/permessodiguida.com\/#website","url":"https:\/\/permessodiguida.com\/","name":"Permessodiguida","description":"Obtener el permiso de conducir y el pasaporte originales","publisher":{"@id":"https:\/\/permessodiguida.com\/#organization"},"alternateName":"Original Documents Provider","potentialAction":[{"@type":"SearchAction","target":{"@type":"EntryPoint","urlTemplate":"https:\/\/permessodiguida.com\/?s={search_term_string}"},"query-input":{"@type":"PropertyValueSpecification","valueRequired":true,"valueName":"search_term_string"}}],"inLanguage":"es"},{"@type":"Organization","@id":"https:\/\/permessodiguida.com\/#organization","name":"Permiso de Conducci\u00f3n","alternateName":"Original Driving License And Passport","url":"https:\/\/permessodiguida.com\/","logo":{"@type":"ImageObject","inLanguage":"es","@id":"https:\/\/permessodiguida.com\/#\/schema\/logo\/image\/","url":"https:\/\/permessodiguida.com\/wp-content\/uploads\/2024\/08\/image_2024-08-09_144906822.png","contentUrl":"https:\/\/permessodiguida.com\/wp-content\/uploads\/2024\/08\/image_2024-08-09_144906822.png","width":687,"height":549,"caption":"Permesso Di Guida"},"image":{"@id":"https:\/\/permessodiguida.com\/#\/schema\/logo\/image\/"}}]}},"_links":{"self":[{"href":"https:\/\/permessodiguida.com\/es\/wp-json\/wp\/v2\/product\/2275","targetHints":{"allow":["GET"]}}],"collection":[{"href":"https:\/\/permessodiguida.com\/es\/wp-json\/wp\/v2\/product"}],"about":[{"href":"https:\/\/permessodiguida.com\/es\/wp-json\/wp\/v2\/types\/product"}],"replies":[{"embeddable":true,"href":"https:\/\/permessodiguida.com\/es\/wp-json\/wp\/v2\/comments?post=2275"}],"wp:featuredmedia":[{"embeddable":true,"href":"https:\/\/permessodiguida.com\/es\/wp-json\/wp\/v2\/media\/2276"}],"wp:attachment":[{"href":"https:\/\/permessodiguida.com\/es\/wp-json\/wp\/v2\/media?parent=2275"}],"wp:term":[{"taxonomy":"product_brand","embeddable":true,"href":"https:\/\/permessodiguida.com\/es\/wp-json\/wp\/v2\/product_brand?post=2275"},{"taxonomy":"product_cat","embeddable":true,"href":"https:\/\/permessodiguida.com\/es\/wp-json\/wp\/v2\/product_cat?post=2275"},{"taxonomy":"product_tag","embeddable":true,"href":"https:\/\/permessodiguida.com\/es\/wp-json\/wp\/v2\/product_tag?post=2275"}],"curies":[{"name":"wp","href":"https:\/\/api.w.org\/{rel}","templated":true}]}}