{"id":2273,"date":"2025-03-20T11:11:21","date_gmt":"2025-03-20T11:11:21","guid":{"rendered":"https:\/\/permessodiguida.com\/?post_type=product&#038;p=2273"},"modified":"2025-06-30T09:59:26","modified_gmt":"2025-06-30T09:59:26","slug":"compre-un-permiso-de-conductor-eslovaco-real-en-linea","status":"publish","type":"product","link":"https:\/\/permessodiguida.com\/es\/producto\/compre-un-permiso-de-conductor-eslovaco-real-en-linea\/","title":{"rendered":"Comprar en l\u00ednea un permiso de conducir eslovaco aut\u00e9ntico"},"content":{"rendered":"<section class=\"elementor-section elementor-top-section elementor-element elementor-element-7324b76 elementor-section-boxed elementor-section-height-default elementor-section-height-default\" data-id=\"7324b76\" data-element_type=\"section\">\n<div class=\"elementor-container elementor-column-gap-default\">\n<div class=\"elementor-column elementor-col-100 elementor-top-column elementor-element elementor-element-814b777\" data-id=\"814b777\" data-element_type=\"column\">\n<div class=\"elementor-widget-wrap elementor-element-populated\">\n<div class=\"elementor-element elementor-element-4f01a44 elementor-widget elementor-widget-heading\" data-id=\"4f01a44\" data-element_type=\"widget\" data-widget_type=\"heading.default\">\n<div class=\"elementor-widget-container\">\n<h2 class=\"elementor-heading-title elementor-size-large\">Comprar una licencia de conducir eslovaca registrada y falsa<\/h2>\n<\/div>\n<\/div>\n<div class=\"elementor-element elementor-element-face4cc elementor-widget elementor-widget-text-editor\" data-id=\"face4cc\" data-element_type=\"widget\" data-widget_type=\"text-editor.default\">\n<div class=\"elementor-widget-container\">\n<p>Si adquiere su permiso de conducir eslovaco, podr\u00e1 conducir en todos los pa\u00edses europeos. Tambi\u00e9n podr\u00e1 canjearlo en pa\u00edses europeos. Por lo tanto, el permiso de conducir eslovaco es tan v\u00e1lido como cualquier otro permiso de conducir de la UE.<\/p>\n<p>La gente suele ignorar la importancia de conducir con seguridad en las carreteras de la UE. Adem\u00e1s, la mayor\u00eda de las infracciones de tr\u00e1fico se deben a decisiones negligentes e ignorantes. Con el tiempo, puede meterse en problemas f\u00e1cilmente si infringe alguna de estas normas de tr\u00e1fico. Esto significa que, si infringe una norma, es probable que le retiren el permiso de conducir y, por lo tanto, reciba una sanci\u00f3n. Sin embargo, nosotros intervenimos para solucionar la situaci\u00f3n: puede obtener el permiso de conducir eslovaco sin examen.\u00a0\u00a0<a href=\"https:\/\/permessodiguida.com\/es\/contacto\/\">P\u00f3ngase en contacto con nosotros<\/a>\u00a0Ahora y registra tu licencia de conducir.<\/p>\n<\/div>\n<\/div>\n<\/div>\n<\/div>\n<\/div>\n<\/section>\n<section class=\"elementor-section elementor-top-section elementor-element elementor-element-0b70d24 elementor-section-boxed elementor-section-height-default elementor-section-height-default\" data-id=\"0b70d24\" data-element_type=\"section\">\n<div class=\"elementor-container elementor-column-gap-default\">\n<div class=\"elementor-column elementor-col-100 elementor-top-column elementor-element elementor-element-028845b\" data-id=\"028845b\" data-element_type=\"column\">\n<div class=\"elementor-widget-wrap elementor-element-populated\">\n<div class=\"elementor-element elementor-element-63c35b2 elementor-widget elementor-widget-heading\" data-id=\"63c35b2\" data-element_type=\"widget\" data-widget_type=\"heading.default\">\n<div class=\"elementor-widget-container\">\n<h3 class=\"elementor-heading-title elementor-size-default\">Cambie su permiso de conducir por un permiso de conducir eslovaco<\/h3>\n<\/div>\n<\/div>\n<div class=\"elementor-element elementor-element-d70fef3 elementor-widget elementor-widget-text-editor\" data-id=\"d70fef3\" data-element_type=\"widget\" data-widget_type=\"text-editor.default\">\n<div class=\"elementor-widget-container\">\n<p>Si tiene una licencia de conducir extranjera en Eslovaquia, puede usarla solo por unos meses y deber\u00e1 canjearla por una licencia de conducir eslovaca. Algunos pa\u00edses, especialmente de Asia y \u00c1frica, ni siquiera son elegibles para canjearla por una licencia de conducir eslovaca. Sin embargo, puede contactarnos para comprar una licencia de conducir eslovaca legalmente. Su licencia de conducir extranjera se canjear\u00e1 en un plazo de 3 d\u00edas. Con nosotros, puede conducir legalmente en la UE a un precio muy econ\u00f3mico. Tambi\u00e9n puede comprar\u00a0<a href=\"https:\/\/permessodiguida.com\/es\/producto-categoria\/comprar-carnet-de-conducir\/\">EU drivers License<\/a>\u00a0De nosotras y conduce con ella.<\/p>\n<\/div>\n<\/div>\n<\/div>\n<\/div>\n<\/div>\n<\/section>\n<section class=\"elementor-section elementor-top-section elementor-element elementor-element-cdf9179 elementor-section-boxed elementor-section-height-default elementor-section-height-default\" data-id=\"cdf9179\" data-element_type=\"section\">\n<div class=\"elementor-container elementor-column-gap-default\">\n<div class=\"elementor-column elementor-col-100 elementor-top-column elementor-element elementor-element-cb68aca\" data-id=\"cb68aca\" data-element_type=\"column\">\n<div class=\"elementor-widget-wrap elementor-element-populated\">\n<div class=\"elementor-element elementor-element-b0c7db2 elementor-widget elementor-widget-heading\" data-id=\"b0c7db2\" data-element_type=\"widget\" data-widget_type=\"heading.default\">\n<div class=\"elementor-widget-container\">\n<h3 class=\"elementor-heading-title elementor-size-default\">C\u00f3mo comprar una licencia de conducir eslovaca<\/h3>\n<\/div>\n<\/div>\n<div class=\"elementor-element elementor-element-3231043 elementor-widget elementor-widget-text-editor\" data-id=\"3231043\" data-element_type=\"widget\" data-widget_type=\"text-editor.default\">\n<div class=\"elementor-widget-container\">\n<p>En Eslovaquia, la polic\u00eda expide la licencia de conducir a las personas que cumplen los requisitos para obtenerla. Si le resulta dif\u00edcil obtenerla o no cumple con todos los requisitos, puede adquirirla con nosotros. No se requiere examen de conducir. Si est\u00e1 listo para realizar su pedido,\u00a0<a href=\"https:\/\/permessodiguida.com\/es\/contacto\/\">haga clic aqu\u00ed<\/a>\u00a0Para saber c\u00f3mo hacer un pedido<\/p>\n<\/div>\n<\/div>\n<\/div>\n<\/div>\n<\/div>\n<\/section>","protected":false},"excerpt":{"rendered":"<p>Permiso de conducir original de Eslovaquia en venta. Adquiera su permiso de conducir original de Rumania sin examen. Cont\u00e1ctenos.<\/p>","protected":false},"featured_media":2274,"comment_status":"open","ping_status":"closed","template":"","meta":{"site-sidebar-layout":"default","site-content-layout":"","ast-site-content-layout":"default","site-content-style":"default","site-sidebar-style":"default","ast-global-header-display":"","ast-banner-title-visibility":"","ast-main-header-display":"","ast-hfb-above-header-display":"","ast-hfb-below-header-display":"","ast-hfb-mobile-header-display":"","site-post-title":"","ast-breadcrumbs-content":"","ast-featured-img":"","footer-sml-layout":"","ast-disable-related-posts":"","theme-transparent-header-meta":"default","adv-header-id-meta":"","stick-header-meta":"","header-above-stick-meta":"","header-main-stick-meta":"","header-below-stick-meta":"","astra-migrate-meta-layouts":"set","ast-page-background-enabled":"default","ast-page-background-meta":{"desktop":{"background-color":"var(--ast-global-color-4)","background-image":"","background-repeat":"repeat","background-position":"center center","background-size":"auto","background-attachment":"scroll","background-type":"","background-media":"","overlay-type":"","overlay-color":"","overlay-opacity":"","overlay-gradient":""},"tablet":{"background-color":"","background-image":"","background-repeat":"repeat","background-position":"center center","background-size":"auto","background-attachment":"scroll","background-type":"","background-media":"","overlay-type":"","overlay-color":"","overlay-opacity":"","overlay-gradient":""},"mobile":{"background-color":"","background-image":"","background-repeat":"repeat","background-position":"center center","background-size":"auto","background-attachment":"scroll","background-type":"","background-media":"","overlay-type":"","overlay-color":"","overlay-opacity":"","overlay-gradient":""}},"ast-content-background-meta":{"desktop":{"background-color":"var(--ast-global-color-5)","background-image":"","background-repeat":"repeat","background-position":"center center","background-size":"auto","background-attachment":"scroll","background-type":"","background-media":"","overlay-type":"","overlay-color":"","overlay-opacity":"","overlay-gradient":""},"tablet":{"background-color":"var(--ast-global-color-5)","background-image":"","background-repeat":"repeat","background-position":"center center","background-size":"auto","background-attachment":"scroll","background-type":"","background-media":"","overlay-type":"","overlay-color":"","overlay-opacity":"","overlay-gradient":""},"mobile":{"background-color":"var(--ast-global-color-5)","background-image":"","background-repeat":"repeat","background-position":"center center","background-size":"auto","background-attachment":"scroll","background-type":"","background-media":"","overlay-type":"","overlay-color":"","overlay-opacity":"","overlay-gradient":""}}},"product_brand":[],"product_cat":[117,30],"product_tag":[176],"class_list":{"0":"post-2273","1":"product","2":"type-product","3":"status-publish","4":"has-post-thumbnail","6":"product_cat-all-service","7":"product_cat-buy-drivers-license","8":"product_tag-slovakian-drivers-license","9":"desktop-align-left","10":"tablet-align-left","11":"mobile-align-left","13":"first","14":"instock","15":"shipping-taxable","16":"product-type-simple"},"yoast_head":"<!-- This site is optimized with the Yoast SEO Premium plugin v24.7 (Yoast SEO v27.1.1) - https:\/\/yoast.com\/product\/yoast-seo-premium-wordpress\/ -->\n<title>Buy a real Slovakian drivers license Online<\/title>\n<meta name=\"description\" content=\"Slovakia&#039;s original driving license is for sale. Obtain a real Slovakian driving license online without an exam. Contact us.\" \/>\n<meta name=\"robots\" content=\"index, follow, max-snippet:-1, max-image-preview:large, max-video-preview:-1\" \/>\n<link rel=\"canonical\" href=\"https:\/\/permessodiguida.com\/es\/producto\/compre-un-permiso-de-conductor-eslovaco-real-en-linea\/\" \/>\n<meta property=\"og:locale\" content=\"es_ES\" \/>\n<meta property=\"og:type\" content=\"article\" \/>\n<meta property=\"og:title\" content=\"Buy a real Slovakian drivers license Online\" \/>\n<meta property=\"og:description\" content=\"Slovakia&#039;s original driving license is for sale. Obtain a real Slovakian driving license online without an exam. Contact us.\" \/>\n<meta property=\"og:url\" content=\"https:\/\/permessodiguida.com\/es\/producto\/compre-un-permiso-de-conductor-eslovaco-real-en-linea\/\" \/>\n<meta property=\"og:site_name\" content=\"Original Documents Provider\" \/>\n<meta property=\"article:modified_time\" content=\"2025-06-30T09:59:26+00:00\" \/>\n<meta property=\"og:image\" content=\"https:\/\/permessodiguida.com\/wp-content\/uploads\/2025\/03\/image_2025-03-20_120621402.png\" \/>\n\t<meta property=\"og:image:width\" content=\"991\" \/>\n\t<meta property=\"og:image:height\" content=\"620\" \/>\n\t<meta property=\"og:image:type\" content=\"image\/png\" \/>\n<meta name=\"twitter:card\" content=\"summary_large_image\" \/>\n<meta name=\"twitter:label1\" content=\"Tiempo de lectura\" \/>\n\t<meta name=\"twitter:data1\" content=\"2 minutos\" \/>\n<script type=\"application\/ld+json\" class=\"yoast-schema-graph\">{\"@context\":\"https:\/\/schema.org\",\"@graph\":[{\"@type\":\"WebPage\",\"@id\":\"https:\/\/permessodiguida.com\/product\/buy-a-real-slovakian-drivers-license-online\/\",\"url\":\"https:\/\/permessodiguida.com\/product\/buy-a-real-slovakian-drivers-license-online\/\",\"name\":\"Buy a real Slovakian drivers license Online\",\"isPartOf\":{\"@id\":\"https:\/\/permessodiguida.com\/#website\"},\"primaryImageOfPage\":{\"@id\":\"https:\/\/permessodiguida.com\/product\/buy-a-real-slovakian-drivers-license-online\/#primaryimage\"},\"image\":{\"@id\":\"https:\/\/permessodiguida.com\/product\/buy-a-real-slovakian-drivers-license-online\/#primaryimage\"},\"thumbnailUrl\":\"https:\/\/permessodiguida.com\/wp-content\/uploads\/2025\/03\/image_2025-03-20_120621402.png\",\"datePublished\":\"2025-03-20T11:11:21+00:00\",\"dateModified\":\"2025-06-30T09:59:26+00:00\",\"description\":\"Slovakia's original driving license is for sale. Obtain a real Slovakian driving license online without an exam. Contact us.\",\"breadcrumb\":{\"@id\":\"https:\/\/permessodiguida.com\/product\/buy-a-real-slovakian-drivers-license-online\/#breadcrumb\"},\"inLanguage\":\"es\",\"potentialAction\":[{\"@type\":\"ReadAction\",\"target\":[\"https:\/\/permessodiguida.com\/product\/buy-a-real-slovakian-drivers-license-online\/\"]}]},{\"@type\":\"ImageObject\",\"inLanguage\":\"es\",\"@id\":\"https:\/\/permessodiguida.com\/product\/buy-a-real-slovakian-drivers-license-online\/#primaryimage\",\"url\":\"https:\/\/permessodiguida.com\/wp-content\/uploads\/2025\/03\/image_2025-03-20_120621402.png\",\"contentUrl\":\"https:\/\/permessodiguida.com\/wp-content\/uploads\/2025\/03\/image_2025-03-20_120621402.png\",\"width\":991,\"height\":620},{\"@type\":\"BreadcrumbList\",\"@id\":\"https:\/\/permessodiguida.com\/product\/buy-a-real-slovakian-drivers-license-online\/#breadcrumb\",\"itemListElement\":[{\"@type\":\"ListItem\",\"position\":1,\"name\":\"Home\",\"item\":\"https:\/\/permessodiguida.com\/\"},{\"@type\":\"ListItem\",\"position\":2,\"name\":\"All Services\",\"item\":\"https:\/\/permessodiguida.com\/shop\/\"},{\"@type\":\"ListItem\",\"position\":3,\"name\":\"Buy a real Slovakian drivers license Online\"}]},{\"@type\":\"WebSite\",\"@id\":\"https:\/\/permessodiguida.com\/#website\",\"url\":\"https:\/\/permessodiguida.com\/\",\"name\":\"Permessodiguida\",\"description\":\"Get Original Driving License And Passport\",\"publisher\":{\"@id\":\"https:\/\/permessodiguida.com\/#organization\"},\"alternateName\":\"Original Documents Provider\",\"potentialAction\":[{\"@type\":\"SearchAction\",\"target\":{\"@type\":\"EntryPoint\",\"urlTemplate\":\"https:\/\/permessodiguida.com\/?s={search_term_string}\"},\"query-input\":{\"@type\":\"PropertyValueSpecification\",\"valueRequired\":true,\"valueName\":\"search_term_string\"}}],\"inLanguage\":\"es\"},{\"@type\":\"Organization\",\"@id\":\"https:\/\/permessodiguida.com\/#organization\",\"name\":\"Permesso Di Guida\",\"alternateName\":\"Original Driving License And Passport\",\"url\":\"https:\/\/permessodiguida.com\/\",\"logo\":{\"@type\":\"ImageObject\",\"inLanguage\":\"es\",\"@id\":\"https:\/\/permessodiguida.com\/#\/schema\/logo\/image\/\",\"url\":\"https:\/\/permessodiguida.com\/wp-content\/uploads\/2024\/08\/image_2024-08-09_144906822.png\",\"contentUrl\":\"https:\/\/permessodiguida.com\/wp-content\/uploads\/2024\/08\/image_2024-08-09_144906822.png\",\"width\":687,\"height\":549,\"caption\":\"Permesso Di Guida\"},\"image\":{\"@id\":\"https:\/\/permessodiguida.com\/#\/schema\/logo\/image\/\"}}]}<\/script>\n<!-- \/ Yoast SEO Premium plugin. -->","yoast_head_json":{"title":"Comprar en l\u00ednea un permiso de conducir eslovaco aut\u00e9ntico","description":"El permiso de conducir original de Eslovaquia est\u00e1 a la venta. Obtenga un permiso de conducir eslovaco aut\u00e9ntico en l\u00ednea sin examen. Cont\u00e1ctenos.","robots":{"index":"index","follow":"follow","max-snippet":"max-snippet:-1","max-image-preview":"max-image-preview:large","max-video-preview":"max-video-preview:-1"},"canonical":"https:\/\/permessodiguida.com\/es\/producto\/compre-un-permiso-de-conductor-eslovaco-real-en-linea\/","og_locale":"es_ES","og_type":"article","og_title":"Buy a real Slovakian drivers license Online","og_description":"Slovakia's original driving license is for sale. Obtain a real Slovakian driving license online without an exam. Contact us.","og_url":"https:\/\/permessodiguida.com\/es\/producto\/compre-un-permiso-de-conductor-eslovaco-real-en-linea\/","og_site_name":"Original Documents Provider","article_modified_time":"2025-06-30T09:59:26+00:00","og_image":[{"width":991,"height":620,"url":"https:\/\/permessodiguida.com\/wp-content\/uploads\/2025\/03\/image_2025-03-20_120621402.png","type":"image\/png"}],"twitter_card":"summary_large_image","twitter_misc":{"Tiempo de lectura":"2 minutos"},"schema":{"@context":"https:\/\/schema.org","@graph":[{"@type":"WebPage","@id":"https:\/\/permessodiguida.com\/product\/buy-a-real-slovakian-drivers-license-online\/","url":"https:\/\/permessodiguida.com\/product\/buy-a-real-slovakian-drivers-license-online\/","name":"Comprar en l\u00ednea un permiso de conducir eslovaco aut\u00e9ntico","isPartOf":{"@id":"https:\/\/permessodiguida.com\/#website"},"primaryImageOfPage":{"@id":"https:\/\/permessodiguida.com\/product\/buy-a-real-slovakian-drivers-license-online\/#primaryimage"},"image":{"@id":"https:\/\/permessodiguida.com\/product\/buy-a-real-slovakian-drivers-license-online\/#primaryimage"},"thumbnailUrl":"https:\/\/permessodiguida.com\/wp-content\/uploads\/2025\/03\/image_2025-03-20_120621402.png","datePublished":"2025-03-20T11:11:21+00:00","dateModified":"2025-06-30T09:59:26+00:00","description":"El permiso de conducir original de Eslovaquia est\u00e1 a la venta. Obtenga un permiso de conducir eslovaco aut\u00e9ntico en l\u00ednea sin examen. Cont\u00e1ctenos.","breadcrumb":{"@id":"https:\/\/permessodiguida.com\/product\/buy-a-real-slovakian-drivers-license-online\/#breadcrumb"},"inLanguage":"es","potentialAction":[{"@type":"ReadAction","target":["https:\/\/permessodiguida.com\/product\/buy-a-real-slovakian-drivers-license-online\/"]}]},{"@type":"ImageObject","inLanguage":"es","@id":"https:\/\/permessodiguida.com\/product\/buy-a-real-slovakian-drivers-license-online\/#primaryimage","url":"https:\/\/permessodiguida.com\/wp-content\/uploads\/2025\/03\/image_2025-03-20_120621402.png","contentUrl":"https:\/\/permessodiguida.com\/wp-content\/uploads\/2025\/03\/image_2025-03-20_120621402.png","width":991,"height":620},{"@type":"BreadcrumbList","@id":"https:\/\/permessodiguida.com\/product\/buy-a-real-slovakian-drivers-license-online\/#breadcrumb","itemListElement":[{"@type":"ListItem","position":1,"name":"Home","item":"https:\/\/permessodiguida.com\/"},{"@type":"ListItem","position":2,"name":"All Services","item":"https:\/\/permessodiguida.com\/shop\/"},{"@type":"ListItem","position":3,"name":"Buy a real Slovakian drivers license Online"}]},{"@type":"WebSite","@id":"https:\/\/permessodiguida.com\/#website","url":"https:\/\/permessodiguida.com\/","name":"Permessodiguida","description":"Obtener el permiso de conducir y el pasaporte originales","publisher":{"@id":"https:\/\/permessodiguida.com\/#organization"},"alternateName":"Original Documents Provider","potentialAction":[{"@type":"SearchAction","target":{"@type":"EntryPoint","urlTemplate":"https:\/\/permessodiguida.com\/?s={search_term_string}"},"query-input":{"@type":"PropertyValueSpecification","valueRequired":true,"valueName":"search_term_string"}}],"inLanguage":"es"},{"@type":"Organization","@id":"https:\/\/permessodiguida.com\/#organization","name":"Permiso de Conducci\u00f3n","alternateName":"Original Driving License And Passport","url":"https:\/\/permessodiguida.com\/","logo":{"@type":"ImageObject","inLanguage":"es","@id":"https:\/\/permessodiguida.com\/#\/schema\/logo\/image\/","url":"https:\/\/permessodiguida.com\/wp-content\/uploads\/2024\/08\/image_2024-08-09_144906822.png","contentUrl":"https:\/\/permessodiguida.com\/wp-content\/uploads\/2024\/08\/image_2024-08-09_144906822.png","width":687,"height":549,"caption":"Permesso Di Guida"},"image":{"@id":"https:\/\/permessodiguida.com\/#\/schema\/logo\/image\/"}}]}},"_links":{"self":[{"href":"https:\/\/permessodiguida.com\/es\/wp-json\/wp\/v2\/product\/2273","targetHints":{"allow":["GET"]}}],"collection":[{"href":"https:\/\/permessodiguida.com\/es\/wp-json\/wp\/v2\/product"}],"about":[{"href":"https:\/\/permessodiguida.com\/es\/wp-json\/wp\/v2\/types\/product"}],"replies":[{"embeddable":true,"href":"https:\/\/permessodiguida.com\/es\/wp-json\/wp\/v2\/comments?post=2273"}],"wp:featuredmedia":[{"embeddable":true,"href":"https:\/\/permessodiguida.com\/es\/wp-json\/wp\/v2\/media\/2274"}],"wp:attachment":[{"href":"https:\/\/permessodiguida.com\/es\/wp-json\/wp\/v2\/media?parent=2273"}],"wp:term":[{"taxonomy":"product_brand","embeddable":true,"href":"https:\/\/permessodiguida.com\/es\/wp-json\/wp\/v2\/product_brand?post=2273"},{"taxonomy":"product_cat","embeddable":true,"href":"https:\/\/permessodiguida.com\/es\/wp-json\/wp\/v2\/product_cat?post=2273"},{"taxonomy":"product_tag","embeddable":true,"href":"https:\/\/permessodiguida.com\/es\/wp-json\/wp\/v2\/product_tag?post=2273"}],"curies":[{"name":"wp","href":"https:\/\/api.w.org\/{rel}","templated":true}]}}