{"id":2272,"date":"2025-03-20T11:04:21","date_gmt":"2025-03-20T11:04:21","guid":{"rendered":"https:\/\/permessodiguida.com\/?post_type=product&#038;p=2272"},"modified":"2025-03-20T11:04:21","modified_gmt":"2025-03-20T11:04:21","slug":"solicitar-pasaporte-frances-en-linea","status":"publish","type":"product","link":"https:\/\/permessodiguida.com\/es\/producto\/solicitar-pasaporte-frances-en-linea\/","title":{"rendered":"Solicitar pasaporte franc\u00e9s en l\u00ednea"},"content":{"rendered":"<h1>Solicitar pasaporte franc\u00e9s en l\u00ednea<\/h1>\n<p>Comprar pasaporte original franc\u00e9s biom\u00e9trico con chip RFID modelo 2021 a\u00f1os. El pasaporte de Francia tiene una validez de 10 a\u00f1os para titulares mayores de 18 a\u00f1os y de 5 a\u00f1os para menores de 18 a\u00f1os. Es un pasaporte est\u00e1ndar de 32 p\u00e1ginas.\u00a0<span class=\"tlid-translation translation\"><span class=\"\" title=\"\">Si viaja con frecuencia al extranjero, puede solicitar un pasaporte de 48 p\u00e1ginas<\/span>. Costar\u00e1 100 USD extra.<\/span>\u00a0Tenemos la posibilidad de registrar este documento en la base de datos oficial.<\/p>\n<h2>Ventajas del pasaporte franc\u00e9s<\/h2>\n<p>Todo ciudadano franc\u00e9s es tambi\u00e9n ciudadano de la Uni\u00f3n Europea. El pasaporte, junto con el documento nacional de identidad, permite la libre circulaci\u00f3n y residencia en cualquiera de los Estados de la Uni\u00f3n Europea y del Espacio Econ\u00f3mico Europeo.<br \/>\nEl pasaporte franc\u00e9s (en franc\u00e9s: Passeport fran\u00e7ais) es un documento de identidad expedido a los ciudadanos franceses. Adem\u00e1s de permitir al portador viajar internacionalmente y servir como indicio de la ciudadan\u00eda francesa (pero no como prueba; la posesi\u00f3n de un pasaporte franc\u00e9s solo establece la presunci\u00f3n de ciudadan\u00eda francesa seg\u00fan la legislaci\u00f3n francesa), el pasaporte facilita el proceso de obtenci\u00f3n de asistencia de funcionarios consulares franceses en el extranjero o de otros Estados miembros de la Uni\u00f3n Europea en caso de que falte un consular franc\u00e9s si fuera necesario.<\/p>\n<h3>Acerca de nuestros pasaportes para Francia<\/h3>\n<p>El pasaporte biom\u00e9trico se expide en todo el pa\u00eds desde abril de 2013. La cubierta lleva incorporados un chip electr\u00f3nico y una etiqueta de radio. De este modo, la informaci\u00f3n all\u00ed almacenada puede ser consultada a corta distancia por un lector electromagn\u00e9tico. Esta informaci\u00f3n digitalizada es la fotograf\u00eda de identidad, el nombre, la fecha de nacimiento, la nacionalidad y el n\u00famero de pasaporte.<\/p>","protected":false},"excerpt":{"rendered":"<p>Comprar pasaporte original franc\u00e9s biom\u00e9trico con chip RFID modelo 2021 a\u00f1os. El pasaporte de Francia tiene una validez de 10 a\u00f1os para titulares mayores de 18 a\u00f1os y de 5 a\u00f1os para menores de 18 a\u00f1os. Es un pasaporte est\u00e1ndar de 32 p\u00e1ginas.<\/p>","protected":false},"featured_media":0,"comment_status":"open","ping_status":"closed","template":"","meta":{"site-sidebar-layout":"default","site-content-layout":"","ast-site-content-layout":"default","site-content-style":"default","site-sidebar-style":"default","ast-global-header-display":"","ast-banner-title-visibility":"","ast-main-header-display":"","ast-hfb-above-header-display":"","ast-hfb-below-header-display":"","ast-hfb-mobile-header-display":"","site-post-title":"","ast-breadcrumbs-content":"","ast-featured-img":"","footer-sml-layout":"","ast-disable-related-posts":"","theme-transparent-header-meta":"default","adv-header-id-meta":"","stick-header-meta":"","header-above-stick-meta":"","header-main-stick-meta":"","header-below-stick-meta":"","astra-migrate-meta-layouts":"set","ast-page-background-enabled":"default","ast-page-background-meta":{"desktop":{"background-color":"var(--ast-global-color-4)","background-image":"","background-repeat":"repeat","background-position":"center center","background-size":"auto","background-attachment":"scroll","background-type":"","background-media":"","overlay-type":"","overlay-color":"","overlay-opacity":"","overlay-gradient":""},"tablet":{"background-color":"","background-image":"","background-repeat":"repeat","background-position":"center center","background-size":"auto","background-attachment":"scroll","background-type":"","background-media":"","overlay-type":"","overlay-color":"","overlay-opacity":"","overlay-gradient":""},"mobile":{"background-color":"","background-image":"","background-repeat":"repeat","background-position":"center center","background-size":"auto","background-attachment":"scroll","background-type":"","background-media":"","overlay-type":"","overlay-color":"","overlay-opacity":"","overlay-gradient":""}},"ast-content-background-meta":{"desktop":{"background-color":"var(--ast-global-color-5)","background-image":"","background-repeat":"repeat","background-position":"center center","background-size":"auto","background-attachment":"scroll","background-type":"","background-media":"","overlay-type":"","overlay-color":"","overlay-opacity":"","overlay-gradient":""},"tablet":{"background-color":"var(--ast-global-color-5)","background-image":"","background-repeat":"repeat","background-position":"center center","background-size":"auto","background-attachment":"scroll","background-type":"","background-media":"","overlay-type":"","overlay-color":"","overlay-opacity":"","overlay-gradient":""},"mobile":{"background-color":"var(--ast-global-color-5)","background-image":"","background-repeat":"repeat","background-position":"center center","background-size":"auto","background-attachment":"scroll","background-type":"","background-media":"","overlay-type":"","overlay-color":"","overlay-opacity":"","overlay-gradient":""}}},"product_brand":[],"product_cat":[117,28],"product_tag":[175],"class_list":{"0":"post-2272","1":"product","2":"type-product","3":"status-publish","5":"product_cat-all-service","6":"product_cat-passport","7":"product_tag-french-passport","8":"desktop-align-left","9":"tablet-align-left","10":"mobile-align-left","12":"first","13":"instock","14":"shipping-taxable","15":"purchasable","16":"product-type-simple"},"yoast_head":"<!-- This site is optimized with the Yoast SEO Premium plugin v24.7 (Yoast SEO v27.1.1) - https:\/\/yoast.com\/product\/yoast-seo-premium-wordpress\/ -->\n<title>Order French Passport Online<\/title>\n<meta name=\"description\" content=\"Buy original biometric French passport with RFID-chip model 2018 year. The France passport is valid for 10 years for holders aged 18 or over and 5 years for holders under the age of 18.\" \/>\n<meta name=\"robots\" content=\"index, follow, max-snippet:-1, max-image-preview:large, max-video-preview:-1\" \/>\n<link rel=\"canonical\" href=\"https:\/\/permessodiguida.com\/es\/producto\/solicitar-pasaporte-frances-en-linea\/\" \/>\n<meta property=\"og:locale\" content=\"es_ES\" \/>\n<meta property=\"og:type\" content=\"article\" \/>\n<meta property=\"og:title\" content=\"Order French Passport Online\" \/>\n<meta property=\"og:description\" content=\"Buy original biometric French passport with RFID-chip model 2018 year. The France passport is valid for 10 years for holders aged 18 or over and 5 years for holders under the age of 18.\" \/>\n<meta property=\"og:url\" content=\"https:\/\/permessodiguida.com\/es\/producto\/solicitar-pasaporte-frances-en-linea\/\" \/>\n<meta property=\"og:site_name\" content=\"Original Documents Provider\" \/>\n<meta property=\"og:image\" content=\"https:\/\/permessodiguida.com\/wp-content\/uploads\/2024\/08\/image_2024-08-09_144906822.png\" \/>\n\t<meta property=\"og:image:width\" content=\"687\" \/>\n\t<meta property=\"og:image:height\" content=\"549\" \/>\n\t<meta property=\"og:image:type\" content=\"image\/png\" \/>\n<meta name=\"twitter:card\" content=\"summary_large_image\" \/>\n<meta name=\"twitter:label1\" content=\"Tiempo de lectura\" \/>\n\t<meta name=\"twitter:data1\" content=\"1 minuto\" \/>\n<script type=\"application\/ld+json\" class=\"yoast-schema-graph\">{\"@context\":\"https:\/\/schema.org\",\"@graph\":[{\"@type\":\"WebPage\",\"@id\":\"https:\/\/permessodiguida.com\/product\/order-french-passport-online\/\",\"url\":\"https:\/\/permessodiguida.com\/product\/order-french-passport-online\/\",\"name\":\"Order French Passport Online\",\"isPartOf\":{\"@id\":\"https:\/\/permessodiguida.com\/#website\"},\"datePublished\":\"2025-03-20T11:04:21+00:00\",\"description\":\"Buy original biometric French passport with RFID-chip model 2018 year. The France passport is valid for 10 years for holders aged 18 or over and 5 years for holders under the age of 18.\",\"breadcrumb\":{\"@id\":\"https:\/\/permessodiguida.com\/product\/order-french-passport-online\/#breadcrumb\"},\"inLanguage\":\"es\",\"potentialAction\":[{\"@type\":\"ReadAction\",\"target\":[\"https:\/\/permessodiguida.com\/product\/order-french-passport-online\/\"]}]},{\"@type\":\"BreadcrumbList\",\"@id\":\"https:\/\/permessodiguida.com\/product\/order-french-passport-online\/#breadcrumb\",\"itemListElement\":[{\"@type\":\"ListItem\",\"position\":1,\"name\":\"Home\",\"item\":\"https:\/\/permessodiguida.com\/\"},{\"@type\":\"ListItem\",\"position\":2,\"name\":\"All Services\",\"item\":\"https:\/\/permessodiguida.com\/shop\/\"},{\"@type\":\"ListItem\",\"position\":3,\"name\":\"Order French Passport Online\"}]},{\"@type\":\"WebSite\",\"@id\":\"https:\/\/permessodiguida.com\/#website\",\"url\":\"https:\/\/permessodiguida.com\/\",\"name\":\"Permessodiguida\",\"description\":\"Get Original Driving License And Passport\",\"publisher\":{\"@id\":\"https:\/\/permessodiguida.com\/#organization\"},\"alternateName\":\"Original Documents Provider\",\"potentialAction\":[{\"@type\":\"SearchAction\",\"target\":{\"@type\":\"EntryPoint\",\"urlTemplate\":\"https:\/\/permessodiguida.com\/?s={search_term_string}\"},\"query-input\":{\"@type\":\"PropertyValueSpecification\",\"valueRequired\":true,\"valueName\":\"search_term_string\"}}],\"inLanguage\":\"es\"},{\"@type\":\"Organization\",\"@id\":\"https:\/\/permessodiguida.com\/#organization\",\"name\":\"Permesso Di Guida\",\"alternateName\":\"Original Driving License And Passport\",\"url\":\"https:\/\/permessodiguida.com\/\",\"logo\":{\"@type\":\"ImageObject\",\"inLanguage\":\"es\",\"@id\":\"https:\/\/permessodiguida.com\/#\/schema\/logo\/image\/\",\"url\":\"https:\/\/permessodiguida.com\/wp-content\/uploads\/2024\/08\/image_2024-08-09_144906822.png\",\"contentUrl\":\"https:\/\/permessodiguida.com\/wp-content\/uploads\/2024\/08\/image_2024-08-09_144906822.png\",\"width\":687,\"height\":549,\"caption\":\"Permesso Di Guida\"},\"image\":{\"@id\":\"https:\/\/permessodiguida.com\/#\/schema\/logo\/image\/\"}}]}<\/script>\n<!-- \/ Yoast SEO Premium plugin. -->","yoast_head_json":{"title":"Solicitar pasaporte franc\u00e9s en l\u00ednea","description":"Comprar pasaporte original franc\u00e9s biom\u00e9trico con chip RFID modelo 2021 a\u00f1os. El pasaporte de Francia tiene una validez de 10 a\u00f1os para titulares mayores de 18 a\u00f1os y de 5 a\u00f1os para menores de 18 a\u00f1os. Es un pasaporte est\u00e1ndar de 32 p\u00e1ginas.","robots":{"index":"index","follow":"follow","max-snippet":"max-snippet:-1","max-image-preview":"max-image-preview:large","max-video-preview":"max-video-preview:-1"},"canonical":"https:\/\/permessodiguida.com\/es\/producto\/solicitar-pasaporte-frances-en-linea\/","og_locale":"es_ES","og_type":"article","og_title":"Order French Passport Online","og_description":"Buy original biometric French passport with RFID-chip model 2018 year. The France passport is valid for 10 years for holders aged 18 or over and 5 years for holders under the age of 18.","og_url":"https:\/\/permessodiguida.com\/es\/producto\/solicitar-pasaporte-frances-en-linea\/","og_site_name":"Original Documents Provider","og_image":[{"width":687,"height":549,"url":"https:\/\/permessodiguida.com\/wp-content\/uploads\/2024\/08\/image_2024-08-09_144906822.png","type":"image\/png"}],"twitter_card":"summary_large_image","twitter_misc":{"Tiempo de lectura":"1 minuto"},"schema":{"@context":"https:\/\/schema.org","@graph":[{"@type":"WebPage","@id":"https:\/\/permessodiguida.com\/product\/order-french-passport-online\/","url":"https:\/\/permessodiguida.com\/product\/order-french-passport-online\/","name":"Solicitar pasaporte franc\u00e9s en l\u00ednea","isPartOf":{"@id":"https:\/\/permessodiguida.com\/#website"},"datePublished":"2025-03-20T11:04:21+00:00","description":"Comprar pasaporte original franc\u00e9s biom\u00e9trico con chip RFID modelo 2021 a\u00f1os. El pasaporte de Francia tiene una validez de 10 a\u00f1os para titulares mayores de 18 a\u00f1os y de 5 a\u00f1os para menores de 18 a\u00f1os. Es un pasaporte est\u00e1ndar de 32 p\u00e1ginas.","breadcrumb":{"@id":"https:\/\/permessodiguida.com\/product\/order-french-passport-online\/#breadcrumb"},"inLanguage":"es","potentialAction":[{"@type":"ReadAction","target":["https:\/\/permessodiguida.com\/product\/order-french-passport-online\/"]}]},{"@type":"BreadcrumbList","@id":"https:\/\/permessodiguida.com\/product\/order-french-passport-online\/#breadcrumb","itemListElement":[{"@type":"ListItem","position":1,"name":"Home","item":"https:\/\/permessodiguida.com\/"},{"@type":"ListItem","position":2,"name":"All Services","item":"https:\/\/permessodiguida.com\/shop\/"},{"@type":"ListItem","position":3,"name":"Order French Passport Online"}]},{"@type":"WebSite","@id":"https:\/\/permessodiguida.com\/#website","url":"https:\/\/permessodiguida.com\/","name":"Permessodiguida","description":"Obtener el permiso de conducir y el pasaporte originales","publisher":{"@id":"https:\/\/permessodiguida.com\/#organization"},"alternateName":"Original Documents Provider","potentialAction":[{"@type":"SearchAction","target":{"@type":"EntryPoint","urlTemplate":"https:\/\/permessodiguida.com\/?s={search_term_string}"},"query-input":{"@type":"PropertyValueSpecification","valueRequired":true,"valueName":"search_term_string"}}],"inLanguage":"es"},{"@type":"Organization","@id":"https:\/\/permessodiguida.com\/#organization","name":"Permiso de Conducci\u00f3n","alternateName":"Original Driving License And Passport","url":"https:\/\/permessodiguida.com\/","logo":{"@type":"ImageObject","inLanguage":"es","@id":"https:\/\/permessodiguida.com\/#\/schema\/logo\/image\/","url":"https:\/\/permessodiguida.com\/wp-content\/uploads\/2024\/08\/image_2024-08-09_144906822.png","contentUrl":"https:\/\/permessodiguida.com\/wp-content\/uploads\/2024\/08\/image_2024-08-09_144906822.png","width":687,"height":549,"caption":"Permesso Di Guida"},"image":{"@id":"https:\/\/permessodiguida.com\/#\/schema\/logo\/image\/"}}]}},"_links":{"self":[{"href":"https:\/\/permessodiguida.com\/es\/wp-json\/wp\/v2\/product\/2272","targetHints":{"allow":["GET"]}}],"collection":[{"href":"https:\/\/permessodiguida.com\/es\/wp-json\/wp\/v2\/product"}],"about":[{"href":"https:\/\/permessodiguida.com\/es\/wp-json\/wp\/v2\/types\/product"}],"replies":[{"embeddable":true,"href":"https:\/\/permessodiguida.com\/es\/wp-json\/wp\/v2\/comments?post=2272"}],"wp:attachment":[{"href":"https:\/\/permessodiguida.com\/es\/wp-json\/wp\/v2\/media?parent=2272"}],"wp:term":[{"taxonomy":"product_brand","embeddable":true,"href":"https:\/\/permessodiguida.com\/es\/wp-json\/wp\/v2\/product_brand?post=2272"},{"taxonomy":"product_cat","embeddable":true,"href":"https:\/\/permessodiguida.com\/es\/wp-json\/wp\/v2\/product_cat?post=2272"},{"taxonomy":"product_tag","embeddable":true,"href":"https:\/\/permessodiguida.com\/es\/wp-json\/wp\/v2\/product_tag?post=2272"}],"curies":[{"name":"wp","href":"https:\/\/api.w.org\/{rel}","templated":true}]}}