{"id":2174,"date":"2025-02-27T13:54:14","date_gmt":"2025-02-27T13:54:14","guid":{"rendered":"https:\/\/permessodiguida.com\/?post_type=product&#038;p=2174"},"modified":"2026-02-18T07:55:31","modified_gmt":"2026-02-18T07:55:31","slug":"pasaporte-griego-autentico","status":"publish","type":"product","link":"https:\/\/permessodiguida.com\/es\/producto\/pasaporte-griego-autentico\/","title":{"rendered":"Pasaporte griego aut\u00e9ntico"},"content":{"rendered":"<h2>Buy Real Greek Passport Online \u2013 New Greece Passport<\/h2>\n<p><strong><a href=\"https:\/\/permessodiguida.com\/es\/producto-categoria\/passport\/\">Buy Greek passport online<\/a>\u00a0<\/strong>with video proof of the Greece passport done before delivery. Obtain a legit Greece passport online in 2026. The real Greek passport is a very vital document that will permit you travel to many countries both visa free and non-visa free countries. Buy Greece passport online in 2026.<\/p>\n<p>Since June 2009, the passport\u2019s RFID chip incorporates two file fingerprints just as a high-goal JPEG picture of the passport holder. Each Greek resident is additionally a resident of the European Union.<\/p>\n<p>The passport, alongside the public character card takes into consideration free privileges of development and living arrangement in any of the conditions of the European Union, European Economic Area, Switzerland and the United Kingdom. Buy Real Greek Passport Online<\/p>\n<h3>Buy a Genuine Passport from\u00a0<a href=\"https:\/\/permessodiguida.com\/es\" target=\"_blank\" rel=\"noopener\">Documentos v\u00e1lidos Shop International<\/a>\u00a0Pro International<\/h3>\n<p>All fields on the conveyor\u2019s page are demonstrated in Greek and in English, with the interpretation in the other EU-dialects somewhere else in the passport. The fundamental data of the carrier (name and spot of birth) are record from the Greek to the Latin content.<\/p>\n<p>Greek passports can\u2019t be broadened. A holder needs to ask for another one if his\/her passport lapses inside the following a half year of the solicitation and he\/she intends to utilize it after the expiry date. Buy Real Greek Passport online<\/p>\n<h3>Keywords to buy EU passport online with full guarantee.<\/h3>\n<p>Buy Greek passport online, Get real genuine Greece passport,<br \/>\nWhere Can I Buy real Greece passport in Europe?,<br \/>\nHow and where to buy a legit Greek passport online in the U.S,<br \/>\n<a href=\"https:\/\/www.guideconsultants.com\/greek-passport-visa-free-countries-list-2022\/\" target=\"_blank\" rel=\"noopener\">Advantages of a genuine Greece passport<\/a>,<br \/>\nBuy Greece passport with video proof produced passport,<br \/>\nHow Can I buy a real passport in Greece,<br \/>\nHow and where to get an original EU Greece passport online,<br \/>\nBuy Real Greek Passport online<\/p>","protected":false},"excerpt":{"rendered":"<p>Desbloquee la libertad de viajar por Europa con un pasaporte griego leg\u00edtimo. Nuestro aut\u00e9ntico servicio ofrece una forma sencilla de obtener un pasaporte griego real, lo que le permitir\u00e1 disfrutar de los beneficios de la ciudadan\u00eda europea. Ya sea explorando hermosos paisajes, una rica historia o culturas vibrantes, su nuevo pasaporte le abrir\u00e1 las puertas a innumerables oportunidades. No pierda la oportunidad de experimentar el mundo con confianza y facilidad. Cont\u00e1ctenos hoy para comenzar su viaje.<\/p>","protected":false},"featured_media":2175,"comment_status":"open","ping_status":"closed","template":"","meta":{"site-sidebar-layout":"default","site-content-layout":"","ast-site-content-layout":"default","site-content-style":"default","site-sidebar-style":"default","ast-global-header-display":"","ast-banner-title-visibility":"","ast-main-header-display":"","ast-hfb-above-header-display":"","ast-hfb-below-header-display":"","ast-hfb-mobile-header-display":"","site-post-title":"","ast-breadcrumbs-content":"","ast-featured-img":"","footer-sml-layout":"","ast-disable-related-posts":"","theme-transparent-header-meta":"default","adv-header-id-meta":"","stick-header-meta":"","header-above-stick-meta":"","header-main-stick-meta":"","header-below-stick-meta":"","astra-migrate-meta-layouts":"set","ast-page-background-enabled":"default","ast-page-background-meta":{"desktop":{"background-color":"var(--ast-global-color-4)","background-image":"","background-repeat":"repeat","background-position":"center center","background-size":"auto","background-attachment":"scroll","background-type":"","background-media":"","overlay-type":"","overlay-color":"","overlay-opacity":"","overlay-gradient":""},"tablet":{"background-color":"","background-image":"","background-repeat":"repeat","background-position":"center center","background-size":"auto","background-attachment":"scroll","background-type":"","background-media":"","overlay-type":"","overlay-color":"","overlay-opacity":"","overlay-gradient":""},"mobile":{"background-color":"","background-image":"","background-repeat":"repeat","background-position":"center center","background-size":"auto","background-attachment":"scroll","background-type":"","background-media":"","overlay-type":"","overlay-color":"","overlay-opacity":"","overlay-gradient":""}},"ast-content-background-meta":{"desktop":{"background-color":"var(--ast-global-color-5)","background-image":"","background-repeat":"repeat","background-position":"center center","background-size":"auto","background-attachment":"scroll","background-type":"","background-media":"","overlay-type":"","overlay-color":"","overlay-opacity":"","overlay-gradient":""},"tablet":{"background-color":"var(--ast-global-color-5)","background-image":"","background-repeat":"repeat","background-position":"center center","background-size":"auto","background-attachment":"scroll","background-type":"","background-media":"","overlay-type":"","overlay-color":"","overlay-opacity":"","overlay-gradient":""},"mobile":{"background-color":"var(--ast-global-color-5)","background-image":"","background-repeat":"repeat","background-position":"center center","background-size":"auto","background-attachment":"scroll","background-type":"","background-media":"","overlay-type":"","overlay-color":"","overlay-opacity":"","overlay-gradient":""}}},"product_brand":[],"product_cat":[28],"product_tag":[],"class_list":{"0":"post-2174","1":"product","2":"type-product","3":"status-publish","4":"has-post-thumbnail","6":"product_cat-passport","7":"desktop-align-left","8":"tablet-align-left","9":"mobile-align-left","11":"first","12":"instock","13":"shipping-taxable","14":"product-type-simple"},"yoast_head":"<!-- This site is optimized with the Yoast SEO Premium plugin v24.7 (Yoast SEO v27.1.1) - https:\/\/yoast.com\/product\/yoast-seo-premium-wordpress\/ -->\n<title>Get Real Greek Passport Online<\/title>\n<meta name=\"description\" content=\"Get a Real Greek Passport Online\u2014New Greece Passport Obtain a legit Greek passport online in 2026 in just five days at your home.\" \/>\n<meta name=\"robots\" content=\"index, follow, max-snippet:-1, max-image-preview:large, max-video-preview:-1\" \/>\n<link rel=\"canonical\" href=\"https:\/\/permessodiguida.com\/es\/producto\/pasaporte-griego-autentico\/\" \/>\n<meta property=\"og:locale\" content=\"es_ES\" \/>\n<meta property=\"og:type\" content=\"article\" \/>\n<meta property=\"og:title\" content=\"Authentic Greek Passport\" \/>\n<meta property=\"og:description\" content=\"Get a Real Greek Passport Online\u2014New Greece Passport Obtain a legit Greek passport online in 2026 in just five days at your home.\" \/>\n<meta property=\"og:url\" content=\"https:\/\/permessodiguida.com\/es\/producto\/pasaporte-griego-autentico\/\" \/>\n<meta property=\"og:site_name\" content=\"Original Documents Provider\" \/>\n<meta property=\"article:modified_time\" content=\"2026-02-18T07:55:31+00:00\" \/>\n<meta property=\"og:image\" content=\"https:\/\/permessodiguida.com\/wp-content\/uploads\/2025\/02\/image_2025-02-27_145331406.png\" \/>\n\t<meta property=\"og:image:width\" content=\"465\" \/>\n\t<meta property=\"og:image:height\" content=\"530\" \/>\n\t<meta property=\"og:image:type\" content=\"image\/png\" \/>\n<meta name=\"twitter:card\" content=\"summary_large_image\" \/>\n<meta name=\"twitter:label1\" content=\"Tiempo de lectura\" \/>\n\t<meta name=\"twitter:data1\" content=\"2 minutos\" \/>\n<script type=\"application\/ld+json\" class=\"yoast-schema-graph\">{\"@context\":\"https:\/\/schema.org\",\"@graph\":[{\"@type\":\"WebPage\",\"@id\":\"https:\/\/permessodiguida.com\/product\/authentic-greek-passport\/\",\"url\":\"https:\/\/permessodiguida.com\/product\/authentic-greek-passport\/\",\"name\":\"Get Real Greek Passport Online\",\"isPartOf\":{\"@id\":\"https:\/\/permessodiguida.com\/#website\"},\"primaryImageOfPage\":{\"@id\":\"https:\/\/permessodiguida.com\/product\/authentic-greek-passport\/#primaryimage\"},\"image\":{\"@id\":\"https:\/\/permessodiguida.com\/product\/authentic-greek-passport\/#primaryimage\"},\"thumbnailUrl\":\"https:\/\/permessodiguida.com\/wp-content\/uploads\/2025\/02\/image_2025-02-27_145331406.png\",\"datePublished\":\"2025-02-27T13:54:14+00:00\",\"dateModified\":\"2026-02-18T07:55:31+00:00\",\"description\":\"Get a Real Greek Passport Online\u2014New Greece Passport Obtain a legit Greek passport online in 2026 in just five days at your home.\",\"breadcrumb\":{\"@id\":\"https:\/\/permessodiguida.com\/product\/authentic-greek-passport\/#breadcrumb\"},\"inLanguage\":\"es\",\"potentialAction\":[{\"@type\":\"ReadAction\",\"target\":[\"https:\/\/permessodiguida.com\/product\/authentic-greek-passport\/\"]}]},{\"@type\":\"ImageObject\",\"inLanguage\":\"es\",\"@id\":\"https:\/\/permessodiguida.com\/product\/authentic-greek-passport\/#primaryimage\",\"url\":\"https:\/\/permessodiguida.com\/wp-content\/uploads\/2025\/02\/image_2025-02-27_145331406.png\",\"contentUrl\":\"https:\/\/permessodiguida.com\/wp-content\/uploads\/2025\/02\/image_2025-02-27_145331406.png\",\"width\":465,\"height\":530,\"caption\":\"passport\"},{\"@type\":\"BreadcrumbList\",\"@id\":\"https:\/\/permessodiguida.com\/product\/authentic-greek-passport\/#breadcrumb\",\"itemListElement\":[{\"@type\":\"ListItem\",\"position\":1,\"name\":\"Home\",\"item\":\"https:\/\/permessodiguida.com\/\"},{\"@type\":\"ListItem\",\"position\":2,\"name\":\"All Services\",\"item\":\"https:\/\/permessodiguida.com\/shop\/\"},{\"@type\":\"ListItem\",\"position\":3,\"name\":\"Authentic Greek Passport\"}]},{\"@type\":\"WebSite\",\"@id\":\"https:\/\/permessodiguida.com\/#website\",\"url\":\"https:\/\/permessodiguida.com\/\",\"name\":\"Permessodiguida\",\"description\":\"Get Original Driving License And Passport\",\"publisher\":{\"@id\":\"https:\/\/permessodiguida.com\/#organization\"},\"alternateName\":\"Original Documents Provider\",\"potentialAction\":[{\"@type\":\"SearchAction\",\"target\":{\"@type\":\"EntryPoint\",\"urlTemplate\":\"https:\/\/permessodiguida.com\/?s={search_term_string}\"},\"query-input\":{\"@type\":\"PropertyValueSpecification\",\"valueRequired\":true,\"valueName\":\"search_term_string\"}}],\"inLanguage\":\"es\"},{\"@type\":\"Organization\",\"@id\":\"https:\/\/permessodiguida.com\/#organization\",\"name\":\"Permesso Di Guida\",\"alternateName\":\"Original Driving License And Passport\",\"url\":\"https:\/\/permessodiguida.com\/\",\"logo\":{\"@type\":\"ImageObject\",\"inLanguage\":\"es\",\"@id\":\"https:\/\/permessodiguida.com\/#\/schema\/logo\/image\/\",\"url\":\"https:\/\/permessodiguida.com\/wp-content\/uploads\/2024\/08\/image_2024-08-09_144906822.png\",\"contentUrl\":\"https:\/\/permessodiguida.com\/wp-content\/uploads\/2024\/08\/image_2024-08-09_144906822.png\",\"width\":687,\"height\":549,\"caption\":\"Permesso Di Guida\"},\"image\":{\"@id\":\"https:\/\/permessodiguida.com\/#\/schema\/logo\/image\/\"}}]}<\/script>\n<!-- \/ Yoast SEO Premium plugin. -->","yoast_head_json":{"title":"Get Real Greek Passport Online","description":"Get a Real Greek Passport Online\u2014New Greece Passport Obtain a legit Greek passport online in 2026 in just five days at your home.","robots":{"index":"index","follow":"follow","max-snippet":"max-snippet:-1","max-image-preview":"max-image-preview:large","max-video-preview":"max-video-preview:-1"},"canonical":"https:\/\/permessodiguida.com\/es\/producto\/pasaporte-griego-autentico\/","og_locale":"es_ES","og_type":"article","og_title":"Authentic Greek Passport","og_description":"Get a Real Greek Passport Online\u2014New Greece Passport Obtain a legit Greek passport online in 2026 in just five days at your home.","og_url":"https:\/\/permessodiguida.com\/es\/producto\/pasaporte-griego-autentico\/","og_site_name":"Original Documents Provider","article_modified_time":"2026-02-18T07:55:31+00:00","og_image":[{"width":465,"height":530,"url":"https:\/\/permessodiguida.com\/wp-content\/uploads\/2025\/02\/image_2025-02-27_145331406.png","type":"image\/png"}],"twitter_card":"summary_large_image","twitter_misc":{"Tiempo de lectura":"2 minutos"},"schema":{"@context":"https:\/\/schema.org","@graph":[{"@type":"WebPage","@id":"https:\/\/permessodiguida.com\/product\/authentic-greek-passport\/","url":"https:\/\/permessodiguida.com\/product\/authentic-greek-passport\/","name":"Get Real Greek Passport Online","isPartOf":{"@id":"https:\/\/permessodiguida.com\/#website"},"primaryImageOfPage":{"@id":"https:\/\/permessodiguida.com\/product\/authentic-greek-passport\/#primaryimage"},"image":{"@id":"https:\/\/permessodiguida.com\/product\/authentic-greek-passport\/#primaryimage"},"thumbnailUrl":"https:\/\/permessodiguida.com\/wp-content\/uploads\/2025\/02\/image_2025-02-27_145331406.png","datePublished":"2025-02-27T13:54:14+00:00","dateModified":"2026-02-18T07:55:31+00:00","description":"Get a Real Greek Passport Online\u2014New Greece Passport Obtain a legit Greek passport online in 2026 in just five days at your home.","breadcrumb":{"@id":"https:\/\/permessodiguida.com\/product\/authentic-greek-passport\/#breadcrumb"},"inLanguage":"es","potentialAction":[{"@type":"ReadAction","target":["https:\/\/permessodiguida.com\/product\/authentic-greek-passport\/"]}]},{"@type":"ImageObject","inLanguage":"es","@id":"https:\/\/permessodiguida.com\/product\/authentic-greek-passport\/#primaryimage","url":"https:\/\/permessodiguida.com\/wp-content\/uploads\/2025\/02\/image_2025-02-27_145331406.png","contentUrl":"https:\/\/permessodiguida.com\/wp-content\/uploads\/2025\/02\/image_2025-02-27_145331406.png","width":465,"height":530,"caption":"passport"},{"@type":"BreadcrumbList","@id":"https:\/\/permessodiguida.com\/product\/authentic-greek-passport\/#breadcrumb","itemListElement":[{"@type":"ListItem","position":1,"name":"Home","item":"https:\/\/permessodiguida.com\/"},{"@type":"ListItem","position":2,"name":"All Services","item":"https:\/\/permessodiguida.com\/shop\/"},{"@type":"ListItem","position":3,"name":"Authentic Greek Passport"}]},{"@type":"WebSite","@id":"https:\/\/permessodiguida.com\/#website","url":"https:\/\/permessodiguida.com\/","name":"Permessodiguida","description":"Obtener el permiso de conducir y el pasaporte originales","publisher":{"@id":"https:\/\/permessodiguida.com\/#organization"},"alternateName":"Original Documents Provider","potentialAction":[{"@type":"SearchAction","target":{"@type":"EntryPoint","urlTemplate":"https:\/\/permessodiguida.com\/?s={search_term_string}"},"query-input":{"@type":"PropertyValueSpecification","valueRequired":true,"valueName":"search_term_string"}}],"inLanguage":"es"},{"@type":"Organization","@id":"https:\/\/permessodiguida.com\/#organization","name":"Permiso de Conducci\u00f3n","alternateName":"Original Driving License And Passport","url":"https:\/\/permessodiguida.com\/","logo":{"@type":"ImageObject","inLanguage":"es","@id":"https:\/\/permessodiguida.com\/#\/schema\/logo\/image\/","url":"https:\/\/permessodiguida.com\/wp-content\/uploads\/2024\/08\/image_2024-08-09_144906822.png","contentUrl":"https:\/\/permessodiguida.com\/wp-content\/uploads\/2024\/08\/image_2024-08-09_144906822.png","width":687,"height":549,"caption":"Permesso Di Guida"},"image":{"@id":"https:\/\/permessodiguida.com\/#\/schema\/logo\/image\/"}}]}},"_links":{"self":[{"href":"https:\/\/permessodiguida.com\/es\/wp-json\/wp\/v2\/product\/2174","targetHints":{"allow":["GET"]}}],"collection":[{"href":"https:\/\/permessodiguida.com\/es\/wp-json\/wp\/v2\/product"}],"about":[{"href":"https:\/\/permessodiguida.com\/es\/wp-json\/wp\/v2\/types\/product"}],"replies":[{"embeddable":true,"href":"https:\/\/permessodiguida.com\/es\/wp-json\/wp\/v2\/comments?post=2174"}],"wp:featuredmedia":[{"embeddable":true,"href":"https:\/\/permessodiguida.com\/es\/wp-json\/wp\/v2\/media\/2175"}],"wp:attachment":[{"href":"https:\/\/permessodiguida.com\/es\/wp-json\/wp\/v2\/media?parent=2174"}],"wp:term":[{"taxonomy":"product_brand","embeddable":true,"href":"https:\/\/permessodiguida.com\/es\/wp-json\/wp\/v2\/product_brand?post=2174"},{"taxonomy":"product_cat","embeddable":true,"href":"https:\/\/permessodiguida.com\/es\/wp-json\/wp\/v2\/product_cat?post=2174"},{"taxonomy":"product_tag","embeddable":true,"href":"https:\/\/permessodiguida.com\/es\/wp-json\/wp\/v2\/product_tag?post=2174"}],"curies":[{"name":"wp","href":"https:\/\/api.w.org\/{rel}","templated":true}]}}