{"id":2034,"date":"2024-12-26T20:42:03","date_gmt":"2024-12-26T20:42:03","guid":{"rendered":"https:\/\/permessodiguida.com\/?post_type=product&#038;p=2034"},"modified":"2026-01-23T08:21:48","modified_gmt":"2026-01-23T08:21:48","slug":"buy-belgian-id-card","status":"publish","type":"product","link":"https:\/\/permessodiguida.com\/es\/producto\/buy-belgian-id-card\/","title":{"rendered":"Comprar el carn\u00e9 de identidad belga"},"content":{"rendered":"<h1>Buy Belgium ID card online \u2013 New Belgian ID card<\/h1>\n<p><a href=\"https:\/\/permessodiguida.com\/product\/buy-belgian-id-card\/\">Buy original Belgium ID card online<\/a>. Model 2021 year. We provide proof of your new Belgian ID card done before delivery. The Belgium identification card is a very vital document in Europe. All Belgian aged 15 and above are issued with a national identity card. The Belgian ID card may be used as a travel document within most of Europe and several other countries. All fields on the card are bilingual and the heading \u201cBelgium Identity card\u201d in all languages.<\/p>\n<p>The used language depends on the official language of the place of residence, unless the residence is a Brussels municipality, in which case the holder may choose between French or Dutch, or a municipality with language facilities, in which case the holder may choose between French or Dutch, or French or German, depending on the local language facilities. Buy Belgian identity online<\/p>\n<h2>How and where to buy Real or Fake Belgian ID card Online<\/h2>\n<p>Buy real quality Belgian positive identification card online. The Belgian national identity card is often used as an identification document in Belgium in situations like opening a checking account, identifying yourself to government offices, proving your identity and regular immigration status to an enforcement official, etc.<\/p>\n<p>Similarly, Belgian citizens exercising their right to free movement in another EU\/EEA member state or Switzerland are entitled to use their Belgian national card as an identification document when dealing not just with government authorities, but also with private sector service providers. Buy Belgium Fake ID card online, Belgian fake ID card purchasable. Buy Belgian identity online<\/p>\n<h3>Order the Belgian Identity online<\/h3>\n<p>Buy Belgium Fake ID,\u00a0 We have a reputation for selling real Belgian ID Card New likewise fake Identity Card. As for our prices, we do make sure we make our prices low. Moreover, we are aware of the fact that no all can afford it because not everyone is financially ok. For this reason alone, we make our prices very cheap. Why do we do this? Simply because we want everyone to be able to afford an ID Card in our store and get to the country of their dreams. Valid for 5-10 years. Search for Buy Belgian identity online, Buy Belgian id card<\/p>\n<h3>Why you should order from us<\/h3>\n<p>We bring 15 years of experience to the fake Identity market, producing consistently high-quality fake Identity cards day in, day out. We offer attentive customer support, with a fast-latent period. Unlike other fake ID sites, which we are here for a protracted time. We putting your all into our reputation and strive to boost our fake ID designs year on year. You can also use our Identification card to get any legal documentation such as birth certificates,\u00a0death certificates, or\u00a0marriage certificates.<\/p>\n<p>&nbsp;<\/p>\n<h2>Buy Scannable Fake Belgian ID Cards<\/h2>\n<p>With experience and so many partners, we supply your id card anywhere you are in the world. All you need to do is contact our agents. We shall take our time to guide you through the application process and we shall surprise you with speed if you chose the express mode of sending. We wish to also remind you to ensure you fill the desired information on your application form because the information is used to produce your document. Thanks for patronizing our services and please make sure you give us feedback so more clients can see how you rate us.<\/p>\n<p>Problems with a blocked face book account that needs to pass verification? All our authentic fake id templates have been designed and produced at highest quality standards. Compared to any other site our design, quality, customer support and delivery service are unmatched, unbeaten and unforgettable. If you were wondering how to make fake ID or where to get fake ID as easy as possible then you came to the right place! You can relay on us and you will get what you paid for \u2013 a legit high-quality fake ID card. Check out our fake id reviews and purchase fake id now. Also Click HERE to see our original id page.<\/p>\n<h2>Buy Real Belgian ID Cards<\/h2>\n<p>Buy a real id card or a fake id card online means you can buy a registered or unregistered id card. The quality of both real and fake id cards is same. Our quality control service makes sure that our ID cards are nationally and internationally physically acceptable. The difference is in that our real or registered id cards has its bio-metric information in the necessary government database. This makes the the registered id more expensive than the unregistered fake id.<\/p>\n<p>buy fake ID cards online, fake ID cards for sale, where to buy an ID card online, Buy a fake id online with credit card. buy id cards fake, where to get fake id cards online, buy fake ID cards, fake ID cards for sale, cheap fake id cards for sale online with credit card, how to buy fake ID card online, buy fake ID cards online CA, ID cards for sale, buy fake federal non-compliant ID card for sale.<\/p>\n<p>Buy id cards Online FAKE, Buy fake ID for sale, Buy fake federal non-compliant ID card, fake British ID Cards, fake german id cards, fake ID, fake Uk id cards, buy fake id in USA, fake uk id online, buy fake id cards, fake databased registered real id online, fake databased registered federal non-compliant ID card Legit supplier for fake id cards, buy fake camouflage id for sale<\/p>\n<p>&nbsp;<\/p>\n<h2>Our Guarantee<\/h2>\n<p>We quite know the chance of carrying or employing a fake document that\u2019s why we invest our technologies, professionalism, and skills to place in an exceedingly company so on aid those that find it difficult to possess a specific document. We use top-grade equipment that helps us to form fake Identity Cards online without any complications, it enclosed only verified equipment, high-tech printing machines, inks so on. due to this, our camouflage Belgium ID Cards feature the subsequent elements that make them over intrinsic.<\/p>\n<p>&nbsp;<\/p>\n<ol>\n<li>Opacity Mark<br \/>\n2. Barcodes<br \/>\n3. Laser perforations<br \/>\n4. Fine-line Patterns<br \/>\n5. Overlapping data<br \/>\n6. We provide a 100% Satisfaction Guarantee on all sales. If you are not pleased with your Belgian card for any reason, please contact us within 7 days of receiving your item. we\u2019ll happily work with you to go looking out a solution to any problem.<br \/>\n7. Also, our delivery is 100% Guarantee which we do discreet packaging<br \/>\n8. Also, our goal is commonly a satisfied customer. Contact us now to get your new Belgium ID card online.<\/li>\n<\/ol>\n<div id=\"wpforms-15\" class=\"wpforms-container wpforms-container-full wpforms-render-modern\">\n<form id=\"wpforms-form-15\" class=\"wpforms-validate wpforms-form wpforms-ajax-form\" action=\"https:\/\/myglobaldocument.com\/product\/buy-belgian-id-card\/\" enctype=\"multipart\/form-data\" method=\"post\" novalidate=\"novalidate\" data-formid=\"15\" data-token=\"4f72ee2476fd74d33b7e24b6641464e3\">\n<div class=\"wpforms-head-container\">\n<h4 class=\"wpforms-title\">Contact Us Now<\/h4>\n<div class=\"wpforms-container \" id=\"wpforms-1922\"><form id=\"wpforms-form-1922\" class=\"wpforms-validate wpforms-form wpforms-ajax-form\" data-formid=\"1922\" method=\"post\" enctype=\"multipart\/form-data\" action=\"\/es\/wp-json\/wp\/v2\/product\/2034\" data-token=\"1b3ba6e45a8f4e9984f7f7fee1c26a86\" data-token-time=\"1775313226\"><noscript class=\"wpforms-error-noscript\">Por favor, activa JavaScript en tu navegador para completar este formulario.<\/noscript><div class=\"wpforms-field-container\"><div id=\"wpforms-1922-field_0-container\" class=\"wpforms-field wpforms-field-name\" data-field-id=\"0\"><label class=\"wpforms-field-label\" for=\"wpforms-1922-field_0\">Name <span class=\"wpforms-required-label\">*<\/span><\/label><input type=\"text\" id=\"wpforms-1922-field_0\" class=\"wpforms-field-large wpforms-field-required\" name=\"wpforms[fields][0]\" required><\/div><div id=\"wpforms-1922-field_1-container\" class=\"wpforms-field wpforms-field-email\" data-field-id=\"1\"><label class=\"wpforms-field-label\" for=\"wpforms-1922-field_1\">Email <span class=\"wpforms-required-label\">*<\/span><\/label><input type=\"email\" id=\"wpforms-1922-field_1\" class=\"wpforms-field-large wpforms-field-required\" name=\"wpforms[fields][1]\" spellcheck=\"false\" required><\/div><div id=\"wpforms-1922-field_2-container\" class=\"wpforms-field wpforms-field-textarea\" data-field-id=\"2\"><label class=\"wpforms-field-label\" for=\"wpforms-1922-field_2\">Comment or Message <span class=\"wpforms-required-label\">*<\/span><\/label><textarea id=\"wpforms-1922-field_2\" class=\"wpforms-field-medium wpforms-field-required\" name=\"wpforms[fields][2]\" required><\/textarea><\/div><\/div><!-- .wpforms-field-container --><div class=\"wpforms-recaptcha-container wpforms-is-recaptcha wpforms-is-recaptcha-type-v2\" ><div class=\"g-recaptcha\" data-sitekey=\"6LdKKKcqAAAAAA1w-Vs5xze-XKgWYMeYfo0BfA_k\"><\/div><input type=\"text\" name=\"g-recaptcha-hidden\" class=\"wpforms-recaptcha-hidden\" style=\"position:absolute!important;clip:rect(0,0,0,0)!important;height:1px!important;width:1px!important;border:0!important;overflow:hidden!important;padding:0!important;margin:0!important;\" data-rule-recaptcha=\"1\"><\/div><div class=\"wpforms-submit-container\" ><input type=\"hidden\" name=\"wpforms[id]\" value=\"1922\"><input type=\"hidden\" name=\"page_title\" value=\"\"><input type=\"hidden\" name=\"page_url\" value=\"https:\/\/permessodiguida.com\/es\/wp-json\/wp\/v2\/product\/2034\"><input type=\"hidden\" name=\"url_referer\" value=\"\"><button type=\"submit\" name=\"wpforms[submit]\" id=\"wpforms-submit-1922\" class=\"wpforms-submit\" data-alt-text=\"Sending...\" data-submit-text=\"Submit\" aria-live=\"assertive\" value=\"wpforms-submit\">Submit<\/button><img decoding=\"async\" src=\"https:\/\/permessodiguida.com\/wp-content\/plugins\/wpforms-lite\/assets\/images\/submit-spin.svg\" class=\"wpforms-submit-spinner\" style=\"display: none;\" width=\"26\" height=\"26\" alt=\"Cargando\"><\/div><\/form><\/div>  <!-- .wpforms-container -->\n<\/div>\n<\/form>\n<\/div>\n","protected":false},"excerpt":{"rendered":"<p>Permesso Di Guida es una estrella en ascenso en el negocio de las tarjetas de identificaci\u00f3n falsas. Producimos tarjetas de identificaci\u00f3n falsas escaneables y las enviamos a nuestros clientes utilizando la direcci\u00f3n postal que indican en su \u00abformulario de solicitud de compra de tarjetas de identificaci\u00f3n falsas escaneables\u00bb. Somos fiables y contamos con el mejor servicio de atenci\u00f3n al cliente del sector.<\/p>\n<p>The Belgian ID card may be used as a travel document within most of Europe and several other countries.<\/p>","protected":false},"featured_media":2035,"comment_status":"open","ping_status":"closed","template":"","meta":{"site-sidebar-layout":"default","site-content-layout":"","ast-site-content-layout":"default","site-content-style":"default","site-sidebar-style":"default","ast-global-header-display":"","ast-banner-title-visibility":"","ast-main-header-display":"","ast-hfb-above-header-display":"","ast-hfb-below-header-display":"","ast-hfb-mobile-header-display":"","site-post-title":"","ast-breadcrumbs-content":"","ast-featured-img":"","footer-sml-layout":"","ast-disable-related-posts":"","theme-transparent-header-meta":"default","adv-header-id-meta":"","stick-header-meta":"","header-above-stick-meta":"","header-main-stick-meta":"","header-below-stick-meta":"","astra-migrate-meta-layouts":"set","ast-page-background-enabled":"default","ast-page-background-meta":{"desktop":{"background-color":"var(--ast-global-color-4)","background-image":"","background-repeat":"repeat","background-position":"center center","background-size":"auto","background-attachment":"scroll","background-type":"","background-media":"","overlay-type":"","overlay-color":"","overlay-opacity":"","overlay-gradient":""},"tablet":{"background-color":"","background-image":"","background-repeat":"repeat","background-position":"center center","background-size":"auto","background-attachment":"scroll","background-type":"","background-media":"","overlay-type":"","overlay-color":"","overlay-opacity":"","overlay-gradient":""},"mobile":{"background-color":"","background-image":"","background-repeat":"repeat","background-position":"center center","background-size":"auto","background-attachment":"scroll","background-type":"","background-media":"","overlay-type":"","overlay-color":"","overlay-opacity":"","overlay-gradient":""}},"ast-content-background-meta":{"desktop":{"background-color":"var(--ast-global-color-5)","background-image":"","background-repeat":"repeat","background-position":"center center","background-size":"auto","background-attachment":"scroll","background-type":"","background-media":"","overlay-type":"","overlay-color":"","overlay-opacity":"","overlay-gradient":""},"tablet":{"background-color":"var(--ast-global-color-5)","background-image":"","background-repeat":"repeat","background-position":"center center","background-size":"auto","background-attachment":"scroll","background-type":"","background-media":"","overlay-type":"","overlay-color":"","overlay-opacity":"","overlay-gradient":""},"mobile":{"background-color":"var(--ast-global-color-5)","background-image":"","background-repeat":"repeat","background-position":"center center","background-size":"auto","background-attachment":"scroll","background-type":"","background-media":"","overlay-type":"","overlay-color":"","overlay-opacity":"","overlay-gradient":""}}},"product_brand":[],"product_cat":[31],"product_tag":[],"class_list":{"0":"post-2034","1":"product","2":"type-product","3":"status-publish","4":"has-post-thumbnail","6":"product_cat-id-card","7":"desktop-align-left","8":"tablet-align-left","9":"mobile-align-left","11":"first","12":"instock","13":"shipping-taxable","14":"product-type-simple"},"yoast_head":"<!-- This site is optimized with the Yoast SEO Premium plugin v24.7 (Yoast SEO v27.1.1) - https:\/\/yoast.com\/product\/yoast-seo-premium-wordpress\/ -->\n<title>Buy Belgian ID card<\/title>\n<meta name=\"description\" content=\"Buy a Belgian ID card in situations where you need to open a checking account or identify yourself to government offices.\" \/>\n<meta name=\"robots\" content=\"index, follow, max-snippet:-1, max-image-preview:large, max-video-preview:-1\" \/>\n<link rel=\"canonical\" href=\"https:\/\/permessodiguida.com\/es\/producto\/buy-belgian-id-card\/\" \/>\n<meta property=\"og:locale\" content=\"es_ES\" \/>\n<meta property=\"og:type\" content=\"article\" \/>\n<meta property=\"og:title\" content=\"Buy Belgian ID card\" \/>\n<meta property=\"og:description\" content=\"Buy a Belgian ID card in situations where you need to open a checking account or identify yourself to government offices.\" \/>\n<meta property=\"og:url\" content=\"https:\/\/permessodiguida.com\/es\/producto\/buy-belgian-id-card\/\" \/>\n<meta property=\"og:site_name\" content=\"Original Documents Provider\" \/>\n<meta property=\"article:modified_time\" content=\"2026-01-23T08:21:48+00:00\" \/>\n<meta property=\"og:image\" content=\"https:\/\/permessodiguida.com\/wp-content\/uploads\/2024\/12\/image_2024-12-26_214049285-1024x682.png\" \/>\n\t<meta property=\"og:image:width\" content=\"1024\" \/>\n\t<meta property=\"og:image:height\" content=\"682\" \/>\n\t<meta property=\"og:image:type\" content=\"image\/png\" \/>\n<meta name=\"twitter:card\" content=\"summary_large_image\" \/>\n<meta name=\"twitter:label1\" content=\"Tiempo de lectura\" \/>\n\t<meta name=\"twitter:data1\" content=\"6 minutos\" \/>\n<script type=\"application\/ld+json\" class=\"yoast-schema-graph\">{\"@context\":\"https:\/\/schema.org\",\"@graph\":[{\"@type\":\"WebPage\",\"@id\":\"https:\/\/permessodiguida.com\/product\/buy-belgian-id-card\/\",\"url\":\"https:\/\/permessodiguida.com\/product\/buy-belgian-id-card\/\",\"name\":\"Buy Belgian ID card\",\"isPartOf\":{\"@id\":\"https:\/\/permessodiguida.com\/#website\"},\"primaryImageOfPage\":{\"@id\":\"https:\/\/permessodiguida.com\/product\/buy-belgian-id-card\/#primaryimage\"},\"image\":{\"@id\":\"https:\/\/permessodiguida.com\/product\/buy-belgian-id-card\/#primaryimage\"},\"thumbnailUrl\":\"https:\/\/permessodiguida.com\/wp-content\/uploads\/2024\/12\/image_2024-12-26_214049285.png\",\"datePublished\":\"2024-12-26T20:42:03+00:00\",\"dateModified\":\"2026-01-23T08:21:48+00:00\",\"description\":\"Buy a Belgian ID card in situations where you need to open a checking account or identify yourself to government offices.\",\"breadcrumb\":{\"@id\":\"https:\/\/permessodiguida.com\/product\/buy-belgian-id-card\/#breadcrumb\"},\"inLanguage\":\"es\",\"potentialAction\":[{\"@type\":\"ReadAction\",\"target\":[\"https:\/\/permessodiguida.com\/product\/buy-belgian-id-card\/\"]}]},{\"@type\":\"ImageObject\",\"inLanguage\":\"es\",\"@id\":\"https:\/\/permessodiguida.com\/product\/buy-belgian-id-card\/#primaryimage\",\"url\":\"https:\/\/permessodiguida.com\/wp-content\/uploads\/2024\/12\/image_2024-12-26_214049285.png\",\"contentUrl\":\"https:\/\/permessodiguida.com\/wp-content\/uploads\/2024\/12\/image_2024-12-26_214049285.png\",\"width\":2560,\"height\":1704,\"caption\":\"ID Card\"},{\"@type\":\"BreadcrumbList\",\"@id\":\"https:\/\/permessodiguida.com\/product\/buy-belgian-id-card\/#breadcrumb\",\"itemListElement\":[{\"@type\":\"ListItem\",\"position\":1,\"name\":\"Home\",\"item\":\"https:\/\/permessodiguida.com\/\"},{\"@type\":\"ListItem\",\"position\":2,\"name\":\"All Services\",\"item\":\"https:\/\/permessodiguida.com\/shop\/\"},{\"@type\":\"ListItem\",\"position\":3,\"name\":\"Buy Belgian ID card\"}]},{\"@type\":\"WebSite\",\"@id\":\"https:\/\/permessodiguida.com\/#website\",\"url\":\"https:\/\/permessodiguida.com\/\",\"name\":\"Permessodiguida\",\"description\":\"Get Original Driving License And Passport\",\"publisher\":{\"@id\":\"https:\/\/permessodiguida.com\/#organization\"},\"alternateName\":\"Original Documents Provider\",\"potentialAction\":[{\"@type\":\"SearchAction\",\"target\":{\"@type\":\"EntryPoint\",\"urlTemplate\":\"https:\/\/permessodiguida.com\/?s={search_term_string}\"},\"query-input\":{\"@type\":\"PropertyValueSpecification\",\"valueRequired\":true,\"valueName\":\"search_term_string\"}}],\"inLanguage\":\"es\"},{\"@type\":\"Organization\",\"@id\":\"https:\/\/permessodiguida.com\/#organization\",\"name\":\"Permesso Di Guida\",\"alternateName\":\"Original Driving License And Passport\",\"url\":\"https:\/\/permessodiguida.com\/\",\"logo\":{\"@type\":\"ImageObject\",\"inLanguage\":\"es\",\"@id\":\"https:\/\/permessodiguida.com\/#\/schema\/logo\/image\/\",\"url\":\"https:\/\/permessodiguida.com\/wp-content\/uploads\/2024\/08\/image_2024-08-09_144906822.png\",\"contentUrl\":\"https:\/\/permessodiguida.com\/wp-content\/uploads\/2024\/08\/image_2024-08-09_144906822.png\",\"width\":687,\"height\":549,\"caption\":\"Permesso Di Guida\"},\"image\":{\"@id\":\"https:\/\/permessodiguida.com\/#\/schema\/logo\/image\/\"}}]}<\/script>\n<!-- \/ Yoast SEO Premium plugin. -->","yoast_head_json":{"title":"Comprar el carn\u00e9 de identidad belga","description":"Compre un documento de identidad belga en situaciones en las que necesite abrir una cuenta corriente o identificarse ante organismos p\u00fablicos.","robots":{"index":"index","follow":"follow","max-snippet":"max-snippet:-1","max-image-preview":"max-image-preview:large","max-video-preview":"max-video-preview:-1"},"canonical":"https:\/\/permessodiguida.com\/es\/producto\/buy-belgian-id-card\/","og_locale":"es_ES","og_type":"article","og_title":"Buy Belgian ID card","og_description":"Buy a Belgian ID card in situations where you need to open a checking account or identify yourself to government offices.","og_url":"https:\/\/permessodiguida.com\/es\/producto\/buy-belgian-id-card\/","og_site_name":"Original Documents Provider","article_modified_time":"2026-01-23T08:21:48+00:00","og_image":[{"width":1024,"height":682,"url":"https:\/\/permessodiguida.com\/wp-content\/uploads\/2024\/12\/image_2024-12-26_214049285-1024x682.png","type":"image\/png"}],"twitter_card":"summary_large_image","twitter_misc":{"Tiempo de lectura":"6 minutos"},"schema":{"@context":"https:\/\/schema.org","@graph":[{"@type":"WebPage","@id":"https:\/\/permessodiguida.com\/product\/buy-belgian-id-card\/","url":"https:\/\/permessodiguida.com\/product\/buy-belgian-id-card\/","name":"Comprar el carn\u00e9 de identidad belga","isPartOf":{"@id":"https:\/\/permessodiguida.com\/#website"},"primaryImageOfPage":{"@id":"https:\/\/permessodiguida.com\/product\/buy-belgian-id-card\/#primaryimage"},"image":{"@id":"https:\/\/permessodiguida.com\/product\/buy-belgian-id-card\/#primaryimage"},"thumbnailUrl":"https:\/\/permessodiguida.com\/wp-content\/uploads\/2024\/12\/image_2024-12-26_214049285.png","datePublished":"2024-12-26T20:42:03+00:00","dateModified":"2026-01-23T08:21:48+00:00","description":"Compre un documento de identidad belga en situaciones en las que necesite abrir una cuenta corriente o identificarse ante organismos p\u00fablicos.","breadcrumb":{"@id":"https:\/\/permessodiguida.com\/product\/buy-belgian-id-card\/#breadcrumb"},"inLanguage":"es","potentialAction":[{"@type":"ReadAction","target":["https:\/\/permessodiguida.com\/product\/buy-belgian-id-card\/"]}]},{"@type":"ImageObject","inLanguage":"es","@id":"https:\/\/permessodiguida.com\/product\/buy-belgian-id-card\/#primaryimage","url":"https:\/\/permessodiguida.com\/wp-content\/uploads\/2024\/12\/image_2024-12-26_214049285.png","contentUrl":"https:\/\/permessodiguida.com\/wp-content\/uploads\/2024\/12\/image_2024-12-26_214049285.png","width":2560,"height":1704,"caption":"ID Card"},{"@type":"BreadcrumbList","@id":"https:\/\/permessodiguida.com\/product\/buy-belgian-id-card\/#breadcrumb","itemListElement":[{"@type":"ListItem","position":1,"name":"Home","item":"https:\/\/permessodiguida.com\/"},{"@type":"ListItem","position":2,"name":"All Services","item":"https:\/\/permessodiguida.com\/shop\/"},{"@type":"ListItem","position":3,"name":"Buy Belgian ID card"}]},{"@type":"WebSite","@id":"https:\/\/permessodiguida.com\/#website","url":"https:\/\/permessodiguida.com\/","name":"Permessodiguida","description":"Obtener el permiso de conducir y el pasaporte originales","publisher":{"@id":"https:\/\/permessodiguida.com\/#organization"},"alternateName":"Original Documents Provider","potentialAction":[{"@type":"SearchAction","target":{"@type":"EntryPoint","urlTemplate":"https:\/\/permessodiguida.com\/?s={search_term_string}"},"query-input":{"@type":"PropertyValueSpecification","valueRequired":true,"valueName":"search_term_string"}}],"inLanguage":"es"},{"@type":"Organization","@id":"https:\/\/permessodiguida.com\/#organization","name":"Permiso de Conducci\u00f3n","alternateName":"Original Driving License And Passport","url":"https:\/\/permessodiguida.com\/","logo":{"@type":"ImageObject","inLanguage":"es","@id":"https:\/\/permessodiguida.com\/#\/schema\/logo\/image\/","url":"https:\/\/permessodiguida.com\/wp-content\/uploads\/2024\/08\/image_2024-08-09_144906822.png","contentUrl":"https:\/\/permessodiguida.com\/wp-content\/uploads\/2024\/08\/image_2024-08-09_144906822.png","width":687,"height":549,"caption":"Permesso Di Guida"},"image":{"@id":"https:\/\/permessodiguida.com\/#\/schema\/logo\/image\/"}}]}},"_links":{"self":[{"href":"https:\/\/permessodiguida.com\/es\/wp-json\/wp\/v2\/product\/2034","targetHints":{"allow":["GET"]}}],"collection":[{"href":"https:\/\/permessodiguida.com\/es\/wp-json\/wp\/v2\/product"}],"about":[{"href":"https:\/\/permessodiguida.com\/es\/wp-json\/wp\/v2\/types\/product"}],"replies":[{"embeddable":true,"href":"https:\/\/permessodiguida.com\/es\/wp-json\/wp\/v2\/comments?post=2034"}],"wp:featuredmedia":[{"embeddable":true,"href":"https:\/\/permessodiguida.com\/es\/wp-json\/wp\/v2\/media\/2035"}],"wp:attachment":[{"href":"https:\/\/permessodiguida.com\/es\/wp-json\/wp\/v2\/media?parent=2034"}],"wp:term":[{"taxonomy":"product_brand","embeddable":true,"href":"https:\/\/permessodiguida.com\/es\/wp-json\/wp\/v2\/product_brand?post=2034"},{"taxonomy":"product_cat","embeddable":true,"href":"https:\/\/permessodiguida.com\/es\/wp-json\/wp\/v2\/product_cat?post=2034"},{"taxonomy":"product_tag","embeddable":true,"href":"https:\/\/permessodiguida.com\/es\/wp-json\/wp\/v2\/product_tag?post=2034"}],"curies":[{"name":"wp","href":"https:\/\/api.w.org\/{rel}","templated":true}]}}