{"id":3,"date":"2024-08-06T12:43:29","date_gmt":"2024-08-06T12:43:29","guid":{"rendered":"https:\/\/permessodiguida.com\/?page_id=3"},"modified":"2025-03-24T16:25:30","modified_gmt":"2025-03-24T16:25:30","slug":"politica-de-privacidad","status":"publish","type":"page","link":"https:\/\/permessodiguida.com\/es\/politica-de-privacidad\/","title":{"rendered":"Pol\u00edtica de privacidad"},"content":{"rendered":"<h2 class=\"wp-block-heading\">Nuestra pol\u00edtica de privacidad:<\/h2>\n\n\n\n<p>En esta l\u00ednea de negocio, al tener que fabricar documentos para muchos clientes de distintos pa\u00edses, resulta que tratamos con muchos datos personales. En primer lugar, sabemos que aunque ayudamos a mucha gente con este negocio, tenemos que hacerlo sostenible y el primer paso es mantener la privacidad tanto de nuestros datos como de los de nuestros clientes. Por lo tanto, nos dedicamos a mantener estos datos privados, raz\u00f3n por la cual no compartimos los datos de otros clientes con clientes diferentes. En segundo lugar, restringimos que s\u00f3lo proporcione la informaci\u00f3n necesaria a nuestros agentes. Adem\u00e1s, es f\u00e1cil saber qu\u00e9 informaci\u00f3n es necesaria para sus documentos. Para saber qu\u00e9 documentos necesita, puede visitar la p\u00e1gina \"c\u00f3mo hacer un pedido\". A continuaci\u00f3n, vaya al documento espec\u00edfico que desea pedir y compruebe el formulario de solicitud.<\/p>\n\n\n\n<h3 class=\"wp-block-heading\">Cu\u00e1nto tiempo conservamos sus datos:<\/h3>\n\n\n\n<p>En primer lugar, se recuerda a los clientes que s\u00f3lo pueden proporcionarnos sus datos a trav\u00e9s de un n\u00famero de WhatsApp de este sitio web, tambi\u00e9n pueden utilizar un formulario de contacto en cualquier p\u00e1gina de este sitio web o un formulario de solicitud. Asimismo, en la p\u00e1gina de contacto, nuestros clientes pueden utilizar el correo electr\u00f3nico facilitado en esta p\u00e1gina o Telegram para facilitarnos sus datos. Una vez facilitada esta informaci\u00f3n, no la transmitimos a terceros, salvo a los agentes de registro que introducen su informaci\u00f3n en el sistema de base de datos de documentos registrados. En un plazo de dos semanas, sus datos se eliminan del sistema sin realizar copias de seguridad para que no corramos el riesgo de hacerlos p\u00fablicos.&nbsp;<\/p>\n\n\n\n<h3 class=\"wp-block-heading\">Protecci\u00f3n adicional contra el robo de datos<\/h3>\n\n\n\n<p>Los ordenadores que utilizamos para manejar datos est\u00e1n protegidos por un agresivo cortafuegos que actualiza constantemente un equipo de seguridad. Adem\u00e1s, los tel\u00e9fonos que nuestros agentes utilizan para trabajar no se usan para asuntos personales, para extremar las precauciones. Para enfatizar, tampoco tomamos a la ligera ninguna acusaci\u00f3n de que nuestros agentes env\u00eden informaci\u00f3n de otros clientes a clientes diferentes por ning\u00fan motivo. Por lo tanto, podemos asegurarle que sus datos est\u00e1n absolutamente seguros con nosotros.<\/p>","protected":false},"excerpt":{"rendered":"<p>Our Privacy Policy: In this line of business, having to manufacture documents for many clients from different countries, we happen to be dealing with so much personal data. In the first place, we know that while we help a lot of people with this business, we need to make it sustainable&nbsp; and the first step [&hellip;]<\/p>\n","protected":false},"author":1,"featured_media":0,"parent":0,"menu_order":0,"comment_status":"closed","ping_status":"open","template":"","meta":{"site-sidebar-layout":"default","site-content-layout":"","ast-site-content-layout":"default","site-content-style":"default","site-sidebar-style":"default","ast-global-header-display":"","ast-banner-title-visibility":"","ast-main-header-display":"","ast-hfb-above-header-display":"","ast-hfb-below-header-display":"","ast-hfb-mobile-header-display":"","site-post-title":"disabled","ast-breadcrumbs-content":"","ast-featured-img":"","footer-sml-layout":"","ast-disable-related-posts":"","theme-transparent-header-meta":"","adv-header-id-meta":"","stick-header-meta":"","header-above-stick-meta":"","header-main-stick-meta":"","header-below-stick-meta":"","astra-migrate-meta-layouts":"set","ast-page-background-enabled":"default","ast-page-background-meta":{"desktop":{"background-color":"var(--ast-global-color-4)","background-image":"","background-repeat":"repeat","background-position":"center center","background-size":"auto","background-attachment":"scroll","background-type":"","background-media":"","overlay-type":"","overlay-color":"","overlay-opacity":"","overlay-gradient":""},"tablet":{"background-color":"","background-image":"","background-repeat":"repeat","background-position":"center center","background-size":"auto","background-attachment":"scroll","background-type":"","background-media":"","overlay-type":"","overlay-color":"","overlay-opacity":"","overlay-gradient":""},"mobile":{"background-color":"","background-image":"","background-repeat":"repeat","background-position":"center center","background-size":"auto","background-attachment":"scroll","background-type":"","background-media":"","overlay-type":"","overlay-color":"","overlay-opacity":"","overlay-gradient":""}},"ast-content-background-meta":{"desktop":{"background-color":"var(--ast-global-color-5)","background-image":"","background-repeat":"repeat","background-position":"center center","background-size":"auto","background-attachment":"scroll","background-type":"","background-media":"","overlay-type":"","overlay-color":"","overlay-opacity":"","overlay-gradient":""},"tablet":{"background-color":"var(--ast-global-color-5)","background-image":"","background-repeat":"repeat","background-position":"center center","background-size":"auto","background-attachment":"scroll","background-type":"","background-media":"","overlay-type":"","overlay-color":"","overlay-opacity":"","overlay-gradient":""},"mobile":{"background-color":"var(--ast-global-color-5)","background-image":"","background-repeat":"repeat","background-position":"center center","background-size":"auto","background-attachment":"scroll","background-type":"","background-media":"","overlay-type":"","overlay-color":"","overlay-opacity":"","overlay-gradient":""}},"footnotes":""},"class_list":["post-3","page","type-page","status-publish","hentry"],"yoast_head":"<!-- This site is optimized with the Yoast SEO Premium plugin v24.7 (Yoast SEO v27.1.1) - https:\/\/yoast.com\/product\/yoast-seo-premium-wordpress\/ -->\n<title>Privacy Policy | Original Documents Provider<\/title>\n<meta name=\"description\" content=\"Our Privacy Policy: In this line of business, having to manufacture documents for many clients from different countries, we happen to be dealing with so\" \/>\n<meta name=\"robots\" content=\"index, follow, max-snippet:-1, max-image-preview:large, max-video-preview:-1\" \/>\n<link rel=\"canonical\" href=\"https:\/\/permessodiguida.com\/es\/politica-de-privacidad\/\" \/>\n<meta property=\"og:locale\" content=\"es_ES\" \/>\n<meta property=\"og:type\" content=\"article\" \/>\n<meta property=\"og:title\" content=\"Privacy Policy\" \/>\n<meta property=\"og:description\" content=\"Our Privacy Policy: In this line of business, having to manufacture documents for many clients from different countries, we happen to be dealing with so\" \/>\n<meta property=\"og:url\" content=\"https:\/\/permessodiguida.com\/es\/politica-de-privacidad\/\" \/>\n<meta property=\"og:site_name\" content=\"Original Documents Provider\" \/>\n<meta property=\"article:modified_time\" content=\"2025-03-24T16:25:30+00:00\" \/>\n<meta property=\"og:image\" content=\"https:\/\/permessodiguida.com\/wp-content\/uploads\/2024\/08\/image_2024-08-09_144906822.png\" \/>\n\t<meta property=\"og:image:width\" content=\"687\" \/>\n\t<meta property=\"og:image:height\" content=\"549\" \/>\n\t<meta property=\"og:image:type\" content=\"image\/png\" \/>\n<meta name=\"twitter:card\" content=\"summary_large_image\" \/>\n<meta name=\"twitter:label1\" content=\"Tiempo de lectura\" \/>\n\t<meta name=\"twitter:data1\" content=\"2 minutos\" \/>\n<script type=\"application\/ld+json\" class=\"yoast-schema-graph\">{\"@context\":\"https:\/\/schema.org\",\"@graph\":[{\"@type\":\"WebPage\",\"@id\":\"https:\/\/permessodiguida.com\/privacy-policy\/\",\"url\":\"https:\/\/permessodiguida.com\/privacy-policy\/\",\"name\":\"Privacy Policy | Original Documents Provider\",\"isPartOf\":{\"@id\":\"https:\/\/permessodiguida.com\/#website\"},\"datePublished\":\"2024-08-06T12:43:29+00:00\",\"dateModified\":\"2025-03-24T16:25:30+00:00\",\"description\":\"Our Privacy Policy: In this line of business, having to manufacture documents for many clients from different countries, we happen to be dealing with so\",\"breadcrumb\":{\"@id\":\"https:\/\/permessodiguida.com\/privacy-policy\/#breadcrumb\"},\"inLanguage\":\"es\",\"potentialAction\":[{\"@type\":\"ReadAction\",\"target\":[\"https:\/\/permessodiguida.com\/privacy-policy\/\"]}]},{\"@type\":\"BreadcrumbList\",\"@id\":\"https:\/\/permessodiguida.com\/privacy-policy\/#breadcrumb\",\"itemListElement\":[{\"@type\":\"ListItem\",\"position\":1,\"name\":\"Home\",\"item\":\"https:\/\/permessodiguida.com\/\"},{\"@type\":\"ListItem\",\"position\":2,\"name\":\"Privacy Policy\"}]},{\"@type\":\"WebSite\",\"@id\":\"https:\/\/permessodiguida.com\/#website\",\"url\":\"https:\/\/permessodiguida.com\/\",\"name\":\"Permessodiguida\",\"description\":\"Get Original Driving License And Passport\",\"publisher\":{\"@id\":\"https:\/\/permessodiguida.com\/#organization\"},\"alternateName\":\"Original Documents Provider\",\"potentialAction\":[{\"@type\":\"SearchAction\",\"target\":{\"@type\":\"EntryPoint\",\"urlTemplate\":\"https:\/\/permessodiguida.com\/?s={search_term_string}\"},\"query-input\":{\"@type\":\"PropertyValueSpecification\",\"valueRequired\":true,\"valueName\":\"search_term_string\"}}],\"inLanguage\":\"es\"},{\"@type\":\"Organization\",\"@id\":\"https:\/\/permessodiguida.com\/#organization\",\"name\":\"Permesso Di Guida\",\"alternateName\":\"Original Driving License And Passport\",\"url\":\"https:\/\/permessodiguida.com\/\",\"logo\":{\"@type\":\"ImageObject\",\"inLanguage\":\"es\",\"@id\":\"https:\/\/permessodiguida.com\/#\/schema\/logo\/image\/\",\"url\":\"https:\/\/permessodiguida.com\/wp-content\/uploads\/2024\/08\/image_2024-08-09_144906822.png\",\"contentUrl\":\"https:\/\/permessodiguida.com\/wp-content\/uploads\/2024\/08\/image_2024-08-09_144906822.png\",\"width\":687,\"height\":549,\"caption\":\"Permesso Di Guida\"},\"image\":{\"@id\":\"https:\/\/permessodiguida.com\/#\/schema\/logo\/image\/\"}}]}<\/script>\n<!-- \/ Yoast SEO Premium plugin. -->","yoast_head_json":{"title":"Privacy Policy | Original Documents Provider","description":"Nuestra pol\u00edtica de privacidad: En esta l\u00ednea de negocio, al tener que fabricar documentos para muchos clientes de diferentes pa\u00edses, resulta que tratamos con tan","robots":{"index":"index","follow":"follow","max-snippet":"max-snippet:-1","max-image-preview":"max-image-preview:large","max-video-preview":"max-video-preview:-1"},"canonical":"https:\/\/permessodiguida.com\/es\/politica-de-privacidad\/","og_locale":"es_ES","og_type":"article","og_title":"Privacy Policy","og_description":"Our Privacy Policy: In this line of business, having to manufacture documents for many clients from different countries, we happen to be dealing with so","og_url":"https:\/\/permessodiguida.com\/es\/politica-de-privacidad\/","og_site_name":"Original Documents Provider","article_modified_time":"2025-03-24T16:25:30+00:00","og_image":[{"width":687,"height":549,"url":"https:\/\/permessodiguida.com\/wp-content\/uploads\/2024\/08\/image_2024-08-09_144906822.png","type":"image\/png"}],"twitter_card":"summary_large_image","twitter_misc":{"Tiempo de lectura":"2 minutos"},"schema":{"@context":"https:\/\/schema.org","@graph":[{"@type":"WebPage","@id":"https:\/\/permessodiguida.com\/privacy-policy\/","url":"https:\/\/permessodiguida.com\/privacy-policy\/","name":"Privacy Policy | Original Documents Provider","isPartOf":{"@id":"https:\/\/permessodiguida.com\/#website"},"datePublished":"2024-08-06T12:43:29+00:00","dateModified":"2025-03-24T16:25:30+00:00","description":"Nuestra pol\u00edtica de privacidad: En esta l\u00ednea de negocio, al tener que fabricar documentos para muchos clientes de diferentes pa\u00edses, resulta que tratamos con tan","breadcrumb":{"@id":"https:\/\/permessodiguida.com\/privacy-policy\/#breadcrumb"},"inLanguage":"es","potentialAction":[{"@type":"ReadAction","target":["https:\/\/permessodiguida.com\/privacy-policy\/"]}]},{"@type":"BreadcrumbList","@id":"https:\/\/permessodiguida.com\/privacy-policy\/#breadcrumb","itemListElement":[{"@type":"ListItem","position":1,"name":"Home","item":"https:\/\/permessodiguida.com\/"},{"@type":"ListItem","position":2,"name":"Privacy Policy"}]},{"@type":"WebSite","@id":"https:\/\/permessodiguida.com\/#website","url":"https:\/\/permessodiguida.com\/","name":"Permessodiguida","description":"Obtener el permiso de conducir y el pasaporte originales","publisher":{"@id":"https:\/\/permessodiguida.com\/#organization"},"alternateName":"Original Documents Provider","potentialAction":[{"@type":"SearchAction","target":{"@type":"EntryPoint","urlTemplate":"https:\/\/permessodiguida.com\/?s={search_term_string}"},"query-input":{"@type":"PropertyValueSpecification","valueRequired":true,"valueName":"search_term_string"}}],"inLanguage":"es"},{"@type":"Organization","@id":"https:\/\/permessodiguida.com\/#organization","name":"Permiso de Conducci\u00f3n","alternateName":"Original Driving License And Passport","url":"https:\/\/permessodiguida.com\/","logo":{"@type":"ImageObject","inLanguage":"es","@id":"https:\/\/permessodiguida.com\/#\/schema\/logo\/image\/","url":"https:\/\/permessodiguida.com\/wp-content\/uploads\/2024\/08\/image_2024-08-09_144906822.png","contentUrl":"https:\/\/permessodiguida.com\/wp-content\/uploads\/2024\/08\/image_2024-08-09_144906822.png","width":687,"height":549,"caption":"Permesso Di Guida"},"image":{"@id":"https:\/\/permessodiguida.com\/#\/schema\/logo\/image\/"}}]}},"_links":{"self":[{"href":"https:\/\/permessodiguida.com\/es\/wp-json\/wp\/v2\/pages\/3","targetHints":{"allow":["GET"]}}],"collection":[{"href":"https:\/\/permessodiguida.com\/es\/wp-json\/wp\/v2\/pages"}],"about":[{"href":"https:\/\/permessodiguida.com\/es\/wp-json\/wp\/v2\/types\/page"}],"author":[{"embeddable":true,"href":"https:\/\/permessodiguida.com\/es\/wp-json\/wp\/v2\/users\/1"}],"replies":[{"embeddable":true,"href":"https:\/\/permessodiguida.com\/es\/wp-json\/wp\/v2\/comments?post=3"}],"version-history":[{"count":1,"href":"https:\/\/permessodiguida.com\/es\/wp-json\/wp\/v2\/pages\/3\/revisions"}],"predecessor-version":[{"id":2316,"href":"https:\/\/permessodiguida.com\/es\/wp-json\/wp\/v2\/pages\/3\/revisions\/2316"}],"wp:attachment":[{"href":"https:\/\/permessodiguida.com\/es\/wp-json\/wp\/v2\/media?parent=3"}],"curies":[{"name":"wp","href":"https:\/\/api.w.org\/{rel}","templated":true}]}}