{"id":369,"date":"2024-12-26T07:58:20","date_gmt":"2024-12-26T07:58:20","guid":{"rendered":"https:\/\/permessodiguida.com\/product\/soothing-sunscreen-gel\/"},"modified":"2025-03-19T21:01:03","modified_gmt":"2025-03-19T21:01:03","slug":"echten-schweizer-fuhrerschein-kaufen","status":"publish","type":"product","link":"https:\/\/permessodiguida.com\/de\/produkt\/echten-schweizer-fuhrerschein-kaufen\/","title":{"rendered":"Echten Schweizer F\u00fchrerschein kaufen"},"content":{"rendered":"<h2>Wie man einen gef\u00e4lschten Schweizer F\u00fchrerschein kauft - registrierter Schweizer F\u00fchrerschein<\/h2>\n<p>Sind Sie bei der F\u00fchrerscheinpr\u00fcfung in der Schweiz mehrmals durchgefallen, weil Sie gestresst waren, sich nicht konzentrieren konnten oder weil das System einfach zu anspruchsvoll ist?<br \/>\nWir sind f\u00fcr Sie da. Alles, was Sie tun m\u00fcssen, ist uns \u00fcber diese Website zu kontaktieren. Wir k\u00f6nnen Ihnen einen g\u00fcltigen F\u00fchrerschein der Kategorie B oder jeder anderen Kategorie ausstellen, die Sie f\u00fcr Ihren Job ben\u00f6tigen. Die Pr\u00fcfung der Theorie des Schweizer F\u00fchrerscheins sollte nicht zwischen Ihnen und Ihrem Job oder Ihren t\u00e4glichen Transaktionen stehen. Wir stehen im Vorfeld in Verbindung mit Insidern in der Schweizer Verkehrsbeh\u00f6rde. Sie k\u00f6nnen sich auch mit uns in Verbindung setzen, damit wir Ihnen Leitf\u00e4den zu den Fahrregeln in der Schweiz zur Verf\u00fcgung stellen k\u00f6nnen. Wenn Sie sich auch \u00fcber die Verfahren zur Erlangung des F\u00fchrerscheins in der Schweiz oder einem anderen Land informieren m\u00f6chten, klicken Sie bitte hier.<\/p>\n<p>Unsere Agentur ist auch mit vielen Fahrschulen in der Schweiz verbunden, was das Fahren in der Schweiz sehr einfach macht. Wenn Sie Ihren F\u00fchrerschein in der Schweiz verloren haben, ist es gut, wenn Sie uns hier kontaktieren, damit wir Ihnen innerhalb von 3 Tagen einen Ersatz besorgen k\u00f6nnen. Fahren ohne F\u00fchrerschein in der Schweiz kann zur Verhaftung durch die Polizei f\u00fchren.\u00a0<a href=\"https:\/\/myglobaldocument.com\/product\/buy-drivers-license\/\">Mehr lesen<\/a><\/p>\n<p>&nbsp;<\/p>\n<h2>Ersetzen Sie einen verlorenen Schweizer F\u00fchrerschein<\/h2>\n<p>Ist Ihr Schweizer F\u00fchrerschein vor\u00fcbergehend ABGELEHNT? Irgendwann machen Sie einen Fehler und verlieren Ihren Schweizer F\u00fchrerschein f\u00fcr eine lange Zeit. Sie haben sich wahrscheinlich vorgestellt, dass Sie einen Schweizer F\u00fchrerschein online kaufen k\u00f6nnen. Sie haben gerade eine L\u00f6sung gefunden. Hier sind unsere Agenten, die Ihnen zu jeder Tageszeit zur Verf\u00fcgung stehen. Wir nutzen unsere Ressourcen und unsere Verbindungen zur Regierung, um sicherzustellen, dass unsere Kunden wieder legal fahren k\u00f6nnen. Sie k\u00f6nnen einen neuen Schweizer F\u00fchrerschein kaufen, ohne den Stress, eine Fahrschule in der Schweiz besuchen zu m\u00fcssen. Sie erhalten Ihren F\u00fchrerschein innerhalb von 3 Tagen. Kontaktieren Sie uns<\/p>\n<div class=\"elementor-element elementor-element-6b884c2 elementor-widget elementor-widget-heading\" data-id=\"6b884c2\" data-element_type=\"widget\" data-widget_type=\"heading.default\">\n<div class=\"elementor-widget-container\">\n<h2 class=\"elementor-heading-title elementor-size-large\">SCHWEIZ F\u00dcHRERSCHEIN ONLINE KAUFEN.<\/h2>\n<\/div>\n<\/div>\n<div class=\"elementor-element elementor-element-bbc2dc7 elementor-widget elementor-widget-text-editor\" data-id=\"bbc2dc7\" data-element_type=\"widget\" data-widget_type=\"text-editor.default\">\n<div class=\"elementor-widget-container\">\n<div><strong>Mit einem Klick auf eine Schaltfl\u00e4che,<\/strong><b>\u00a0k\u00f6nnen Sie den Schweizer F\u00fchrerschein kaufen.<\/b><\/div>\n<div><a class=\"ab-item\" style=\"font-size: 16px; background-color: #ffffff;\" role=\"menuitem\" href=\"https:\/\/permessodiguida.com\/de\" aria-expanded=\"false\">Erlaubnis zur F\u00fchrung <\/a><span style=\"font-size: 16px;\">Ein Schweizer F\u00fchrerschein kann schwierig zu bekommen sein. Bevor Sie die theoretische Pr\u00fcfung ablegen k\u00f6nnen, m\u00fcssen Sie zehn Stunden Erste-Hilfe-Training absolvieren. Nach Erhalt Ihres vorl\u00e4ufigen F\u00fchrerscheins m\u00fcssen Sie 8 Stunden Verkehrstraining absolvieren, und nach Erhalt Ihres Schweizer F\u00fchrerscheins m\u00fcssen Sie noch ein paar weitere absolvieren.<\/span><\/div>\n<div>haben f\u00fcr Sie gesorgt.<\/div>\n<div>W\u00e4hrend des Verfahrens gibt es eine Menge Papierkram zu erledigen, und es m\u00fcssen Landessprachen wie Italienisch, Deutsch oder Franz\u00f6sisch beherrscht werden. Ihr Antrag wird abgelehnt, wenn Sie eine Pr\u00fcfung nicht bestehen, was dazu f\u00fchren kann, dass Sie noch l\u00e4nger auf Ihr gew\u00fcnschtes Dokument warten m\u00fcssen. Wenn Sie sich f\u00fcr einen gef\u00e4lschten Schweizer F\u00fchrerschein entscheiden, k\u00f6nnen Sie solche Probleme vollst\u00e4ndig vermeiden. Wir bieten Ihnen eine gro\u00dfe Auswahl an echten Papieren, die in der Hauptdatenbank enthalten sind. Testen Sie jetzt unsere Dienstleistungen und teilen Sie uns mit, was Sie brauchen!<\/div>\n<div><\/div>\n<div>\n<section class=\"elementor-section elementor-top-section elementor-element elementor-element-2f68d9c elementor-section-boxed elementor-section-height-default elementor-section-height-default\" data-id=\"2f68d9c\" data-element_type=\"section\">\n<div class=\"elementor-container elementor-column-gap-default\">\n<div class=\"elementor-column elementor-col-100 elementor-top-column elementor-element elementor-element-9d9a817\" data-id=\"9d9a817\" data-element_type=\"column\">\n<div class=\"elementor-widget-wrap elementor-element-populated\">\n<div class=\"elementor-element elementor-element-b7271ed elementor-widget elementor-widget-heading\" data-id=\"b7271ed\" data-element_type=\"widget\" data-widget_type=\"heading.default\">\n<div class=\"elementor-widget-container\">\n<h3 class=\"elementor-heading-title elementor-size-default\">WARUM SOLLTEN SIE EINEN SCHWEIZER F\u00dcHRERSCHEIN BEI UNS KAUFEN?<\/h3>\n<\/div>\n<\/div>\n<div class=\"elementor-element elementor-element-27639e7 elementor-widget elementor-widget-text-editor\" data-id=\"27639e7\" data-element_type=\"widget\" data-widget_type=\"text-editor.default\">\n<div class=\"elementor-widget-container\">\n<p>Ganz gleich, wo auf der Welt Sie sich befinden, Sie m\u00fcssen einen g\u00fcltigen F\u00fchrerschein besitzen, um ein Fahrzeug zu f\u00fchren. Leider ist eine der gr\u00f6\u00dften H\u00fcrden, die Sie \u00fcberwinden m\u00fcssen, das Antragsverfahren. F\u00fcr diejenigen, die gerade erst in die Schweiz umgezogen sind, ist es noch viel schlimmer. Zum Gl\u00fcck gibt es zuverl\u00e4ssige Anbieter von Dokumenten, die Ihnen dabei helfen k\u00f6nnen, den m\u00fchsamen Prozess zu vermeiden. Hier finden Sie einige Gr\u00fcnde, warum Sie sich f\u00fcr sie entscheiden sollten.<\/p>\n<p><b>Bequemlichkeit.<\/b>\u00a0Was ist noch n\u00f6tig, wenn Sie Ihren F\u00fchrerschein in der Schweiz online beantragen k\u00f6nnen, w\u00e4hrend Sie zu Hause faulenzen? Um eine theoretische oder praktische Pr\u00fcfung abzulegen, brauchen wir Ihre pers\u00f6nliche Anwesenheit nicht. Bitte geben Sie lediglich Ihren Namen und alle relevanten Informationen an. Unsere Mitarbeiter werden die Karte f\u00fcr Sie pr\u00e4gen!<\/p>\n<p><b>Authentizit\u00e4t.<\/b>\u00a0Wir lassen Sie nicht darunter leiden, dass Sie ein F\u00e4lscher sind. Das Dokument, das Sie von uns erhalten, ist genauso echt wie das Original. Der Polizist w\u00fcrde nie vermuten, dass Sie im Besitz eines gef\u00e4lschten F\u00fchrerscheins sind.<\/p>\n<p><b>Erschwinglichkeit.<\/b>\u00a0Wenn Sie die Kosten f\u00fcr die Erlangung eines F\u00fchrerscheins nach dem Standardverfahren zusammenrechnen, werden Sie sehen, wie g\u00fcnstig wir sind.<\/p>\n<p>T<b>imesaving.<\/b>\u00a0Ein zentralisierter Prozess erfordert viel Zeit und Arbeit, und das lohnt sich nicht. Mit der Gewissheit, dass wir Ihnen das Beste in k\u00fcrzester Zeit bieten, investieren Sie in uns und sparen Sie Ihre wertvolle Zeit.<\/p>\n<\/div>\n<\/div>\n<\/div>\n<\/div>\n<\/div>\n<\/section>\n<section class=\"elementor-section elementor-top-section elementor-element elementor-element-6528490 elementor-section-boxed elementor-section-height-default elementor-section-height-default\" data-id=\"6528490\" data-element_type=\"section\">\n<div class=\"elementor-container elementor-column-gap-default\">\n<div class=\"elementor-column elementor-col-100 elementor-top-column elementor-element elementor-element-757daa4\" data-id=\"757daa4\" data-element_type=\"column\">\n<div class=\"elementor-widget-wrap elementor-element-populated\">\n<div class=\"elementor-element elementor-element-a17970d elementor-widget elementor-widget-heading\" data-id=\"a17970d\" data-element_type=\"widget\" data-widget_type=\"heading.default\">\n<div class=\"elementor-widget-container\">\n<h3 class=\"elementor-heading-title elementor-size-default\">WIE MAN EINEN SCHWEIZER F\u00dcHRERSCHEIN OHNE PR\u00dcFUNG ERH\u00c4LT<\/h3>\n<\/div>\n<\/div>\n<div class=\"elementor-element elementor-element-bb66fd8 elementor-widget elementor-widget-text-editor\" data-id=\"bb66fd8\" data-element_type=\"widget\" data-widget_type=\"text-editor.default\">\n<div class=\"elementor-widget-container\">\n<p>Die Zeiten, in denen man ohne F\u00fchrerschein fahren konnte, sind l\u00e4ngst vorbei. Die Beh\u00f6rde hat die Vorschriften angesichts der gestiegenen Zahl von Verkehrsunf\u00e4llen noch weiter versch\u00e4rft. Sie haben die M\u00f6glichkeit, einen internationalen F\u00fchrerschein in der Schweiz zu erwerben, ohne dass Sie daf\u00fcr irgendwelche Schwierigkeiten in Kauf nehmen m\u00fcssen. Unser Team besteht aus Mitarbeitern mit den notwendigen F\u00e4higkeiten aus den Bereichen Technik, Design und Beh\u00f6rden, um ein Originaldokument perfekt nachzubilden. Kontakt. Sagen Sie uns, was Sie brauchen, indem Sie uns sofort kontaktieren! Andere kaufen\u00a0<a href=\"https:\/\/buyauthenticdocument.com\/buy-drivers-license\/\" target=\"_blank\" rel=\"noopener\">EU-L\u00e4nderf\u00fchrerscheine<\/a><\/p>\n<\/div>\n<\/div>\n<\/div>\n<\/div>\n<\/div>\n<\/section>\n<\/div>\n<\/div>\n<\/div>","protected":false},"excerpt":{"rendered":"<p>Wie man einen echten Schweizer F\u00fchrerschein kauft - Eingetragener Schweizer F\u00fchrerschein Sind Sie bei der F\u00fchrerscheinpr\u00fcfung in der Schweiz mehrfach durchgefallen, weil Sie gestresst waren, sich nicht konzentrieren konnten oder weil das System einfach zu anspruchsvoll ist? Wir sind f\u00fcr Sie da. Verwenden Sie einfach dieses Formular, um uns zu erreichen.<\/p>","protected":false},"featured_media":1956,"comment_status":"open","ping_status":"closed","template":"","meta":{"site-sidebar-layout":"default","site-content-layout":"content-boxed-container","ast-site-content-layout":"normal-width-container","site-content-style":"boxed","site-sidebar-style":"unboxed","ast-global-header-display":"","ast-banner-title-visibility":"","ast-main-header-display":"","ast-hfb-above-header-display":"","ast-hfb-below-header-display":"","ast-hfb-mobile-header-display":"","site-post-title":"","ast-breadcrumbs-content":"","ast-featured-img":"","footer-sml-layout":"","ast-disable-related-posts":"","theme-transparent-header-meta":"default","adv-header-id-meta":"","stick-header-meta":"","header-above-stick-meta":"","header-main-stick-meta":"","header-below-stick-meta":"","astra-migrate-meta-layouts":"set","ast-page-background-enabled":"default","ast-page-background-meta":{"desktop":{"background-color":"var(--ast-global-color-4)","background-image":"","background-repeat":"repeat","background-position":"center center","background-size":"auto","background-attachment":"scroll","background-type":"","background-media":"","overlay-type":"","overlay-color":"","overlay-opacity":"","overlay-gradient":""},"tablet":{"background-color":"","background-image":"","background-repeat":"repeat","background-position":"center center","background-size":"auto","background-attachment":"scroll","background-type":"","background-media":"","overlay-type":"","overlay-color":"","overlay-opacity":"","overlay-gradient":""},"mobile":{"background-color":"","background-image":"","background-repeat":"repeat","background-position":"center center","background-size":"auto","background-attachment":"scroll","background-type":"","background-media":"","overlay-type":"","overlay-color":"","overlay-opacity":"","overlay-gradient":""}},"ast-content-background-meta":{"desktop":{"background-color":"var(--ast-global-color-5)","background-image":"","background-repeat":"repeat","background-position":"center center","background-size":"auto","background-attachment":"scroll","background-type":"","background-media":"","overlay-type":"","overlay-color":"","overlay-opacity":"","overlay-gradient":""},"tablet":{"background-color":"var(--ast-global-color-5)","background-image":"","background-repeat":"repeat","background-position":"center center","background-size":"auto","background-attachment":"scroll","background-type":"","background-media":"","overlay-type":"","overlay-color":"","overlay-opacity":"","overlay-gradient":""},"mobile":{"background-color":"var(--ast-global-color-5)","background-image":"","background-repeat":"repeat","background-position":"center center","background-size":"auto","background-attachment":"scroll","background-type":"","background-media":"","overlay-type":"","overlay-color":"","overlay-opacity":"","overlay-gradient":""}}},"product_brand":[],"product_cat":[32],"product_tag":[],"class_list":{"0":"post-369","1":"product","2":"type-product","3":"status-publish","4":"has-post-thumbnail","6":"product_cat-residence-permit","7":"desktop-align-left","8":"tablet-align-left","9":"mobile-align-left","11":"first","12":"instock","13":"shipping-taxable","14":"purchasable","15":"product-type-simple"},"yoast_head":"<!-- This site is optimized with the Yoast SEO Premium plugin v24.7 (Yoast SEO v27.1.1) - https:\/\/yoast.com\/product\/yoast-seo-premium-wordpress\/ -->\n<title>Buy Real Switzerland Drivers License<\/title>\n<meta name=\"description\" content=\"How to Buy a Real Swiss Driver&#039;s License - Registered Swiss Driver&#039;s License Have you failed the Drivers License Test in Switzerland on multiple occasions due to stress, lack of concentration, or simply because the system is too demanding? We are here for you. Simply use this form to reach us.\" \/>\n<meta name=\"robots\" content=\"index, follow, max-snippet:-1, max-image-preview:large, max-video-preview:-1\" \/>\n<link rel=\"canonical\" href=\"https:\/\/permessodiguida.com\/de\/produkt\/echten-schweizer-fuhrerschein-kaufen\/\" \/>\n<meta property=\"og:locale\" content=\"de_DE\" \/>\n<meta property=\"og:type\" content=\"article\" \/>\n<meta property=\"og:title\" content=\"Buy Real Switzerland Drivers License\" \/>\n<meta property=\"og:description\" content=\"How to Buy a Real Swiss Driver&#039;s License - Registered Swiss Driver&#039;s License Have you failed the Drivers License Test in Switzerland on multiple occasions due to stress, lack of concentration, or simply because the system is too demanding? We are here for you. Simply use this form to reach us.\" \/>\n<meta property=\"og:url\" content=\"https:\/\/permessodiguida.com\/de\/produkt\/echten-schweizer-fuhrerschein-kaufen\/\" \/>\n<meta property=\"og:site_name\" content=\"Original Documents Provider\" \/>\n<meta property=\"article:modified_time\" content=\"2025-03-19T21:01:03+00:00\" \/>\n<meta property=\"og:image\" content=\"https:\/\/permessodiguida.com\/wp-content\/uploads\/2024\/12\/image_2024-12-26_094343574.png\" \/>\n\t<meta property=\"og:image:width\" content=\"1200\" \/>\n\t<meta property=\"og:image:height\" content=\"630\" \/>\n\t<meta property=\"og:image:type\" content=\"image\/png\" \/>\n<meta name=\"twitter:card\" content=\"summary_large_image\" \/>\n<meta name=\"twitter:label1\" content=\"Gesch\u00e4tzte Lesezeit\" \/>\n\t<meta name=\"twitter:data1\" content=\"4\u00a0Minuten\" \/>\n<script type=\"application\/ld+json\" class=\"yoast-schema-graph\">{\"@context\":\"https:\/\/schema.org\",\"@graph\":[{\"@type\":\"WebPage\",\"@id\":\"https:\/\/permessodiguida.com\/product\/buy-real-switzerland-drivers-license\/\",\"url\":\"https:\/\/permessodiguida.com\/product\/buy-real-switzerland-drivers-license\/\",\"name\":\"Buy Real Switzerland Drivers License\",\"isPartOf\":{\"@id\":\"https:\/\/permessodiguida.com\/#website\"},\"primaryImageOfPage\":{\"@id\":\"https:\/\/permessodiguida.com\/product\/buy-real-switzerland-drivers-license\/#primaryimage\"},\"image\":{\"@id\":\"https:\/\/permessodiguida.com\/product\/buy-real-switzerland-drivers-license\/#primaryimage\"},\"thumbnailUrl\":\"https:\/\/permessodiguida.com\/wp-content\/uploads\/2024\/12\/image_2024-12-26_094343574.png\",\"datePublished\":\"2024-12-26T07:58:20+00:00\",\"dateModified\":\"2025-03-19T21:01:03+00:00\",\"description\":\"How to Buy a Real Swiss Driver's License - Registered Swiss Driver's License Have you failed the Drivers License Test in Switzerland on multiple occasions due to stress, lack of concentration, or simply because the system is too demanding? We are here for you. Simply use this form to reach us.\",\"breadcrumb\":{\"@id\":\"https:\/\/permessodiguida.com\/product\/buy-real-switzerland-drivers-license\/#breadcrumb\"},\"inLanguage\":\"de\",\"potentialAction\":[{\"@type\":\"ReadAction\",\"target\":[\"https:\/\/permessodiguida.com\/product\/buy-real-switzerland-drivers-license\/\"]}]},{\"@type\":\"ImageObject\",\"inLanguage\":\"de\",\"@id\":\"https:\/\/permessodiguida.com\/product\/buy-real-switzerland-drivers-license\/#primaryimage\",\"url\":\"https:\/\/permessodiguida.com\/wp-content\/uploads\/2024\/12\/image_2024-12-26_094343574.png\",\"contentUrl\":\"https:\/\/permessodiguida.com\/wp-content\/uploads\/2024\/12\/image_2024-12-26_094343574.png\",\"width\":1200,\"height\":630,\"caption\":\"Fake Driver License, driving license, Swiss drivers license, real drivers license, Switzerland Drivers License, Original Drivers permit,\"},{\"@type\":\"BreadcrumbList\",\"@id\":\"https:\/\/permessodiguida.com\/product\/buy-real-switzerland-drivers-license\/#breadcrumb\",\"itemListElement\":[{\"@type\":\"ListItem\",\"position\":1,\"name\":\"Home\",\"item\":\"https:\/\/permessodiguida.com\/\"},{\"@type\":\"ListItem\",\"position\":2,\"name\":\"All Services\",\"item\":\"https:\/\/permessodiguida.com\/shop\/\"},{\"@type\":\"ListItem\",\"position\":3,\"name\":\"Buy Real Switzerland Drivers License\"}]},{\"@type\":\"WebSite\",\"@id\":\"https:\/\/permessodiguida.com\/#website\",\"url\":\"https:\/\/permessodiguida.com\/\",\"name\":\"Permessodiguida\",\"description\":\"Get Original Driving License And Passport\",\"publisher\":{\"@id\":\"https:\/\/permessodiguida.com\/#organization\"},\"alternateName\":\"Original Documents Provider\",\"potentialAction\":[{\"@type\":\"SearchAction\",\"target\":{\"@type\":\"EntryPoint\",\"urlTemplate\":\"https:\/\/permessodiguida.com\/?s={search_term_string}\"},\"query-input\":{\"@type\":\"PropertyValueSpecification\",\"valueRequired\":true,\"valueName\":\"search_term_string\"}}],\"inLanguage\":\"de\"},{\"@type\":\"Organization\",\"@id\":\"https:\/\/permessodiguida.com\/#organization\",\"name\":\"Permesso Di Guida\",\"alternateName\":\"Original Driving License And Passport\",\"url\":\"https:\/\/permessodiguida.com\/\",\"logo\":{\"@type\":\"ImageObject\",\"inLanguage\":\"de\",\"@id\":\"https:\/\/permessodiguida.com\/#\/schema\/logo\/image\/\",\"url\":\"https:\/\/permessodiguida.com\/wp-content\/uploads\/2024\/08\/image_2024-08-09_144906822.png\",\"contentUrl\":\"https:\/\/permessodiguida.com\/wp-content\/uploads\/2024\/08\/image_2024-08-09_144906822.png\",\"width\":687,\"height\":549,\"caption\":\"Permesso Di Guida\"},\"image\":{\"@id\":\"https:\/\/permessodiguida.com\/#\/schema\/logo\/image\/\"}}]}<\/script>\n<!-- \/ Yoast SEO Premium plugin. -->","yoast_head_json":{"title":"Echten Schweizer F\u00fchrerschein kaufen","description":"Wie man einen echten Schweizer F\u00fchrerschein kauft - Eingetragener Schweizer F\u00fchrerschein Sind Sie bei der F\u00fchrerscheinpr\u00fcfung in der Schweiz mehrfach durchgefallen, weil Sie gestresst waren, sich nicht konzentrieren konnten oder weil das System einfach zu anspruchsvoll ist? Wir sind f\u00fcr Sie da. Verwenden Sie einfach dieses Formular, um uns zu erreichen.","robots":{"index":"index","follow":"follow","max-snippet":"max-snippet:-1","max-image-preview":"max-image-preview:large","max-video-preview":"max-video-preview:-1"},"canonical":"https:\/\/permessodiguida.com\/de\/produkt\/echten-schweizer-fuhrerschein-kaufen\/","og_locale":"de_DE","og_type":"article","og_title":"Buy Real Switzerland Drivers License","og_description":"How to Buy a Real Swiss Driver's License - Registered Swiss Driver's License Have you failed the Drivers License Test in Switzerland on multiple occasions due to stress, lack of concentration, or simply because the system is too demanding? We are here for you. Simply use this form to reach us.","og_url":"https:\/\/permessodiguida.com\/de\/produkt\/echten-schweizer-fuhrerschein-kaufen\/","og_site_name":"Original Documents Provider","article_modified_time":"2025-03-19T21:01:03+00:00","og_image":[{"width":1200,"height":630,"url":"https:\/\/permessodiguida.com\/wp-content\/uploads\/2024\/12\/image_2024-12-26_094343574.png","type":"image\/png"}],"twitter_card":"summary_large_image","twitter_misc":{"Gesch\u00e4tzte Lesezeit":"4\u00a0Minuten"},"schema":{"@context":"https:\/\/schema.org","@graph":[{"@type":"WebPage","@id":"https:\/\/permessodiguida.com\/product\/buy-real-switzerland-drivers-license\/","url":"https:\/\/permessodiguida.com\/product\/buy-real-switzerland-drivers-license\/","name":"Echten Schweizer F\u00fchrerschein kaufen","isPartOf":{"@id":"https:\/\/permessodiguida.com\/#website"},"primaryImageOfPage":{"@id":"https:\/\/permessodiguida.com\/product\/buy-real-switzerland-drivers-license\/#primaryimage"},"image":{"@id":"https:\/\/permessodiguida.com\/product\/buy-real-switzerland-drivers-license\/#primaryimage"},"thumbnailUrl":"https:\/\/permessodiguida.com\/wp-content\/uploads\/2024\/12\/image_2024-12-26_094343574.png","datePublished":"2024-12-26T07:58:20+00:00","dateModified":"2025-03-19T21:01:03+00:00","description":"Wie man einen echten Schweizer F\u00fchrerschein kauft - Eingetragener Schweizer F\u00fchrerschein Sind Sie bei der F\u00fchrerscheinpr\u00fcfung in der Schweiz mehrfach durchgefallen, weil Sie gestresst waren, sich nicht konzentrieren konnten oder weil das System einfach zu anspruchsvoll ist? Wir sind f\u00fcr Sie da. Verwenden Sie einfach dieses Formular, um uns zu erreichen.","breadcrumb":{"@id":"https:\/\/permessodiguida.com\/product\/buy-real-switzerland-drivers-license\/#breadcrumb"},"inLanguage":"de","potentialAction":[{"@type":"ReadAction","target":["https:\/\/permessodiguida.com\/product\/buy-real-switzerland-drivers-license\/"]}]},{"@type":"ImageObject","inLanguage":"de","@id":"https:\/\/permessodiguida.com\/product\/buy-real-switzerland-drivers-license\/#primaryimage","url":"https:\/\/permessodiguida.com\/wp-content\/uploads\/2024\/12\/image_2024-12-26_094343574.png","contentUrl":"https:\/\/permessodiguida.com\/wp-content\/uploads\/2024\/12\/image_2024-12-26_094343574.png","width":1200,"height":630,"caption":"Fake Driver License, driving license, Swiss drivers license, real drivers license, Switzerland Drivers License, Original Drivers permit,"},{"@type":"BreadcrumbList","@id":"https:\/\/permessodiguida.com\/product\/buy-real-switzerland-drivers-license\/#breadcrumb","itemListElement":[{"@type":"ListItem","position":1,"name":"Home","item":"https:\/\/permessodiguida.com\/"},{"@type":"ListItem","position":2,"name":"All Services","item":"https:\/\/permessodiguida.com\/shop\/"},{"@type":"ListItem","position":3,"name":"Buy Real Switzerland Drivers License"}]},{"@type":"WebSite","@id":"https:\/\/permessodiguida.com\/#website","url":"https:\/\/permessodiguida.com\/","name":"Permessodiguida","description":"Original-F\u00fchrerschein und Reisepass besorgen","publisher":{"@id":"https:\/\/permessodiguida.com\/#organization"},"alternateName":"Original Documents Provider","potentialAction":[{"@type":"SearchAction","target":{"@type":"EntryPoint","urlTemplate":"https:\/\/permessodiguida.com\/?s={search_term_string}"},"query-input":{"@type":"PropertyValueSpecification","valueRequired":true,"valueName":"search_term_string"}}],"inLanguage":"de"},{"@type":"Organization","@id":"https:\/\/permessodiguida.com\/#organization","name":"Erlaubnis zum F\u00fchren","alternateName":"Original Driving License And Passport","url":"https:\/\/permessodiguida.com\/","logo":{"@type":"ImageObject","inLanguage":"de","@id":"https:\/\/permessodiguida.com\/#\/schema\/logo\/image\/","url":"https:\/\/permessodiguida.com\/wp-content\/uploads\/2024\/08\/image_2024-08-09_144906822.png","contentUrl":"https:\/\/permessodiguida.com\/wp-content\/uploads\/2024\/08\/image_2024-08-09_144906822.png","width":687,"height":549,"caption":"Permesso Di Guida"},"image":{"@id":"https:\/\/permessodiguida.com\/#\/schema\/logo\/image\/"}}]}},"_links":{"self":[{"href":"https:\/\/permessodiguida.com\/de\/wp-json\/wp\/v2\/product\/369","targetHints":{"allow":["GET"]}}],"collection":[{"href":"https:\/\/permessodiguida.com\/de\/wp-json\/wp\/v2\/product"}],"about":[{"href":"https:\/\/permessodiguida.com\/de\/wp-json\/wp\/v2\/types\/product"}],"replies":[{"embeddable":true,"href":"https:\/\/permessodiguida.com\/de\/wp-json\/wp\/v2\/comments?post=369"}],"wp:featuredmedia":[{"embeddable":true,"href":"https:\/\/permessodiguida.com\/de\/wp-json\/wp\/v2\/media\/1956"}],"wp:attachment":[{"href":"https:\/\/permessodiguida.com\/de\/wp-json\/wp\/v2\/media?parent=369"}],"wp:term":[{"taxonomy":"product_brand","embeddable":true,"href":"https:\/\/permessodiguida.com\/de\/wp-json\/wp\/v2\/product_brand?post=369"},{"taxonomy":"product_cat","embeddable":true,"href":"https:\/\/permessodiguida.com\/de\/wp-json\/wp\/v2\/product_cat?post=369"},{"taxonomy":"product_tag","embeddable":true,"href":"https:\/\/permessodiguida.com\/de\/wp-json\/wp\/v2\/product_tag?post=369"}],"curies":[{"name":"wp","href":"https:\/\/api.w.org\/{rel}","templated":true}]}}