{"id":2216,"date":"2025-03-19T21:55:15","date_gmt":"2025-03-19T21:55:15","guid":{"rendered":"https:\/\/permessodiguida.com\/?post_type=product&#038;p=2216"},"modified":"2025-03-19T21:55:59","modified_gmt":"2025-03-19T21:55:59","slug":"deutsche-aufenthaltsgenehmigung-kaufen","status":"publish","type":"product","link":"https:\/\/permessodiguida.com\/de\/produkt\/deutsche-aufenthaltsgenehmigung-kaufen\/","title":{"rendered":"Deutsche Aufenthaltsgenehmigung kaufen"},"content":{"rendered":"<h1>Deutsche Aufenthaltsgenehmigung kaufen<\/h1>\n<p><a href=\"https:\/\/permessodiguida.com\/de\/produkt\/deutsche-aufenthaltsgenehmigung-kaufen\/\" target=\"_blank\" rel=\"noopener\"><strong>Deutsche Aufenthaltsgenehmigung online kaufen<\/strong><\/a>\u00a0zu vern\u00fcnftigen Preisen. Bei diesem Unternehmen haben Sie die M\u00f6glichkeit, Ihre Arbeit von Experten erledigen zu lassen, die schon seit l\u00e4ngerer Zeit in dieser Branche t\u00e4tig sind. Sie haben reichlich Erfahrung gesammelt und wenden diese bei jedem Projekt oder jeder Arbeit an, mit der sie betraut werden. Und wenn es um die Erteilung von Einwohnermeldebescheinigungen geht, erweisen sie sich ebenfalls als Profis.<\/p>\n<h2>Original Deutschland Aufenthaltserlaubniskarte<\/h2>\n<p>Wenn Sie m\u00f6chten\u00a0<strong>kaufen Sie eine echte\u00a0<a href=\"https:\/\/en.wikipedia.org\/wiki\/German_residence_permit\" target=\"_blank\" rel=\"noopener\">Deutsche Aufenthaltsgenehmigung<\/a>\u00a0online,<\/strong>\u00a0dann w\u00fcrde Ihnen kein Unternehmen besser dienen als All Genuine Documents. Wir erstellen jedes Dokument nach Ihren Vorgaben mit vollem Einsatz und Engagement. Eine Aufenthaltsgenehmigung ist ein Dokument, mit dem Sie f\u00fcr einen bestimmten Zeitraum in einem Land leben k\u00f6nnen. Wir wissen um die Bedeutung dieses Dokuments und bieten diesen Service allen Bed\u00fcrftigen auf der ganzen Welt an.<\/p>\n<p>Sie k\u00f6nnen\u00a0<strong>eine echte Aufenthaltsgenehmigung in Deutschland kaufen<\/strong>\u00a0von unserem Unternehmen zu Fahrpreisen. Sie m\u00fcssen keine Orte aufsuchen, um diese Genehmigung in die Hand zu bekommen. Nehmen Sie noch heute \u00fcber unsere offizielle Website Kontakt mit unserem Unternehmen auf und teilen Sie uns Ihre pers\u00f6nlichen Anforderungen mit. Wir versprechen Ihnen, die RP-Karte so schnell wie m\u00f6glich zu liefern. Nehmen Sie jetzt Kontakt auf!<\/p>\n<p>Niederl\u00e4ndische Aufenthaltserlaubniskarte online kaufen<\/p>","protected":false},"excerpt":{"rendered":"<p>Sie k\u00f6nnen\u00a0<strong>eine echte Daueraufenthaltsgenehmigung in Deutschland online kaufen<\/strong>\u00a0von unserem Unternehmen zu Fahrpreisen. Sie m\u00fcssen keine Orte aufsuchen, um diese Genehmigung in die Hand zu bekommen. Nehmen Sie noch heute \u00fcber unsere offizielle Website Kontakt mit unserem Unternehmen auf und teilen Sie uns Ihre pers\u00f6nlichen Anforderungen mit.<\/p>","protected":false},"featured_media":2217,"comment_status":"open","ping_status":"closed","template":"","meta":{"site-sidebar-layout":"default","site-content-layout":"","ast-site-content-layout":"default","site-content-style":"default","site-sidebar-style":"default","ast-global-header-display":"","ast-banner-title-visibility":"","ast-main-header-display":"","ast-hfb-above-header-display":"","ast-hfb-below-header-display":"","ast-hfb-mobile-header-display":"","site-post-title":"","ast-breadcrumbs-content":"","ast-featured-img":"","footer-sml-layout":"","ast-disable-related-posts":"","theme-transparent-header-meta":"default","adv-header-id-meta":"","stick-header-meta":"","header-above-stick-meta":"","header-main-stick-meta":"","header-below-stick-meta":"","astra-migrate-meta-layouts":"set","ast-page-background-enabled":"default","ast-page-background-meta":{"desktop":{"background-color":"var(--ast-global-color-4)","background-image":"","background-repeat":"repeat","background-position":"center center","background-size":"auto","background-attachment":"scroll","background-type":"","background-media":"","overlay-type":"","overlay-color":"","overlay-opacity":"","overlay-gradient":""},"tablet":{"background-color":"","background-image":"","background-repeat":"repeat","background-position":"center center","background-size":"auto","background-attachment":"scroll","background-type":"","background-media":"","overlay-type":"","overlay-color":"","overlay-opacity":"","overlay-gradient":""},"mobile":{"background-color":"","background-image":"","background-repeat":"repeat","background-position":"center center","background-size":"auto","background-attachment":"scroll","background-type":"","background-media":"","overlay-type":"","overlay-color":"","overlay-opacity":"","overlay-gradient":""}},"ast-content-background-meta":{"desktop":{"background-color":"var(--ast-global-color-5)","background-image":"","background-repeat":"repeat","background-position":"center center","background-size":"auto","background-attachment":"scroll","background-type":"","background-media":"","overlay-type":"","overlay-color":"","overlay-opacity":"","overlay-gradient":""},"tablet":{"background-color":"var(--ast-global-color-5)","background-image":"","background-repeat":"repeat","background-position":"center center","background-size":"auto","background-attachment":"scroll","background-type":"","background-media":"","overlay-type":"","overlay-color":"","overlay-opacity":"","overlay-gradient":""},"mobile":{"background-color":"var(--ast-global-color-5)","background-image":"","background-repeat":"repeat","background-position":"center center","background-size":"auto","background-attachment":"scroll","background-type":"","background-media":"","overlay-type":"","overlay-color":"","overlay-opacity":"","overlay-gradient":""}}},"product_brand":[],"product_cat":[32],"product_tag":[],"class_list":{"0":"post-2216","1":"product","2":"type-product","3":"status-publish","4":"has-post-thumbnail","6":"product_cat-residence-permit","7":"desktop-align-left","8":"tablet-align-left","9":"mobile-align-left","11":"first","12":"instock","13":"shipping-taxable","14":"purchasable","15":"product-type-simple"},"yoast_head":"<!-- This site is optimized with the Yoast SEO Premium plugin v24.7 (Yoast SEO v27.1.1) - https:\/\/yoast.com\/product\/yoast-seo-premium-wordpress\/ -->\n<title>Buy German Resident Permit<\/title>\n<meta name=\"description\" content=\"You can\u00a0buy a real permanent residence permit online in Germany\u00a0from our company at driving rates. You do not have to visit places to get this permit in your hand. Connect with our company today via our official website and submit your personalized requirements.\" \/>\n<meta name=\"robots\" content=\"index, follow, max-snippet:-1, max-image-preview:large, max-video-preview:-1\" \/>\n<link rel=\"canonical\" href=\"https:\/\/permessodiguida.com\/de\/produkt\/deutsche-aufenthaltsgenehmigung-kaufen\/\" \/>\n<meta property=\"og:locale\" content=\"de_DE\" \/>\n<meta property=\"og:type\" content=\"article\" \/>\n<meta property=\"og:title\" content=\"Buy German Resident Permit\" \/>\n<meta property=\"og:description\" content=\"You can\u00a0buy a real permanent residence permit online in Germany\u00a0from our company at driving rates. You do not have to visit places to get this permit in your hand. Connect with our company today via our official website and submit your personalized requirements.\" \/>\n<meta property=\"og:url\" content=\"https:\/\/permessodiguida.com\/de\/produkt\/deutsche-aufenthaltsgenehmigung-kaufen\/\" \/>\n<meta property=\"og:site_name\" content=\"Original Documents Provider\" \/>\n<meta property=\"article:modified_time\" content=\"2025-03-19T21:55:59+00:00\" \/>\n<meta property=\"og:image\" content=\"https:\/\/permessodiguida.com\/wp-content\/uploads\/2025\/03\/image_2025-03-19_224941194.png\" \/>\n\t<meta property=\"og:image:width\" content=\"710\" \/>\n\t<meta property=\"og:image:height\" content=\"449\" \/>\n\t<meta property=\"og:image:type\" content=\"image\/png\" \/>\n<meta name=\"twitter:card\" content=\"summary_large_image\" \/>\n<meta name=\"twitter:label1\" content=\"Gesch\u00e4tzte Lesezeit\" \/>\n\t<meta name=\"twitter:data1\" content=\"1\u00a0Minute\" \/>\n<script type=\"application\/ld+json\" class=\"yoast-schema-graph\">{\"@context\":\"https:\/\/schema.org\",\"@graph\":[{\"@type\":\"WebPage\",\"@id\":\"https:\/\/permessodiguida.com\/product\/buy-german-resident-permit\/\",\"url\":\"https:\/\/permessodiguida.com\/product\/buy-german-resident-permit\/\",\"name\":\"Buy German Resident Permit\",\"isPartOf\":{\"@id\":\"https:\/\/permessodiguida.com\/#website\"},\"primaryImageOfPage\":{\"@id\":\"https:\/\/permessodiguida.com\/product\/buy-german-resident-permit\/#primaryimage\"},\"image\":{\"@id\":\"https:\/\/permessodiguida.com\/product\/buy-german-resident-permit\/#primaryimage\"},\"thumbnailUrl\":\"https:\/\/permessodiguida.com\/wp-content\/uploads\/2025\/03\/image_2025-03-19_224941194.png\",\"datePublished\":\"2025-03-19T21:55:15+00:00\",\"dateModified\":\"2025-03-19T21:55:59+00:00\",\"description\":\"You can\u00a0buy a real permanent residence permit online in Germany\u00a0from our company at driving rates. You do not have to visit places to get this permit in your hand. Connect with our company today via our official website and submit your personalized requirements.\",\"breadcrumb\":{\"@id\":\"https:\/\/permessodiguida.com\/product\/buy-german-resident-permit\/#breadcrumb\"},\"inLanguage\":\"de\",\"potentialAction\":[{\"@type\":\"ReadAction\",\"target\":[\"https:\/\/permessodiguida.com\/product\/buy-german-resident-permit\/\"]}]},{\"@type\":\"ImageObject\",\"inLanguage\":\"de\",\"@id\":\"https:\/\/permessodiguida.com\/product\/buy-german-resident-permit\/#primaryimage\",\"url\":\"https:\/\/permessodiguida.com\/wp-content\/uploads\/2025\/03\/image_2025-03-19_224941194.png\",\"contentUrl\":\"https:\/\/permessodiguida.com\/wp-content\/uploads\/2025\/03\/image_2025-03-19_224941194.png\",\"width\":710,\"height\":449,\"caption\":\"Resident Permit\"},{\"@type\":\"BreadcrumbList\",\"@id\":\"https:\/\/permessodiguida.com\/product\/buy-german-resident-permit\/#breadcrumb\",\"itemListElement\":[{\"@type\":\"ListItem\",\"position\":1,\"name\":\"Home\",\"item\":\"https:\/\/permessodiguida.com\/\"},{\"@type\":\"ListItem\",\"position\":2,\"name\":\"All Services\",\"item\":\"https:\/\/permessodiguida.com\/shop\/\"},{\"@type\":\"ListItem\",\"position\":3,\"name\":\"Buy German Resident Permit\"}]},{\"@type\":\"WebSite\",\"@id\":\"https:\/\/permessodiguida.com\/#website\",\"url\":\"https:\/\/permessodiguida.com\/\",\"name\":\"Permessodiguida\",\"description\":\"Get Original Driving License And Passport\",\"publisher\":{\"@id\":\"https:\/\/permessodiguida.com\/#organization\"},\"alternateName\":\"Original Documents Provider\",\"potentialAction\":[{\"@type\":\"SearchAction\",\"target\":{\"@type\":\"EntryPoint\",\"urlTemplate\":\"https:\/\/permessodiguida.com\/?s={search_term_string}\"},\"query-input\":{\"@type\":\"PropertyValueSpecification\",\"valueRequired\":true,\"valueName\":\"search_term_string\"}}],\"inLanguage\":\"de\"},{\"@type\":\"Organization\",\"@id\":\"https:\/\/permessodiguida.com\/#organization\",\"name\":\"Permesso Di Guida\",\"alternateName\":\"Original Driving License And Passport\",\"url\":\"https:\/\/permessodiguida.com\/\",\"logo\":{\"@type\":\"ImageObject\",\"inLanguage\":\"de\",\"@id\":\"https:\/\/permessodiguida.com\/#\/schema\/logo\/image\/\",\"url\":\"https:\/\/permessodiguida.com\/wp-content\/uploads\/2024\/08\/image_2024-08-09_144906822.png\",\"contentUrl\":\"https:\/\/permessodiguida.com\/wp-content\/uploads\/2024\/08\/image_2024-08-09_144906822.png\",\"width\":687,\"height\":549,\"caption\":\"Permesso Di Guida\"},\"image\":{\"@id\":\"https:\/\/permessodiguida.com\/#\/schema\/logo\/image\/\"}}]}<\/script>\n<!-- \/ Yoast SEO Premium plugin. -->","yoast_head_json":{"title":"Deutsche Aufenthaltsgenehmigung kaufen","description":"Sie k\u00f6nnen eine echte Daueraufenthaltsgenehmigung in Deutschland online bei unserem Unternehmen zu Fahrpreisen kaufen. Sie m\u00fcssen keine Orte aufsuchen, um diese Genehmigung in die Hand zu bekommen. Nehmen Sie noch heute \u00fcber unsere offizielle Website Kontakt mit unserem Unternehmen auf und stellen Sie Ihre pers\u00f6nlichen Anforderungen.","robots":{"index":"index","follow":"follow","max-snippet":"max-snippet:-1","max-image-preview":"max-image-preview:large","max-video-preview":"max-video-preview:-1"},"canonical":"https:\/\/permessodiguida.com\/de\/produkt\/deutsche-aufenthaltsgenehmigung-kaufen\/","og_locale":"de_DE","og_type":"article","og_title":"Buy German Resident Permit","og_description":"You can\u00a0buy a real permanent residence permit online in Germany\u00a0from our company at driving rates. You do not have to visit places to get this permit in your hand. Connect with our company today via our official website and submit your personalized requirements.","og_url":"https:\/\/permessodiguida.com\/de\/produkt\/deutsche-aufenthaltsgenehmigung-kaufen\/","og_site_name":"Original Documents Provider","article_modified_time":"2025-03-19T21:55:59+00:00","og_image":[{"width":710,"height":449,"url":"https:\/\/permessodiguida.com\/wp-content\/uploads\/2025\/03\/image_2025-03-19_224941194.png","type":"image\/png"}],"twitter_card":"summary_large_image","twitter_misc":{"Gesch\u00e4tzte Lesezeit":"1\u00a0Minute"},"schema":{"@context":"https:\/\/schema.org","@graph":[{"@type":"WebPage","@id":"https:\/\/permessodiguida.com\/product\/buy-german-resident-permit\/","url":"https:\/\/permessodiguida.com\/product\/buy-german-resident-permit\/","name":"Deutsche Aufenthaltsgenehmigung kaufen","isPartOf":{"@id":"https:\/\/permessodiguida.com\/#website"},"primaryImageOfPage":{"@id":"https:\/\/permessodiguida.com\/product\/buy-german-resident-permit\/#primaryimage"},"image":{"@id":"https:\/\/permessodiguida.com\/product\/buy-german-resident-permit\/#primaryimage"},"thumbnailUrl":"https:\/\/permessodiguida.com\/wp-content\/uploads\/2025\/03\/image_2025-03-19_224941194.png","datePublished":"2025-03-19T21:55:15+00:00","dateModified":"2025-03-19T21:55:59+00:00","description":"Sie k\u00f6nnen eine echte Daueraufenthaltsgenehmigung in Deutschland online bei unserem Unternehmen zu Fahrpreisen kaufen. Sie m\u00fcssen keine Orte aufsuchen, um diese Genehmigung in die Hand zu bekommen. Nehmen Sie noch heute \u00fcber unsere offizielle Website Kontakt mit unserem Unternehmen auf und stellen Sie Ihre pers\u00f6nlichen Anforderungen.","breadcrumb":{"@id":"https:\/\/permessodiguida.com\/product\/buy-german-resident-permit\/#breadcrumb"},"inLanguage":"de","potentialAction":[{"@type":"ReadAction","target":["https:\/\/permessodiguida.com\/product\/buy-german-resident-permit\/"]}]},{"@type":"ImageObject","inLanguage":"de","@id":"https:\/\/permessodiguida.com\/product\/buy-german-resident-permit\/#primaryimage","url":"https:\/\/permessodiguida.com\/wp-content\/uploads\/2025\/03\/image_2025-03-19_224941194.png","contentUrl":"https:\/\/permessodiguida.com\/wp-content\/uploads\/2025\/03\/image_2025-03-19_224941194.png","width":710,"height":449,"caption":"Resident Permit"},{"@type":"BreadcrumbList","@id":"https:\/\/permessodiguida.com\/product\/buy-german-resident-permit\/#breadcrumb","itemListElement":[{"@type":"ListItem","position":1,"name":"Home","item":"https:\/\/permessodiguida.com\/"},{"@type":"ListItem","position":2,"name":"All Services","item":"https:\/\/permessodiguida.com\/shop\/"},{"@type":"ListItem","position":3,"name":"Buy German Resident Permit"}]},{"@type":"WebSite","@id":"https:\/\/permessodiguida.com\/#website","url":"https:\/\/permessodiguida.com\/","name":"Permessodiguida","description":"Original-F\u00fchrerschein und Reisepass besorgen","publisher":{"@id":"https:\/\/permessodiguida.com\/#organization"},"alternateName":"Original Documents Provider","potentialAction":[{"@type":"SearchAction","target":{"@type":"EntryPoint","urlTemplate":"https:\/\/permessodiguida.com\/?s={search_term_string}"},"query-input":{"@type":"PropertyValueSpecification","valueRequired":true,"valueName":"search_term_string"}}],"inLanguage":"de"},{"@type":"Organization","@id":"https:\/\/permessodiguida.com\/#organization","name":"Erlaubnis zum F\u00fchren","alternateName":"Original Driving License And Passport","url":"https:\/\/permessodiguida.com\/","logo":{"@type":"ImageObject","inLanguage":"de","@id":"https:\/\/permessodiguida.com\/#\/schema\/logo\/image\/","url":"https:\/\/permessodiguida.com\/wp-content\/uploads\/2024\/08\/image_2024-08-09_144906822.png","contentUrl":"https:\/\/permessodiguida.com\/wp-content\/uploads\/2024\/08\/image_2024-08-09_144906822.png","width":687,"height":549,"caption":"Permesso Di Guida"},"image":{"@id":"https:\/\/permessodiguida.com\/#\/schema\/logo\/image\/"}}]}},"_links":{"self":[{"href":"https:\/\/permessodiguida.com\/de\/wp-json\/wp\/v2\/product\/2216","targetHints":{"allow":["GET"]}}],"collection":[{"href":"https:\/\/permessodiguida.com\/de\/wp-json\/wp\/v2\/product"}],"about":[{"href":"https:\/\/permessodiguida.com\/de\/wp-json\/wp\/v2\/types\/product"}],"replies":[{"embeddable":true,"href":"https:\/\/permessodiguida.com\/de\/wp-json\/wp\/v2\/comments?post=2216"}],"wp:featuredmedia":[{"embeddable":true,"href":"https:\/\/permessodiguida.com\/de\/wp-json\/wp\/v2\/media\/2217"}],"wp:attachment":[{"href":"https:\/\/permessodiguida.com\/de\/wp-json\/wp\/v2\/media?parent=2216"}],"wp:term":[{"taxonomy":"product_brand","embeddable":true,"href":"https:\/\/permessodiguida.com\/de\/wp-json\/wp\/v2\/product_brand?post=2216"},{"taxonomy":"product_cat","embeddable":true,"href":"https:\/\/permessodiguida.com\/de\/wp-json\/wp\/v2\/product_cat?post=2216"},{"taxonomy":"product_tag","embeddable":true,"href":"https:\/\/permessodiguida.com\/de\/wp-json\/wp\/v2\/product_tag?post=2216"}],"curies":[{"name":"wp","href":"https:\/\/api.w.org\/{rel}","templated":true}]}}