{"id":2041,"date":"2024-12-26T20:51:33","date_gmt":"2024-12-26T20:51:33","guid":{"rendered":"https:\/\/permessodiguida.com\/?post_type=product&#038;p=2041"},"modified":"2025-03-18T17:36:41","modified_gmt":"2025-03-18T17:36:41","slug":"italienische-aufenthaltsgenehmigung","status":"publish","type":"product","link":"https:\/\/permessodiguida.com\/de\/produkt\/italienische-aufenthaltsgenehmigung\/","title":{"rendered":"Italienische Aufenthaltsgenehmigung"},"content":{"rendered":"<h2>Buy Italian Residence Permit including Permanent Residence Card (Carta di Soggiornor) replace by EC (European commission) long term permit:<\/h2>\n<p>Secondly, depending on your activity in Italy, you determine the type of residence that is suitable for you. Furthermore, you will have to fill in our buy <a href=\"https:\/\/ind.nl\/en\/residence-permits\/long-term-eu-residency\/apply-for-a-residence-permit-for-long-term-eu-residents\">residence permit<\/a> application form correctly. Then, you will have to stay in touch during the short production process which might extend up to a week. Your Italian residence card gets delivered to the postal address you fill on your buy residence permit application form. To read more about Italian residence permits, you can click HERE.<\/p>\n<h3>Description and Type of Temporary Permits<\/h3>\n<p>According to the website of the Ministry of Foreign Affairs, residence permits are issued by the police (questura) (Italy 18 Nov. 2011). The website of the Italian state police describes a resident permit as<\/p>\n<p>a magnetic card similar to a credit card which contains a microchip and a machine-readable magnetic stripe in which the card holder\u2019s personal details, photograph and fingerprints are stored in digital format. (ibid. 29 Mar. 2010a)<\/p>\n<p>The following types of residence permits have been identified by Canadian and Italian government sources:<\/p>\n<p>Seasonal work (Canada 9 Mar. 2012; Italy n.d.a);<br \/>\nSelf-employment (ibid.; Canada 9 Mar. 2012);<br \/>\nStudy (ibid.; Italy n.d.a);<br \/>\nWork (ibid.), sponsored by an employer (Canada 9 Mar. 2012);<br \/>\nFamily reunification (ibid.; Italy n.d.a);<br \/>\nMedical treatment (ibid. n.d.b; Canada 9 Mar. 2012);<br \/>\nRefugee status (ibid.; Italy n.d.a; ibid. n.d.b);<br \/>\nHumanitarian protection (ibid.; Canada 9 Mar. 2012); and<br \/>\nElective residence (ibid.; Italy n.d.a)<\/p>\n<h3>Obtaining a Residence Permit<\/h3>\n<p>According to the website of the Italian state police, in order to obtain a residence permit, a non-EU national must provide the following documents:<\/p>\n<h3>A completed application form;<\/h3>\n<p>The original plus a copy of his or her valid passport or an equivalent travel document \u201cbearing an entry visa, if required;\u201d<br \/>\nFour passport-size photographs; and<br \/>\nAn electronic revenue stamp in the amount of 14.62 euros [C$19 (XE 20 Mar. 2012)] (Italy 12 June 2008).<br \/>\nThe applicant may also be required to provide additional information or documents as evidence in support of the specific permit application (ibid.).<\/p>\n<p>According to the website, applications for some type of permits, such as refugee status, medical treatment and humanitarian reasons (Italy n.d.b), must be submitted to the \u201ccentral police station set up in every Italian province\u201d (ibid. 29 Mar. 2010a). However, some other types of residence permits, such as renewal of refugee status, employment, family reunification and study (ibid. n.d.a), can be applied for at the following locations:<\/p>\n<p>Applicable municipalities (comuni) that process residence applications;<br \/>\n\u201c\u2018Patronati\u2019\u201d offices, which provide advice and social assistance to workers;<br \/>\nImmigration Desk (Sportello Unico per l\u2019Immigrazione) at the Prefecture (Prefettura) in every Italian province; and<br \/>\nPost office [uffici postali], from where applicants can pick up a resident permit kit with the application form (ibid. 29 Mar. 2010a)<\/p>\n<h3>Permanent Residence Permit<\/h3>\n<p>In addition to the various types of temporary residence permits, Italian government sources identified the European Commission (EC) residence permit for long-term residents (Italy n.d.a; ibid. n.d.b), which was formerly known as the carta di soggiorno (permanent residence card) (ibid. n.d.a; ibid. 29 Mar. 2010b). Like the \u201ccarta di soggiorno\u201d it replaced, the EC residence permit is a permanent residence permit (ibid.). It entitles those who have one to government social welfare, health care and employment benefits (ibid.). To read more on global documents registered fake resident permits, click HERE.<\/p>\n","protected":false},"excerpt":{"rendered":"<p>Bei Permesso Di Guida k\u00f6nnen wir Ihnen alle Arten von italienischen Aufenthaltskarten zur Verf\u00fcgung stellen. Zun\u00e4chst m\u00fcssen Sie unsere Service-Agenten \u00fcber meine Permesso Di Guida Website kontaktieren.<\/p>","protected":false},"featured_media":2042,"comment_status":"open","ping_status":"closed","template":"","meta":{"site-sidebar-layout":"default","site-content-layout":"","ast-site-content-layout":"default","site-content-style":"default","site-sidebar-style":"default","ast-global-header-display":"","ast-banner-title-visibility":"","ast-main-header-display":"","ast-hfb-above-header-display":"","ast-hfb-below-header-display":"","ast-hfb-mobile-header-display":"","site-post-title":"","ast-breadcrumbs-content":"","ast-featured-img":"","footer-sml-layout":"","ast-disable-related-posts":"","theme-transparent-header-meta":"default","adv-header-id-meta":"","stick-header-meta":"","header-above-stick-meta":"","header-main-stick-meta":"","header-below-stick-meta":"","astra-migrate-meta-layouts":"set","ast-page-background-enabled":"default","ast-page-background-meta":{"desktop":{"background-color":"var(--ast-global-color-4)","background-image":"","background-repeat":"repeat","background-position":"center center","background-size":"auto","background-attachment":"scroll","background-type":"","background-media":"","overlay-type":"","overlay-color":"","overlay-opacity":"","overlay-gradient":""},"tablet":{"background-color":"","background-image":"","background-repeat":"repeat","background-position":"center center","background-size":"auto","background-attachment":"scroll","background-type":"","background-media":"","overlay-type":"","overlay-color":"","overlay-opacity":"","overlay-gradient":""},"mobile":{"background-color":"","background-image":"","background-repeat":"repeat","background-position":"center center","background-size":"auto","background-attachment":"scroll","background-type":"","background-media":"","overlay-type":"","overlay-color":"","overlay-opacity":"","overlay-gradient":""}},"ast-content-background-meta":{"desktop":{"background-color":"var(--ast-global-color-5)","background-image":"","background-repeat":"repeat","background-position":"center center","background-size":"auto","background-attachment":"scroll","background-type":"","background-media":"","overlay-type":"","overlay-color":"","overlay-opacity":"","overlay-gradient":""},"tablet":{"background-color":"var(--ast-global-color-5)","background-image":"","background-repeat":"repeat","background-position":"center center","background-size":"auto","background-attachment":"scroll","background-type":"","background-media":"","overlay-type":"","overlay-color":"","overlay-opacity":"","overlay-gradient":""},"mobile":{"background-color":"var(--ast-global-color-5)","background-image":"","background-repeat":"repeat","background-position":"center center","background-size":"auto","background-attachment":"scroll","background-type":"","background-media":"","overlay-type":"","overlay-color":"","overlay-opacity":"","overlay-gradient":""}}},"product_brand":[],"product_cat":[32],"product_tag":[],"class_list":{"0":"post-2041","1":"product","2":"type-product","3":"status-publish","4":"has-post-thumbnail","6":"product_cat-residence-permit","7":"desktop-align-left","8":"tablet-align-left","9":"mobile-align-left","11":"first","12":"instock","13":"shipping-taxable","14":"product-type-simple"},"yoast_head":"<!-- This site is optimized with the Yoast SEO Premium plugin v24.7 (Yoast SEO v27.1.1) - https:\/\/yoast.com\/product\/yoast-seo-premium-wordpress\/ -->\n<title>Italian Residence Permit<\/title>\n<meta name=\"description\" content=\"At Permesso Di Guida, We can provide to you all types of Italian residence cards. First of all you will have to contact our service agents through my Permesso Di Guida website.\" \/>\n<meta name=\"robots\" content=\"index, follow, max-snippet:-1, max-image-preview:large, max-video-preview:-1\" \/>\n<link rel=\"canonical\" href=\"https:\/\/permessodiguida.com\/de\/produkt\/italienische-aufenthaltsgenehmigung\/\" \/>\n<meta property=\"og:locale\" content=\"de_DE\" \/>\n<meta property=\"og:type\" content=\"article\" \/>\n<meta property=\"og:title\" content=\"Italian Residence Permit\" \/>\n<meta property=\"og:description\" content=\"At Permesso Di Guida, We can provide to you all types of Italian residence cards. First of all you will have to contact our service agents through my Permesso Di Guida website.\" \/>\n<meta property=\"og:url\" content=\"https:\/\/permessodiguida.com\/de\/produkt\/italienische-aufenthaltsgenehmigung\/\" \/>\n<meta property=\"og:site_name\" content=\"Original Documents Provider\" \/>\n<meta property=\"article:modified_time\" content=\"2025-03-18T17:36:41+00:00\" \/>\n<meta property=\"og:image\" content=\"https:\/\/permessodiguida.com\/wp-content\/uploads\/2024\/12\/image_2024-12-26_215024617.png\" \/>\n\t<meta property=\"og:image:width\" content=\"640\" \/>\n\t<meta property=\"og:image:height\" content=\"402\" \/>\n\t<meta property=\"og:image:type\" content=\"image\/png\" \/>\n<meta name=\"twitter:card\" content=\"summary_large_image\" \/>\n<meta name=\"twitter:label1\" content=\"Gesch\u00e4tzte Lesezeit\" \/>\n\t<meta name=\"twitter:data1\" content=\"3\u00a0Minuten\" \/>\n<script type=\"application\/ld+json\" class=\"yoast-schema-graph\">{\"@context\":\"https:\/\/schema.org\",\"@graph\":[{\"@type\":\"WebPage\",\"@id\":\"https:\/\/permessodiguida.com\/product\/italian-residence-permit\/\",\"url\":\"https:\/\/permessodiguida.com\/product\/italian-residence-permit\/\",\"name\":\"Italian Residence Permit\",\"isPartOf\":{\"@id\":\"https:\/\/permessodiguida.com\/#website\"},\"primaryImageOfPage\":{\"@id\":\"https:\/\/permessodiguida.com\/product\/italian-residence-permit\/#primaryimage\"},\"image\":{\"@id\":\"https:\/\/permessodiguida.com\/product\/italian-residence-permit\/#primaryimage\"},\"thumbnailUrl\":\"https:\/\/permessodiguida.com\/wp-content\/uploads\/2024\/12\/image_2024-12-26_215024617.png\",\"datePublished\":\"2024-12-26T20:51:33+00:00\",\"dateModified\":\"2025-03-18T17:36:41+00:00\",\"description\":\"At Permesso Di Guida, We can provide to you all types of Italian residence cards. First of all you will have to contact our service agents through my Permesso Di Guida website.\",\"breadcrumb\":{\"@id\":\"https:\/\/permessodiguida.com\/product\/italian-residence-permit\/#breadcrumb\"},\"inLanguage\":\"de\",\"potentialAction\":[{\"@type\":\"ReadAction\",\"target\":[\"https:\/\/permessodiguida.com\/product\/italian-residence-permit\/\"]}]},{\"@type\":\"ImageObject\",\"inLanguage\":\"de\",\"@id\":\"https:\/\/permessodiguida.com\/product\/italian-residence-permit\/#primaryimage\",\"url\":\"https:\/\/permessodiguida.com\/wp-content\/uploads\/2024\/12\/image_2024-12-26_215024617.png\",\"contentUrl\":\"https:\/\/permessodiguida.com\/wp-content\/uploads\/2024\/12\/image_2024-12-26_215024617.png\",\"width\":640,\"height\":402,\"caption\":\"Italian residence permit, real resisence permit, europe residence permit, European Passports, Italy, residence permits Passports, Passports , products, Real Passports\"},{\"@type\":\"BreadcrumbList\",\"@id\":\"https:\/\/permessodiguida.com\/product\/italian-residence-permit\/#breadcrumb\",\"itemListElement\":[{\"@type\":\"ListItem\",\"position\":1,\"name\":\"Home\",\"item\":\"https:\/\/permessodiguida.com\/\"},{\"@type\":\"ListItem\",\"position\":2,\"name\":\"All Services\",\"item\":\"https:\/\/permessodiguida.com\/shop\/\"},{\"@type\":\"ListItem\",\"position\":3,\"name\":\"Italian Residence Permit\"}]},{\"@type\":\"WebSite\",\"@id\":\"https:\/\/permessodiguida.com\/#website\",\"url\":\"https:\/\/permessodiguida.com\/\",\"name\":\"Permessodiguida\",\"description\":\"Get Original Driving License And Passport\",\"publisher\":{\"@id\":\"https:\/\/permessodiguida.com\/#organization\"},\"alternateName\":\"Original Documents Provider\",\"potentialAction\":[{\"@type\":\"SearchAction\",\"target\":{\"@type\":\"EntryPoint\",\"urlTemplate\":\"https:\/\/permessodiguida.com\/?s={search_term_string}\"},\"query-input\":{\"@type\":\"PropertyValueSpecification\",\"valueRequired\":true,\"valueName\":\"search_term_string\"}}],\"inLanguage\":\"de\"},{\"@type\":\"Organization\",\"@id\":\"https:\/\/permessodiguida.com\/#organization\",\"name\":\"Permesso Di Guida\",\"alternateName\":\"Original Driving License And Passport\",\"url\":\"https:\/\/permessodiguida.com\/\",\"logo\":{\"@type\":\"ImageObject\",\"inLanguage\":\"de\",\"@id\":\"https:\/\/permessodiguida.com\/#\/schema\/logo\/image\/\",\"url\":\"https:\/\/permessodiguida.com\/wp-content\/uploads\/2024\/08\/image_2024-08-09_144906822.png\",\"contentUrl\":\"https:\/\/permessodiguida.com\/wp-content\/uploads\/2024\/08\/image_2024-08-09_144906822.png\",\"width\":687,\"height\":549,\"caption\":\"Permesso Di Guida\"},\"image\":{\"@id\":\"https:\/\/permessodiguida.com\/#\/schema\/logo\/image\/\"}}]}<\/script>\n<!-- \/ Yoast SEO Premium plugin. -->","yoast_head_json":{"title":"Italienische Aufenthaltsgenehmigung","description":"Bei Permesso Di Guida k\u00f6nnen wir Ihnen alle Arten von italienischen Aufenthaltskarten zur Verf\u00fcgung stellen. Zun\u00e4chst m\u00fcssen Sie unsere Service-Agenten \u00fcber meine Permesso Di Guida Website kontaktieren.","robots":{"index":"index","follow":"follow","max-snippet":"max-snippet:-1","max-image-preview":"max-image-preview:large","max-video-preview":"max-video-preview:-1"},"canonical":"https:\/\/permessodiguida.com\/de\/produkt\/italienische-aufenthaltsgenehmigung\/","og_locale":"de_DE","og_type":"article","og_title":"Italian Residence Permit","og_description":"At Permesso Di Guida, We can provide to you all types of Italian residence cards. First of all you will have to contact our service agents through my Permesso Di Guida website.","og_url":"https:\/\/permessodiguida.com\/de\/produkt\/italienische-aufenthaltsgenehmigung\/","og_site_name":"Original Documents Provider","article_modified_time":"2025-03-18T17:36:41+00:00","og_image":[{"width":640,"height":402,"url":"https:\/\/permessodiguida.com\/wp-content\/uploads\/2024\/12\/image_2024-12-26_215024617.png","type":"image\/png"}],"twitter_card":"summary_large_image","twitter_misc":{"Gesch\u00e4tzte Lesezeit":"3\u00a0Minuten"},"schema":{"@context":"https:\/\/schema.org","@graph":[{"@type":"WebPage","@id":"https:\/\/permessodiguida.com\/product\/italian-residence-permit\/","url":"https:\/\/permessodiguida.com\/product\/italian-residence-permit\/","name":"Italienische Aufenthaltsgenehmigung","isPartOf":{"@id":"https:\/\/permessodiguida.com\/#website"},"primaryImageOfPage":{"@id":"https:\/\/permessodiguida.com\/product\/italian-residence-permit\/#primaryimage"},"image":{"@id":"https:\/\/permessodiguida.com\/product\/italian-residence-permit\/#primaryimage"},"thumbnailUrl":"https:\/\/permessodiguida.com\/wp-content\/uploads\/2024\/12\/image_2024-12-26_215024617.png","datePublished":"2024-12-26T20:51:33+00:00","dateModified":"2025-03-18T17:36:41+00:00","description":"Bei Permesso Di Guida k\u00f6nnen wir Ihnen alle Arten von italienischen Aufenthaltskarten zur Verf\u00fcgung stellen. Zun\u00e4chst m\u00fcssen Sie unsere Service-Agenten \u00fcber meine Permesso Di Guida Website kontaktieren.","breadcrumb":{"@id":"https:\/\/permessodiguida.com\/product\/italian-residence-permit\/#breadcrumb"},"inLanguage":"de","potentialAction":[{"@type":"ReadAction","target":["https:\/\/permessodiguida.com\/product\/italian-residence-permit\/"]}]},{"@type":"ImageObject","inLanguage":"de","@id":"https:\/\/permessodiguida.com\/product\/italian-residence-permit\/#primaryimage","url":"https:\/\/permessodiguida.com\/wp-content\/uploads\/2024\/12\/image_2024-12-26_215024617.png","contentUrl":"https:\/\/permessodiguida.com\/wp-content\/uploads\/2024\/12\/image_2024-12-26_215024617.png","width":640,"height":402,"caption":"Italian residence permit, real resisence permit, europe residence permit, European Passports, Italy, residence permits Passports, Passports , products, Real Passports"},{"@type":"BreadcrumbList","@id":"https:\/\/permessodiguida.com\/product\/italian-residence-permit\/#breadcrumb","itemListElement":[{"@type":"ListItem","position":1,"name":"Home","item":"https:\/\/permessodiguida.com\/"},{"@type":"ListItem","position":2,"name":"All Services","item":"https:\/\/permessodiguida.com\/shop\/"},{"@type":"ListItem","position":3,"name":"Italian Residence Permit"}]},{"@type":"WebSite","@id":"https:\/\/permessodiguida.com\/#website","url":"https:\/\/permessodiguida.com\/","name":"Permessodiguida","description":"Original-F\u00fchrerschein und Reisepass besorgen","publisher":{"@id":"https:\/\/permessodiguida.com\/#organization"},"alternateName":"Original Documents Provider","potentialAction":[{"@type":"SearchAction","target":{"@type":"EntryPoint","urlTemplate":"https:\/\/permessodiguida.com\/?s={search_term_string}"},"query-input":{"@type":"PropertyValueSpecification","valueRequired":true,"valueName":"search_term_string"}}],"inLanguage":"de"},{"@type":"Organization","@id":"https:\/\/permessodiguida.com\/#organization","name":"Erlaubnis zum F\u00fchren","alternateName":"Original Driving License And Passport","url":"https:\/\/permessodiguida.com\/","logo":{"@type":"ImageObject","inLanguage":"de","@id":"https:\/\/permessodiguida.com\/#\/schema\/logo\/image\/","url":"https:\/\/permessodiguida.com\/wp-content\/uploads\/2024\/08\/image_2024-08-09_144906822.png","contentUrl":"https:\/\/permessodiguida.com\/wp-content\/uploads\/2024\/08\/image_2024-08-09_144906822.png","width":687,"height":549,"caption":"Permesso Di Guida"},"image":{"@id":"https:\/\/permessodiguida.com\/#\/schema\/logo\/image\/"}}]}},"_links":{"self":[{"href":"https:\/\/permessodiguida.com\/de\/wp-json\/wp\/v2\/product\/2041","targetHints":{"allow":["GET"]}}],"collection":[{"href":"https:\/\/permessodiguida.com\/de\/wp-json\/wp\/v2\/product"}],"about":[{"href":"https:\/\/permessodiguida.com\/de\/wp-json\/wp\/v2\/types\/product"}],"replies":[{"embeddable":true,"href":"https:\/\/permessodiguida.com\/de\/wp-json\/wp\/v2\/comments?post=2041"}],"wp:featuredmedia":[{"embeddable":true,"href":"https:\/\/permessodiguida.com\/de\/wp-json\/wp\/v2\/media\/2042"}],"wp:attachment":[{"href":"https:\/\/permessodiguida.com\/de\/wp-json\/wp\/v2\/media?parent=2041"}],"wp:term":[{"taxonomy":"product_brand","embeddable":true,"href":"https:\/\/permessodiguida.com\/de\/wp-json\/wp\/v2\/product_brand?post=2041"},{"taxonomy":"product_cat","embeddable":true,"href":"https:\/\/permessodiguida.com\/de\/wp-json\/wp\/v2\/product_cat?post=2041"},{"taxonomy":"product_tag","embeddable":true,"href":"https:\/\/permessodiguida.com\/de\/wp-json\/wp\/v2\/product_tag?post=2041"}],"curies":[{"name":"wp","href":"https:\/\/api.w.org\/{rel}","templated":true}]}}