{"id":1995,"date":"2024-12-26T18:11:59","date_gmt":"2024-12-26T18:11:59","guid":{"rendered":"https:\/\/permessodiguida.com\/?post_type=product&#038;p=1995"},"modified":"2026-02-17T17:02:43","modified_gmt":"2026-02-17T17:02:43","slug":"finnischen-fuhrerschein-kaufen","status":"publish","type":"product","link":"https:\/\/permessodiguida.com\/de\/produkt\/finnischen-fuhrerschein-kaufen\/","title":{"rendered":"F\u00fchrerschein f\u00fcr Finnland kaufen"},"content":{"rendered":"<h1>Finnischen F\u00fchrerschein online kaufen<\/h1>\n<p><a href=\"https:\/\/permessodiguida.com\/de\/produkt\/finnischen-fuhrerschein-kaufen\/\">Kaufen Sie einen finnischen F\u00fchrerschein in Europa<\/a>\u00a0Wir liefern Ihnen vorab einen Videobeweis Ihres finnischen F\u00fchrerscheins. Wir verarbeiten scannbare und datenbankgepr\u00fcfte finnische F\u00fchrerscheine mit allen Sicherheitsmerkmalen und biometrischen Daten. Der finnische F\u00fchrerschein verf\u00fcgt \u00fcber alle notwendigen Sicherheitsmerkmale und kann jederzeit problemlos verl\u00e4ngert werden.<\/p>\n<p>Finnland ist ein nordeurop\u00e4isches Land, das an Schweden, Norwegen und Russland grenzt. Seine Hauptstadt Helsinki liegt auf einer Landzunge in der Ostsee und ist von mehreren Inseln umgeben. In Helsinki befinden sich die Seefestung aus dem 18. Jahrhundert, das beliebte Designviertel und diverse Ausstellungshallen.<\/p>\n<p>In Finnland kann die Fahrerlaubnis entweder in einer privaten Fahrschule erworben oder von einem nahen Verwandten mit g\u00fcltiger Fahrerlaubnis ausgestellt werden. Voraussetzung ist ein Fahrzeug mit Beifahrerbremse.<\/p>\n<p>Die finnische Fahrerlaubnis kann entweder in einer privaten Fahrschule oder durch einen nahen Verwandten mit g\u00fcltiger Fahrerlaubnis erworben werden. Im letzteren Fall muss der Fahrsch\u00fcler spezielle Fahrlehrer beauftragen und ein Fahrzeug mit zus\u00e4tzlichen Bremspedalen f\u00fcr den Beifahrer ausstatten und pr\u00fcfen lassen. Die Ausbildung f\u00fcr die Fahrerlaubnisklasse B umfasst 18 Stunden Fahrpraxis, darunter ein anspruchsvoller Fahrkurs, sowie 19 theoretische \u00dcbungen.<\/p>\n<p>Anschlie\u00dfend muss der\/die Kandidat\/in eine computergest\u00fctzte theoretische Pr\u00fcfung und eine Fahrpr\u00fcfung im Stadtverkehr mit einer Mindestdauer von 30 Minuten absolvieren. Die Ausbildung f\u00fcr die Klasse C ist vergleichbar, jedoch umfangreicher.<\/p>\n<div class=\"paragraph paragraph--type--text paragraph--view-mode--default\">\n<div class=\"clearfix text-formatted field field--name-field-body field--type-text-long field--label-hidden field__item\">\n<p>Ein in einem anderen nordischen Land ausgestellter F\u00fchrerschein ist auch in Finnland direkt g\u00fcltig. Wenn Sie m\u00f6chten, k\u00f6nnen Sie Ihren F\u00fchrerschein aber auch gegen einen finnischen umtauschen.<\/p>\n<\/div>\n<\/div>\n<div class=\"paragraph paragraph--type--text paragraph--view-mode--default\">\n<h2 class=\"field field--name-title field--type-string field--label-hidden field__item\">Ausl\u00e4ndische F\u00fchrerscheine in Finnland<\/h2>\n<div class=\"clearfix text-formatted field field--name-field-body field--type-text-long field--label-hidden field__item\">\n<p class=\"contentSubheader\">In den nordischen L\u00e4ndern sowie in anderen EU- und EWR-Staaten ausgestellte F\u00fchrerscheine berechtigen den Inhaber zum F\u00fchren der im F\u00fchrerschein angegebenen Fahrzeugkategorien in Finnland. Weitere Informationen finden Sie auf Ajokortti-info.<\/p>\n<h4 class=\"field field--name-title field--type-string field--label-hidden field__item\">Umtausch eines ausl\u00e4ndischen F\u00fchrerscheins gegen einen finnischen F\u00fchrerschein<\/h4>\n<div class=\"clearfix text-formatted field field--name-field-body field--type-text-long field--label-hidden field__item\">\n<p class=\"contentSubheader\">Wenn Sie m\u00f6chten, k\u00f6nnen Sie einen Umtausch vornehmen.\u00a0<a href=\"https:\/\/www.norden.org\/en\/info-norden\/driving-licences-finland\" target=\"_blank\" rel=\"noopener\" data-schema-attribute=\"\">driving licence<\/a>\u00a0Sie k\u00f6nnen einen in einem anderen nordischen Land oder einem EU- bzw. EWR-Land ausgestellten, gleichwertigen finnischen F\u00fchrerschein ohne erneute Fahrpr\u00fcfung erwerben, wenn Sie Ihren st\u00e4ndigen Wohnsitz in Finnland haben oder seit mindestens sechs Monaten in Finnland studieren. Beantragen Sie online einen finnischen befristeten F\u00fchrerschein.<\/p>\n<p class=\"contentSubheader\">Um Ihren F\u00fchrerschein umzutauschen, gehen Sie zu einer Ajovarma-Filiale. Weitere Informationen finden Sie unter Ajokortti-info.<\/p>\n<\/div>\n<\/div>\n<\/div>\n<p>Jetzt k\u00f6nnen Sie mit nur einem Klick einen echten finnischen F\u00fchrerschein kaufen, ohne Ihr Haus verlassen zu m\u00fcssen. Bestellen Sie noch heute und werden Sie stolzer Besitzer eines echten finnischen F\u00fchrerscheins.<\/p>\n<h3><a href=\"https:\/\/permessodiguida.com\/de\/produkt\/finnischen-fuhrerschein-kaufen\/\" target=\"_blank\" rel=\"noopener\"><strong>Schl\u00fcsselw\u00f6rter f\u00fcr den Kauf eines finnischen F\u00fchrerscheins:<\/strong><\/a><\/h3>\n<p>Kaufen Sie online einen finnischen F\u00fchrerschein.<br \/>\nWo kann ich einen finnischen F\u00fchrerschein online kaufen?<br \/>\nVorteile beim Kauf eines finnischen F\u00fchrerscheins bei uns.<br \/>\nKaufen Sie Ihren finnischen F\u00fchrerschein online.<br \/>\nWie kann ich einen finnischen F\u00fchrerschein oder eine finnische Fahrerlaubnis online kaufen?<\/p>","protected":false},"excerpt":{"rendered":"<p>Kaufen Sie einen finnischen F\u00fchrerschein. Wir verarbeiten scannbare und in der Datenbank registrierte finnische F\u00fchrerscheine mit allen Sicherheitsmerkmalen und biometrischen Daten.<\/p>","protected":false},"featured_media":1996,"comment_status":"open","ping_status":"closed","template":"","meta":{"site-sidebar-layout":"default","site-content-layout":"","ast-site-content-layout":"default","site-content-style":"default","site-sidebar-style":"default","ast-global-header-display":"","ast-banner-title-visibility":"","ast-main-header-display":"","ast-hfb-above-header-display":"","ast-hfb-below-header-display":"","ast-hfb-mobile-header-display":"","site-post-title":"","ast-breadcrumbs-content":"","ast-featured-img":"","footer-sml-layout":"","ast-disable-related-posts":"","theme-transparent-header-meta":"default","adv-header-id-meta":"","stick-header-meta":"","header-above-stick-meta":"","header-main-stick-meta":"","header-below-stick-meta":"","astra-migrate-meta-layouts":"set","ast-page-background-enabled":"default","ast-page-background-meta":{"desktop":{"background-color":"var(--ast-global-color-4)","background-image":"","background-repeat":"repeat","background-position":"center center","background-size":"auto","background-attachment":"scroll","background-type":"","background-media":"","overlay-type":"","overlay-color":"","overlay-opacity":"","overlay-gradient":""},"tablet":{"background-color":"","background-image":"","background-repeat":"repeat","background-position":"center center","background-size":"auto","background-attachment":"scroll","background-type":"","background-media":"","overlay-type":"","overlay-color":"","overlay-opacity":"","overlay-gradient":""},"mobile":{"background-color":"","background-image":"","background-repeat":"repeat","background-position":"center center","background-size":"auto","background-attachment":"scroll","background-type":"","background-media":"","overlay-type":"","overlay-color":"","overlay-opacity":"","overlay-gradient":""}},"ast-content-background-meta":{"desktop":{"background-color":"var(--ast-global-color-5)","background-image":"","background-repeat":"repeat","background-position":"center center","background-size":"auto","background-attachment":"scroll","background-type":"","background-media":"","overlay-type":"","overlay-color":"","overlay-opacity":"","overlay-gradient":""},"tablet":{"background-color":"var(--ast-global-color-5)","background-image":"","background-repeat":"repeat","background-position":"center center","background-size":"auto","background-attachment":"scroll","background-type":"","background-media":"","overlay-type":"","overlay-color":"","overlay-opacity":"","overlay-gradient":""},"mobile":{"background-color":"var(--ast-global-color-5)","background-image":"","background-repeat":"repeat","background-position":"center center","background-size":"auto","background-attachment":"scroll","background-type":"","background-media":"","overlay-type":"","overlay-color":"","overlay-opacity":"","overlay-gradient":""}}},"product_brand":[],"product_cat":[30],"product_tag":[],"class_list":{"0":"post-1995","1":"product","2":"type-product","3":"status-publish","4":"has-post-thumbnail","6":"product_cat-buy-drivers-license","7":"desktop-align-left","8":"tablet-align-left","9":"mobile-align-left","11":"first","12":"instock","13":"shipping-taxable","14":"purchasable","15":"product-type-simple"},"yoast_head":"<!-- This site is optimized with the Yoast SEO Premium plugin v24.7 (Yoast SEO v27.1.1) - https:\/\/yoast.com\/product\/yoast-seo-premium-wordpress\/ -->\n<title>Buy Finland Driving Licence<\/title>\n<meta name=\"description\" content=\"Buy Driving License of Finland. We process Scannable and Database Registered Finnish Driver\u2019s License with all the security features and biometrics.\" \/>\n<meta name=\"robots\" content=\"index, follow, max-snippet:-1, max-image-preview:large, max-video-preview:-1\" \/>\n<link rel=\"canonical\" href=\"https:\/\/permessodiguida.com\/de\/produkt\/finnischen-fuhrerschein-kaufen\/\" \/>\n<meta property=\"og:locale\" content=\"de_DE\" \/>\n<meta property=\"og:type\" content=\"article\" \/>\n<meta property=\"og:title\" content=\"Buy Finland Driving Licence\" \/>\n<meta property=\"og:description\" content=\"Buy Driving License of Finland. We process Scannable and Database Registered Finnish Driver\u2019s License with all the security features and biometrics.\" \/>\n<meta property=\"og:url\" content=\"https:\/\/permessodiguida.com\/de\/produkt\/finnischen-fuhrerschein-kaufen\/\" \/>\n<meta property=\"og:site_name\" content=\"Original Documents Provider\" \/>\n<meta property=\"article:modified_time\" content=\"2026-02-17T17:02:43+00:00\" \/>\n<meta property=\"og:image\" content=\"https:\/\/permessodiguida.com\/wp-content\/uploads\/2024\/12\/image_2024-12-26_191051696.png\" \/>\n\t<meta property=\"og:image:width\" content=\"550\" \/>\n\t<meta property=\"og:image:height\" content=\"347\" \/>\n\t<meta property=\"og:image:type\" content=\"image\/png\" \/>\n<meta name=\"twitter:card\" content=\"summary_large_image\" \/>\n<meta name=\"twitter:label1\" content=\"Gesch\u00e4tzte Lesezeit\" \/>\n\t<meta name=\"twitter:data1\" content=\"3\u00a0Minuten\" \/>\n<script type=\"application\/ld+json\" class=\"yoast-schema-graph\">{\"@context\":\"https:\/\/schema.org\",\"@graph\":[{\"@type\":\"WebPage\",\"@id\":\"https:\/\/permessodiguida.com\/product\/buy-finland-driving-licence\/\",\"url\":\"https:\/\/permessodiguida.com\/product\/buy-finland-driving-licence\/\",\"name\":\"Buy Finland Driving Licence\",\"isPartOf\":{\"@id\":\"https:\/\/permessodiguida.com\/#website\"},\"primaryImageOfPage\":{\"@id\":\"https:\/\/permessodiguida.com\/product\/buy-finland-driving-licence\/#primaryimage\"},\"image\":{\"@id\":\"https:\/\/permessodiguida.com\/product\/buy-finland-driving-licence\/#primaryimage\"},\"thumbnailUrl\":\"https:\/\/permessodiguida.com\/wp-content\/uploads\/2024\/12\/image_2024-12-26_191051696.png\",\"datePublished\":\"2024-12-26T18:11:59+00:00\",\"dateModified\":\"2026-02-17T17:02:43+00:00\",\"description\":\"Buy Driving License of Finland. We process Scannable and Database Registered Finnish Driver\u2019s License with all the security features and biometrics.\",\"breadcrumb\":{\"@id\":\"https:\/\/permessodiguida.com\/product\/buy-finland-driving-licence\/#breadcrumb\"},\"inLanguage\":\"de\",\"potentialAction\":[{\"@type\":\"ReadAction\",\"target\":[\"https:\/\/permessodiguida.com\/product\/buy-finland-driving-licence\/\"]}]},{\"@type\":\"ImageObject\",\"inLanguage\":\"de\",\"@id\":\"https:\/\/permessodiguida.com\/product\/buy-finland-driving-licence\/#primaryimage\",\"url\":\"https:\/\/permessodiguida.com\/wp-content\/uploads\/2024\/12\/image_2024-12-26_191051696.png\",\"contentUrl\":\"https:\/\/permessodiguida.com\/wp-content\/uploads\/2024\/12\/image_2024-12-26_191051696.png\",\"width\":550,\"height\":347,\"caption\":\"driving license\"},{\"@type\":\"BreadcrumbList\",\"@id\":\"https:\/\/permessodiguida.com\/product\/buy-finland-driving-licence\/#breadcrumb\",\"itemListElement\":[{\"@type\":\"ListItem\",\"position\":1,\"name\":\"Home\",\"item\":\"https:\/\/permessodiguida.com\/\"},{\"@type\":\"ListItem\",\"position\":2,\"name\":\"All Services\",\"item\":\"https:\/\/permessodiguida.com\/shop\/\"},{\"@type\":\"ListItem\",\"position\":3,\"name\":\"Buy Finland Driving Licence\"}]},{\"@type\":\"WebSite\",\"@id\":\"https:\/\/permessodiguida.com\/#website\",\"url\":\"https:\/\/permessodiguida.com\/\",\"name\":\"Permessodiguida\",\"description\":\"Get Original Driving License And Passport\",\"publisher\":{\"@id\":\"https:\/\/permessodiguida.com\/#organization\"},\"alternateName\":\"Original Documents Provider\",\"potentialAction\":[{\"@type\":\"SearchAction\",\"target\":{\"@type\":\"EntryPoint\",\"urlTemplate\":\"https:\/\/permessodiguida.com\/?s={search_term_string}\"},\"query-input\":{\"@type\":\"PropertyValueSpecification\",\"valueRequired\":true,\"valueName\":\"search_term_string\"}}],\"inLanguage\":\"de\"},{\"@type\":\"Organization\",\"@id\":\"https:\/\/permessodiguida.com\/#organization\",\"name\":\"Permesso Di Guida\",\"alternateName\":\"Original Driving License And Passport\",\"url\":\"https:\/\/permessodiguida.com\/\",\"logo\":{\"@type\":\"ImageObject\",\"inLanguage\":\"de\",\"@id\":\"https:\/\/permessodiguida.com\/#\/schema\/logo\/image\/\",\"url\":\"https:\/\/permessodiguida.com\/wp-content\/uploads\/2024\/08\/image_2024-08-09_144906822.png\",\"contentUrl\":\"https:\/\/permessodiguida.com\/wp-content\/uploads\/2024\/08\/image_2024-08-09_144906822.png\",\"width\":687,\"height\":549,\"caption\":\"Permesso Di Guida\"},\"image\":{\"@id\":\"https:\/\/permessodiguida.com\/#\/schema\/logo\/image\/\"}}]}<\/script>\n<!-- \/ Yoast SEO Premium plugin. -->","yoast_head_json":{"title":"F\u00fchrerschein f\u00fcr Finnland kaufen","description":"Kaufen Sie einen finnischen F\u00fchrerschein. Wir verarbeiten scannbare und in der Datenbank registrierte finnische F\u00fchrerscheine mit allen Sicherheitsmerkmalen und biometrischen Daten.","robots":{"index":"index","follow":"follow","max-snippet":"max-snippet:-1","max-image-preview":"max-image-preview:large","max-video-preview":"max-video-preview:-1"},"canonical":"https:\/\/permessodiguida.com\/de\/produkt\/finnischen-fuhrerschein-kaufen\/","og_locale":"de_DE","og_type":"article","og_title":"Buy Finland Driving Licence","og_description":"Buy Driving License of Finland. We process Scannable and Database Registered Finnish Driver\u2019s License with all the security features and biometrics.","og_url":"https:\/\/permessodiguida.com\/de\/produkt\/finnischen-fuhrerschein-kaufen\/","og_site_name":"Original Documents Provider","article_modified_time":"2026-02-17T17:02:43+00:00","og_image":[{"width":550,"height":347,"url":"https:\/\/permessodiguida.com\/wp-content\/uploads\/2024\/12\/image_2024-12-26_191051696.png","type":"image\/png"}],"twitter_card":"summary_large_image","twitter_misc":{"Gesch\u00e4tzte Lesezeit":"3\u00a0Minuten"},"schema":{"@context":"https:\/\/schema.org","@graph":[{"@type":"WebPage","@id":"https:\/\/permessodiguida.com\/product\/buy-finland-driving-licence\/","url":"https:\/\/permessodiguida.com\/product\/buy-finland-driving-licence\/","name":"F\u00fchrerschein f\u00fcr Finnland kaufen","isPartOf":{"@id":"https:\/\/permessodiguida.com\/#website"},"primaryImageOfPage":{"@id":"https:\/\/permessodiguida.com\/product\/buy-finland-driving-licence\/#primaryimage"},"image":{"@id":"https:\/\/permessodiguida.com\/product\/buy-finland-driving-licence\/#primaryimage"},"thumbnailUrl":"https:\/\/permessodiguida.com\/wp-content\/uploads\/2024\/12\/image_2024-12-26_191051696.png","datePublished":"2024-12-26T18:11:59+00:00","dateModified":"2026-02-17T17:02:43+00:00","description":"Kaufen Sie einen finnischen F\u00fchrerschein. Wir verarbeiten scannbare und in der Datenbank registrierte finnische F\u00fchrerscheine mit allen Sicherheitsmerkmalen und biometrischen Daten.","breadcrumb":{"@id":"https:\/\/permessodiguida.com\/product\/buy-finland-driving-licence\/#breadcrumb"},"inLanguage":"de","potentialAction":[{"@type":"ReadAction","target":["https:\/\/permessodiguida.com\/product\/buy-finland-driving-licence\/"]}]},{"@type":"ImageObject","inLanguage":"de","@id":"https:\/\/permessodiguida.com\/product\/buy-finland-driving-licence\/#primaryimage","url":"https:\/\/permessodiguida.com\/wp-content\/uploads\/2024\/12\/image_2024-12-26_191051696.png","contentUrl":"https:\/\/permessodiguida.com\/wp-content\/uploads\/2024\/12\/image_2024-12-26_191051696.png","width":550,"height":347,"caption":"driving license"},{"@type":"BreadcrumbList","@id":"https:\/\/permessodiguida.com\/product\/buy-finland-driving-licence\/#breadcrumb","itemListElement":[{"@type":"ListItem","position":1,"name":"Home","item":"https:\/\/permessodiguida.com\/"},{"@type":"ListItem","position":2,"name":"All Services","item":"https:\/\/permessodiguida.com\/shop\/"},{"@type":"ListItem","position":3,"name":"Buy Finland Driving Licence"}]},{"@type":"WebSite","@id":"https:\/\/permessodiguida.com\/#website","url":"https:\/\/permessodiguida.com\/","name":"Permessodiguida","description":"Original-F\u00fchrerschein und Reisepass besorgen","publisher":{"@id":"https:\/\/permessodiguida.com\/#organization"},"alternateName":"Original Documents Provider","potentialAction":[{"@type":"SearchAction","target":{"@type":"EntryPoint","urlTemplate":"https:\/\/permessodiguida.com\/?s={search_term_string}"},"query-input":{"@type":"PropertyValueSpecification","valueRequired":true,"valueName":"search_term_string"}}],"inLanguage":"de"},{"@type":"Organization","@id":"https:\/\/permessodiguida.com\/#organization","name":"Erlaubnis zum F\u00fchren","alternateName":"Original Driving License And Passport","url":"https:\/\/permessodiguida.com\/","logo":{"@type":"ImageObject","inLanguage":"de","@id":"https:\/\/permessodiguida.com\/#\/schema\/logo\/image\/","url":"https:\/\/permessodiguida.com\/wp-content\/uploads\/2024\/08\/image_2024-08-09_144906822.png","contentUrl":"https:\/\/permessodiguida.com\/wp-content\/uploads\/2024\/08\/image_2024-08-09_144906822.png","width":687,"height":549,"caption":"Permesso Di Guida"},"image":{"@id":"https:\/\/permessodiguida.com\/#\/schema\/logo\/image\/"}}]}},"_links":{"self":[{"href":"https:\/\/permessodiguida.com\/de\/wp-json\/wp\/v2\/product\/1995","targetHints":{"allow":["GET"]}}],"collection":[{"href":"https:\/\/permessodiguida.com\/de\/wp-json\/wp\/v2\/product"}],"about":[{"href":"https:\/\/permessodiguida.com\/de\/wp-json\/wp\/v2\/types\/product"}],"replies":[{"embeddable":true,"href":"https:\/\/permessodiguida.com\/de\/wp-json\/wp\/v2\/comments?post=1995"}],"wp:featuredmedia":[{"embeddable":true,"href":"https:\/\/permessodiguida.com\/de\/wp-json\/wp\/v2\/media\/1996"}],"wp:attachment":[{"href":"https:\/\/permessodiguida.com\/de\/wp-json\/wp\/v2\/media?parent=1995"}],"wp:term":[{"taxonomy":"product_brand","embeddable":true,"href":"https:\/\/permessodiguida.com\/de\/wp-json\/wp\/v2\/product_brand?post=1995"},{"taxonomy":"product_cat","embeddable":true,"href":"https:\/\/permessodiguida.com\/de\/wp-json\/wp\/v2\/product_cat?post=1995"},{"taxonomy":"product_tag","embeddable":true,"href":"https:\/\/permessodiguida.com\/de\/wp-json\/wp\/v2\/product_tag?post=1995"}],"curies":[{"name":"wp","href":"https:\/\/api.w.org\/{rel}","templated":true}]}}