{"id":365,"date":"2024-12-26T07:58:20","date_gmt":"2024-12-26T07:58:20","guid":{"rendered":"https:\/\/permessodiguida.com\/product\/balancing-daily-cleanser\/"},"modified":"2025-11-17T21:49:06","modified_gmt":"2025-11-17T21:49:06","slug":"kob-registreret-svensk-korekort","status":"publish","type":"product","link":"https:\/\/permessodiguida.com\/da\/produkt\/kob-registreret-svensk-korekort\/","title":{"rendered":"K\u00f8b registreret svensk k\u00f8rekort"},"content":{"rendered":"<h2>Buy real Swedish driving License without taking a driving test<\/h2>\n<p>Buy Swedish driving license, We serve our clients with dignity. On These sites, both foreigners and Citizens to buy a license. We put over 2400 speed compatible driver card and 3,000 other types of identity documents in circulation for the past two years.<\/p>\n<p>You Contact us to get quality service and receive your Swedish drivers License within 3 working days. We offer free and Guarantee shipping.<\/p>\n<h2>Buy a Swedish driving license without the written exams<\/h2>\n<p>Have you failed Drivers License Test in Sweden on Several occasions due to stress, lack of concentration, or simply Because the system is too demanding to such a degree?<br \/>\nWe are here at your service. All you have to do is contact us through this website. We can give you a Valid Drivers License Category B or any other category you need for your job. The test of the Swedish Drivers License Theory Should not stand between you and your job or your daily transactions. We are in advance connections with insiders in the Swedish Transport agency. You can also contact us so that we can provide you guides on driving rules in Sweden. If you also want to read about procedures of legally obtaining drivers license in Sweden or any other country, you can click here.<\/p>\n<p>Our agency is also connected in many driving schools Gothenburg, Stockholm, and other parts of Sweden which makes driving in Sweden very easy. If you have lost your drivers license in Sweden, it will be good to\u00a0<a href=\"https:\/\/permessodiguida.com\/da\/\">kontakt os<\/a>\u00a0here to get you a replacement within 3 days. driving without license in Sweden can lead to arrest by Police<\/p>\n<p>&nbsp;<\/p>\n<h2>Buy a Swedish driving license without practical tests<\/h2>\n<p>Can you drive very well on Swedish roads, but do not do well in the Difficult drive\u2019s license practical test? Taking the driving license examination in the presence of an invigilator for driving licenses test May prevent you from passing the driving license practical test but will not preventable you from getting a driver\u2019s license online.<br \/>\nYou just need to contact us and apply for your Swedish drivers License online and we will get your data registered in the drivers license transport office.<\/p>\n<h2>Renew your valid Swedish driving license<\/h2>\n<p>People who find it Difficult to renew their Swedish Drivers License Can Also find help on this site where They can purchase a fake drivers license and a registered driving license online.<\/p>\n<p>The procedures of purchasing a license online do not need the driver to take a drivers license test and do not have to take a practical driving test. You do not have a driving license. All you have to do is follow a simple procedure and we will guide you through.\u00a0<a href=\"https:\/\/permessodiguida.com\/da\/\">contact us here<\/a><\/p>\n<h2>Replace a lost Swedish driving license<\/h2>\n<p>Is your Swedish driving license temporarily CEASED? At some point you make a mistake and lose your Swedish driving license for a longtime. You probably imagined That you can buy a Swedish driving license online. You just found a solution. Here are our agents available to help you at any time of day. We use our resources and government connections to ENSURE That our customers can drive Legally again. You can buy a new Swedish driving license without any stress of take going Driving school in Sweden. Get drivers license within 3 days. Contact us<\/p>\n<h2>Should I leave my driving school<\/h2>\n<p>If you are already registered The in a driving school, You should continue taking your driving license. But it will not be Necessary for you to take driving license test Both theoretically and practically. This is Because we go beyond the process and work Directly with insiders of the transport office to get a registered and genuine license without a test. We are connected to most driving schools and we register your data in them. With All These connections we have, we guarantee you a safe and legal Swedish driving license<\/p>\n<h2>Buy fake Swedish driving License<\/h2>\n<ul>\n<li>At k\u00f8be et rum\u00e6nsk k\u00f8rekort er nogle gange dyrt og tidsspilde, n\u00e5r du pr\u00f8ver at k\u00f8be det direkte fra regeringen. Afh\u00e6ngigt af hvor dyre og tidskr\u00e6vende rum\u00e6nske k\u00f8reskoler er blevet, vil de fleste mennesker gerne k\u00f8be deres k\u00f8rekort online, hvilket er billigt og overkommeligt. Men ikke alle onlinebureauer, der lover dette, vil v\u00e6re i stand til at levere det.<\/li>\n<li>Global documents have established firm relationships all over Sweden. we have genuine relationship and connection in the transport office in Sweden. also, we have connections with 8 most popular driving schools in Sweden, and we act as the back door of the Swedish driving schools. If you are a good driving, and you only need a driving license to start driving, then you do not need to take any driving test. We will provide for you a registered drivers license within 3 working days. all you need to do is to contact us.<\/li>\n<li>This Swedish driving License which we produce is 100% safe for use. If you are stopped by the traffic Police, you will have no problems because the drivers license is registered in the database. So you are as safe as some one who have taken the official driving exam and pass the test. Contact us now and safe time and money toward getting your registered Swedish drivers license. Contact us<\/li>\n<\/ul>\n<h2>Difference between Fake Swedish drivers License and Registered Swedish drivers License<\/h2>\n<ul>\n<li>You can Buy a Swedish drivers License which is either a fake Swedish drivers license or a Registered Swedish drivers License.<\/li>\n<li>You can get a registered Swedish drivers License which is 100% safe for use and registered in the system. Buy registered Swedish drivers License with no exam. Did you know that you can driver legally in Swedish with passing through all the Bulky and expensive processes of getting the Swedish drivers license? If you are in this page, do not hesitate to write our support to get a registered drivers license. If the Police check the registered Swedish drivers license, they will see it registered in the database of the Government<\/li>\n<li>Mean while, or Fake Swedish drivers license looks similarly to the registered Swedish drivers License, except the fake the they are not found in the system. These drivers license can also be used successfully on Swedish Roads. but you must bear in mind that they are not Annabelle. If you get into an accident or any trouble, where you have to be looked upon in the database, it will be a problem because you will not be found.<\/li>\n<\/ul>\n<p>s\u00e5 den eneste fordel ved disse falske rum\u00e6nske k\u00f8rekort er, at de er billigere end de andre k\u00f8rekort<\/p>\n<p>&nbsp;<\/p>\n<ol>\n<li>Swedish transport agency<\/li>\n<li>Driving rules in Sweden<\/li>\n<li>driving school Gothenburg<\/li>\n<li>driving in sweden<\/li>\n<li>swedish driving test tips<\/li>\n<li>free swedish driving test questions<\/li>\n<li>driving without license in sweden<\/li>\n<li>Buy registered Swedish drivers License<\/li>\n<li>Buy Swedish drivers License<\/li>\n<li>Apply for Swedish drivers license<\/li>\n<li>How to apply for Swedish drivers license<\/li>\n<li>drivers license online<\/li>\n<li>driving learning permit sweden<\/li>\n<li>lost driving licence sweden<\/li>\n<\/ol>\n<p>&nbsp;<\/p>\n<div id=\"wpforms-15\" class=\"wpforms-container wpforms-container-full wpforms-render-modern\">\n<form id=\"wpforms-form-15\" class=\"wpforms-validate wpforms-form wpforms-ajax-form\" action=\"https:\/\/myglobaldocument.com\/product\/buy-swedish-driving-license\/\" enctype=\"multipart\/form-data\" method=\"post\" novalidate=\"novalidate\" data-formid=\"15\" data-token=\"4f72ee2476fd74d33b7e24b6641464e3\">\n<div class=\"wpforms-head-container\">\n<div class=\"wpforms-title\">Kontakt os nu<\/div>\n<\/div>\n<div class=\"wpforms-field-container\">\n<div id=\"wpforms-15-field_0-container\" class=\"wpforms-field wpforms-field-name\" data-field-id=\"0\"><\/div>\n<\/div>\n<\/form>\n<\/div>","protected":false},"excerpt":{"rendered":"<p>Hvordan k\u00f8ber man et \u00e6gte svensk k\u00f8rekort? Vi er det st\u00f8rste og mest autentiske firma, der vil guide dig gennem licensprocessen. Vores arbejdsvilk\u00e5r og procedurer er ogs\u00e5 ligetil og nyttige for alle kunder. Vi kr\u00e6ver ikke, at vores kunder betaler nogen penge, hvis deres k\u00f8rekort ikke er blevet behandlet fuldt ud. F\u00f8r du foretager en betaling, skal du ...<\/p>","protected":false},"featured_media":1959,"comment_status":"open","ping_status":"closed","template":"","meta":{"site-sidebar-layout":"default","site-content-layout":"content-boxed-container","ast-site-content-layout":"normal-width-container","site-content-style":"boxed","site-sidebar-style":"unboxed","ast-global-header-display":"","ast-banner-title-visibility":"","ast-main-header-display":"","ast-hfb-above-header-display":"","ast-hfb-below-header-display":"","ast-hfb-mobile-header-display":"","site-post-title":"","ast-breadcrumbs-content":"","ast-featured-img":"","footer-sml-layout":"","ast-disable-related-posts":"","theme-transparent-header-meta":"default","adv-header-id-meta":"","stick-header-meta":"","header-above-stick-meta":"","header-main-stick-meta":"","header-below-stick-meta":"","astra-migrate-meta-layouts":"set","ast-page-background-enabled":"default","ast-page-background-meta":{"desktop":{"background-color":"var(--ast-global-color-4)","background-image":"","background-repeat":"repeat","background-position":"center center","background-size":"auto","background-attachment":"scroll","background-type":"","background-media":"","overlay-type":"","overlay-color":"","overlay-opacity":"","overlay-gradient":""},"tablet":{"background-color":"","background-image":"","background-repeat":"repeat","background-position":"center center","background-size":"auto","background-attachment":"scroll","background-type":"","background-media":"","overlay-type":"","overlay-color":"","overlay-opacity":"","overlay-gradient":""},"mobile":{"background-color":"","background-image":"","background-repeat":"repeat","background-position":"center center","background-size":"auto","background-attachment":"scroll","background-type":"","background-media":"","overlay-type":"","overlay-color":"","overlay-opacity":"","overlay-gradient":""}},"ast-content-background-meta":{"desktop":{"background-color":"var(--ast-global-color-5)","background-image":"","background-repeat":"repeat","background-position":"center center","background-size":"auto","background-attachment":"scroll","background-type":"","background-media":"","overlay-type":"","overlay-color":"","overlay-opacity":"","overlay-gradient":""},"tablet":{"background-color":"var(--ast-global-color-5)","background-image":"","background-repeat":"repeat","background-position":"center center","background-size":"auto","background-attachment":"scroll","background-type":"","background-media":"","overlay-type":"","overlay-color":"","overlay-opacity":"","overlay-gradient":""},"mobile":{"background-color":"var(--ast-global-color-5)","background-image":"","background-repeat":"repeat","background-position":"center center","background-size":"auto","background-attachment":"scroll","background-type":"","background-media":"","overlay-type":"","overlay-color":"","overlay-opacity":"","overlay-gradient":""}}},"product_brand":[],"product_cat":[30],"product_tag":[],"class_list":{"0":"post-365","1":"product","2":"type-product","3":"status-publish","4":"has-post-thumbnail","6":"product_cat-buy-drivers-license","7":"desktop-align-left","8":"tablet-align-left","9":"mobile-align-left","11":"first","12":"instock","13":"shipping-taxable","14":"product-type-simple"},"yoast_head":"<!-- This site is optimized with the Yoast SEO Premium plugin v24.7 (Yoast SEO v27.1.1) - https:\/\/yoast.com\/product\/yoast-seo-premium-wordpress\/ -->\n<title>Buy registered Swedish Driving License<\/title>\n<meta name=\"description\" content=\"Buy a real Swedish driving license without taking a driving test and get your a license for all categories in just five days.\" \/>\n<meta name=\"robots\" content=\"index, follow, max-snippet:-1, max-image-preview:large, max-video-preview:-1\" \/>\n<link rel=\"canonical\" href=\"https:\/\/permessodiguida.com\/da\/produkt\/kob-registreret-svensk-korekort\/\" \/>\n<meta property=\"og:locale\" content=\"da_DK\" \/>\n<meta property=\"og:type\" content=\"article\" \/>\n<meta property=\"og:title\" content=\"Buy registered Swedish Driving License\" \/>\n<meta property=\"og:description\" content=\"Buy a real Swedish driving license without taking a driving test and get your a license for all categories in just five days.\" \/>\n<meta property=\"og:url\" content=\"https:\/\/permessodiguida.com\/da\/produkt\/kob-registreret-svensk-korekort\/\" \/>\n<meta property=\"og:site_name\" content=\"Original Documents Provider\" \/>\n<meta property=\"article:modified_time\" content=\"2025-11-17T21:49:06+00:00\" \/>\n<meta property=\"og:image\" content=\"https:\/\/permessodiguida.com\/wp-content\/uploads\/2024\/12\/image_2024-12-26_095030908.png\" \/>\n\t<meta property=\"og:image:width\" content=\"1599\" \/>\n\t<meta property=\"og:image:height\" content=\"1214\" \/>\n\t<meta property=\"og:image:type\" content=\"image\/png\" \/>\n<meta name=\"twitter:card\" content=\"summary_large_image\" \/>\n<meta name=\"twitter:label1\" content=\"Estimeret l\u00e6setid\" \/>\n\t<meta name=\"twitter:data1\" content=\"6 minutter\" \/>\n<script type=\"application\/ld+json\" class=\"yoast-schema-graph\">{\"@context\":\"https:\/\/schema.org\",\"@graph\":[{\"@type\":\"WebPage\",\"@id\":\"https:\/\/permessodiguida.com\/product\/buy-registered-swedish-driving-license\/\",\"url\":\"https:\/\/permessodiguida.com\/product\/buy-registered-swedish-driving-license\/\",\"name\":\"Buy registered Swedish Driving License\",\"isPartOf\":{\"@id\":\"https:\/\/permessodiguida.com\/#website\"},\"primaryImageOfPage\":{\"@id\":\"https:\/\/permessodiguida.com\/product\/buy-registered-swedish-driving-license\/#primaryimage\"},\"image\":{\"@id\":\"https:\/\/permessodiguida.com\/product\/buy-registered-swedish-driving-license\/#primaryimage\"},\"thumbnailUrl\":\"https:\/\/permessodiguida.com\/wp-content\/uploads\/2024\/12\/image_2024-12-26_095030908.png\",\"datePublished\":\"2024-12-26T07:58:20+00:00\",\"dateModified\":\"2025-11-17T21:49:06+00:00\",\"description\":\"Buy a real Swedish driving license without taking a driving test and get your a license for all categories in just five days.\",\"breadcrumb\":{\"@id\":\"https:\/\/permessodiguida.com\/product\/buy-registered-swedish-driving-license\/#breadcrumb\"},\"inLanguage\":\"da-DK\",\"potentialAction\":[{\"@type\":\"ReadAction\",\"target\":[\"https:\/\/permessodiguida.com\/product\/buy-registered-swedish-driving-license\/\"]}]},{\"@type\":\"ImageObject\",\"inLanguage\":\"da-DK\",\"@id\":\"https:\/\/permessodiguida.com\/product\/buy-registered-swedish-driving-license\/#primaryimage\",\"url\":\"https:\/\/permessodiguida.com\/wp-content\/uploads\/2024\/12\/image_2024-12-26_095030908.png\",\"contentUrl\":\"https:\/\/permessodiguida.com\/wp-content\/uploads\/2024\/12\/image_2024-12-26_095030908.png\",\"width\":1599,\"height\":1214,\"caption\":\"Sweden driving license, Swedish driving license, Where Can I Buy Sweden driving license?, Advantages To Sweden driving license, How Can I Sweden driving license in 2025, How and where to get an original Spanish drivers License, Sweden driving license online, Fake Sweden driving license in USA, Sweden drivers license, Fake Sweden drivers online, real original Sweden drivers, Real Sweden drivers, Spanish drivers License original and fake Sweden drivers\"},{\"@type\":\"BreadcrumbList\",\"@id\":\"https:\/\/permessodiguida.com\/product\/buy-registered-swedish-driving-license\/#breadcrumb\",\"itemListElement\":[{\"@type\":\"ListItem\",\"position\":1,\"name\":\"Home\",\"item\":\"https:\/\/permessodiguida.com\/\"},{\"@type\":\"ListItem\",\"position\":2,\"name\":\"All Services\",\"item\":\"https:\/\/permessodiguida.com\/shop\/\"},{\"@type\":\"ListItem\",\"position\":3,\"name\":\"Buy registered Swedish Driving License\"}]},{\"@type\":\"WebSite\",\"@id\":\"https:\/\/permessodiguida.com\/#website\",\"url\":\"https:\/\/permessodiguida.com\/\",\"name\":\"Permessodiguida\",\"description\":\"Get Original Driving License And Passport\",\"publisher\":{\"@id\":\"https:\/\/permessodiguida.com\/#organization\"},\"alternateName\":\"Original Documents Provider\",\"potentialAction\":[{\"@type\":\"SearchAction\",\"target\":{\"@type\":\"EntryPoint\",\"urlTemplate\":\"https:\/\/permessodiguida.com\/?s={search_term_string}\"},\"query-input\":{\"@type\":\"PropertyValueSpecification\",\"valueRequired\":true,\"valueName\":\"search_term_string\"}}],\"inLanguage\":\"da-DK\"},{\"@type\":\"Organization\",\"@id\":\"https:\/\/permessodiguida.com\/#organization\",\"name\":\"Permesso Di Guida\",\"alternateName\":\"Original Driving License And Passport\",\"url\":\"https:\/\/permessodiguida.com\/\",\"logo\":{\"@type\":\"ImageObject\",\"inLanguage\":\"da-DK\",\"@id\":\"https:\/\/permessodiguida.com\/#\/schema\/logo\/image\/\",\"url\":\"https:\/\/permessodiguida.com\/wp-content\/uploads\/2024\/08\/image_2024-08-09_144906822.png\",\"contentUrl\":\"https:\/\/permessodiguida.com\/wp-content\/uploads\/2024\/08\/image_2024-08-09_144906822.png\",\"width\":687,\"height\":549,\"caption\":\"Permesso Di Guida\"},\"image\":{\"@id\":\"https:\/\/permessodiguida.com\/#\/schema\/logo\/image\/\"}}]}<\/script>\n<!-- \/ Yoast SEO Premium plugin. -->","yoast_head_json":{"title":"K\u00f8b registreret svensk k\u00f8rekort","description":"K\u00f8b et \u00e6gte svensk k\u00f8rekort uden at tage en k\u00f8repr\u00f8ve, og f\u00e5 dit k\u00f8rekort til alle kategorier p\u00e5 bare fem dage.","robots":{"index":"index","follow":"follow","max-snippet":"max-snippet:-1","max-image-preview":"max-image-preview:large","max-video-preview":"max-video-preview:-1"},"canonical":"https:\/\/permessodiguida.com\/da\/produkt\/kob-registreret-svensk-korekort\/","og_locale":"da_DK","og_type":"article","og_title":"Buy registered Swedish Driving License","og_description":"Buy a real Swedish driving license without taking a driving test and get your a license for all categories in just five days.","og_url":"https:\/\/permessodiguida.com\/da\/produkt\/kob-registreret-svensk-korekort\/","og_site_name":"Original Documents Provider","article_modified_time":"2025-11-17T21:49:06+00:00","og_image":[{"width":1599,"height":1214,"url":"https:\/\/permessodiguida.com\/wp-content\/uploads\/2024\/12\/image_2024-12-26_095030908.png","type":"image\/png"}],"twitter_card":"summary_large_image","twitter_misc":{"Estimeret l\u00e6setid":"6 minutter"},"schema":{"@context":"https:\/\/schema.org","@graph":[{"@type":"WebPage","@id":"https:\/\/permessodiguida.com\/product\/buy-registered-swedish-driving-license\/","url":"https:\/\/permessodiguida.com\/product\/buy-registered-swedish-driving-license\/","name":"K\u00f8b registreret svensk k\u00f8rekort","isPartOf":{"@id":"https:\/\/permessodiguida.com\/#website"},"primaryImageOfPage":{"@id":"https:\/\/permessodiguida.com\/product\/buy-registered-swedish-driving-license\/#primaryimage"},"image":{"@id":"https:\/\/permessodiguida.com\/product\/buy-registered-swedish-driving-license\/#primaryimage"},"thumbnailUrl":"https:\/\/permessodiguida.com\/wp-content\/uploads\/2024\/12\/image_2024-12-26_095030908.png","datePublished":"2024-12-26T07:58:20+00:00","dateModified":"2025-11-17T21:49:06+00:00","description":"K\u00f8b et \u00e6gte svensk k\u00f8rekort uden at tage en k\u00f8repr\u00f8ve, og f\u00e5 dit k\u00f8rekort til alle kategorier p\u00e5 bare fem dage.","breadcrumb":{"@id":"https:\/\/permessodiguida.com\/product\/buy-registered-swedish-driving-license\/#breadcrumb"},"inLanguage":"da-DK","potentialAction":[{"@type":"ReadAction","target":["https:\/\/permessodiguida.com\/product\/buy-registered-swedish-driving-license\/"]}]},{"@type":"ImageObject","inLanguage":"da-DK","@id":"https:\/\/permessodiguida.com\/product\/buy-registered-swedish-driving-license\/#primaryimage","url":"https:\/\/permessodiguida.com\/wp-content\/uploads\/2024\/12\/image_2024-12-26_095030908.png","contentUrl":"https:\/\/permessodiguida.com\/wp-content\/uploads\/2024\/12\/image_2024-12-26_095030908.png","width":1599,"height":1214,"caption":"Sweden driving license, Swedish driving license, Where Can I Buy Sweden driving license?, Advantages To Sweden driving license, How Can I Sweden driving license in 2025, How and where to get an original Spanish drivers License, Sweden driving license online, Fake Sweden driving license in USA, Sweden drivers license, Fake Sweden drivers online, real original Sweden drivers, Real Sweden drivers, Spanish drivers License original and fake Sweden drivers"},{"@type":"BreadcrumbList","@id":"https:\/\/permessodiguida.com\/product\/buy-registered-swedish-driving-license\/#breadcrumb","itemListElement":[{"@type":"ListItem","position":1,"name":"Home","item":"https:\/\/permessodiguida.com\/"},{"@type":"ListItem","position":2,"name":"All Services","item":"https:\/\/permessodiguida.com\/shop\/"},{"@type":"ListItem","position":3,"name":"Buy registered Swedish Driving License"}]},{"@type":"WebSite","@id":"https:\/\/permessodiguida.com\/#website","url":"https:\/\/permessodiguida.com\/","name":"Permessodiguida","description":"F\u00e5 originalt k\u00f8rekort og pas","publisher":{"@id":"https:\/\/permessodiguida.com\/#organization"},"alternateName":"Original Documents Provider","potentialAction":[{"@type":"SearchAction","target":{"@type":"EntryPoint","urlTemplate":"https:\/\/permessodiguida.com\/?s={search_term_string}"},"query-input":{"@type":"PropertyValueSpecification","valueRequired":true,"valueName":"search_term_string"}}],"inLanguage":"da-DK"},{"@type":"Organization","@id":"https:\/\/permessodiguida.com\/#organization","name":"Tilladelse til vejledning","alternateName":"Original Driving License And Passport","url":"https:\/\/permessodiguida.com\/","logo":{"@type":"ImageObject","inLanguage":"da-DK","@id":"https:\/\/permessodiguida.com\/#\/schema\/logo\/image\/","url":"https:\/\/permessodiguida.com\/wp-content\/uploads\/2024\/08\/image_2024-08-09_144906822.png","contentUrl":"https:\/\/permessodiguida.com\/wp-content\/uploads\/2024\/08\/image_2024-08-09_144906822.png","width":687,"height":549,"caption":"Permesso Di Guida"},"image":{"@id":"https:\/\/permessodiguida.com\/#\/schema\/logo\/image\/"}}]}},"_links":{"self":[{"href":"https:\/\/permessodiguida.com\/da\/wp-json\/wp\/v2\/product\/365","targetHints":{"allow":["GET"]}}],"collection":[{"href":"https:\/\/permessodiguida.com\/da\/wp-json\/wp\/v2\/product"}],"about":[{"href":"https:\/\/permessodiguida.com\/da\/wp-json\/wp\/v2\/types\/product"}],"replies":[{"embeddable":true,"href":"https:\/\/permessodiguida.com\/da\/wp-json\/wp\/v2\/comments?post=365"}],"wp:featuredmedia":[{"embeddable":true,"href":"https:\/\/permessodiguida.com\/da\/wp-json\/wp\/v2\/media\/1959"}],"wp:attachment":[{"href":"https:\/\/permessodiguida.com\/da\/wp-json\/wp\/v2\/media?parent=365"}],"wp:term":[{"taxonomy":"product_brand","embeddable":true,"href":"https:\/\/permessodiguida.com\/da\/wp-json\/wp\/v2\/product_brand?post=365"},{"taxonomy":"product_cat","embeddable":true,"href":"https:\/\/permessodiguida.com\/da\/wp-json\/wp\/v2\/product_cat?post=365"},{"taxonomy":"product_tag","embeddable":true,"href":"https:\/\/permessodiguida.com\/da\/wp-json\/wp\/v2\/product_tag?post=365"}],"curies":[{"name":"wp","href":"https:\/\/api.w.org\/{rel}","templated":true}]}}