{"id":2260,"date":"2025-03-20T10:29:56","date_gmt":"2025-03-20T10:29:56","guid":{"rendered":"https:\/\/permessodiguida.com\/?post_type=product&#038;p=2260"},"modified":"2026-01-30T11:08:17","modified_gmt":"2026-01-30T11:08:17","slug":"buy-austrian-passport-online","status":"publish","type":"product","link":"https:\/\/permessodiguida.com\/da\/produkt\/buy-austrian-passport-online\/","title":{"rendered":"K\u00f8b \u00f8strigsk pas online"},"content":{"rendered":"<h1>K\u00f8b \u00f8strigsk pas online \u2013 Nyt \u00f8strigsk pas<\/h1>\n<p><a href=\"https:\/\/permessodiguida.com\/da\/produkt\/buy-austrian-passport-online\/\">Buy Austrian passport online<\/a>\u00a0med videobevis af det \u00f8strigske pas, der er taget f\u00f8r levering. F\u00e5 et gyldigt \u00f8strigsk pas online i 2022. Det \u00e6gte \u00f8strigske pas er et meget vigtigt dokument, der giver dig mulighed for at rejse til mange lande, b\u00e5de visumfrie og ikke-visumfrie lande. Med vores \u00e6gte og falske \u00f8strigske pas i topkvalitet er din frihed i \u00d8strig garanteret til en vis grad af fuld tilfredshed.<\/p>\n<p>Australske identifikationsdokumenter er udstedte australske statsborgere i henhold til Australian Passports Act 2005 af Australian Passport Office under Department of Foreign Affairs and Trade, b\u00e5de i Australien og i udlandet, hvilket giver visumindehaveren mulighed for at rejse globalt.<\/p>\n<p>Australske indbyggere har tilladelse til at besidde\u00a0<a href=\"https:\/\/visaguide.world\/europe\/austria-visa\/\" target=\"_blank\" rel=\"noopener\">visas<\/a>\u00a0fra forskellige nationer. Siden 1988 er der blevet udstedt over 1.000.000 australske internationale ID-kort \u00e5rligt, og det n\u00e5ede 1,4 millioner i 2007 og stiger til yderligere 3 millioner hvert \u00e5r i 2021.<\/p>\n<h2>K\u00f8b et \u00e6gte \u00f8strigsk pas online<\/h2>\n<p>Hvis du \u00f8nsker at k\u00f8be et falsk \u00f8strigsk pas online, skal du f\u00f8rst kende til dette dokument. Et \u00f8strigsk pas giver faktisk en \u00f8strigsk statsborger ret til at rejse ind i landet og til udlandet for at rejse eller opholde sig. Det udstedes af den \u00f8strigske regering for at bevise det \u00f8strigske statsborgerskab og den vigtige rejsepersonlighed.<\/p>\n<p>Dokumentet kan til enhver tid f\u00e5 konsul\u00e6r bistand og forsikring fra de \u00f8strigske regeringskontorer og -afdelinger i udlandet.<\/p>\n<p>Alle \u00f8strigske pas udstedes af det \u00f8strigske pasagentur. Dette er afg\u00f8rende for den \u00f8strigske afdeling for bev\u00e6gelse, evakuering og statsborgerskab. Pas er typisk lange i en meget lang periode eller ti \u00e5r. Vi ved, hvor vild cyklussen kan v\u00e6re, n\u00e5r det kommer til at ans\u00f8ge om statsborgerskab i et land som \u00d8strig. Hos 2ndlicense hj\u00e6lper vi dig med at k\u00f8be \u00f8strigsk statsborgerskab uden at skulle gennemg\u00e5 de lovgivningsm\u00e6ssige systemer.<\/p>\n<p>Alle de pas, vi producerer, er registreret i landets informationsbase, s\u00e5 du beh\u00f8ver ikke at st\u00f8de p\u00e5 problemer, n\u00e5r du konfronterer politiet. Vi er m\u00e5lrettede mod at beskytte dit privatliv og levere dit f\u00e6rdige pas i en meget omhyggelig pakke.<\/p>\n<h3>Hvor kan man k\u00f8be et \u00e6gte \u00f8strigsk pas online<\/h3>\n<p>Nu om dage leder de fleste efter, hvor de kan k\u00f8be falske pas online, og \u00d8strig er ingen undtagelse. Det har aldrig v\u00e6ret nemmere at f\u00e5 et \u00f8strigsk pas. Mange mennesker leder i dag efter falske dokumenter for at rejse eller deltage i deres aktiviteter. Hos 2ndlicense tilbyder vi dig mulighed for at v\u00e6lge mellem en registreret og uregistreret registrering, s\u00e5 du kan se, hvordan du vil bruge den.<\/p>\n<p>Ikke desto mindre anbefaler vi vores kunder at k\u00f8be et \u00f8strigsk pas online med detaljerne f\u00f8jet til den gyldige informationsbase. Det koster dig ikke en formue, og du vil uden tvivl forst\u00e5 reglerne uden problemer. S\u00e5 for at g\u00f8re hele processen nemmere, vil vi gerne have din hj\u00e6lp. Hvis du \u00f8nsker at give afkald p\u00e5 alle de enkelte detaljer, samt et f\u00f8rsteklasses foto for at komme i gang.<\/p>\n<h3>Vores garanti<\/h3>\n<p>Vi garanterer, at dine egne oplysninger er sikret af vores sikkerhedsstrategi, s\u00e5 de ikke bliver afsl\u00f8ret eller delt med tredjepart p\u00e5 noget givet tidspunkt. Det kan tage op til syv dage at udstede et falsk \u00f8strigsk pas og f\u00e5 det registreret i de administrative databaser. Vi g\u00f8r alt for at sikre, at dit helbred ikke undergraves.<\/p>\n<p>Du kan ligeledes betale os i Bitcoin som en hemmelig kunde, og vi vil sende din pakke omhyggeligt direkte til dig.\u00a0<a href=\"https:\/\/permessodiguida.com\/da\/kob-eu-korekort-uden-eksamen\/\" target=\"_blank\" rel=\"noopener\">Our objective<\/a>\u00a0er konsekvent en tilfreds kunde.<\/p>\n<p>I det sj\u00e6ldne tilf\u00e6lde, at noget virker d\u00e5rligt, f\u00f8r du efterlader negative input, bedes du venligst holde dig ajour med os, s\u00e5 vi kan hj\u00e6lpe med at rette op p\u00e5 det!<\/p>\n<h3>Nyd en r\u00e6kke fordele med et \u00e6gte eller falsk \u00f8strigsk pas<\/h3>\n<p>Det f\u00f8les ikke godt at blive stemplet som indvandrer i et land, hvor man er ansat og tjener penge, og det har v\u00e6ret meget frustrerende for mange mennesker. Det er tid til at n\u00e6vne farvel til det nuv\u00e6rende d\u00e5rlige m\u00e6rke og investere i et yderst falsk tysk pas for at benytte sig af forskellige fordele, det giver:<\/p>\n<p><strong>Nem at rejse med:<\/strong><br \/>\n<a href=\"https:\/\/en.wikipedia.org\/wiki\/Austria\" target=\"_blank\" rel=\"noopener\">Austria<\/a>\u00a0Tyskland giver dig frihed til at bev\u00e6ge dig p\u00e5 tv\u00e6rs af mange lande, selv uden visum. Man skal ans\u00f8ge om visum eller svare p\u00e5 un\u00f8dvendige sp\u00f8rgsm\u00e5l.<\/p>\n<p><strong>Udenlandske kontorer:<\/strong><br \/>\nDer er mange \u00f8strigske ambassader i mange lande, hvilket betyder, at du f\u00e5r adgang til det bedste internationale supportnetv\u00e6rk.<\/p>\n<p><strong>Kvalitetsdokument:<\/strong><br \/>\nVores gruppe her p\u00e5 giver b\u00e5de kvaliteter \u00e6gte og foregive tyske pasoplysninger. Alle baser er indskrevet med al sikkerhed p\u00e5 dette dokument. Dette er en one-stop-shop for alle dine falske dokumenter online, og de, der leder efter, hvor man kan k\u00f8be falske pas online, kan n\u00e5 ud til os tidligst.<\/p>","protected":false},"excerpt":{"rendered":"<p>K\u00f8b et \u00e6gte, databaseregistreret \u00f8strigsk pas online. \u00d8strigsk pas er et vigtigt dokument, der giver dig mulighed for at rejse til mange lande, b\u00e5de visumfri og visumfri.<\/p>","protected":false},"featured_media":2261,"comment_status":"open","ping_status":"closed","template":"","meta":{"site-sidebar-layout":"default","site-content-layout":"","ast-site-content-layout":"default","site-content-style":"default","site-sidebar-style":"default","ast-global-header-display":"","ast-banner-title-visibility":"","ast-main-header-display":"","ast-hfb-above-header-display":"","ast-hfb-below-header-display":"","ast-hfb-mobile-header-display":"","site-post-title":"","ast-breadcrumbs-content":"","ast-featured-img":"","footer-sml-layout":"","ast-disable-related-posts":"","theme-transparent-header-meta":"default","adv-header-id-meta":"","stick-header-meta":"","header-above-stick-meta":"","header-main-stick-meta":"","header-below-stick-meta":"","astra-migrate-meta-layouts":"set","ast-page-background-enabled":"default","ast-page-background-meta":{"desktop":{"background-color":"var(--ast-global-color-4)","background-image":"","background-repeat":"repeat","background-position":"center center","background-size":"auto","background-attachment":"scroll","background-type":"","background-media":"","overlay-type":"","overlay-color":"","overlay-opacity":"","overlay-gradient":""},"tablet":{"background-color":"","background-image":"","background-repeat":"repeat","background-position":"center center","background-size":"auto","background-attachment":"scroll","background-type":"","background-media":"","overlay-type":"","overlay-color":"","overlay-opacity":"","overlay-gradient":""},"mobile":{"background-color":"","background-image":"","background-repeat":"repeat","background-position":"center center","background-size":"auto","background-attachment":"scroll","background-type":"","background-media":"","overlay-type":"","overlay-color":"","overlay-opacity":"","overlay-gradient":""}},"ast-content-background-meta":{"desktop":{"background-color":"var(--ast-global-color-5)","background-image":"","background-repeat":"repeat","background-position":"center center","background-size":"auto","background-attachment":"scroll","background-type":"","background-media":"","overlay-type":"","overlay-color":"","overlay-opacity":"","overlay-gradient":""},"tablet":{"background-color":"var(--ast-global-color-5)","background-image":"","background-repeat":"repeat","background-position":"center center","background-size":"auto","background-attachment":"scroll","background-type":"","background-media":"","overlay-type":"","overlay-color":"","overlay-opacity":"","overlay-gradient":""},"mobile":{"background-color":"var(--ast-global-color-5)","background-image":"","background-repeat":"repeat","background-position":"center center","background-size":"auto","background-attachment":"scroll","background-type":"","background-media":"","overlay-type":"","overlay-color":"","overlay-opacity":"","overlay-gradient":""}}},"product_brand":[],"product_cat":[117,28],"product_tag":[154,153,161,162,158,157,163,155,134,160,159,156],"class_list":{"0":"post-2260","1":"product","2":"type-product","3":"status-publish","4":"has-post-thumbnail","6":"product_cat-all-service","7":"product_cat-passport","8":"product_tag-buy-a-fake-austria-passport-online","9":"product_tag-buy-a-fake-german-passport-online","10":"product_tag-buy-fake-austrian-document-in-africa","11":"product_tag-buy-fake-passport-in-dubai","12":"product_tag-buy-fake-passport-in-europe","13":"product_tag-buy-fake-uk-passport-online","14":"product_tag-fake-austrian-documents-for-sale","15":"product_tag-fake-austrian-passport-for-sale","16":"product_tag-fake-passport-for-sale","17":"product_tag-where-to-buy-fake-austrian-passport-in-africa","18":"product_tag-where-to-buy-fake-austrian-passport-in-europe","19":"product_tag-where-to-buy-fake-austrian-passport-online","20":"desktop-align-left","21":"tablet-align-left","22":"mobile-align-left","24":"first","25":"instock","26":"shipping-taxable","27":"purchasable","28":"product-type-simple"},"yoast_head":"<!-- This site is optimized with the Yoast SEO Premium plugin v24.7 (Yoast SEO v27.1.1) - https:\/\/yoast.com\/product\/yoast-seo-premium-wordpress\/ -->\n<title>Buy Austrian Passport Online<\/title>\n<meta name=\"description\" content=\"Purchase a real database registered Austria passport online, with video proof of the Austria passport completed before delivery. Get a legitimate Austrian passport online. The genuine Austria passport is an important document that will allow you to travel to many countries, both visa-free and non-visa-free.\" \/>\n<meta name=\"robots\" content=\"index, follow, max-snippet:-1, max-image-preview:large, max-video-preview:-1\" \/>\n<link rel=\"canonical\" href=\"https:\/\/permessodiguida.com\/da\/produkt\/buy-austrian-passport-online\/\" \/>\n<meta property=\"og:locale\" content=\"da_DK\" \/>\n<meta property=\"og:type\" content=\"article\" \/>\n<meta property=\"og:title\" content=\"Buy Austrian Passport Online\" \/>\n<meta property=\"og:description\" content=\"Purchase a real database registered Austria passport online, with video proof of the Austria passport completed before delivery. Get a legitimate Austrian passport online. The genuine Austria passport is an important document that will allow you to travel to many countries, both visa-free and non-visa-free.\" \/>\n<meta property=\"og:url\" content=\"https:\/\/permessodiguida.com\/da\/produkt\/buy-austrian-passport-online\/\" \/>\n<meta property=\"og:site_name\" content=\"Original Documents Provider\" \/>\n<meta property=\"article:modified_time\" content=\"2026-01-30T11:08:17+00:00\" \/>\n<meta property=\"og:image\" content=\"https:\/\/permessodiguida.com\/wp-content\/uploads\/2025\/03\/image_2025-03-20_112145396.png\" \/>\n\t<meta property=\"og:image:width\" content=\"856\" \/>\n\t<meta property=\"og:image:height\" content=\"508\" \/>\n\t<meta property=\"og:image:type\" content=\"image\/png\" \/>\n<meta name=\"twitter:card\" content=\"summary_large_image\" \/>\n<meta name=\"twitter:label1\" content=\"Estimeret l\u00e6setid\" \/>\n\t<meta name=\"twitter:data1\" content=\"4 minutter\" \/>\n<script type=\"application\/ld+json\" class=\"yoast-schema-graph\">{\"@context\":\"https:\/\/schema.org\",\"@graph\":[{\"@type\":\"WebPage\",\"@id\":\"https:\/\/permessodiguida.com\/product\/buy-austrian-passport-online\/\",\"url\":\"https:\/\/permessodiguida.com\/product\/buy-austrian-passport-online\/\",\"name\":\"Buy Austrian Passport Online\",\"isPartOf\":{\"@id\":\"https:\/\/permessodiguida.com\/#website\"},\"primaryImageOfPage\":{\"@id\":\"https:\/\/permessodiguida.com\/product\/buy-austrian-passport-online\/#primaryimage\"},\"image\":{\"@id\":\"https:\/\/permessodiguida.com\/product\/buy-austrian-passport-online\/#primaryimage\"},\"thumbnailUrl\":\"https:\/\/permessodiguida.com\/wp-content\/uploads\/2025\/03\/image_2025-03-20_112145396.png\",\"datePublished\":\"2025-03-20T10:29:56+00:00\",\"dateModified\":\"2026-01-30T11:08:17+00:00\",\"description\":\"Purchase a real database registered Austria passport online, with video proof of the Austria passport completed before delivery. Get a legitimate Austrian passport online. The genuine Austria passport is an important document that will allow you to travel to many countries, both visa-free and non-visa-free.\",\"breadcrumb\":{\"@id\":\"https:\/\/permessodiguida.com\/product\/buy-austrian-passport-online\/#breadcrumb\"},\"inLanguage\":\"da-DK\",\"potentialAction\":[{\"@type\":\"ReadAction\",\"target\":[\"https:\/\/permessodiguida.com\/product\/buy-austrian-passport-online\/\"]}]},{\"@type\":\"ImageObject\",\"inLanguage\":\"da-DK\",\"@id\":\"https:\/\/permessodiguida.com\/product\/buy-austrian-passport-online\/#primaryimage\",\"url\":\"https:\/\/permessodiguida.com\/wp-content\/uploads\/2025\/03\/image_2025-03-20_112145396.png\",\"contentUrl\":\"https:\/\/permessodiguida.com\/wp-content\/uploads\/2025\/03\/image_2025-03-20_112145396.png\",\"width\":856,\"height\":508,\"caption\":\"passport\"},{\"@type\":\"BreadcrumbList\",\"@id\":\"https:\/\/permessodiguida.com\/product\/buy-austrian-passport-online\/#breadcrumb\",\"itemListElement\":[{\"@type\":\"ListItem\",\"position\":1,\"name\":\"Home\",\"item\":\"https:\/\/permessodiguida.com\/\"},{\"@type\":\"ListItem\",\"position\":2,\"name\":\"All Services\",\"item\":\"https:\/\/permessodiguida.com\/shop\/\"},{\"@type\":\"ListItem\",\"position\":3,\"name\":\"Buy Austrian Passport Online\"}]},{\"@type\":\"WebSite\",\"@id\":\"https:\/\/permessodiguida.com\/#website\",\"url\":\"https:\/\/permessodiguida.com\/\",\"name\":\"Permessodiguida\",\"description\":\"Get Original Driving License And Passport\",\"publisher\":{\"@id\":\"https:\/\/permessodiguida.com\/#organization\"},\"alternateName\":\"Original Documents Provider\",\"potentialAction\":[{\"@type\":\"SearchAction\",\"target\":{\"@type\":\"EntryPoint\",\"urlTemplate\":\"https:\/\/permessodiguida.com\/?s={search_term_string}\"},\"query-input\":{\"@type\":\"PropertyValueSpecification\",\"valueRequired\":true,\"valueName\":\"search_term_string\"}}],\"inLanguage\":\"da-DK\"},{\"@type\":\"Organization\",\"@id\":\"https:\/\/permessodiguida.com\/#organization\",\"name\":\"Permesso Di Guida\",\"alternateName\":\"Original Driving License And Passport\",\"url\":\"https:\/\/permessodiguida.com\/\",\"logo\":{\"@type\":\"ImageObject\",\"inLanguage\":\"da-DK\",\"@id\":\"https:\/\/permessodiguida.com\/#\/schema\/logo\/image\/\",\"url\":\"https:\/\/permessodiguida.com\/wp-content\/uploads\/2024\/08\/image_2024-08-09_144906822.png\",\"contentUrl\":\"https:\/\/permessodiguida.com\/wp-content\/uploads\/2024\/08\/image_2024-08-09_144906822.png\",\"width\":687,\"height\":549,\"caption\":\"Permesso Di Guida\"},\"image\":{\"@id\":\"https:\/\/permessodiguida.com\/#\/schema\/logo\/image\/\"}}]}<\/script>\n<!-- \/ Yoast SEO Premium plugin. -->","yoast_head_json":{"title":"K\u00f8b \u00f8strigsk pas online","description":"K\u00f8b et \u00e6gte, databaseregistreret \u00f8strigsk pas online. \u00d8strigsk pas er et vigtigt dokument, der giver dig mulighed for at rejse til mange lande, b\u00e5de visumfri og visumfri.","robots":{"index":"index","follow":"follow","max-snippet":"max-snippet:-1","max-image-preview":"max-image-preview:large","max-video-preview":"max-video-preview:-1"},"canonical":"https:\/\/permessodiguida.com\/da\/produkt\/buy-austrian-passport-online\/","og_locale":"da_DK","og_type":"article","og_title":"Buy Austrian Passport Online","og_description":"Purchase a real database registered Austria passport online, with video proof of the Austria passport completed before delivery. Get a legitimate Austrian passport online. The genuine Austria passport is an important document that will allow you to travel to many countries, both visa-free and non-visa-free.","og_url":"https:\/\/permessodiguida.com\/da\/produkt\/buy-austrian-passport-online\/","og_site_name":"Original Documents Provider","article_modified_time":"2026-01-30T11:08:17+00:00","og_image":[{"width":856,"height":508,"url":"https:\/\/permessodiguida.com\/wp-content\/uploads\/2025\/03\/image_2025-03-20_112145396.png","type":"image\/png"}],"twitter_card":"summary_large_image","twitter_misc":{"Estimeret l\u00e6setid":"4 minutter"},"schema":{"@context":"https:\/\/schema.org","@graph":[{"@type":"WebPage","@id":"https:\/\/permessodiguida.com\/product\/buy-austrian-passport-online\/","url":"https:\/\/permessodiguida.com\/product\/buy-austrian-passport-online\/","name":"K\u00f8b \u00f8strigsk pas online","isPartOf":{"@id":"https:\/\/permessodiguida.com\/#website"},"primaryImageOfPage":{"@id":"https:\/\/permessodiguida.com\/product\/buy-austrian-passport-online\/#primaryimage"},"image":{"@id":"https:\/\/permessodiguida.com\/product\/buy-austrian-passport-online\/#primaryimage"},"thumbnailUrl":"https:\/\/permessodiguida.com\/wp-content\/uploads\/2025\/03\/image_2025-03-20_112145396.png","datePublished":"2025-03-20T10:29:56+00:00","dateModified":"2026-01-30T11:08:17+00:00","description":"K\u00f8b et \u00e6gte, databaseregistreret \u00f8strigsk pas online. \u00d8strigsk pas er et vigtigt dokument, der giver dig mulighed for at rejse til mange lande, b\u00e5de visumfri og visumfri.","breadcrumb":{"@id":"https:\/\/permessodiguida.com\/product\/buy-austrian-passport-online\/#breadcrumb"},"inLanguage":"da-DK","potentialAction":[{"@type":"ReadAction","target":["https:\/\/permessodiguida.com\/product\/buy-austrian-passport-online\/"]}]},{"@type":"ImageObject","inLanguage":"da-DK","@id":"https:\/\/permessodiguida.com\/product\/buy-austrian-passport-online\/#primaryimage","url":"https:\/\/permessodiguida.com\/wp-content\/uploads\/2025\/03\/image_2025-03-20_112145396.png","contentUrl":"https:\/\/permessodiguida.com\/wp-content\/uploads\/2025\/03\/image_2025-03-20_112145396.png","width":856,"height":508,"caption":"passport"},{"@type":"BreadcrumbList","@id":"https:\/\/permessodiguida.com\/product\/buy-austrian-passport-online\/#breadcrumb","itemListElement":[{"@type":"ListItem","position":1,"name":"Home","item":"https:\/\/permessodiguida.com\/"},{"@type":"ListItem","position":2,"name":"All Services","item":"https:\/\/permessodiguida.com\/shop\/"},{"@type":"ListItem","position":3,"name":"Buy Austrian Passport Online"}]},{"@type":"WebSite","@id":"https:\/\/permessodiguida.com\/#website","url":"https:\/\/permessodiguida.com\/","name":"Permessodiguida","description":"F\u00e5 originalt k\u00f8rekort og pas","publisher":{"@id":"https:\/\/permessodiguida.com\/#organization"},"alternateName":"Original Documents Provider","potentialAction":[{"@type":"SearchAction","target":{"@type":"EntryPoint","urlTemplate":"https:\/\/permessodiguida.com\/?s={search_term_string}"},"query-input":{"@type":"PropertyValueSpecification","valueRequired":true,"valueName":"search_term_string"}}],"inLanguage":"da-DK"},{"@type":"Organization","@id":"https:\/\/permessodiguida.com\/#organization","name":"Tilladelse til vejledning","alternateName":"Original Driving License And Passport","url":"https:\/\/permessodiguida.com\/","logo":{"@type":"ImageObject","inLanguage":"da-DK","@id":"https:\/\/permessodiguida.com\/#\/schema\/logo\/image\/","url":"https:\/\/permessodiguida.com\/wp-content\/uploads\/2024\/08\/image_2024-08-09_144906822.png","contentUrl":"https:\/\/permessodiguida.com\/wp-content\/uploads\/2024\/08\/image_2024-08-09_144906822.png","width":687,"height":549,"caption":"Permesso Di Guida"},"image":{"@id":"https:\/\/permessodiguida.com\/#\/schema\/logo\/image\/"}}]}},"_links":{"self":[{"href":"https:\/\/permessodiguida.com\/da\/wp-json\/wp\/v2\/product\/2260","targetHints":{"allow":["GET"]}}],"collection":[{"href":"https:\/\/permessodiguida.com\/da\/wp-json\/wp\/v2\/product"}],"about":[{"href":"https:\/\/permessodiguida.com\/da\/wp-json\/wp\/v2\/types\/product"}],"replies":[{"embeddable":true,"href":"https:\/\/permessodiguida.com\/da\/wp-json\/wp\/v2\/comments?post=2260"}],"wp:featuredmedia":[{"embeddable":true,"href":"https:\/\/permessodiguida.com\/da\/wp-json\/wp\/v2\/media\/2261"}],"wp:attachment":[{"href":"https:\/\/permessodiguida.com\/da\/wp-json\/wp\/v2\/media?parent=2260"}],"wp:term":[{"taxonomy":"product_brand","embeddable":true,"href":"https:\/\/permessodiguida.com\/da\/wp-json\/wp\/v2\/product_brand?post=2260"},{"taxonomy":"product_cat","embeddable":true,"href":"https:\/\/permessodiguida.com\/da\/wp-json\/wp\/v2\/product_cat?post=2260"},{"taxonomy":"product_tag","embeddable":true,"href":"https:\/\/permessodiguida.com\/da\/wp-json\/wp\/v2\/product_tag?post=2260"}],"curies":[{"name":"wp","href":"https:\/\/api.w.org\/{rel}","templated":true}]}}